{"id":13167,"date":"2023-08-28T00:45:54","date_gmt":"2023-08-27T21:45:54","guid":{"rendered":"https:\/\/australia-casino-review.com\/monkey-king\/"},"modified":"2023-10-09T17:44:39","modified_gmt":"2023-10-09T14:44:39","slug":"monkey-king","status":"publish","type":"page","link":"https:\/\/australia-casino-review.com\/can\/monkey-king\/","title":{"rendered":"Revisi\u00f3 de la m\u00e0quina escurabutxaques Monkey King d&#8217;iGTech: una experi\u00e8ncia de joc llegend\u00e0ria"},"content":{"rendered":"<?xml encoding=\"utf-8\" ?><p>L&rsquo;escurabutxaques Monkey King d&rsquo;iGTech porta els jugadors a un m&oacute;n fascinant d&rsquo;aventures i llegendes. Inspirada en la mitologia xinesa i el fam&oacute;s personatge del Rei Mico, aquesta escurabutxaques ofereix una experi&egrave;ncia de joc &uacute;nica amb gr&agrave;fics impressionants, funcions emocionants i oportunitats de guanyar prometedores. En aquesta revisi&oacute; en profunditat, fem una ullada m&eacute;s de prop a l&rsquo;escurabutxaques Monkey King d&rsquo;iGTech, les seves caracter&iacute;stiques, els millors consells i estrat&egrave;gies per jugar i les interessants caracter&iacute;stiques de l&rsquo;escurabutxaques.<\/p><h2>Escurabutxaques Monkey King: una experi&egrave;ncia de joc emocionant<\/h2><link rel=\"stylesheet\" href=\"\/wp-content\/themes\/neve-child\/swiper-bundle.min.css\"><script src=\"\/wp-content\/themes\/neve-child\/swiper-bundle.min.js\"><\/script><div class=\"swiper casino-slider\">\r\n    <div class=\"swiper-wrapper\">\r\n\r\n        <!-- Winspirit -->\r\n        <div class=\"swiper-slide casino-slide\" style=\"background-image: url('https:\/\/australia-casino-review.com\/wp-content\/uploads\/2025\/05\/yosok3bayqsoxelcjxux.webp')\">\r\n            <a href=\"https:\/\/australia-casino-review.com\/go-casino?sub_id_1=winspirit\" class=\"swiper-slide-link\" style=\"position: relative;z-index: 10000;\">\r\n                <div class=\"casino-content\">\r\n                    <img decoding=\"async\" class=\"casino-logo\" src=\"https:\/\/australia-casino-review.com\/wp-content\/uploads\/2025\/05\/spuz0y9gqwphpkzry0dv.webp\" alt=\"Winspirit Logo\">\r\n                    <div class=\"casino-bonus\">FIRST DEPOSIT BONUS<br>Bonus 100% for the 1st deposit + 100 Free Spins<\/div>\r\n                    <span class=\"yellow-btn\">CLAIM BONUS<\/span>\r\n                <\/div>\r\n            <\/a>\r\n        <\/div>\r\n\r\n        <!-- Rocket Play -->\r\n        <div class=\"swiper-slide casino-slide\" style=\"background-image: url('https:\/\/australia-casino-review.com\/wp-content\/uploads\/2025\/05\/netfidkjat6wovozc5pv.webp')\">\r\n            <a href=\"https:\/\/australia-casino-review.com\/go-casino?sub_id_1=rocketplay\" class=\"swiper-slide-link\" style=\"position: relative;z-index: 10000;\">\r\n                <div class=\"casino-content\">\r\n                    <img decoding=\"async\" class=\"casino-logo\" src=\"https:\/\/australia-casino-review.com\/wp-content\/uploads\/2025\/05\/dl8rtimw8nea9ju9bvor.webp\" alt=\"RocketPlay Logo\">\r\n                    <div class=\"casino-bonus\">FIRST DEPOSIT BONUS<br>Get 100% bonus up to 1 000 AUD + 100 Free Spins<\/div>\r\n                    <span class=\"yellow-btn\">CLAIM BONUS<\/span>\r\n                <\/div>\r\n            <\/a>\r\n        <\/div>\r\n        \r\n    <\/div>\r\n<\/div><script>\r\n    document.addEventListener(\"DOMContentLoaded\", function() {\r\n        new Swiper(\".casino-slider\", {\r\n            slidesPerView: 1,\r\n            navigation: {\r\n                nextEl: \".swiper-button-next\",\r\n                prevEl: \".swiper-button-prev\",\r\n            },\r\n        });\r\n    });\r\n<\/script><p>Monkey King &eacute;s una emocionant tragamonedas de 5 rodets amb 25 l&iacute;nies de pagament que porta els jugadors a un viatge &egrave;pic per la mitologia xinesa. Els gr&agrave;fics i les animacions s&oacute;n impressionants i capturen perfectament la m&agrave;gia de la llegenda del Rei Mico. Els s&iacute;mbols dels rodets reflecteixen la mitologia xinesa i inclouen el mateix Rei Mico, el Buda, l&rsquo;Emperador de Jade, un llibre m&agrave;gic i moltes altres imatges tem&agrave;tiques.<\/p><p style=\"text-align: center;\"><\/p><p><span style=\"font-weight: 400;\"><img loading=\"lazy\" decoding=\"async\" class=\"aligncenter wp-image-12376\" src=\"https:\/\/australia-casino-review.com\/wp-content\/uploads\/2026\/08\/3d6e15130241983.617bac5551b33-1.png\" alt=\"Review of Monkey King slot machine from iGTech 1\" width=\"784\" height=\"456\"><\/span><\/p><h2>Caracter&iacute;stiques de l&rsquo;escurabutxaques Monkey King<\/h2><p>La m&agrave;quina escurabutxaques Monkey King ofereix moltes caracter&iacute;stiques especials que fan que el joc sigui encara m&eacute;s emocionant. Aquests inclouen s&iacute;mbols comod&iacute;s, s&iacute;mbols scatter i rondes de girs gratu&iuml;ts. El s&iacute;mbol comod&iacute;, que representa el Rei Mico, pot substituir altres s&iacute;mbols per formar combinacions guanyadores. Els s&iacute;mbols de dispersi&oacute; poden activar girs gratu&iuml;ts, mentre que les rondes de girs gratu&iuml;ts ofereixen l&rsquo;oportunitat d&rsquo;aconseguir guanys addicionals sense fer apostes addicionals.<\/p><h2>Consells d&rsquo;escurabutxaques de Monkey King: maximitza les teves possibilitats de guanyar<\/h2><p>Per als jugadors que vulguin maximitzar les seves possibilitats de guanyar, us seran &uacute;tils alguns consells d&rsquo;escurabutxaques de Monkey King. En primer lloc, &eacute;s important tenir una bona comprensi&oacute; de les regles i caracter&iacute;stiques del joc. En jugar a l&rsquo;escurabutxaques Monkey King de forma gratu&iuml;ta a la versi&oacute; de demostraci&oacute;, els jugadors poden provar el joc sense diners reals i familiaritzar-se amb les seves caracter&iacute;stiques. Tamb&eacute; es recomana jugar amb un pressupost raonable i apostar de manera responsable perqu&egrave; el joc sigui controlat i emocionant.<\/p><h2>L&rsquo;emoci&oacute; del joc d&rsquo;escurabutxaques Monkey King<\/h2><p>El joc de tragamonedas Monkey King ofereix no nom&eacute;s un joc emocionant, sin&oacute; tamb&eacute; l&rsquo;oportunitat de guanyar diners reals. Funcions emocionants, com ara rondes de girs gratu&iuml;ts i una funci&oacute; de retenci&oacute; i guany, afegeixen emoci&oacute; i entreteniment. Recollir s&iacute;mbols de dispersi&oacute; per activar girs gratu&iuml;ts o obtenir s&iacute;mbols de bonificaci&oacute; per participar en rondes de jackpot augmenta l&rsquo;emoci&oacute; i l&rsquo;emoci&oacute; del joc.<\/p><p style=\"text-align: center;\"><\/p><p><span style=\"font-weight: 400;\"><img loading=\"lazy\" decoding=\"async\" class=\"aligncenter wp-image-12367\" src=\"https:\/\/australia-casino-review.com\/wp-content\/uploads\/2026\/08\/430d9898228389.5ed7894720e13-1.jpg\" alt=\"Review of Monkey King slot machine from iGTech 2\" width=\"813\" height=\"457\"><\/span><\/p><h2>Experi&egrave;ncia de joc llegend&agrave;ria amb la m&agrave;quina escurabutxaques Monkey King<\/h2><p>En conclusi&oacute;, la llegend&agrave;ria ranura Monkey King d&rsquo;iGTech ofereix una experi&egrave;ncia de joc llegend&agrave;ria. Amb el seu tema captivador, gr&agrave;fics impressionants i funcions emocionants, aquesta escurabutxaques ser&agrave; un aut&egrave;ntic plaer per als amants del casino. La possibilitat de jugar a l&rsquo;escurabutxaques Monkey King de forma gratu&iuml;ta permet als jugadors provar el joc sense risc i familiaritzar-se amb les seves caracter&iacute;stiques. Les funcions especials com ara s&iacute;mbols comod&iacute;s, s&iacute;mbols scatter i rondes de girs gratu&iuml;ts afegeixen l&rsquo;emoci&oacute; i l&rsquo;emoci&oacute; del joc. Amb alguns consells i estrat&egrave;gies, els jugadors podran maximitzar les seves possibilitats de guanyar i gaudir de vict&ograve;ries reals. Submergeix-te al fascinant m&oacute;n de Monkey King i experimenta una experi&egrave;ncia de joc llegend&agrave;ria amb aquesta emocionant tragamonedas Monkey King d&rsquo;iGTech.<\/p>\n","protected":false},"excerpt":{"rendered":"<p>L&rsquo;escurabutxaques Monkey King d&rsquo;iGTech porta els jugadors a un m&oacute;n fascinant d&rsquo;aventures i llegendes. Inspirada en la mitologia xinesa i el fam&oacute;s personatge del Rei Mico, aquesta escurabutxaques ofereix una experi&egrave;ncia de joc &uacute;nica amb gr&agrave;fics impressionants, funcions emocionants i oportunitats de guanyar prometedores. En aquesta revisi&oacute; en profunditat, fem una ullada m&eacute;s de prop&hellip;&nbsp;<a href=\"https:\/\/australia-casino-review.com\/can\/monkey-king\/\" class=\"\" rel=\"bookmark\">Read More &raquo;<span class=\"screen-reader-text\">Revisi\u00f3 de la m\u00e0quina escurabutxaques Monkey King d&#8217;iGTech: una experi\u00e8ncia de joc llegend\u00e0ria<\/span><\/a><\/p>\n","protected":false},"author":1,"featured_media":0,"parent":0,"menu_order":0,"comment_status":"closed","ping_status":"closed","template":"","meta":{"neve_meta_sidebar":"","neve_meta_container":"","neve_meta_enable_content_width":"off","neve_meta_content_width":100,"neve_meta_title_alignment":"","neve_meta_author_avatar":"","neve_post_elements_order":"","neve_meta_disable_header":"","neve_meta_disable_footer":"","neve_meta_disable_title":"","footnotes":""},"class_list":["post-13167","page","type-page","status-publish","hentry"],"aioseo_notices":[],"_links":{"self":[{"href":"https:\/\/australia-casino-review.com\/can\/wp-json\/wp\/v2\/pages\/13167","targetHints":{"allow":["GET"]}}],"collection":[{"href":"https:\/\/australia-casino-review.com\/can\/wp-json\/wp\/v2\/pages"}],"about":[{"href":"https:\/\/australia-casino-review.com\/can\/wp-json\/wp\/v2\/types\/page"}],"author":[{"embeddable":true,"href":"https:\/\/australia-casino-review.com\/can\/wp-json\/wp\/v2\/users\/1"}],"replies":[{"embeddable":true,"href":"https:\/\/australia-casino-review.com\/can\/wp-json\/wp\/v2\/comments?post=13167"}],"version-history":[{"count":2,"href":"https:\/\/australia-casino-review.com\/can\/wp-json\/wp\/v2\/pages\/13167\/revisions"}],"predecessor-version":[{"id":13169,"href":"https:\/\/australia-casino-review.com\/can\/wp-json\/wp\/v2\/pages\/13167\/revisions\/13169"}],"wp:attachment":[{"href":"https:\/\/australia-casino-review.com\/can\/wp-json\/wp\/v2\/media?parent=13167"}],"curies":[{"name":"wp","href":"https:\/\/api.w.org\/{rel}","templated":true}]}}