{"id":7103,"date":"2023-07-17T22:08:41","date_gmt":"2023-07-17T19:08:41","guid":{"rendered":"https:\/\/australia-casino-review.com\/poker-2\/"},"modified":"2023-07-17T22:08:41","modified_gmt":"2023-07-17T19:08:41","slug":"poker-2","status":"publish","type":"page","link":"https:\/\/australia-casino-review.com\/can\/poker-2\/","title":{"rendered":"Una breu hist\u00f2ria del p\u00f2quer en l\u00ednia"},"content":{"rendered":"<?xml encoding=\"utf-8\" ?><p> <img loading=\"lazy\" decoding=\"async\" class=\"aligncenter size-full wp-image-5217\" src=\"https:\/\/australia-casino-review.com\/wp-content\/uploads\/2022\/09\/poker-rules-new.png\" alt=\"poker online\" width=\"699\" height=\"385\" srcset=\"https:\/\/australia-casino-review.com\/wp-content\/uploads\/2022\/09\/poker-rules-new.png 699w, https:\/\/australia-casino-review.com\/wp-content\/uploads\/2022\/09\/poker-rules-new-300x165.png 300w\" sizes=\"auto, (max-width: 699px) 100vw, 699px\"><br>\n     El p&ograve;quer en l&iacute;nia Austr&agrave;lia &eacute;s cada cop m&eacute;s popular. En l&iacute;nia, fins l&rsquo;any 2000, el p&ograve;quer estava a les sales de xat, i ni tan sols es tracta de diners. La situaci&oacute; va canviar dr&agrave;sticament quan el nord-americ&agrave; va jugar en l&iacute;nia a PokerStars amb un premi d&rsquo;uns 60 d&ograve;lars -el torneig en directe m&eacute;s important del m&oacute;n- i es va acabar emportant a casa una vict&ograve;ria i una bonificaci&oacute; de 2,5 milions de d&ograve;lars. Des de llavors, jugar en l&iacute;nia s&rsquo;ha tornat molt popular. Tots els inicis s&oacute;n dif&iacute;cils. El mateix passa per comen&ccedil;ar una carrera en jocs a Internet. Els jugadors ja han adquirit experi&egrave;ncia jugant a casa contra amics i ara volen fer el seg&uuml;ent pas. Per&ograve; per a una carrera d&rsquo;&egrave;xit a llarg termini al p&ograve;quer en l&iacute;nia, hi ha algunes coses a tenir en compte. Al comen&ccedil;ament de cada carrera de p&ograve;quer en l&iacute;nia, val la pena triar la plataforma d&rsquo;apostes adequada. Els usuaris tenen a la seva disposici&oacute; una gran selecci&oacute; de llocs de p&ograve;quer en l&iacute;nia. Aqu&iacute; primer heu d&rsquo;obtenir una visi&oacute; general per trobar la p&agrave;gina correcta i adequada. Afortunadament, la majoria de prove&iuml;dors s&rsquo;orienten ara al &ldquo;jugador amateur&rdquo;. No obstant aix&ograve;, encara hi ha llocs on hi juguen molts professionals i habituals.<\/p><p style=\"text-align: center;\">\n [nom sc = &ldquo;bot&oacute;&rdquo;]\n <\/p><h2>\n Com jugar al p&ograve;quer en l&iacute;nia per a principiants<br>\n <\/h2><p>   Un cop hagis trobat el teu lloc de p&ograve;quer, ja est&agrave;s a punt. El fet &eacute;s que el tipus de joc m&eacute;s popular es considera hold&rsquo;em. El 85% decideix aquesta opci&oacute;. S&rsquo;adapta b&eacute; a<br>\n <a href=\"https:\/\/australia-casino-review.com\/\"><br>\n iniciar un en l&iacute;nia<br>\n <\/a><br>\n  carrera perqu&egrave; les regles b&agrave;siques s&oacute;n molt senzilles. Podeu trobar prou jugadors a qualsevol hora del dia. Les combinacions de regles de p&ograve;quer estan formades per cinc cartes comunit&agrave;ries i dues cartes tancades. Quan s&rsquo;ha fet l&rsquo;&uacute;ltima aposta i s&rsquo;ha igualat, totes les persones que queden en el joc, al seu torn, comencen a obrir les seves cartes per als altres jugadors. A continuaci&oacute;, es compilen i avaluen les millors mans de p&ograve;quer. Un cop aprengueu els conceptes b&agrave;sics del p&ograve;quer, no podreu parar. Com el professional del p&ograve;quer Robert Williamson III. una vegada va dir: &ldquo;El p&ograve;quer &eacute;s una cosa que s&rsquo;apr&egrave;n en un dia, per&ograve; es necessita tota una vida per millorar&rdquo;. Les regles del joc es poden aprendre r&agrave;pidament i f&agrave;cilment. Per&ograve; si vols dominar el joc de cartes, necessitar&agrave;s tota la teva vida per a aix&ograve;. Per tant, darrere de les regles b&agrave;siques hi ha un joc complex i estrat&egrave;gic amb molts aspectes t&agrave;ctics. Un jugador que vol tenir &egrave;xit en jugar al p&ograve;quer requereix un aprenentatge constant. Ha d&rsquo;adquirir uns coneixements s&ograve;lids d&rsquo;estrat&egrave;gia de diverses maneres: pots llegir sobre p&ograve;quer, aprendre de v&iacute;deos a Internet o estudiar textos sobre estrat&egrave;gia. Nom&eacute;s aquells que optimitzen el seu joc d&rsquo;aquesta manera tenen l&rsquo;oportunitat de tenir &egrave;xit a la llarga. Un jugador bo i ambici&oacute;s ha de veure i acceptar les p&egrave;rdues com a part del joc. Qualsevol jugador pot ser v&iacute;ctima de bad beats. Un bad beat &eacute;s una m&agrave; que guanya la m&agrave; del teu oponent i encara perd en l&rsquo;enfrontament. A m&eacute;s, el jugador ha d&rsquo;evitar &ldquo;inclinacions&rdquo;. Aquest terme descriu l&rsquo;estat emocional d&rsquo;un jugador que no t&eacute; sort i pateix una derrota vergonyosa. Aqu&iacute; no podeu intentar desesperadament compensar aquestes p&egrave;rdues. En cas contrari, corre el risc de perdre encara m&eacute;s fitxes i diners reals. &Eacute;s m&eacute;s important fer una pausa aqu&iacute; i intentar polir de nou el bankroll la propera vegada.<\/p><p style=\"text-align: center;\">\n \n <\/p><h2>\n Quins tipus de jocs de p&ograve;quer puc jugar en l&iacute;nia?<br>\n <\/h2><p>   Hi ha diverses opcions per a jocs de p&ograve;quer gratu&iuml;ts. En la versi&oacute; cl&agrave;ssica, se&rsquo;t reparteixen dues cartes, i les has d&rsquo;afegir a les altres 5, sumant aix&iacute; la possible opci&oacute; guanyadora. Sit&amp;Go &eacute;s un minijoc jugat en una o m&eacute;s taules i comen&ccedil;a tan bon punt les taules estan plenes. S&oacute;n jugats per molta gent, de manera que es connecten durant tot el dia. El tema de la gesti&oacute; del bankroll &eacute;s rellevant per a tots els jugadors de p&ograve;quer, no nom&eacute;s per als principiants. Cada jugador de p&ograve;quer t&eacute; un pressupost que volen invertir per jugar a la taula de p&ograve;quer. La gesti&oacute; responsable i previsora &#8203;&#8203;dels diners &eacute;s l&rsquo;art d&rsquo;una bona gesti&oacute; del banc. Si arrisques massa en un sol torneig o taula d&rsquo;efectiu, corres el risc de gastar tot el teu pressupost i la teva carrera s&rsquo;acaba abans que comenci.<br>\n <img loading=\"lazy\" decoding=\"async\" class=\"aligncenter size-full wp-image-5218\" src=\"https:\/\/australia-casino-review.com\/wp-content\/uploads\/2022\/09\/how-to-play-pai-gow-poker.jpg\" alt=\"poker online review\" width=\"1280\" height=\"720\" srcset=\"https:\/\/australia-casino-review.com\/wp-content\/uploads\/2022\/09\/how-to-play-pai-gow-poker.jpg 1280w, https:\/\/australia-casino-review.com\/wp-content\/uploads\/2022\/09\/how-to-play-pai-gow-poker-300x169.jpg 300w, https:\/\/australia-casino-review.com\/wp-content\/uploads\/2022\/09\/how-to-play-pai-gow-poker-1024x576.jpg 1024w, https:\/\/australia-casino-review.com\/wp-content\/uploads\/2022\/09\/how-to-play-pai-gow-poker-768x432.jpg 768w\" sizes=\"auto, (max-width: 1280px) 100vw, 1280px\"><\/p><h2>\n Preguntes freq&uuml;ents<br>\n <\/h2><h3>\n Com pots guanyar al p&ograve;quer?<br>\n <\/h3><p>   Una manera de millorar el vostre propi joc &eacute;s utilitzar utilitats. Per exemple, els programes de visualitzaci&oacute; i seguiment d&rsquo;atenci&oacute; al p&uacute;blic importen i desen els historials de les mans durant el joc.<\/p><link rel=\"stylesheet\" href=\"\/wp-content\/themes\/neve-child\/swiper-bundle.min.css\"><script src=\"\/wp-content\/themes\/neve-child\/swiper-bundle.min.js\"><\/script><div class=\"swiper casino-slider\">\r\n    <div class=\"swiper-wrapper\">\r\n\r\n        <!-- Winspirit -->\r\n        <div class=\"swiper-slide casino-slide\" style=\"background-image: url('https:\/\/australia-casino-review.com\/wp-content\/uploads\/2025\/05\/yosok3bayqsoxelcjxux.webp')\">\r\n            <a href=\"https:\/\/australia-casino-review.com\/go-casino?sub_id_1=winspirit\" class=\"swiper-slide-link\" style=\"position: relative;z-index: 10000;\">\r\n                <div class=\"casino-content\">\r\n                    <img decoding=\"async\" class=\"casino-logo\" src=\"https:\/\/australia-casino-review.com\/wp-content\/uploads\/2025\/05\/spuz0y9gqwphpkzry0dv.webp\" alt=\"Winspirit Logo\">\r\n                    <div class=\"casino-bonus\">FIRST DEPOSIT BONUS<br>Bonus 100% for the 1st deposit + 100 Free Spins<\/div>\r\n                    <span class=\"yellow-btn\">CLAIM BONUS<\/span>\r\n                <\/div>\r\n            <\/a>\r\n        <\/div>\r\n\r\n        <!-- Rocket Play -->\r\n        <div class=\"swiper-slide casino-slide\" style=\"background-image: url('https:\/\/australia-casino-review.com\/wp-content\/uploads\/2025\/05\/netfidkjat6wovozc5pv.webp')\">\r\n            <a href=\"https:\/\/australia-casino-review.com\/go-casino?sub_id_1=rocketplay\" class=\"swiper-slide-link\" style=\"position: relative;z-index: 10000;\">\r\n                <div class=\"casino-content\">\r\n                    <img decoding=\"async\" class=\"casino-logo\" src=\"https:\/\/australia-casino-review.com\/wp-content\/uploads\/2025\/05\/dl8rtimw8nea9ju9bvor.webp\" alt=\"RocketPlay Logo\">\r\n                    <div class=\"casino-bonus\">FIRST DEPOSIT BONUS<br>Get 100% bonus up to 1 000 AUD + 100 Free Spins<\/div>\r\n                    <span class=\"yellow-btn\">CLAIM BONUS<\/span>\r\n                <\/div>\r\n            <\/a>\r\n        <\/div>\r\n        \r\n    <\/div>\r\n<\/div><script>\r\n    document.addEventListener(\"DOMContentLoaded\", function() {\r\n        new Swiper(\".casino-slider\", {\r\n            slidesPerView: 1,\r\n            navigation: {\r\n                nextEl: \".swiper-button-next\",\r\n                prevEl: \".swiper-button-prev\",\r\n            },\r\n        });\r\n    });\r\n<\/script><h3>\n Quina &eacute;s l&rsquo;estrat&egrave;gia del p&ograve;quer?<br>\n <\/h3><p>   Nom&eacute;s podeu tenir &egrave;xit a la llarga si tracteu amb c&agrave;lculs de probabilitat.<\/p><h3>\n Quin tipus de p&ograve;quer &eacute;s millor per a un principiant?<br>\n <\/h3><p>   Hold&rsquo;em &eacute;s la millor opci&oacute; per a un principiant. Es considera un cl&agrave;ssic, i les regles s&oacute;n molt senzilles. Llegeix tamb&eacute; sobre:<br>\n <a href=\"https:\/\/australia-casino-review.com\/blackjack\/\"><br>\n Blackjack<br>\n <\/a> <\/p>\n","protected":false},"excerpt":{"rendered":"<p>FIRST DEPOSIT BONUSBonus 100% for the 1st deposit + 100 Free Spins CLAIM BONUS FIRST DEPOSIT BONUSGet 100% bonus up to 1 000 AUD + 100 Free Spins CLAIM BONUS El p&ograve;quer en l&iacute;nia Austr&agrave;lia &eacute;s cada cop m&eacute;s popular. En l&iacute;nia, fins l&rsquo;any 2000, el p&ograve;quer estava a les sales de xat, i ni&hellip;&nbsp;<a href=\"https:\/\/australia-casino-review.com\/can\/poker-2\/\" class=\"\" rel=\"bookmark\">Read More &raquo;<span class=\"screen-reader-text\">Una breu hist\u00f2ria del p\u00f2quer en l\u00ednia<\/span><\/a><\/p>\n","protected":false},"author":1,"featured_media":0,"parent":0,"menu_order":0,"comment_status":"closed","ping_status":"closed","template":"","meta":{"neve_meta_sidebar":"","neve_meta_container":"","neve_meta_enable_content_width":"","neve_meta_content_width":0,"neve_meta_title_alignment":"","neve_meta_author_avatar":"","neve_post_elements_order":"","neve_meta_disable_header":"","neve_meta_disable_footer":"","neve_meta_disable_title":"","footnotes":""},"class_list":["post-7103","page","type-page","status-publish","hentry"],"aioseo_notices":[],"_links":{"self":[{"href":"https:\/\/australia-casino-review.com\/can\/wp-json\/wp\/v2\/pages\/7103","targetHints":{"allow":["GET"]}}],"collection":[{"href":"https:\/\/australia-casino-review.com\/can\/wp-json\/wp\/v2\/pages"}],"about":[{"href":"https:\/\/australia-casino-review.com\/can\/wp-json\/wp\/v2\/types\/page"}],"author":[{"embeddable":true,"href":"https:\/\/australia-casino-review.com\/can\/wp-json\/wp\/v2\/users\/1"}],"replies":[{"embeddable":true,"href":"https:\/\/australia-casino-review.com\/can\/wp-json\/wp\/v2\/comments?post=7103"}],"version-history":[{"count":0,"href":"https:\/\/australia-casino-review.com\/can\/wp-json\/wp\/v2\/pages\/7103\/revisions"}],"wp:attachment":[{"href":"https:\/\/australia-casino-review.com\/can\/wp-json\/wp\/v2\/media?parent=7103"}],"curies":[{"name":"wp","href":"https:\/\/api.w.org\/{rel}","templated":true}]}}