{"id":7106,"date":"2023-07-17T22:08:59","date_gmt":"2023-07-17T19:08:59","guid":{"rendered":"https:\/\/australia-casino-review.com\/65-free-spins-2\/"},"modified":"2023-07-17T22:08:59","modified_gmt":"2023-07-17T19:08:59","slug":"65-free-spins-2","status":"publish","type":"page","link":"https:\/\/australia-casino-review.com\/can\/65-free-spins-2\/","title":{"rendered":"Revisi\u00f3 de 65 girs gratu\u00efts sense dip\u00f2sit"},"content":{"rendered":"<?xml encoding=\"utf-8\" ?><p> <span style=\"font-weight: 400;\"><\/span><\/p><link rel=\"stylesheet\" href=\"\/wp-content\/themes\/neve-child\/swiper-bundle.min.css\"><script src=\"\/wp-content\/themes\/neve-child\/swiper-bundle.min.js\"><\/script><div class=\"swiper casino-slider\">\r\n    <div class=\"swiper-wrapper\">\r\n\r\n        <!-- Winspirit -->\r\n        <div class=\"swiper-slide casino-slide\" style=\"background-image: url('https:\/\/australia-casino-review.com\/wp-content\/uploads\/2025\/05\/yosok3bayqsoxelcjxux.webp')\">\r\n            <a href=\"https:\/\/australia-casino-review.com\/go-casino?sub_id_1=winspirit\" class=\"swiper-slide-link\" style=\"position: relative;z-index: 10000;\">\r\n                <div class=\"casino-content\">\r\n                    <img decoding=\"async\" class=\"casino-logo\" src=\"https:\/\/australia-casino-review.com\/wp-content\/uploads\/2025\/05\/spuz0y9gqwphpkzry0dv.webp\" alt=\"Winspirit Logo\">\r\n                    <div class=\"casino-bonus\">FIRST DEPOSIT BONUS<br>Bonus 100% for the 1st deposit + 100 Free Spins<\/div>\r\n                    <span class=\"yellow-btn\">CLAIM BONUS<\/span>\r\n                <\/div>\r\n            <\/a>\r\n        <\/div>\r\n\r\n        <!-- Rocket Play -->\r\n        <div class=\"swiper-slide casino-slide\" style=\"background-image: url('https:\/\/australia-casino-review.com\/wp-content\/uploads\/2025\/05\/netfidkjat6wovozc5pv.webp')\">\r\n            <a href=\"https:\/\/australia-casino-review.com\/go-casino?sub_id_1=rocketplay\" class=\"swiper-slide-link\" style=\"position: relative;z-index: 10000;\">\r\n                <div class=\"casino-content\">\r\n                    <img decoding=\"async\" class=\"casino-logo\" src=\"https:\/\/australia-casino-review.com\/wp-content\/uploads\/2025\/05\/dl8rtimw8nea9ju9bvor.webp\" alt=\"RocketPlay Logo\">\r\n                    <div class=\"casino-bonus\">FIRST DEPOSIT BONUS<br>Get 100% bonus up to 1 000 AUD + 100 Free Spins<\/div>\r\n                    <span class=\"yellow-btn\">CLAIM BONUS<\/span>\r\n                <\/div>\r\n            <\/a>\r\n        <\/div>\r\n        \r\n    <\/div>\r\n<\/div><script>\r\n    document.addEventListener(\"DOMContentLoaded\", function() {\r\n        new Swiper(\".casino-slider\", {\r\n            slidesPerView: 1,\r\n            navigation: {\r\n                nextEl: \".swiper-button-next\",\r\n                prevEl: \".swiper-button-prev\",\r\n            },\r\n        });\r\n    });\r\n<\/script><p> <img loading=\"lazy\" decoding=\"async\" class=\"aligncenter size-full wp-image-5202\" src=\"https:\/\/australia-casino-review.com\/wp-content\/uploads\/2022\/09\/free-spins.png\" alt=\"free spins\" width=\"1498\" height=\"680\" srcset=\"https:\/\/australia-casino-review.com\/wp-content\/uploads\/2022\/09\/free-spins.png 1498w, https:\/\/australia-casino-review.com\/wp-content\/uploads\/2022\/09\/free-spins-300x136.png 300w, https:\/\/australia-casino-review.com\/wp-content\/uploads\/2022\/09\/free-spins-1024x465.png 1024w, https:\/\/australia-casino-review.com\/wp-content\/uploads\/2022\/09\/free-spins-768x349.png 768w\" sizes=\"auto, (max-width: 1498px) 100vw, 1498px\"><\/p><p> <\/p><p> <span style=\"font-weight: 400;\"><br>\n Per a aquells que volen convertir-se en un jugador, n&rsquo;hi ha<br>\n <\/span><\/p><p> <span style=\"font-weight: 400;\"><br>\n 65 girs gratu&iuml;ts sense dip&ograve;sit Austr&agrave;lia<br>\n <\/span><\/p><p> <span style=\"font-weight: 400;\"><br>\n . Una oferta temptadora al casino s&oacute;n rondes addicionals no nom&eacute;s per a principiants, sin&oacute; tamb&eacute; per a jugadors experimentats. Aquest tipus de promoci&oacute; ajuda a pujar una bona puntuaci&oacute;. En aquest cas, no perds res, de manera que no cal que introdueixis l&rsquo;import.<br>\n <\/span><\/p><p> <span style=\"font-weight: 400;\"><br>\n &Eacute;s una mena d&rsquo;acrob&agrave;cia de relacions p&uacute;bliques. Per tant, no hi ha tantes voltes gratu&iuml;tes. En general, el seu nombre no supera de deu a trenta girs. &Eacute;s una altra cosa &ndash;<br>\n <\/span><\/p><p> <span style=\"font-weight: 400;\"><br>\n 65 girs gratu&iuml;ts sense dip&ograve;sit de casino<br>\n <\/span><\/p><p> <span style=\"font-weight: 400;\"><br>\n . El positiu d&rsquo;aquesta acci&oacute; &eacute;s que realment podeu experimentar el joc en acci&oacute;. &Eacute;s a dir, dur a terme, per dir-ho, provant l&rsquo;escurabutxaques sense gastar els diners que heu guanyat. Al contrari, tamb&eacute; pots guanyar una suma ordenada.<br>\n <\/span><\/p><p> <span style=\"font-weight: 400;\"><br>\n Avantatges:<br>\n <\/span><\/p><ul>\n<li style=\"font-weight: 400;\" aria-level=\"1\">\n<p> <span style=\"font-weight: 400;\"><br>\n una &agrave;mplia gamma de clients potencials per guanyar girs gratu&iuml;ts cont&iacute;nuament;<br>\n <\/span><\/p>\n<\/li>\n<li style=\"font-weight: 400;\" aria-level=\"1\">\n<p> <span style=\"font-weight: 400;\"><br>\n la llista de preus dels jocs amb girs gratu&iuml;ts es mostra per endavant durant un cert per&iacute;ode de temps;<br>\n <\/span><\/p>\n<\/li>\n<li style=\"font-weight: 400;\" aria-level=\"1\">\n<p> <span style=\"font-weight: 400;\"><br>\n s&rsquo;apliquen m&egrave;todes elementals i accessibles de venjan&ccedil;a;<br>\n <\/span><\/p>\n<\/li>\n<li style=\"font-weight: 400;\" aria-level=\"1\">\n<p> <span style=\"font-weight: 400;\"><br>\n les recomanacions en les promocions de relacions p&uacute;bliques es reomplen amb una const&agrave;ncia envejable.<br>\n <\/span><\/p>\n<\/li>\n<\/ul><p> <span style=\"font-weight: 400;\"><br>\n Desavantatges:<br>\n <\/span><\/p><ul>\n<li style=\"font-weight: 400;\" aria-level=\"1\">\n<p> <span style=\"font-weight: 400;\"><br>\n Els girs gratu&iuml;ts nom&eacute;s es permeten en algunes m&agrave;quines escurabutxaques;<br>\n <\/span><\/p>\n<\/li>\n<li style=\"font-weight: 400;\" aria-level=\"1\">\n<p> <span style=\"font-weight: 400;\"><br>\n no s&rsquo;afegeixen girs a la m&agrave;quina: cal introduir el codi de recompensa;<br>\n <\/span><\/p>\n<\/li>\n<\/ul><p> <span style=\"font-weight: 400;\"><br>\n Nom&eacute;s es pot retirar una quantitat limitada alhora, els guanys que es van rebre pels fons de recompensa.<br>\n <\/span><\/p><p style=\"text-align: center;\">\n [nom sc = &ldquo;bot&oacute;&rdquo;][\/sc]\n <\/p><h2>\n<\/h2><p> <span style=\"font-weight: 400;\"><br>\n Com reclamar els vostres 65 girs gratu&iuml;ts<br>\n <\/span><\/p><p> <span style=\"font-weight: 400;\"><br>\n 65 girs gratu&iuml;ts sense dip&ograve;sit 2026<br>\n <\/span><\/p><p> <span style=\"font-weight: 400;\"><br>\n  disponible per als australians. Aquest esdeveniment, que potser no &eacute;s rendible per a ells mateixos, &eacute;s el que sovint s&rsquo;aventura pels casinos recentment oberts. Ja que en un establiment de joc que ha aparegut recentment, el jugador rep rondes addicionals sense coeficients. Cal assenyalar en les condicions que els ingressos de la bonificaci&oacute; no impliquen venjan&ccedil;a.<br>\n <\/span><\/p><p> <span style=\"font-weight: 400;\"><br>\n El que cal recordar de l&rsquo;anterior, una manera fant&agrave;stica d&rsquo;aconseguir una bonificaci&oacute; d&rsquo;activaci&oacute; del compte, &eacute;s buscar individualment els establiments de jocs d&rsquo;obertura recents i familiaritzar-se amb consci&egrave;ncia amb totes les condicions.<br>\n <\/span><\/p><p> <span style=\"font-weight: 400;\"><br>\n L&rsquo;oferta per a vost&egrave; ser&agrave; l&rsquo;oportunitat de trobar girs gratu&iuml;ts per activar-los sense dip&ograve;sit: familiaritzar-se amb la informaci&oacute; cada dia als llocs. Hi ha llocs web que us ajuden a entrar als casinos en l&iacute;nia. En registrar-se, cal dipositar<br>\n <\/span><\/p><p> <span style=\"font-weight: 400;\"><br>\n 65 girs gratu&iuml;ts codis de bonificaci&oacute; sense dip&ograve;sit<br>\n <\/span><\/p><p> <span style=\"font-weight: 400;\"><br>\n al teu perfil o al teu compte personal. Com comportar-se en un casino en l&iacute;nia, podeu demanar al servei d&rsquo;assist&egrave;ncia, que no us deixar&agrave; sense atenci&oacute;.<br>\n <\/span><\/p><h2>\n<\/h2><p> <span style=\"font-weight: 400;\"><br>\n Per qu&egrave; jugar a les bonificacions sense dip&ograve;sit?<br>\n <\/span><\/p><p> <span style=\"font-weight: 400;\"><br>\n Cal familiaritzar-se amb algunes regles. Heu de recordar aix&ograve;:<br>\n <\/span><\/p><ul>\n<li style=\"font-weight: 400;\" aria-level=\"1\">\n<p> <span style=\"font-weight: 400;\"><br>\n El coeficient de girs gratu&iuml;ts no pot superar x30.<br>\n <\/span><\/p>\n<\/li>\n<li style=\"font-weight: 400;\" aria-level=\"1\">\n<p> <span style=\"font-weight: 400;\"><br>\n Retroc&eacute;s al jugador (Retorn al jugador &ndash; RTP) d&rsquo;almenys un 96,5%.<br>\n <\/span><\/p>\n<\/li>\n<li style=\"font-weight: 400;\" aria-level=\"1\">\n<p> <span style=\"font-weight: 400;\"><br>\n La volatilitat del preu del joc &eacute;s baixa o molt baixa.<br>\n <\/span><\/p>\n<\/li>\n<li style=\"font-weight: 400;\" aria-level=\"1\">\n<p> <span style=\"font-weight: 400;\"><br>\n L&rsquo;admissibilitat de cada indemnitzaci&oacute; no &eacute;s inferior al 25% (cada quart per&iacute;ode).<br>\n <\/span><\/p>\n<\/li>\n<li style=\"font-weight: 400;\" aria-level=\"1\">\n<p> <span style=\"font-weight: 400;\"><br>\n La possibilitat d&rsquo;un premi o ranura independent &ndash; com a m&iacute;nim cada cent&egrave;sim per&iacute;ode.<br>\n <\/span><\/p>\n<\/li>\n<\/ul><p> <span style=\"font-weight: 400;\"><br>\n Per&ograve; tenim en compte que els premis i els slots independents no s&oacute;n benvinguts. Recordeu. Aneu amb compte amb les ofertes de girs gratu&iuml;ts als llocs d&rsquo;apostes prohibits. Sovint, els casinos en l&iacute;nia no tenen llic&egrave;ncia. Als casinos il&middot;legals, els jocs no es llancen des del servidor d&rsquo;un prove&iuml;dor de serveis legals, sin&oacute; des del lloc d&rsquo;Internet del propi establiment d&rsquo;apostes. Per tant, &eacute;s possible que no rebeu els vostres dividends.<br>\n <\/span><\/p><p> <span style=\"font-weight: 400;\"><\/span><\/p><p> <img loading=\"lazy\" decoding=\"async\" class=\"aligncenter size-full wp-image-5203\" src=\"https:\/\/australia-casino-review.com\/wp-content\/uploads\/2022\/09\/best-free-spins-no-deposit-uk-casino-bonuses-in-2022-only-on-registration-1.png\" alt=\"free spins no deposit\" width=\"1600\" height=\"900\" srcset=\"https:\/\/australia-casino-review.com\/wp-content\/uploads\/2022\/09\/best-free-spins-no-deposit-uk-casino-bonuses-in-2022-only-on-registration-1.png 1600w, https:\/\/australia-casino-review.com\/wp-content\/uploads\/2022\/09\/best-free-spins-no-deposit-uk-casino-bonuses-in-2022-only-on-registration-1-300x169.png 300w, https:\/\/australia-casino-review.com\/wp-content\/uploads\/2022\/09\/best-free-spins-no-deposit-uk-casino-bonuses-in-2022-only-on-registration-1-1024x576.png 1024w, https:\/\/australia-casino-review.com\/wp-content\/uploads\/2022\/09\/best-free-spins-no-deposit-uk-casino-bonuses-in-2022-only-on-registration-1-768x432.png 768w, https:\/\/australia-casino-review.com\/wp-content\/uploads\/2022\/09\/best-free-spins-no-deposit-uk-casino-bonuses-in-2022-only-on-registration-1-1536x864.png 1536w\" sizes=\"auto, (max-width: 1600px) 100vw, 1600px\"><\/p><p> <\/p><h2>\n<\/h2><p> <span style=\"font-weight: 400;\"><br>\n PMF<br>\n <\/span><\/p><h3>\n<\/h3><p> <span style=\"font-weight: 400;\"><br>\n Necessito programes especials per a girs gratu&iuml;ts?<br>\n <\/span><\/p><p> <span style=\"font-weight: 400;\"><br>\n No hi ha recursos especials per obtenir<br>\n <\/span><\/p><p> <span style=\"font-weight: 400;\"><br>\n 65 girs gratu&iuml;ts sense dip&ograve;sit AU<br>\n <\/span><\/p><p> <span style=\"font-weight: 400;\"><br>\n . Mentre jugueu des del vostre gadget, nom&eacute;s heu d&rsquo;unir-vos a aquesta campanya de relacions p&uacute;bliques creant un codi especial. Podeu entrar al casino en l&iacute;nia des de qualsevol gadget, mitjan&ccedil;ant una aplicaci&oacute; especial.<br>\n <\/span><\/p><h3>\n<\/h3><p> <span style=\"font-weight: 400;\"><br>\n Es requerir&agrave; una combinaci&oacute; especial per a la promoci&oacute;?<br>\n <\/span><\/p><p> <span style=\"font-weight: 400;\"><br>\n Qualsevol casino t&eacute; el seu propi principi d&rsquo;utilitzar girs gratu&iuml;ts. Dep&egrave;n del fet que els tipus de girs gratu&iuml;ts tinguin un sistema de venjan&ccedil;a. &Eacute;s possible que el jugador no estigui satisfet amb la m&agrave;quina escurabutxaques, a la qual s&rsquo;acredita l&rsquo;import en un moment especial, o amb les regles de venjan&ccedil;a que s&oacute;n inacceptables per a ell.<br>\n <\/span><\/p><h3>\n<\/h3><p> <span style=\"font-weight: 400;\"><br>\n Com aconseguir girs gratu&iuml;ts?<br>\n <\/span><\/p><p> <span style=\"font-weight: 400;\"><br>\n Recordeu que per assignar-vos girs gratu&iuml;ts, primer heu de fer un petit registre al lloc web del casino, obrir-hi un compte i posar-hi una certa quantitat. I per rebre els diners guanyats, cal passar pel procediment de verificaci&oacute;. No est&agrave; perm&egrave;s obrir diversos dip&ograve;sits en un mateix establiment de joc. Aix&iacute; diuen les regles de tot tipus de casinos.<br>\n <\/span><br>\n     Llegeix tamb&eacute; sobre:<br>\n <a href=\"https:\/\/australia-casino-review.com\/70-free-spins\/\"><br>\n 70 girs gratu&iuml;ts<br>\n <\/a> <\/p>\n","protected":false},"excerpt":{"rendered":"<p>FIRST DEPOSIT BONUSBonus 100% for the 1st deposit + 100 Free Spins CLAIM BONUS FIRST DEPOSIT BONUSGet 100% bonus up to 1 000 AUD + 100 Free Spins CLAIM BONUS Per a aquells que volen convertir-se en un jugador, n&rsquo;hi ha 65 girs gratu&iuml;ts sense dip&ograve;sit Austr&agrave;lia . Una oferta temptadora al casino s&oacute;n rondes&hellip;&nbsp;<a href=\"https:\/\/australia-casino-review.com\/can\/65-free-spins-2\/\" class=\"\" rel=\"bookmark\">Read More &raquo;<span class=\"screen-reader-text\">Revisi\u00f3 de 65 girs gratu\u00efts sense dip\u00f2sit<\/span><\/a><\/p>\n","protected":false},"author":1,"featured_media":0,"parent":0,"menu_order":0,"comment_status":"closed","ping_status":"closed","template":"","meta":{"neve_meta_sidebar":"","neve_meta_container":"","neve_meta_enable_content_width":"","neve_meta_content_width":0,"neve_meta_title_alignment":"","neve_meta_author_avatar":"","neve_post_elements_order":"","neve_meta_disable_header":"","neve_meta_disable_footer":"","neve_meta_disable_title":"","footnotes":""},"class_list":["post-7106","page","type-page","status-publish","hentry"],"aioseo_notices":[],"_links":{"self":[{"href":"https:\/\/australia-casino-review.com\/can\/wp-json\/wp\/v2\/pages\/7106","targetHints":{"allow":["GET"]}}],"collection":[{"href":"https:\/\/australia-casino-review.com\/can\/wp-json\/wp\/v2\/pages"}],"about":[{"href":"https:\/\/australia-casino-review.com\/can\/wp-json\/wp\/v2\/types\/page"}],"author":[{"embeddable":true,"href":"https:\/\/australia-casino-review.com\/can\/wp-json\/wp\/v2\/users\/1"}],"replies":[{"embeddable":true,"href":"https:\/\/australia-casino-review.com\/can\/wp-json\/wp\/v2\/comments?post=7106"}],"version-history":[{"count":0,"href":"https:\/\/australia-casino-review.com\/can\/wp-json\/wp\/v2\/pages\/7106\/revisions"}],"wp:attachment":[{"href":"https:\/\/australia-casino-review.com\/can\/wp-json\/wp\/v2\/media?parent=7106"}],"curies":[{"name":"wp","href":"https:\/\/api.w.org\/{rel}","templated":true}]}}