{"id":7107,"date":"2023-07-17T22:09:06","date_gmt":"2023-07-17T19:09:06","guid":{"rendered":"https:\/\/australia-casino-review.com\/60-free-spins-2\/"},"modified":"2023-07-17T22:09:06","modified_gmt":"2023-07-17T19:09:06","slug":"60-free-spins-2","status":"publish","type":"page","link":"https:\/\/australia-casino-review.com\/can\/60-free-spins-2\/","title":{"rendered":"Revisi\u00f3 de 60 girs gratu\u00efts sense dip\u00f2sit"},"content":{"rendered":"<?xml encoding=\"utf-8\" ?><p> <span style=\"font-weight: 400;\"><\/span><\/p><link rel=\"stylesheet\" href=\"\/wp-content\/themes\/neve-child\/swiper-bundle.min.css\"><script src=\"\/wp-content\/themes\/neve-child\/swiper-bundle.min.js\"><\/script><div class=\"swiper casino-slider\">\r\n    <div class=\"swiper-wrapper\">\r\n\r\n        <!-- Winspirit -->\r\n        <div class=\"swiper-slide casino-slide\" style=\"background-image: url('https:\/\/australia-casino-review.com\/wp-content\/uploads\/2025\/05\/yosok3bayqsoxelcjxux.webp')\">\r\n            <a href=\"https:\/\/australia-casino-review.com\/go-casino?sub_id_1=winspirit\" class=\"swiper-slide-link\" style=\"position: relative;z-index: 10000;\">\r\n                <div class=\"casino-content\">\r\n                    <img decoding=\"async\" class=\"casino-logo\" src=\"https:\/\/australia-casino-review.com\/wp-content\/uploads\/2025\/05\/spuz0y9gqwphpkzry0dv.webp\" alt=\"Winspirit Logo\">\r\n                    <div class=\"casino-bonus\">FIRST DEPOSIT BONUS<br>Bonus 100% for the 1st deposit + 100 Free Spins<\/div>\r\n                    <span class=\"yellow-btn\">CLAIM BONUS<\/span>\r\n                <\/div>\r\n            <\/a>\r\n        <\/div>\r\n\r\n        <!-- Rocket Play -->\r\n        <div class=\"swiper-slide casino-slide\" style=\"background-image: url('https:\/\/australia-casino-review.com\/wp-content\/uploads\/2025\/05\/netfidkjat6wovozc5pv.webp')\">\r\n            <a href=\"https:\/\/australia-casino-review.com\/go-casino?sub_id_1=rocketplay\" class=\"swiper-slide-link\" style=\"position: relative;z-index: 10000;\">\r\n                <div class=\"casino-content\">\r\n                    <img decoding=\"async\" class=\"casino-logo\" src=\"https:\/\/australia-casino-review.com\/wp-content\/uploads\/2025\/05\/dl8rtimw8nea9ju9bvor.webp\" alt=\"RocketPlay Logo\">\r\n                    <div class=\"casino-bonus\">FIRST DEPOSIT BONUS<br>Get 100% bonus up to 1 000 AUD + 100 Free Spins<\/div>\r\n                    <span class=\"yellow-btn\">CLAIM BONUS<\/span>\r\n                <\/div>\r\n            <\/a>\r\n        <\/div>\r\n        \r\n    <\/div>\r\n<\/div><script>\r\n    document.addEventListener(\"DOMContentLoaded\", function() {\r\n        new Swiper(\".casino-slider\", {\r\n            slidesPerView: 1,\r\n            navigation: {\r\n                nextEl: \".swiper-button-next\",\r\n                prevEl: \".swiper-button-prev\",\r\n            },\r\n        });\r\n    });\r\n<\/script><p> <img loading=\"lazy\" decoding=\"async\" class=\"aligncenter size-full wp-image-5194\" src=\"https:\/\/australia-casino-review.com\/wp-content\/uploads\/2022\/09\/60-free-spins-1.jpg\" alt=\"60 free spins\" width=\"600\" height=\"300\" srcset=\"https:\/\/australia-casino-review.com\/wp-content\/uploads\/2022\/09\/60-free-spins-1.jpg 600w, https:\/\/australia-casino-review.com\/wp-content\/uploads\/2022\/09\/60-free-spins-1-300x150.jpg 300w\" sizes=\"auto, (max-width: 600px) 100vw, 600px\"><\/p><p> <\/p><p> <span style=\"font-weight: 400;\"><br>\n Hi ha una oferta rendible per als australians:<br>\n <\/span><\/p><p> <span style=\"font-weight: 400;\"><br>\n 60 girs gratu&iuml;ts sense dip&ograve;sit 2026<br>\n <\/span><\/p><p> <span style=\"font-weight: 400;\"><br>\n . Els jugadors potencials dels establiments d&rsquo;apostes es pregunten si &eacute;s realista obtenir un benefici constant de les m&agrave;quines escurabutxaques. Els jugadors d&rsquo;atzar poden estar d&rsquo;acord amb aix&ograve;. Per&ograve; una oportunitat &uacute;nica per treure un avantatge exacte en una m&agrave;quina escurabutxaques &eacute;s una aposta per la textura del casino. Aix&ograve; inclou espais sense dip&ograve;sit i promocions preferencials.<br>\n <\/span><\/p><p> <span style=\"font-weight: 400;\"><br>\n Com es pot comprar i utilitzar<br>\n <\/span><\/p><p> <span style=\"font-weight: 400;\"><br>\n 60 girs gratu&iuml;ts sense dip&ograve;sit de casino:<br>\n <\/span><\/p><ul>\n<li style=\"font-weight: 400;\" aria-level=\"1\">\n<p> <span style=\"font-weight: 400;\"><br>\n Trobeu un establiment d&rsquo;apostes que tingui promocions gratu&iuml;tes per activar-los.<br>\n <\/span><\/p>\n<\/li>\n<li style=\"font-weight: 400;\" aria-level=\"1\">\n<p> <span style=\"font-weight: 400;\"><br>\n Aneu al lloc d&rsquo;aquest casino i descobriu tot sobre la invitaci&oacute; actual del servei d&rsquo;assist&egrave;ncia.<br>\n <\/span><\/p>\n<\/li>\n<li style=\"font-weight: 400;\" aria-level=\"1\">\n<p> <span style=\"font-weight: 400;\"><br>\n Activa el teu compte personal.<br>\n <\/span><\/p>\n<\/li>\n<li style=\"font-weight: 400;\" aria-level=\"1\">\n<p> <span style=\"font-weight: 400;\"><br>\n Acabeu la informaci&oacute; individual sobre vosaltres mateixos al vostre compte.<br>\n <\/span><\/p>\n<\/li>\n<li style=\"font-weight: 400;\" aria-level=\"1\">\n<p> <span style=\"font-weight: 400;\"><br>\n F&agrave;cil de jugar. Els dividends no us deixaran esperant.<br>\n <\/span><\/p>\n<\/li>\n<li style=\"font-weight: 400;\" aria-level=\"1\">\n<p> <span style=\"font-weight: 400;\"><br>\n Si aix&ograve; &eacute;s acceptable en aquest casino, feu una volta al joc per obtenir dividends de les bonificacions.<br>\n <\/span><\/p>\n<\/li>\n<li style=\"font-weight: 400;\" aria-level=\"1\">\n<p> <span style=\"font-weight: 400;\"><br>\n Si aix&ograve; no &eacute;s possible, dipositeu l&rsquo;import i inicieu la venjan&ccedil;a de la recompensa a les m&agrave;quines escurabutxaques leg&iacute;times.<br>\n <\/span><\/p>\n<\/li>\n<\/ul><p> <span style=\"font-weight: 400;\"><br>\n En realitat, la recompensa retornada es retira i s&rsquo;utilitza per apostar en diferents ranures.<br>\n <\/span><\/p><p style=\"text-align: center;\">\n \n <\/p><h2>\n<\/h2><p> <span style=\"font-weight: 400;\"><br>\n Per qu&egrave; jugar a les bonificacions sense dip&ograve;sit?<br>\n <\/span><\/p><p> <span style=\"font-weight: 400;\"><br>\n 60 girs gratu&iuml;ts sense dip&ograve;sit Austr&agrave;lia<br>\n <\/span><\/p><p> <span style=\"font-weight: 400;\"><br>\n  &eacute;s un gran regal per a principiants. Aquests per&iacute;odes sense dip&ograve;sit es calculen per joc de pagament. Un altre nom d&rsquo;aquest joc &eacute;s &ldquo;joc lliure&rdquo;. Aquesta &eacute;s la forma de la reuni&oacute; de premis.<br>\n <\/span><\/p><p> <span style=\"font-weight: 400;\"><br>\n Les rondes addicionals per als establiments de jocs d&rsquo;atzar sempre han suposat una p&egrave;rdua. Tot i aix&iacute;, els girs gratu&iuml;ts atrauen els jugadors potencials i obliguen els antics participants a unir-se al proc&eacute;s de joc. Alguns jugadors hi troben aspectes positius: jugant amb poca freq&uuml;&egrave;ncia, per un m&egrave;tode deliberat, sempre es poden rebre dividends. <\/span><\/p><p> <span style=\"font-weight: 400;\"><br>\n Per als nous jugadors, aquesta &eacute;s una manera de jugar a un joc de prova gratu&iuml;t. Els jugadors que acabin d&rsquo;unir-se al joc haurien de familiaritzar-se amb el funcionament del tauler de control de la ranura. Algunes m&agrave;quines escurabutxaques tenen sistemes diferents per obtenir diners reals i un joc d&rsquo;entrenament. Nom&eacute;s hi ha un factor negatiu. Els principiants o molt jugadors poden entrar a la xarxa, acceptar una invitaci&oacute; perduda per endavant. Per exemple, com les probabilitats x40 o un ultim&agrave;tum per venjar-se d&rsquo;alguna m&agrave;quina escurabutxaques especial amb un RTP del 94%.<br>\n <\/span><\/p><h2>\n<\/h2><p> <span style=\"font-weight: 400;\"><br>\n Puc guanyar diners reals amb girs gratu&iuml;ts, sense dip&ograve;sit?<br>\n <\/span><\/p><p> <span style=\"font-weight: 400;\"><br>\n &Eacute;s impossible retirar beneficis<br>\n <\/span><\/p><p> <span style=\"font-weight: 400;\"><br>\n 60 girs gratu&iuml;ts sense dip&ograve;sit AU<br>\n <\/span><\/p><p> <span style=\"font-weight: 400;\"><br>\n durant la nit. Hi havia, per descomptat, situacions imprevistes. El benefici &eacute;s en forma de remuneraci&oacute;. Per cobrar-lo, heu de recarregar el vostre dip&ograve;sit i fer una certa quantitat d&rsquo;apostes amb diners reals. Es diu &ldquo;venjan&ccedil;a&rdquo;. Com a resultat, una part dels diners guanyats en promocions gratu&iuml;tes es transferir&agrave; al vostre saldo i es podr&agrave; retirar.<br>\n <\/span><\/p><p> <span style=\"font-weight: 400;\"><br>\n El m&egrave;tode principal &eacute;s convertir-se en subscriptor a la llista de correu d&rsquo;Internet d&rsquo;un establiment de jocs d&rsquo;atzar. Tots els casinos els fan un parell de vegades per setmana. No t&eacute; en compte la teva participaci&oacute; excessiva en els jocs, nom&eacute;s s&rsquo;enviaran llistes de correu al teu correu, malgrat que vas participar en el joc fa m&eacute;s d&rsquo;un mes.<br>\n <\/span><\/p><h2>\n<\/h2><p> <span style=\"font-weight: 400;\"><br>\n Com reclamar?<br>\n <\/span><\/p><p> <span style=\"font-weight: 400;\"><br>\n Per obtenir rondes addicionals necessiteu:<br>\n <\/span><\/p><ul>\n<li style=\"font-weight: 400;\" aria-level=\"1\">\n<p> <span style=\"font-weight: 400;\"><br>\n Troba<br>\n <\/span><\/p>\n<p> <span style=\"font-weight: 400;\"><br>\n 60 girs gratu&iuml;ts codis de bonificaci&oacute; sense dip&ograve;sit.<br>\n <\/span><\/p>\n<\/li>\n<li style=\"font-weight: 400;\" aria-level=\"1\">\n<p> <span style=\"font-weight: 400;\"><br>\n Trobeu promocions per a FS.<br>\n <\/span><\/p>\n<\/li>\n<li style=\"font-weight: 400;\" aria-level=\"1\">\n<p> <span style=\"font-weight: 400;\"><br>\n Guanya el sorteig.<br>\n <\/span><\/p>\n<\/li>\n<li style=\"font-weight: 400;\" aria-level=\"1\">\n<p> <span style=\"font-weight: 400;\"><br>\n Agafeu-los com a premi per adquirir un t&iacute;tol de projecte de suport.<br>\n <\/span><\/p>\n<\/li>\n<li style=\"font-weight: 400;\" aria-level=\"1\">\n<p> <span style=\"font-weight: 400;\"><br>\n En cas que el joc no tingui &egrave;xit, poseu-vos en contacte amb el servei d&rsquo;assist&egrave;ncia.<br>\n <\/span><\/p>\n<\/li>\n<li style=\"font-weight: 400;\" aria-level=\"1\">\n<p> <span style=\"font-weight: 400;\"><br>\n Hi ha girs gratu&iuml;ts proporcionats en un duet amb una recompensa de dip&ograve;sit secundari. <\/span><\/p>\n<\/li>\n<\/ul><p> <span style=\"font-weight: 400;\"><br>\n Un dels m&egrave;todes m&eacute;s nous per obtenir FS: comunicaci&oacute; intensiva a les xarxes socials i per a la recerca de possibles jugadors.<br>\n <\/span><\/p><p style=\"text-align: center;\">\n \n <\/p><p> <span style=\"font-weight: 400;\"><br>\n Les rondes addicionals s&oacute;n una estratagema publicit&agrave;ria d&rsquo;un establiment de jocs d&rsquo;atzar per atraure els usuaris, diners fantasma per apostar sense la possibilitat de rebre&rsquo;ls. La classificaci&oacute; &eacute;s la seg&uuml;ent:<br>\n <\/span><\/p><ul>\n<li style=\"font-weight: 400;\" aria-level=\"1\">\n<p> <span style=\"font-weight: 400;\"><br>\n Per a l&rsquo;activaci&oacute;.<br>\n <\/span><\/p>\n<\/li>\n<li style=\"font-weight: 400;\" aria-level=\"1\">\n<p> <span style=\"font-weight: 400;\"><br>\n Per un dip&ograve;sit &ndash; per a principiants. Els membres activats pr&egrave;viament rebran recomanacions per correu electr&ograve;nic.<br>\n <\/span><\/p>\n<\/li>\n<li style=\"font-weight: 400;\" aria-level=\"1\">\n<p> <span style=\"font-weight: 400;\"><br>\n Per a treballs actius: implicaci&oacute; de nouvinguts o comunicaci&oacute; intensa a diverses xarxes socials.<br>\n <\/span><\/p>\n<\/li>\n<\/ul><p> <span style=\"font-weight: 400;\"><\/span><\/p><p> <img loading=\"lazy\" decoding=\"async\" class=\"aligncenter size-full wp-image-5195\" src=\"https:\/\/australia-casino-review.com\/wp-content\/uploads\/2022\/09\/free-spins.jpg\" alt=\"free spins\" width=\"936\" height=\"400\"><\/p><p> <\/p><h2>\n<\/h2><p> <span style=\"font-weight: 400;\"><br>\n PMF<br>\n <\/span><\/p><h3>\n<\/h3><p> <span style=\"font-weight: 400;\"><br>\n En quins casinos pot un jugador nou obtenir girs gratu&iuml;ts rendibles?<br>\n <\/span><\/p><p> <span style=\"font-weight: 400;\"><br>\n En un establiment de jocs d&rsquo;atzar amb m&eacute;s de 3000 m&agrave;quines escurabutxaques i no menys de 50 prove&iuml;dors de serveis. En aquests casinos, realment hi ha jocs que ofereixen un RTP del 97% o m&eacute;s.<br>\n <\/span><\/p><h3>\n<\/h3><p> <span style=\"font-weight: 400;\"><br>\n Quines s&oacute;n les millors escurabutxaques per a apostar diners de bonificaci&oacute; rebuda de FS?<br>\n <\/span><\/p><p> <span style=\"font-weight: 400;\"><br>\n Estan disponibles a gaireb&eacute; tots els establiments de joc. Tenen un RTP del 97% i una volatilitat de preus baixa.<br>\n <\/span><\/p><h3>\n<\/h3><p> <span style=\"font-weight: 400;\"><br>\n &Eacute;s possible guanyar constantment a FS?<br>\n <\/span><\/p><p> <span style=\"font-weight: 400;\"><br>\n Sempre que et facis subscriptor al butllet&iacute; de diversos casinos. Les recomanacions s&rsquo;enviaran al vostre correu cada dia, podeu escollir-ne les dignes.<br>\n <\/span><br>\n     Llegeix tamb&eacute; sobre:<br>\n <a href=\"https:\/\/australia-casino-review.com\/65-free-spins\/\"><br>\n 65 girs gratu&iuml;ts<br>\n <\/a> <\/p>\n","protected":false},"excerpt":{"rendered":"<p>FIRST DEPOSIT BONUSBonus 100% for the 1st deposit + 100 Free Spins CLAIM BONUS FIRST DEPOSIT BONUSGet 100% bonus up to 1 000 AUD + 100 Free Spins CLAIM BONUS Hi ha una oferta rendible per als australians: 60 girs gratu&iuml;ts sense dip&ograve;sit 2026 . Els jugadors potencials dels establiments d&rsquo;apostes es pregunten si &eacute;s&hellip;&nbsp;<a href=\"https:\/\/australia-casino-review.com\/can\/60-free-spins-2\/\" class=\"\" rel=\"bookmark\">Read More &raquo;<span class=\"screen-reader-text\">Revisi\u00f3 de 60 girs gratu\u00efts sense dip\u00f2sit<\/span><\/a><\/p>\n","protected":false},"author":1,"featured_media":0,"parent":0,"menu_order":0,"comment_status":"closed","ping_status":"closed","template":"","meta":{"neve_meta_sidebar":"","neve_meta_container":"","neve_meta_enable_content_width":"","neve_meta_content_width":0,"neve_meta_title_alignment":"","neve_meta_author_avatar":"","neve_post_elements_order":"","neve_meta_disable_header":"","neve_meta_disable_footer":"","neve_meta_disable_title":"","footnotes":""},"class_list":["post-7107","page","type-page","status-publish","hentry"],"aioseo_notices":[],"_links":{"self":[{"href":"https:\/\/australia-casino-review.com\/can\/wp-json\/wp\/v2\/pages\/7107","targetHints":{"allow":["GET"]}}],"collection":[{"href":"https:\/\/australia-casino-review.com\/can\/wp-json\/wp\/v2\/pages"}],"about":[{"href":"https:\/\/australia-casino-review.com\/can\/wp-json\/wp\/v2\/types\/page"}],"author":[{"embeddable":true,"href":"https:\/\/australia-casino-review.com\/can\/wp-json\/wp\/v2\/users\/1"}],"replies":[{"embeddable":true,"href":"https:\/\/australia-casino-review.com\/can\/wp-json\/wp\/v2\/comments?post=7107"}],"version-history":[{"count":0,"href":"https:\/\/australia-casino-review.com\/can\/wp-json\/wp\/v2\/pages\/7107\/revisions"}],"wp:attachment":[{"href":"https:\/\/australia-casino-review.com\/can\/wp-json\/wp\/v2\/media?parent=7107"}],"curies":[{"name":"wp","href":"https:\/\/api.w.org\/{rel}","templated":true}]}}