{"id":7124,"date":"2023-07-17T22:11:45","date_gmt":"2023-07-17T19:11:45","guid":{"rendered":"https:\/\/australia-casino-review.com\/konami-2\/"},"modified":"2023-07-17T22:11:45","modified_gmt":"2023-07-17T19:11:45","slug":"konami-2","status":"publish","type":"page","link":"https:\/\/australia-casino-review.com\/can\/konami-2\/","title":{"rendered":"Konami Casino-Soft: sistema avan\u00e7at de jocs i m\u00e0quines escurabutxaques en l\u00ednia"},"content":{"rendered":"<?xml encoding=\"utf-8\" ?><p> <span style=\"font-weight: 400;\"><\/span><\/p><link rel=\"stylesheet\" href=\"\/wp-content\/themes\/neve-child\/swiper-bundle.min.css\"><script src=\"\/wp-content\/themes\/neve-child\/swiper-bundle.min.js\"><\/script><div class=\"swiper casino-slider\">\r\n    <div class=\"swiper-wrapper\">\r\n\r\n        <!-- Winspirit -->\r\n        <div class=\"swiper-slide casino-slide\" style=\"background-image: url('https:\/\/australia-casino-review.com\/wp-content\/uploads\/2025\/05\/yosok3bayqsoxelcjxux.webp')\">\r\n            <a href=\"https:\/\/australia-casino-review.com\/go-casino?sub_id_1=winspirit\" class=\"swiper-slide-link\" style=\"position: relative;z-index: 10000;\">\r\n                <div class=\"casino-content\">\r\n                    <img decoding=\"async\" class=\"casino-logo\" src=\"https:\/\/australia-casino-review.com\/wp-content\/uploads\/2025\/05\/spuz0y9gqwphpkzry0dv.webp\" alt=\"Winspirit Logo\">\r\n                    <div class=\"casino-bonus\">FIRST DEPOSIT BONUS<br>Bonus 100% for the 1st deposit + 100 Free Spins<\/div>\r\n                    <span class=\"yellow-btn\">CLAIM BONUS<\/span>\r\n                <\/div>\r\n            <\/a>\r\n        <\/div>\r\n\r\n        <!-- Rocket Play -->\r\n        <div class=\"swiper-slide casino-slide\" style=\"background-image: url('https:\/\/australia-casino-review.com\/wp-content\/uploads\/2025\/05\/netfidkjat6wovozc5pv.webp')\">\r\n            <a href=\"https:\/\/australia-casino-review.com\/go-casino?sub_id_1=rocketplay\" class=\"swiper-slide-link\" style=\"position: relative;z-index: 10000;\">\r\n                <div class=\"casino-content\">\r\n                    <img decoding=\"async\" class=\"casino-logo\" src=\"https:\/\/australia-casino-review.com\/wp-content\/uploads\/2025\/05\/dl8rtimw8nea9ju9bvor.webp\" alt=\"RocketPlay Logo\">\r\n                    <div class=\"casino-bonus\">FIRST DEPOSIT BONUS<br>Get 100% bonus up to 1 000 AUD + 100 Free Spins<\/div>\r\n                    <span class=\"yellow-btn\">CLAIM BONUS<\/span>\r\n                <\/div>\r\n            <\/a>\r\n        <\/div>\r\n        \r\n    <\/div>\r\n<\/div><script>\r\n    document.addEventListener(\"DOMContentLoaded\", function() {\r\n        new Swiper(\".casino-slider\", {\r\n            slidesPerView: 1,\r\n            navigation: {\r\n                nextEl: \".swiper-button-next\",\r\n                prevEl: \".swiper-button-prev\",\r\n            },\r\n        });\r\n    });\r\n<\/script><p> <img loading=\"lazy\" decoding=\"async\" class=\"aligncenter wp-image-5033\" src=\"https:\/\/australia-casino-review.com\/wp-content\/uploads\/2022\/08\/konami-imm.-evid..jpg\" alt=\"konami review\" width=\"864\" height=\"486\" srcset=\"https:\/\/australia-casino-review.com\/wp-content\/uploads\/2022\/08\/konami-imm.-evid..jpg 1920w, https:\/\/australia-casino-review.com\/wp-content\/uploads\/2022\/08\/konami-imm.-evid.-300x169.jpg 300w, https:\/\/australia-casino-review.com\/wp-content\/uploads\/2022\/08\/konami-imm.-evid.-1024x576.jpg 1024w, https:\/\/australia-casino-review.com\/wp-content\/uploads\/2022\/08\/konami-imm.-evid.-768x432.jpg 768w, https:\/\/australia-casino-review.com\/wp-content\/uploads\/2022\/08\/konami-imm.-evid.-1536x864.jpg 1536w\" sizes=\"auto, (max-width: 864px) 100vw, 864px\"><br>\n Konami Casino Soft &eacute;s un producte conegut a la ind&uacute;stria del joc. El programari inclou gr&agrave;fics 3D impressionants, algorismes matem&agrave;tics complexos i una gran varietat de temes, des d&rsquo;horts cl&agrave;ssics fins a grans instal&middot;lacions hist&ograve;riques. Aprenem m&eacute;s amb a<br>\n <\/p><p> <span style=\"font-weight: 400;\"><br>\n revisa el prove&iuml;dor de casinos Konam<br>\n <\/span><\/p><p> <span style=\"font-weight: 400;\"><br>\n i.<br>\n <\/span><\/p><h2>\n<\/h2><p> <b><br>\n Sobre Konami<br>\n <\/b><\/p><p> <span style=\"font-weight: 400;\"><br>\n Konami Holdings Corporation es va establir al Jap&oacute; l&rsquo;any 1969. Originalment, el negoci es preocupava per llogar i reparar jukeboxes, per&ograve; a mitjans dels anys vuitanta es va tornar a centrar en la producci&oacute; d&rsquo;armaris de joc de casino i m&agrave;quines de pinball.<br>\n <\/span><\/p><p> <span style=\"font-weight: 400;\"><br>\n M&agrave;quines escurabutxaques Konami en l&iacute;nia<br>\n <\/span><\/p><p> <span style=\"font-weight: 400;\"><br>\n  El prove&iuml;dor ha comen&ccedil;at a produir una gamma de m&agrave;quines escurabutxaques terrestres vinculades a un sistema de control propietari. Poc despr&eacute;s, a mitjans dels noranta, les primeres m&agrave;quines escurabutxaques en l&iacute;nia Konami van apar&egrave;ixer al radar del desenvolupador.<br>\n <\/span><\/p><p style=\"text-align: center;\">\n<\/p><p> <a class=\"button button-primary\" href=\"https:\/\/australia-casino-review.com\/go-casino\/\"><br>\n OBT&Eacute; UN BONO<br>\n <\/a><\/p><h2>\n<\/h2><p> <b><br>\n Mec&agrave;niques interessants propietat dels desenvolupadors<br>\n <\/b><\/p><p> <span style=\"font-weight: 400;\"><br>\n La companyia segueix delectant els seus fans amb noves funcions addicionals. Correccions per fer que el joc sigui m&eacute;s brillant i din&agrave;mic, aix&iacute; com augmentar temporalment els pagaments en efectiu.<br>\n <\/span><\/p><h2>\n<\/h2><p> <b><br>\n Esva&iuml;t<br>\n <\/b><\/p><p> <span style=\"font-weight: 400;\"><br>\n La funci&oacute; es va presentar a la fira internacional NIGA 2026. La soluci&oacute; s&rsquo;activa aleat&ograve;riament durant els girs de bonificaci&oacute;. El programa elimina s&iacute;mbols menys valuosos, deixant nom&eacute;s gr&agrave;fics d&rsquo;alta qualitat i elements de premi.<br>\n <\/span><\/p><p> <span style=\"font-weight: 400;\"><br>\n Els jocs m&eacute;s populars amb fade out s&oacute;n:<br>\n <\/span><\/p><ul>\n<li style=\"font-weight: 400;\" aria-level=\"1\">\n<p> <span style=\"font-weight: 400;\"><br>\n foc de pebrot;<br>\n <\/span><\/p>\n<\/li>\n<li style=\"font-weight: 400;\" aria-level=\"1\">\n<p> <span style=\"font-weight: 400;\"><br>\n pirata perfecte<br>\n <\/span><\/p>\n<\/li>\n<li style=\"font-weight: 400;\" aria-level=\"1\">\n<p> <span style=\"font-weight: 400;\"><br>\n Purdy Pirates i altres productes.<br>\n <\/span><\/p>\n<\/li>\n<li style=\"font-weight: 400;\" aria-level=\"1\">\n<p> <span style=\"font-weight: 400;\"><br>\n Gal&agrave;xia dels diners.<br>\n <\/span><\/p>\n<\/li>\n<\/ul><p> <span style=\"font-weight: 400;\"><br>\n El minijoc progressiu s&rsquo;activa quan apareixen tres o m&eacute;s s&iacute;mbols de bonificaci&oacute; al cinqu&egrave; rodet. Aquestes imatges es congelaran i els quatre rodets restants comen&ccedil;aran un gir addicional.<br>\n <\/span><\/p><p> <span style=\"font-weight: 400;\"><br>\n Els imports dels premis, els multiplicadors i els s&iacute;mbols d&rsquo;alt rang apareixen als rodets de la m&agrave;quina escurabutxaques. La tasca del jugador &eacute;s recollir tantes l&iacute;nies guanyadores com sigui possible en 5 girs.<br>\n <\/span><\/p><p> <span style=\"font-weight: 400;\"><br>\n Amb aquest tipus d&rsquo;escurabutxaques de Money Galaxy, &eacute;s possible connectar-se al casino del prove&iuml;dor Konami:<br>\n <\/span><\/p><ul>\n<li style=\"font-weight: 400;\" aria-level=\"1\">\n<p> <span style=\"font-weight: 400;\"><br>\n bruixa radiant;<br>\n <\/span><\/p>\n<\/li>\n<li style=\"font-weight: 400;\" aria-level=\"1\">\n<p> <span style=\"font-weight: 400;\"><br>\n el retorn del drac<br>\n <\/span><\/p>\n<\/li>\n<li style=\"font-weight: 400;\" aria-level=\"1\">\n<p> <span style=\"font-weight: 400;\"><br>\n El poder del fara&oacute; i altres.<br>\n <\/span><\/p>\n<\/li>\n<li style=\"font-weight: 400;\" aria-level=\"1\">\n<p> <span style=\"font-weight: 400;\"><br>\n Encant del mag<br>\n <\/span><\/p>\n<\/li>\n<\/ul><p> <span style=\"font-weight: 400;\"><br>\n Un minijoc amb quatre nivells de jackpot. En primer lloc, el jugador tria el nivell de dificultat i el cost m&iacute;nim del gir, i despr&eacute;s entra a la ronda principal.<br>\n <\/span><\/p><h2>\n<\/h2><p> <b><br>\n Recompenses addicionals<br>\n <\/b><\/p><p> <span style=\"font-weight: 400;\"><br>\n Programari de casino en l&iacute;nia de Konami amb comptador virtual. El rodatge permet al jugador augmentar el valor del gir base en un 50-100%. Feu girar els rodets de les m&agrave;quines escurabutxaques amb l&iacute;mits ampliats i els usuaris obtindran grans pagaments. A m&eacute;s, s&rsquo;apliquen multiplicadors generosos a tots els premis.<br>\n <\/span><\/p><h2>\n<\/h2><p> <b><br>\n Codi Konami<br>\n <\/b><\/p><p> <span style=\"font-weight: 400;\"><br>\n Un popular sistema de codis de trampes que d&oacute;na al prove&iuml;dor una reputaci&oacute; mundial. Els usuaris simplement introdueixen un n&uacute;mero i un codi de lletra &uacute;nics per obtenir suggeriments dins del joc. Aix&ograve; pot ser una distribuci&oacute; de bonificacions, una promoci&oacute; al seg&uuml;ent nivell, activar girs gratu&iuml;ts, etc. La funci&oacute; es va implementar per primera vegada a la terra.<br>\n <\/span><\/p><p> <span style=\"font-weight: 400;\"><br>\n Jocs d&rsquo;escurabutxaques de casino Konami<br>\n <\/span><\/p><p> <span style=\"font-weight: 400;\"><br>\n  i al llarg del temps en les solucions online de l&rsquo;empresa.<br>\n <\/span><\/p><p style=\"text-align: center;\">\n<\/p><p> <a class=\"button button-primary\" href=\"https:\/\/australia-casino-review.com\/go-casino\/\"><br>\n OBT&Eacute; UN BONO<br>\n <\/a><\/p><h2>\n<\/h2><p> <b><br>\n M&agrave;quines escurabutxaques populars de Konami<br>\n <\/b><\/p><p> <span style=\"font-weight: 400;\"><br>\n Connecta el casino del prove&iuml;dor Konami amb aquest divertit entreteniment: llop daurat, riquesa imperial, poder del fara&oacute;.<br>\n <\/span><\/p><h2>\n<\/h2><p> <b><br>\n Llop d&rsquo;or<br>\n <\/b><\/p><p> <span style=\"font-weight: 400;\"><br>\n Els jugadors gaudeixen de la bellesa de la natura salvatge de l&rsquo;hivern i dels paisatges de neu impressionants. Els salvatges apareixen als rodets de les m&agrave;quines escurabutxaques: Moose, Bison, Eagle i Golden Wolf. Entreteniment amb grans gr&agrave;fics en 3D, joc din&agrave;mic i pagaments s&ograve;lids<br>\n <\/span><\/p><h2>\n<\/h2><p> <b><br>\n La riquesa imperial<br>\n <\/b><\/p><p> <span style=\"font-weight: 400;\"><br>\n Programari de casino, tema Konami Oriental. El s&iacute;mbol principal del joc Konami: el drac xin&egrave;s. Aquestes criatures m&iacute;tiques s&oacute;n inseparables del folklore asi&agrave;tic i encarnen tradici&oacute;, poder, poder i sort m&eacute;s enll&agrave; dels elements de la natura.<br>\n <\/span><\/p><h2>\n<\/h2><p> <b><br>\n el poder del fara&oacute;<br>\n <\/b><\/p><ul>\n<li style=\"font-weight: 400;\" aria-level=\"1\">\n<p> <span style=\"font-weight: 400;\"><br>\n Nou prove&iuml;dor amb funcionalitat d&rsquo;esva&iuml;ment de funcions. Tres o m&eacute;s faraons poderosos atorguen 15 girs gratu&iuml;ts.<br>\n <\/span><\/p>\n<\/li>\n<li style=\"font-weight: 400;\" aria-level=\"1\">\n<p> <span style=\"font-weight: 400;\"><br>\n costa de la Xina. La m&agrave;quina escurabutxaques de casino m&eacute;s popular de Konami, disponible en 9 versions diferents.<br>\n <\/span><\/p>\n<\/li>\n<li style=\"font-weight: 400;\" aria-level=\"1\">\n<p> <span style=\"font-weight: 400;\"><br>\n Tribuna romana. Els jugadors estaran immersos en la hist&ograve;ria de l&rsquo;Imperi Rom&agrave;.<br>\n <\/span><\/p>\n<\/li>\n<li style=\"font-weight: 400;\" aria-level=\"1\">\n<p> <span style=\"font-weight: 400;\"><br>\n Una col&middot;lecci&oacute; d&rsquo;entreteniment social, My<br>\n <\/span><\/p>\n<p> <span style=\"font-weight: 400;\"><br>\n Escurabutxaques de Konami<br>\n <\/span><\/p>\n<p> <span style=\"font-weight: 400;\"><br>\n .<br>\n <\/span><\/p>\n<\/li>\n<li style=\"font-weight: 400;\" aria-level=\"1\">\n<p> <span style=\"font-weight: 400;\"><br>\n La companyia treballa activament per millorar la seva l&iacute;nia de marca de productes de casino social. Aquests s&oacute;n m&eacute;s de 40<br>\n <\/span><\/p>\n<p> <span style=\"font-weight: 400;\"><br>\n Pokies gratu&iuml;ts de Konami<br>\n <\/span><\/p>\n<p> <span style=\"font-weight: 400;\"><br>\n  m&agrave;quines amb gr&agrave;fics acolorits, joc atrevit i funcions atractives.<br>\n <\/span><\/p>\n<\/li>\n<\/ul><h2>\n<\/h2><p> <b><br>\n Per qu&egrave; val la pena el millor casino en l&iacute;nia de Konami<br>\n <\/b><\/p><ul>\n<li style=\"font-weight: 400;\" aria-level=\"1\">\n<p> <span style=\"font-weight: 400;\"><br>\n una &agrave;mplia gamma d&rsquo;activitats recreatives;<br>\n <\/span><\/p>\n<\/li>\n<li style=\"font-weight: 400;\" aria-level=\"1\">\n<p> <span style=\"font-weight: 400;\"><br>\n Joc ininterromput a la p&agrave;gina oficial de Facebook de l&rsquo;empresa;<br>\n <\/span><\/p>\n<\/li>\n<li style=\"font-weight: 400;\" aria-level=\"1\">\n<p> <span style=\"font-weight: 400;\"><br>\n Sistema de punts flexible que es pot utilitzar per bescanviar premis reals;<br>\n <\/span><\/p>\n<\/li>\n<li style=\"font-weight: 400;\" aria-level=\"1\">\n<p> <span style=\"font-weight: 400;\"><br>\n Canvia punts virtuals per fitxes gratu&iuml;tes i juga als vest&iacute;buls dels casinos reals;<br>\n <\/span><\/p>\n<\/li>\n<li style=\"font-weight: 400;\" aria-level=\"1\">\n<p> <span style=\"font-weight: 400;\"><br>\n Sistema de fidelitzaci&oacute; amb sortejos diaris i bons dip&ograve;sits inicials;<br>\n <\/span><\/p>\n<\/li>\n<li style=\"font-weight: 400;\" aria-level=\"1\">\n<p> <span style=\"font-weight: 400;\"><br>\n M&uacute;ltiples sales virtuals per als jugadors m&eacute;s alts per jugar a jocs de nivell superior.<br>\n <\/span><\/p>\n<\/li>\n<\/ul><p> <span style=\"font-weight: 400;\"><br>\n El programari de Konami Casino inclou eines &uacute;tils per a la interacci&oacute; social. Els membres del Konami Slots Club intercanvien regals, publiquen els resultats de les sessions reeixides al missatger i participen en s&egrave;ries de tornejos multijugador.<br>\n <\/span><\/p><h2>\n<\/h2><p> <b><\/b><\/p><p> <img loading=\"lazy\" decoding=\"async\" class=\"aligncenter wp-image-5034\" src=\"https:\/\/australia-casino-review.com\/wp-content\/uploads\/2022\/08\/konami-new-slots.webp\" alt=\"konami slots\" width=\"785\" height=\"277\" srcset=\"https:\/\/australia-casino-review.com\/wp-content\/uploads\/2022\/08\/konami-new-slots.webp 680w, https:\/\/australia-casino-review.com\/wp-content\/uploads\/2022\/08\/konami-new-slots-300x106.webp 300w\" sizes=\"auto, (max-width: 785px) 100vw, 785px\"><br>\n Sistema de control propietari de Syncros<br>\n <\/p><p> <span style=\"font-weight: 400;\"><br>\n La soluci&oacute; s&rsquo;instal&middot;la en m&eacute;s de 400 casinos i zones d&rsquo;entreteniment complexes. A m&eacute;s, el programari s&rsquo;utilitza activament en l&rsquo;&agrave;mbit d&rsquo;Internet, especialment quan el prove&iuml;dor t&eacute; instal&middot;lacions de joc en l&iacute;nia i fora de l&iacute;nia. <\/span><\/p><p> <span style=\"font-weight: 400;\"><br>\n Jocs de Konami<br>\n <\/span><\/p><p> <span style=\"font-weight: 400;\"><br>\n  El programari s&rsquo;utilitza per gestionar diferents tipus de dades. Aix&ograve; inclou transaccions de pagament, tr&agrave;nsit a Internet, prefer&egrave;ncies de jocs, pol&iacute;tiques de restricci&oacute;, campanyes de m&agrave;rqueting, informaci&oacute; financera i an&agrave;lisi operativa.<br>\n <\/span><\/p><p> <span style=\"font-weight: 400;\"><br>\n Aquest producte cont&eacute; tecnologies patentades com ara:<br>\n <\/span><\/p><ul>\n<li style=\"font-weight: 400;\" aria-level=\"1\">\n<p> <span style=\"font-weight: 400;\"><br>\n Synk Connect (programari d&rsquo;an&agrave;lisi de comptes m&ograve;bils);<br>\n <\/span><\/p>\n<\/li>\n<li style=\"font-weight: 400;\" aria-level=\"1\">\n<p> <span style=\"font-weight: 400;\"><br>\n Synk Vision (sistema de seguiment de jugadors biom&egrave;trics d&rsquo;alta tecnologia);<br>\n <\/span><\/p>\n<\/li>\n<li style=\"font-weight: 400;\" aria-level=\"1\">\n<p> <span style=\"font-weight: 400;\"><br>\n Synk 31 (programari contra el blanqueig de capitals (AML)).<br>\n <\/span><\/p>\n<\/li>\n<\/ul><p style=\"text-align: center;\">\n<\/p><p> <a class=\"button button-primary\" href=\"https:\/\/australia-casino-review.com\/go-casino\/\"><br>\n OBT&Eacute; UN BONO<br>\n <\/a><\/p><h2>\n<\/h2><p> <b><br>\n Resum<br>\n <\/b><\/p><p> <span style=\"font-weight: 400;\"><br>\n Les m&agrave;quines escurabutxaques de v&iacute;deo del prove&iuml;dor ofereixen una &agrave;mplia gamma de temes, models matem&agrave;tics innovadors, gr&agrave;fics divertits, minijocs progressius i jackpots enlla&ccedil;ats. L&rsquo;entreteniment &eacute;s reconegut al mercat gr&agrave;cies a les caracter&iacute;stiques originals de Fade Away, Money Galaxy i Xtra Reward.<br>\n <\/span><\/p><p> <span style=\"font-weight: 400;\"><br>\n La col&middot;lecci&oacute; de jocs socials My Konami Slots est&agrave; disponible a Facebook, aix&iacute; com a l&rsquo;App Store, Google Play i la botiga d&rsquo;aplicacions Kindle.<br>\n <\/span><br>\n     Llegeix tamb&eacute; sobre:<br>\n <a href=\"https:\/\/australia-casino-review.com\/merkur\/\"><br>\n Merkur Gaming<br>\n <\/a> <\/p>\n","protected":false},"excerpt":{"rendered":"<p>FIRST DEPOSIT BONUSBonus 100% for the 1st deposit + 100 Free Spins CLAIM BONUS FIRST DEPOSIT BONUSGet 100% bonus up to 1 000 AUD + 100 Free Spins CLAIM BONUS Konami Casino Soft &eacute;s un producte conegut a la ind&uacute;stria del joc. El programari inclou gr&agrave;fics 3D impressionants, algorismes matem&agrave;tics complexos i una gran varietat&hellip;&nbsp;<a href=\"https:\/\/australia-casino-review.com\/can\/konami-2\/\" class=\"\" rel=\"bookmark\">Read More &raquo;<span class=\"screen-reader-text\">Konami Casino-Soft: sistema avan\u00e7at de jocs i m\u00e0quines escurabutxaques en l\u00ednia<\/span><\/a><\/p>\n","protected":false},"author":1,"featured_media":0,"parent":0,"menu_order":0,"comment_status":"closed","ping_status":"closed","template":"","meta":{"neve_meta_sidebar":"","neve_meta_container":"","neve_meta_enable_content_width":"","neve_meta_content_width":0,"neve_meta_title_alignment":"","neve_meta_author_avatar":"","neve_post_elements_order":"","neve_meta_disable_header":"","neve_meta_disable_footer":"","neve_meta_disable_title":"","footnotes":""},"class_list":["post-7124","page","type-page","status-publish","hentry"],"aioseo_notices":[],"_links":{"self":[{"href":"https:\/\/australia-casino-review.com\/can\/wp-json\/wp\/v2\/pages\/7124","targetHints":{"allow":["GET"]}}],"collection":[{"href":"https:\/\/australia-casino-review.com\/can\/wp-json\/wp\/v2\/pages"}],"about":[{"href":"https:\/\/australia-casino-review.com\/can\/wp-json\/wp\/v2\/types\/page"}],"author":[{"embeddable":true,"href":"https:\/\/australia-casino-review.com\/can\/wp-json\/wp\/v2\/users\/1"}],"replies":[{"embeddable":true,"href":"https:\/\/australia-casino-review.com\/can\/wp-json\/wp\/v2\/comments?post=7124"}],"version-history":[{"count":0,"href":"https:\/\/australia-casino-review.com\/can\/wp-json\/wp\/v2\/pages\/7124\/revisions"}],"wp:attachment":[{"href":"https:\/\/australia-casino-review.com\/can\/wp-json\/wp\/v2\/media?parent=7124"}],"curies":[{"name":"wp","href":"https:\/\/api.w.org\/{rel}","templated":true}]}}