{"id":12429,"date":"2023-08-27T15:17:07","date_gmt":"2023-08-27T12:17:07","guid":{"rendered":"https:\/\/australia-casino-review.com\/dazard\/"},"modified":"2023-09-21T09:15:10","modified_gmt":"2023-09-21T06:15:10","slug":"dazard","status":"publish","type":"page","link":"https:\/\/australia-casino-review.com\/de\/dazard\/","title":{"rendered":"Dazard Casino: Ein umfassender \u00dcberblick \u00fcber die aufregende Welt des Gl\u00fccksspiels"},"content":{"rendered":"<?xml encoding=\"utf-8\" ?><p>In den letzten Jahren hat das Online-Gl&uuml;cksspiel rasant zugenommen und ist f&uuml;r Spieler auf der ganzen Welt zu einem immer beliebter werdenden Zeitvertreib geworden. Eine Vielzahl von Online-Casinos bieten eine gro&szlig;e Auswahl an Spielen und attraktive Boni, um die Aufmerksamkeit der Spieler zu erregen. Ein solches Casino ist das aufstrebende Dazard Casino, das durch seine Spielvielfalt und gro&szlig;z&uuml;gigen Boni Aufmerksamkeit erregt. In diesem Text werfen wir einen detaillierten Blick auf Dazard Casino und sprechen &uuml;ber seine wichtigsten Funktionen sowie die angebotenen Boni und Werbeaktionen.<\/p><div class=\"bubbles has-groups scrolled-down has-sticky-dates\">\n<div class=\"scrollable scrollable-y\">\n<div class=\"bubbles-inner has-rights is-chat\">\n<section class=\"bubbles-date-group\">\n<div class=\"bubbles-group\">\n<div class=\"bubble is-read hide-name is-out can-have-tail is-group-first is-group-last\" data-mid=\"116604\" data-peer-id=\"322862715\" data-timestamp=\"1693133687\">\n<div class=\"bubble-content-wrapper\">\n<div class=\"bubble-content hover-reaction-visible\">\n<div class=\"message spoilers-container\" dir=\"auto\" style=\"text-align: center;\"><\/div>\n<\/div>\n<\/div>\n<\/div>\n<\/div>\n<\/section>\n<\/div>\n<\/div>\n<\/div><p><img loading=\"lazy\" decoding=\"async\" class=\"aligncenter size-full wp-image-12294\" src=\"https:\/\/australia-casino-review.com\/wp-content\/uploads\/2026\/08\/dazard-casino-logo_1200x700-1.jpg\" alt=\"Dazard Casino 1\" width=\"1199\" height=\"371\"><\/p><h2>Dazard Casino-Bewertung: Qualit&auml;t und Sicherheit<\/h2><link rel=\"stylesheet\" href=\"\/wp-content\/themes\/neve-child\/swiper-bundle.min.css\"><script src=\"\/wp-content\/themes\/neve-child\/swiper-bundle.min.js\"><\/script><div class=\"swiper casino-slider\">\r\n    <div class=\"swiper-wrapper\">\r\n\r\n        <!-- Winspirit -->\r\n        <div class=\"swiper-slide casino-slide\" style=\"background-image: url('https:\/\/australia-casino-review.com\/wp-content\/uploads\/2025\/05\/yosok3bayqsoxelcjxux.webp')\">\r\n            <a href=\"https:\/\/australia-casino-review.com\/go-casino?sub_id_1=winspirit\" class=\"swiper-slide-link\" style=\"position: relative;z-index: 10000;\">\r\n                <div class=\"casino-content\">\r\n                    <img decoding=\"async\" class=\"casino-logo\" src=\"https:\/\/australia-casino-review.com\/wp-content\/uploads\/2025\/05\/spuz0y9gqwphpkzry0dv.webp\" alt=\"Winspirit Logo\">\r\n                    <div class=\"casino-bonus\">ERSTE EINZAHLUNGSBONUS<br>Bonus 100% auf die erste Einzahlung + 100 Freispiele<\/div>\r\n                    <span class=\"yellow-btn\">BONUS ANFORDERN<\/span>\r\n                <\/div>\r\n            <\/a>\r\n        <\/div>\r\n\r\n        <!-- Rocket Play -->\r\n        <div class=\"swiper-slide casino-slide\" style=\"background-image: url('https:\/\/australia-casino-review.com\/wp-content\/uploads\/2025\/05\/netfidkjat6wovozc5pv.webp')\">\r\n            <a href=\"https:\/\/australia-casino-review.com\/go-casino?sub_id_1=rocketplay\" class=\"swiper-slide-link\" style=\"position: relative;z-index: 10000;\">\r\n                <div class=\"casino-content\">\r\n                    <img decoding=\"async\" class=\"casino-logo\" src=\"https:\/\/australia-casino-review.com\/wp-content\/uploads\/2025\/05\/dl8rtimw8nea9ju9bvor.webp\" alt=\"RocketPlay Logo\">\r\n                    <div class=\"casino-bonus\">ERSTE EINZAHLUNGSBONUS<br>Hol dir 100% Bonus bis zu 1 000 AUD + 100 Freispiele<\/div>\r\n                    <span class=\"yellow-btn\">BONUS ANFORDERN<\/span>\r\n                <\/div>\r\n            <\/a>\r\n        <\/div>\r\n        \r\n    <\/div>\r\n<\/div><script>\r\n    document.addEventListener(\"DOMContentLoaded\", function() {\r\n        new Swiper(\".casino-slider\", {\r\n            slidesPerView: 1,\r\n            navigation: {\r\n                nextEl: \".swiper-button-next\",\r\n                prevEl: \".swiper-button-prev\",\r\n            },\r\n        });\r\n    });\r\n<\/script><p>Bei der Bewertung eines Online-Casinos ist die Sicherheit der Spieler der wichtigste Aspekt, und in dieser Hinsicht hat Dazard Casino die Nase vorn. Das Casino verf&uuml;gt &uuml;ber eine g&uuml;ltige Gl&uuml;cksspiellizenz, die seine Legalit&auml;t und Zuverl&auml;ssigkeit garantiert. Das bedeutet, dass die Spieler sicher sein k&ouml;nnen, dass ihre Interessen gewahrt bleiben und das Casino im Einklang mit den Gesetzen arbeitet. Dar&uuml;ber hinaus wendet das Dazard Casino aktiv strenge Sicherheitsma&szlig;nahmen an, um die pers&ouml;nlichen Daten und Finanztransaktionen der Spieler zu sch&uuml;tzen. Die pers&ouml;nlichen Daten der Spieler werden verschl&uuml;sselt gespeichert, um einen unbefugten Zugriff auf die Daten zu verhindern.<\/p><p>Finanztransaktionen werden au&szlig;erdem durch fortschrittliche Verschl&uuml;sselungstechnologien gesch&uuml;tzt, sodass Ein- und Auszahlungen sicher sind. Die Plattform von Dazard Casino wird von erfahrenen Softwareentwicklern unterst&uuml;tzt, die daf&uuml;r sorgen, dass die Spiele reibungslos laufen und eine ansprechende Spielumgebung bieten. Jedes Spiel l&auml;uft reibungslos und nahtlos, sodass die Spieler das Spiel ohne Probleme oder Verz&ouml;gerungen genie&szlig;en k&ouml;nnen. All dies zusammen macht Dazard Casino zu einer attraktiven Option f&uuml;r Spieler, die Wert auf Sicherheit, Qualit&auml;t und ein aufregendes Online-Casino-Erlebnis legen.<\/p><h2>Die Registrierung im Dazard Casino ist schnell und einfach<\/h2><p>Die Anmeldung beim Dazard Casino ist so einfach wie m&ouml;glich. Spieler m&uuml;ssen nur ein paar pers&ouml;nliche Daten angeben und k&ouml;nnen dann innerhalb weniger Minuten ihr Konto erstellen. Nach der Registrierung haben Spieler Zugriff auf alle Funktionen des Casinos, einschlie&szlig;lich einer beeindruckenden Auswahl an Spielen und Boni.<\/p><h2>Dazard Casino Bonuscode: Schalten Sie gro&szlig;z&uuml;gige Boni frei<\/h2><p>Eines der Hauptmerkmale, das Dazard Casino von seinen Mitbewerbern unterscheidet, ist die F&uuml;lle an Boni und Werbeaktionen, die es seinen Spielern bietet. Zus&auml;tzlich zum traditionellen Willkommensbonus f&uuml;r Neukunden k&ouml;nnen Spieler von speziellen Einzahlungsboni, Freispielen und anderen spannenden Anreizen profitieren. Um diese Boni zu erhalten, k&ouml;nnen Spieler spezielle Dazard-Casino-Promocodes verwenden, die regelm&auml;&szlig;ig auf der Website ver&ouml;ffentlicht oder per E-Mail verschickt werden.<\/p><h2>Dazard Casino Bonus ohne Einzahlung: Ein Blick auf die gro&szlig;z&uuml;gige Geste<\/h2><p>Die Spieleplattform lockt neue Spieler mit einem gro&szlig;z&uuml;gigen Dazard Casino Bonus ohne Einzahlung, den man ohne Einzahlung erhalten kann. Um von diesem verlockenden Angebot zu profitieren, m&uuml;ssen Spieler bei der Registrierung lediglich einen speziellen Dazard Casino-Bonuscode ohne Einzahlung eingeben. Es wird empfohlen, die Bonusbedingungen sorgf&auml;ltig zu lesen, um die Voraussetzungen f&uuml;r die sp&auml;tere Auszahlung des Geldes zu verstehen und den gr&ouml;&szlig;tm&ouml;glichen Nutzen aus diesem interessanten Angebot zu ziehen.<\/p><p>Um den Dazard-Casino-Bonuscode nutzen zu k&ouml;nnen, m&uuml;ssen Spieler diesen normalerweise bei der Registrierung oder im Cashback-Bereich der Casino-Website in das entsprechende Feld eingeben. Dies ist eine gro&szlig;artige M&ouml;glichkeit, zus&auml;tzliche Vorteile zu erhalten und Ihre Gewinnchancen zu erh&ouml;hen. Dar&uuml;ber hinaus werden auch Gratischips oder Gratiswetten von Dazard Casino bereitgestellt, mit denen Spieler eine Vielzahl von Casinospielen spielen k&ouml;nnen. Dies ist eine gro&szlig;artige Gelegenheit, eine Vielzahl von Spielen auszuprobieren und die Casino-Atmosph&auml;re zu genie&szlig;en, ohne eine Einzahlung t&auml;tigen zu m&uuml;ssen.<\/p><h2>Dazard Casino Online: Vielfalt an Spielen<\/h2><p>Das Herzst&uuml;ck eines jeden Casinos ist die Auswahl an Spielen, und das Online-Casino Dazard entt&auml;uscht hier nicht im Geringsten. Die Plattform bietet eine gro&szlig;e Auswahl an Spielen, darunter beliebte Slots, klassische Tischspiele wie Blackjack, Roulette und Poker, sowie ein Live-Casino, in dem Spieler in Echtzeit gegen echte Croupiers antreten k&ouml;nnen. Hochwertige Grafiken und eine reibungslose Benutzeroberfl&auml;che tragen zu einem erstklassigen Spielerlebnis bei.<\/p><h2>Dazard Casino Live: ein authentisches Casino-Spielerlebnis<\/h2><p>Dazard Casino Live verdient besondere Aufmerksamkeit. Hier k&ouml;nnen Spieler die Atmosph&auml;re eines echten Casinos sp&uuml;ren und in Echtzeit mit professionellen Dealern interagieren. Die Live-&Uuml;bertragung erfolgt in HD und bietet ein realistisches und authentisches Casino-Erlebnis. Live-Roulette, Live-Blackjack und andere Live-Spiele stehen den Spielern rund um die Uhr zur Verf&uuml;gung.<\/p><p style=\"text-align: center;\"><\/p><h2><img loading=\"lazy\" decoding=\"async\" class=\"aligncenter size-full wp-image-12285\" src=\"https:\/\/australia-casino-review.com\/wp-content\/uploads\/2026\/08\/dazard-casino-1.png\" alt=\"Dazard Casino 2\" width=\"628\" height=\"356\"><\/h2><h2>Kundenservice von Dazard Casino: Support rund um die Uhr<\/h2><p>Ein effizientes und zuverl&auml;ssiges Kundensupport-Team ist f&uuml;r Spieler bei Problemen oder Fragen unerl&auml;sslich. Dazard Casino bietet seinen Kunden rund um die Uhr Support per Live-Chat, E-Mail oder Telefon. Das Support-Personal ist gut ausgebildet und hilft den Spielern jederzeit gerne bei ihren Problemen.<\/p><h2>Ein vielversprechendes Casino mit gro&szlig;em Potenzial<\/h2><p>Abschlie&szlig;end k&ouml;nnen wir sagen, dass dies eine gute Option f&uuml;r Spieler ist, die ein aufregendes und abwechslungsreiches Online-Spielerlebnis suchen. Eine beeindruckende Auswahl an Spielen, gro&szlig;z&uuml;gige Boni und ein zuverl&auml;ssiges Support-Team machen das Casino f&uuml;r Spieler attraktiv. Um jedoch das Beste aus dem Spielen im Dazard Casino herauszuholen, sollten Spieler stets verantwortungsbewusst spielen und die Bedingungen f&uuml;r Boni und Werbeaktionen sorgf&auml;ltig lesen.<\/p>\n","protected":false},"excerpt":{"rendered":"<p>In den letzten Jahren hat das Online-Gl&uuml;cksspiel rasant zugenommen und ist f&uuml;r Spieler auf der ganzen Welt zu einem immer beliebter werdenden Zeitvertreib geworden. Eine Vielzahl von Online-Casinos bieten eine gro&szlig;e Auswahl an Spielen und attraktive Boni, um die Aufmerksamkeit der Spieler zu erregen. Ein solches Casino ist das aufstrebende Dazard Casino, das durch seine&hellip;&nbsp;<a href=\"https:\/\/australia-casino-review.com\/de\/dazard\/\" class=\"\" rel=\"bookmark\">Weiterlesen &raquo;<span class=\"screen-reader-text\">Dazard Casino: Ein umfassender \u00dcberblick \u00fcber die aufregende Welt des Gl\u00fccksspiels<\/span><\/a><\/p>\n","protected":false},"author":1,"featured_media":0,"parent":0,"menu_order":0,"comment_status":"closed","ping_status":"closed","template":"","meta":{"neve_meta_sidebar":"","neve_meta_container":"","neve_meta_enable_content_width":"off","neve_meta_content_width":100,"neve_meta_title_alignment":"","neve_meta_author_avatar":"","neve_post_elements_order":"","neve_meta_disable_header":"","neve_meta_disable_footer":"","neve_meta_disable_title":"","footnotes":""},"class_list":["post-12429","page","type-page","status-publish","hentry"],"aioseo_notices":[],"_links":{"self":[{"href":"https:\/\/australia-casino-review.com\/de\/wp-json\/wp\/v2\/pages\/12429","targetHints":{"allow":["GET"]}}],"collection":[{"href":"https:\/\/australia-casino-review.com\/de\/wp-json\/wp\/v2\/pages"}],"about":[{"href":"https:\/\/australia-casino-review.com\/de\/wp-json\/wp\/v2\/types\/page"}],"author":[{"embeddable":true,"href":"https:\/\/australia-casino-review.com\/de\/wp-json\/wp\/v2\/users\/1"}],"replies":[{"embeddable":true,"href":"https:\/\/australia-casino-review.com\/de\/wp-json\/wp\/v2\/comments?post=12429"}],"version-history":[{"count":2,"href":"https:\/\/australia-casino-review.com\/de\/wp-json\/wp\/v2\/pages\/12429\/revisions"}],"predecessor-version":[{"id":12431,"href":"https:\/\/australia-casino-review.com\/de\/wp-json\/wp\/v2\/pages\/12429\/revisions\/12431"}],"wp:attachment":[{"href":"https:\/\/australia-casino-review.com\/de\/wp-json\/wp\/v2\/media?parent=12429"}],"curies":[{"name":"wp","href":"https:\/\/api.w.org\/{rel}","templated":true}]}}