{"id":7459,"date":"2023-07-18T00:23:53","date_gmt":"2023-07-17T21:23:53","guid":{"rendered":"https:\/\/australia-casino-review.com\/merkur-2\/"},"modified":"2023-07-18T00:23:53","modified_gmt":"2023-07-17T21:23:53","slug":"merkur-2","status":"publish","type":"page","link":"https:\/\/australia-casino-review.com\/es\/merkur-2\/","title":{"rendered":"Desarrollador de juegos en l\u00ednea Merkur &#8211; fabricante alem\u00e1n de m\u00e1quinas"},"content":{"rendered":"<?xml encoding=\"utf-8\" ?><p> <span style=\"font-weight: 400;\"><\/span><\/p><link rel=\"stylesheet\" href=\"\/wp-content\/themes\/neve-child\/swiper-bundle.min.css\"><script src=\"\/wp-content\/themes\/neve-child\/swiper-bundle.min.js\"><\/script><div class=\"swiper casino-slider\">\r\n    <div class=\"swiper-wrapper\">\r\n\r\n        <!-- Winspirit -->\r\n        <div class=\"swiper-slide casino-slide\" style=\"background-image: url('https:\/\/australia-casino-review.com\/wp-content\/uploads\/2025\/05\/yosok3bayqsoxelcjxux.webp')\">\r\n            <a href=\"https:\/\/australia-casino-review.com\/go-casino?sub_id_1=winspirit\" class=\"swiper-slide-link\" style=\"position: relative;z-index: 10000;\">\r\n                <div class=\"casino-content\">\r\n                    <img decoding=\"async\" class=\"casino-logo\" src=\"https:\/\/australia-casino-review.com\/wp-content\/uploads\/2025\/05\/spuz0y9gqwphpkzry0dv.webp\" alt=\"Winspirit Logo\">\r\n                    <div class=\"casino-bonus\">BONO DE PRIMER DEP&Oacute;SITO<br>Bono del 100% por el primer dep&oacute;sito + 100 giros gratis<\/div>\r\n                    <span class=\"yellow-btn\">RECLAMAR BONO<\/span>\r\n                <\/div>\r\n            <\/a>\r\n        <\/div>\r\n\r\n        <!-- Rocket Play -->\r\n        <div class=\"swiper-slide casino-slide\" style=\"background-image: url(https:\/\/australia-casino-review.com\/wp-content\/uploads\/2025\/05\/netfidkjat6wovozc5pv.webp')\">\r\n            <a href=\"https:\/\/australia-casino-review.com\/go-casino?sub_id_1=rocketplay\" class=\"swiper-slide-link\" style=\"position: relative;z-index: 10000;\">\r\n                <div class=\"casino-content\">\r\n                    <img decoding=\"async\" class=\"casino-logo\" src=\"https:\/\/australia-casino-review.com\/wp-content\/uploads\/2025\/05\/dl8rtimw8nea9ju9bvor.webp\" alt=\"RocketPlay Logo\">\r\n                    <div class=\"casino-bonus\">BONO DE PRIMER DEP&Oacute;SITO<br>Recibe un bono del 100% hasta 1 000 AUD + 100 giros gratis<\/div>\r\n                    <span class=\"yellow-btn\">RECLAMAR BONO<\/span>\r\n                <\/div>\r\n            <\/a>\r\n        <\/div>\r\n        \r\n    <\/div>\r\n<\/div><script>\r\n    document.addEventListener(\"DOMContentLoaded\", function() {\r\n        new Swiper(\".casino-slider\", {\r\n            slidesPerView: 1,\r\n            navigation: {\r\n                nextEl: \".swiper-button-next\",\r\n                prevEl: \".swiper-button-prev\",\r\n            },\r\n        });\r\n    });\r\n<\/script><p> <img loading=\"lazy\" decoding=\"async\" class=\"aligncenter wp-image-5038\" src=\"https:\/\/australia-casino-review.com\/wp-content\/uploads\/2022\/08\/merkur-gaming.png\" alt=\"merkur gaming\" width=\"658\" height=\"246\" srcset=\"https:\/\/australia-casino-review.com\/wp-content\/uploads\/2022\/08\/merkur-gaming.png 500w, https:\/\/australia-casino-review.com\/wp-content\/uploads\/2022\/08\/merkur-gaming-300x112.png 300w\" sizes=\"auto, (max-width: 658px) 100vw, 658px\"><br>\n Merkur Gaming GmbH es un desarrollador alem&aacute;n de m&aacute;quinas tragamonedas, juegos de casino, loter&iacute;a y bingo. La empresa remonta su historia a 1957 cuando el empresario Paul Gauselmann decidi&oacute; dedicarse a las m&aacute;quinas tragamonedas.<br>\n <\/p><p> <span style=\"font-weight: 400;\"><br>\n El holding en s&iacute; ahora se llama Gauselmann Group, y Merkur es una de sus principales divisiones. La compa&ntilde;&iacute;a con el nombre actual se form&oacute; en 2005. La cartera del desarrollador contiene m&aacute;s de 150 juegos. La firma ofrece productos para terrestres y<br>\n <a href=\"https:\/\/australia-casino-review.com\/\"><br>\n casinos en l&iacute;nea<br>\n <\/a><br>\n , loter&iacute;as y terminales de bingo.<br>\n <\/span><\/p><h2>\n<\/h2><p> <b><br>\n surtido de ofertas<br>\n <\/b><\/p><p> <span style=\"font-weight: 400;\"><br>\n Merkur desarrolla los siguientes productos de software de juegos:<br>\n <\/span><\/p><ul>\n<li style=\"font-weight: 400;\" aria-level=\"1\">\n<p> <span style=\"font-weight: 400;\"><br>\n gabinetes de juegos m&uacute;ltiples para casinos terrestres;<br>\n <\/span><\/p>\n<\/li>\n<li style=\"font-weight: 400;\" aria-level=\"1\">\n<p> <span style=\"font-weight: 400;\"><br>\n m&aacute;quinas tragamonedas;<br>\n <\/span><\/p>\n<\/li>\n<li style=\"font-weight: 400;\" aria-level=\"1\">\n<p> <span style=\"font-weight: 400;\"><br>\n Juegos de casino y juegos con premios en efectivo (AWP, Amusement with Prize);<br>\n <\/span><\/p>\n<\/li>\n<li style=\"font-weight: 400;\" aria-level=\"1\">\n<p> <span style=\"font-weight: 400;\"><br>\n terminales de loter&iacute;a (VLT) y sistemas de loter&iacute;a (SBG, juegos basados &#8203;&#8203;en servidor);<br>\n <\/span><\/p>\n<\/li>\n<li style=\"font-weight: 400;\" aria-level=\"1\">\n<p> <span style=\"font-weight: 400;\"><br>\n sistemas de jackpot.<br>\n <\/span><\/p>\n<\/li>\n<\/ul><p> <span style=\"font-weight: 400;\"><br>\n La compa&ntilde;&iacute;a se ocupa principalmente de m&aacute;quinas tragamonedas f&iacute;sicas. Las tragamonedas de tres y cinco carretes est&aacute;n ampliamente representadas.<br>\n <\/span><\/p><p> <span style=\"font-weight: 400;\"><br>\n Casinos de juego Merkur<br>\n <\/span><\/p><p> <span style=\"font-weight: 400;\"><br>\n  ofrece una interfaz gr&aacute;fica bastante buena, contiene s&iacute;mbolos &laquo;comod&iacute;n&raquo; y scatter, juegos de bonificaci&oacute;n, giros gratis.<br>\n <\/span><\/p><p> <span style=\"font-weight: 400;\"><br>\n Juegos de casino Merkur<br>\n <\/span><\/p><p> <span style=\"font-weight: 400;\"><br>\n  ofrecemos dos tipos de juegos de riesgo: adivinar la carta y la escalera. El primer juego duplica el premio si el color es correcto y aumenta el premio 4 veces, si el palo es correcto. El segundo juego de riesgo abre la escalera de valor, lo que da la oportunidad de obtener un premio mayor.<br>\n <\/span><\/p><p style=\"text-align: center;\">\n<\/p><p> <a class=\"button button-primary\" href=\"https:\/\/australia-casino-review.com\/go-casino\/\"><br>\n OBTENER BONO<br>\n <\/a><\/p><h2>\n<\/h2><p> <b><br>\n Las tragamonedas Mercury m&aacute;s populares<br>\n <\/b><\/p><p> <span style=\"font-weight: 400;\"><br>\n La lista de las m&aacute;quinas tragamonedas m&aacute;s populares de<br>\n <\/span><\/p><p> <span style=\"font-weight: 400;\"><br>\n casino en l&iacute;nea Merkur<br>\n <\/span><\/p><p> <span style=\"font-weight: 400;\"><br>\n  incluye:<br>\n <\/span><\/p><ul>\n<li style=\"font-weight: 400;\" aria-level=\"1\">\n<p> <span style=\"font-weight: 400;\"><br>\n Doble Triple Oportunidad;<br>\n <\/span><\/p>\n<\/li>\n<li style=\"font-weight: 400;\" aria-level=\"1\">\n<p> <span style=\"font-weight: 400;\"><br>\n tesoro del drag&oacute;n;<br>\n <\/span><\/p>\n<\/li>\n<li style=\"font-weight: 400;\" aria-level=\"1\">\n<p> <span style=\"font-weight: 400;\"><br>\n Forro adicional 10;<br>\n <\/span><\/p>\n<\/li>\n<li style=\"font-weight: 400;\" aria-level=\"1\">\n<p> <span style=\"font-weight: 400;\"><br>\n estrellas llameantes;<br>\n <\/span><\/p>\n<\/li>\n<li style=\"font-weight: 400;\" aria-level=\"1\">\n<p> <span style=\"font-weight: 400;\"><br>\n Espejo m&aacute;gico. <\/span><\/p>\n<\/li>\n<\/ul><p> <span style=\"font-weight: 400;\"><br>\n Double Triple Chance es una popular serie de m&aacute;quinas tragamonedas Triple Chance. Esta es una m&aacute;quina tragamonedas de tres carretes con 5 l&iacute;neas, dedicada a la fruta. Hay dos juegos de riesgo: adivinanzas de cartas y escalera. El pago m&aacute;ximo en la apuesta m&aacute;s alta es de 1500 cr&eacute;ditos por tres sietes. Nueve del mismo s&iacute;mbolo desencadena un juego de bonificaci&oacute;n.<br>\n <\/span><\/p><p> <span style=\"font-weight: 400;\"><br>\n Dragon&rsquo;s Treasure es una tragamonedas de cinco carretes con 5 l&iacute;neas sobre el tema de los dragones. Hay un s&iacute;mbolo que act&uacute;a como comod&iacute;n y dispersi&oacute;n. La m&aacute;quina recompensa 10 giros gratis con s&iacute;mbolos especiales que expanden todo el carrete. Tambi&eacute;n hay dos juegos de riesgo. El pago m&aacute;ximo por cinco s&iacute;mbolos impresos es de 10.000 cr&eacute;ditos.<br>\n <\/span><\/p><p> <span style=\"font-weight: 400;\"><br>\n Extra 10 Liner es una m&aacute;quina tragamonedas de cinco carretes con 10 l&iacute;neas dedicadas a las joyas. El pago m&aacute;ximo en la apuesta m&aacute;s alta es de 10 000 cr&eacute;ditos por cinco diamantes. Tambi&eacute;n hay dos juegos de riesgo.<br>\n <\/span><\/p><p> <span style=\"font-weight: 400;\"><br>\n Blazing Stars es una m&aacute;quina de frutas con 5 carretes y 5 l&iacute;neas. El pago m&aacute;ximo por cinco soles brillantes es de 10.000 cr&eacute;ditos.<br>\n <\/span><\/p><p> <span style=\"font-weight: 400;\"><br>\n Magic Mirror es una m&aacute;quina tragamonedas de fantas&iacute;a con 5 carretes y 10 l&iacute;neas. El pago m&aacute;s alto en la apuesta m&aacute;xima: 10,000 cr&eacute;ditos. Dos juegos de riesgo: adivinanzas de cartas y la escalera. Hay un s&iacute;mbolo que act&uacute;a como &laquo;comod&iacute;n&raquo; y dispersi&oacute;n. El usuario obtiene 10 giros gratis con s&iacute;mbolos especiales que se expanden.<br>\n <\/span><\/p><h2>\n<\/h2><p> <b><br>\n Los mejores juegos de casino Merkur<br>\n <\/b><\/p><p> <span style=\"font-weight: 400;\"><br>\n Hay un programa Merkur Partners. Esta es una cartera de lugares en l&iacute;nea que incluye:<br>\n <\/span><\/p><ul>\n<li style=\"font-weight: 400;\" aria-level=\"1\">\n<p> <span style=\"font-weight: 400;\"><br>\n Cashpoint.com;<br>\n <\/span><\/p>\n<\/li>\n<li style=\"font-weight: 400;\" aria-level=\"1\">\n<p> <span style=\"font-weight: 400;\"><br>\n Cashpoint.dk;<br>\n <\/span><\/p>\n<\/li>\n<li style=\"font-weight: 400;\" aria-level=\"1\">\n<p> <span style=\"font-weight: 400;\"><br>\n Xtip.de;<br>\n <\/span><\/p>\n<\/li>\n<li style=\"font-weight: 400;\" aria-level=\"1\">\n<p> <span style=\"font-weight: 400;\"><br>\n Merkurmagic.es;<br>\n <\/span><\/p>\n<\/li>\n<li style=\"font-weight: 400;\" aria-level=\"1\">\n<p> <span style=\"font-weight: 400;\"><br>\n Merkur-win.it;<br>\n <\/span><\/p>\n<\/li>\n<li style=\"font-weight: 400;\" aria-level=\"1\">\n<p> <span style=\"font-weight: 400;\"><br>\n Cashino.com.<br>\n <\/span><\/p>\n<\/li>\n<\/ul><p> <span style=\"font-weight: 400;\"><br>\n Todos estos sitios en l&iacute;nea tienen presencia en sus respectivas jurisdicciones fuera de l&iacute;nea. Los socios de este programa brindan un lugar para publicitar y promocionar<br>\n <\/span><\/p><p> <span style=\"font-weight: 400;\"><br>\n Merkur Australia<br>\n <\/span><\/p><p> <span style=\"font-weight: 400;\"><br>\n  productos A cambio, reciben una plataforma de seguimiento profesional para ayudar a administrar el marketing del sitio. <\/span><\/p><p> <span style=\"font-weight: 400;\"><br>\n El casino stake7 y SunMaker son lugares exclusivos de Mercur. Hay muchas de las m&aacute;quinas tragamonedas &uacute;nicas del fabricante all&iacute;. Los juegos de la firma est&aacute;n disponibles en casinos de todo el mundo. Puede seleccionar algunos de los m&aacute;s grandes:<br>\n <\/span><\/p><ul>\n<li style=\"font-weight: 400;\" aria-level=\"1\">\n<p> <span style=\"font-weight: 400;\"><br>\n tragamonedas millones;<br>\n <\/span><\/p>\n<\/li>\n<li style=\"font-weight: 400;\" aria-level=\"1\">\n<p> <span style=\"font-weight: 400;\"><br>\n Casino de Energ&iacute;a;<br>\n <\/span><\/p>\n<\/li>\n<li style=\"font-weight: 400;\" aria-level=\"1\">\n<p> <span style=\"font-weight: 400;\"><br>\n Tragamonedas M&aacute;gicas;<br>\n <\/span><\/p>\n<\/li>\n<li style=\"font-weight: 400;\" aria-level=\"1\">\n<p> <span style=\"font-weight: 400;\"><br>\n SR verde;<br>\n <\/span><\/p>\n<\/li>\n<li style=\"font-weight: 400;\" aria-level=\"1\">\n<p> <span style=\"font-weight: 400;\"><br>\n Casino de tragamonedas de video;<br>\n <\/span><\/p>\n<\/li>\n<li style=\"font-weight: 400;\" aria-level=\"1\">\n<p> <span style=\"font-weight: 400;\"><br>\n Casino LeoVegas.<br>\n <\/span><\/p>\n<\/li>\n<\/ul><p> <span style=\"font-weight: 400;\"><br>\n Mercur se enfoca en todos los mercados de juego importantes en Europa, Asia y Am&eacute;rica. La nueva oficina en Argentina est&aacute; dise&ntilde;ada para fortalecer la base internacional de la empresa.<br>\n <\/span><\/p><h2>\n<\/h2><p> <b><\/b><\/p><p> <img loading=\"lazy\" decoding=\"async\" class=\"aligncenter size-full wp-image-5039\" src=\"https:\/\/australia-casino-review.com\/wp-content\/uploads\/2022\/08\/merkur-desktop.webp\" alt=\"merkur gaming review\" width=\"1110\" height=\"290\" srcset=\"https:\/\/australia-casino-review.com\/wp-content\/uploads\/2022\/08\/merkur-desktop.webp 1110w, https:\/\/australia-casino-review.com\/wp-content\/uploads\/2022\/08\/merkur-desktop-300x78.webp 300w, https:\/\/australia-casino-review.com\/wp-content\/uploads\/2022\/08\/merkur-desktop-1024x268.webp 1024w, https:\/\/australia-casino-review.com\/wp-content\/uploads\/2022\/08\/merkur-desktop-768x201.webp 768w\" sizes=\"auto, (max-width: 1110px) 100vw, 1110px\"><br>\n Conclusi&oacute;n<br>\n <\/p><p> <span style=\"font-weight: 400;\"><br>\n Merkur Gaming GmbH es un fabricante de m&aacute;quinas tragamonedas y terminales para casinos terrestres. Su historia se remonta a m&aacute;s de 60 a&ntilde;os. La presencia de la empresa en el mercado online es hasta ahora tan significativa. Gradualmente, la empresa est&aacute; agregando m&aacute;s y m&aacute;s m&aacute;quinas en l&iacute;nea a su cartera, y ya hay una<br>\n <\/span><\/p><p> <span style=\"font-weight: 400;\"><br>\n Aplicaci&oacute;n de casino en l&iacute;nea Merkur<br>\n <\/span><\/p><p> <span style=\"font-weight: 400;\"><br>\n .<br>\n <\/span><\/p><p> <span style=\"font-weight: 400;\"><br>\n En comparaci&oacute;n con otros fabricantes en l&iacute;nea,<br>\n <\/span><\/p><p> <span style=\"font-weight: 400;\"><br>\n mejores tragamonedas Merkur<br>\n <\/span><\/p><p> <span style=\"font-weight: 400;\"><br>\n  cuentan con gr&aacute;ficos modernos y un mont&oacute;n de bonificaciones. Y la situaci&oacute;n est&aacute; mejorando cada a&ntilde;o. Sus productos son cada vez m&aacute;s interesantes para los usuarios.<br>\n <\/span><\/p><p style=\"text-align: center;\">\n<\/p><p> <a class=\"button button-primary\" href=\"https:\/\/australia-casino-review.com\/go-casino\/\"><br>\n OBTENER BONO<br>\n <\/a><\/p><h2>\n<\/h2><p> <b><br>\n Preguntas frecuentes<br>\n <\/b><\/p><h3>\n<\/h3><p> <span style=\"font-weight: 400;\"><br>\n &iquest;Qu&eacute; ofrece Merkur?<br>\n <\/span><\/p><ul>\n<li style=\"font-weight: 400;\" aria-level=\"1\">\n<p> <span style=\"font-weight: 400;\"><br>\n Merkur es un conocido fabricante alem&aacute;n de m&aacute;quinas tragamonedas, software de casino en l&iacute;nea y otros productos de juego. La empresa es ampliamente conocida en la industria, sus juegos tienen demanda en la industria del juego y goza de gran prestigio.<br>\n <\/span><\/p>\n<\/li>\n<\/ul><h3>\n<\/h3><p> <span style=\"font-weight: 400;\"><br>\n &iquest;Tiene Merkur muchos juegos?<br>\n <\/span><\/p><ul>\n<li style=\"font-weight: 400;\" aria-level=\"1\">\n<p> <span style=\"font-weight: 400;\"><br>\n La cartera del estudio es muy extensa. Incluye m&aacute;quinas tragamonedas para clubes fuera de l&iacute;nea, as&iacute; como todo tipo de juegos de azar para casinos en l&iacute;nea. <\/span><\/p>\n<\/li>\n<\/ul><h3>\n<\/h3><p> <span style=\"font-weight: 400;\"><br>\n &iquest;Se puede confiar en la empresa Merkur?<br>\n <\/span><\/p><ul>\n<li style=\"font-weight: 400;\" aria-level=\"1\">\n<p> <span style=\"font-weight: 400;\"><br>\n Es un fabricante muy famoso y de buena reputaci&oacute;n de juegos de apuestas. La compa&ntilde;&iacute;a ha estado en el negocio de los juegos de azar durante mucho tiempo. Numerosos clientes conf&iacute;an en &eacute;l. Sus actividades est&aacute;n autorizadas por los reguladores de renombre.<br>\n <\/span><\/p>\n<\/li>\n<\/ul><p>   Lea tambi&eacute;n sobre:<br>\n <a href=\"https:\/\/australia-casino-review.com\/mga\/\"><br>\n empresa de m&aacute;quinas tragamonedas MGA<br>\n <\/a> <\/p>\n","protected":false},"excerpt":{"rendered":"<p>BONO DE PRIMER DEP&Oacute;SITOBono del 100% por el primer dep&oacute;sito + 100 giros gratis RECLAMAR BONO BONO DE PRIMER DEP&Oacute;SITORecibe un bono del 100% hasta 1 000 AUD + 100 giros gratis RECLAMAR BONO Merkur Gaming GmbH es un desarrollador alem&aacute;n de m&aacute;quinas tragamonedas, juegos de casino, loter&iacute;a y bingo. La empresa remonta su historia&hellip;&nbsp;<a href=\"https:\/\/australia-casino-review.com\/es\/merkur-2\/\" class=\"\" rel=\"bookmark\">Leer m\u00e1s &raquo;<span class=\"screen-reader-text\">Desarrollador de juegos en l\u00ednea Merkur &#8211; fabricante alem\u00e1n de m\u00e1quinas<\/span><\/a><\/p>\n","protected":false},"author":1,"featured_media":0,"parent":0,"menu_order":0,"comment_status":"closed","ping_status":"closed","template":"","meta":{"neve_meta_sidebar":"","neve_meta_container":"","neve_meta_enable_content_width":"","neve_meta_content_width":0,"neve_meta_title_alignment":"","neve_meta_author_avatar":"","neve_post_elements_order":"","neve_meta_disable_header":"","neve_meta_disable_footer":"","neve_meta_disable_title":"","footnotes":""},"class_list":["post-7459","page","type-page","status-publish","hentry"],"aioseo_notices":[],"_links":{"self":[{"href":"https:\/\/australia-casino-review.com\/es\/wp-json\/wp\/v2\/pages\/7459","targetHints":{"allow":["GET"]}}],"collection":[{"href":"https:\/\/australia-casino-review.com\/es\/wp-json\/wp\/v2\/pages"}],"about":[{"href":"https:\/\/australia-casino-review.com\/es\/wp-json\/wp\/v2\/types\/page"}],"author":[{"embeddable":true,"href":"https:\/\/australia-casino-review.com\/es\/wp-json\/wp\/v2\/users\/1"}],"replies":[{"embeddable":true,"href":"https:\/\/australia-casino-review.com\/es\/wp-json\/wp\/v2\/comments?post=7459"}],"version-history":[{"count":0,"href":"https:\/\/australia-casino-review.com\/es\/wp-json\/wp\/v2\/pages\/7459\/revisions"}],"wp:attachment":[{"href":"https:\/\/australia-casino-review.com\/es\/wp-json\/wp\/v2\/media?parent=7459"}],"curies":[{"name":"wp","href":"https:\/\/api.w.org\/{rel}","templated":true}]}}