{"id":11512,"date":"2023-08-23T21:28:45","date_gmt":"2023-08-23T18:28:45","guid":{"rendered":"https:\/\/australia-casino-review.com\/konami-2\/"},"modified":"2023-08-23T21:28:45","modified_gmt":"2023-08-23T18:28:45","slug":"konami-2","status":"publish","type":"page","link":"https:\/\/australia-casino-review.com\/et\/konami-2\/","title":{"rendered":"Konami Casino-Soft: t\u00e4iustatud online slotid ja m\u00e4ngus\u00fcsteem"},"content":{"rendered":"<?xml encoding=\"utf-8\" ?><p> <span style=\"font-weight: 400;\"><\/span><\/p><link rel=\"stylesheet\" href=\"\/wp-content\/themes\/neve-child\/swiper-bundle.min.css\"><script src=\"\/wp-content\/themes\/neve-child\/swiper-bundle.min.js\"><\/script><div class=\"swiper casino-slider\">\r\n    <div class=\"swiper-wrapper\">\r\n\r\n        <!-- Winspirit -->\r\n        <div class=\"swiper-slide casino-slide\" style=\"background-image: url('https:\/\/australia-casino-review.com\/wp-content\/uploads\/2025\/05\/yosok3bayqsoxelcjxux.webp')\">\r\n            <a href=\"https:\/\/australia-casino-review.com\/go-casino?sub_id_1=winspirit\" class=\"swiper-slide-link\" style=\"position: relative;z-index: 10000;\">\r\n                <div class=\"casino-content\">\r\n                    <img decoding=\"async\" class=\"casino-logo\" src=\"https:\/\/australia-casino-review.com\/wp-content\/uploads\/2025\/05\/spuz0y9gqwphpkzry0dv.webp\" alt=\"Winspirit Logo\">\r\n                    <div class=\"casino-bonus\">ESIMENE DEPOSIIDI BOONUS<br>Boonus 100% esimese sissemakse eest + 100 tasuta keerutust<\/div>\r\n                    <span class=\"yellow-btn\">N&Otilde;UA BOONUS<\/span>\r\n                <\/div>\r\n            <\/a>\r\n        <\/div>\r\n\r\n        <!-- Rocket Play -->\r\n        <div class=\"swiper-slide casino-slide\" style=\"background-image: url('https:\/\/australia-casino-review.com\/wp-content\/uploads\/2025\/05\/netfidkjat6wovozc5pv.webp')\">\r\n            <a href=\"https:\/\/australia-casino-review.com\/go-casino?sub_id_1=rocketplay\" class=\"swiper-slide-link\" style=\"position: relative;z-index: 10000;\">\r\n                <div class=\"casino-content\">\r\n                    <img decoding=\"async\" class=\"casino-logo\" src=\"https:\/\/australia-casino-review.com\/wp-content\/uploads\/2025\/05\/dl8rtimw8nea9ju9bvor.webp\" alt=\"RocketPlay Logo\">\r\n                    <div class=\"casino-bonus\">ESIMENE DEPOSIIDI BOONUS<br>Saada 100% boonus kuni 1000 AUD + 100 tasuta keerutust<\/div>\r\n                    <span class=\"yellow-btn\">N&Otilde;UA BOONUS<\/span>\r\n                <\/div>\r\n            <\/a>\r\n        <\/div>\r\n        \r\n    <\/div>\r\n<\/div><script>\r\n    document.addEventListener(\"DOMContentLoaded\", function() {\r\n        new Swiper(\".casino-slider\", {\r\n            slidesPerView: 1,\r\n            navigation: {\r\n                nextEl: \".swiper-button-next\",\r\n                prevEl: \".swiper-button-prev\",\r\n            },\r\n        });\r\n    });\r\n<\/script><p> <img loading=\"lazy\" decoding=\"async\" class=\"aligncenter wp-image-5033\" src=\"https:\/\/australia-casino-review.com\/wp-content\/uploads\/2022\/08\/konami-imm.-evid..jpg\" alt=\"konami review\" width=\"864\" height=\"486\" srcset=\"https:\/\/australia-casino-review.com\/wp-content\/uploads\/2022\/08\/konami-imm.-evid..jpg 1920w, https:\/\/australia-casino-review.com\/wp-content\/uploads\/2022\/08\/konami-imm.-evid.-300x169.jpg 300w, https:\/\/australia-casino-review.com\/wp-content\/uploads\/2022\/08\/konami-imm.-evid.-1024x576.jpg 1024w, https:\/\/australia-casino-review.com\/wp-content\/uploads\/2022\/08\/konami-imm.-evid.-768x432.jpg 768w, https:\/\/australia-casino-review.com\/wp-content\/uploads\/2022\/08\/konami-imm.-evid.-1536x864.jpg 1536w\" sizes=\"auto, (max-width: 864px) 100vw, 864px\"><br>\n Konami Casino Soft on hasartm&auml;ngut&ouml;&ouml;stuses tuntud toode. Tarkvara sisaldab vapustavat 3D-graafikat, keerulisi matemaatilisi algoritme ja laia valikut teemasid &ndash; klassikalistest viljapuuaedadest suurte ajalooliste installatsioonideni. &Otilde;ppime rohkem koos a<br>\n <\/p><p> <span style=\"font-weight: 400;\"><br>\n arvustage kasiino pakkuja Konam<br>\n <\/span><\/p><p> <span style=\"font-weight: 400;\"><br>\n i.<br>\n <\/span><\/p><h2>\n<\/h2><p> <b><br>\n Konami kohta<br>\n <\/b><\/p><p> <span style=\"font-weight: 400;\"><br>\n Konami Holdings Corporation asutati Jaapanis 1969. aastal. Algselt tegeles ettev&otilde;te jukeboxide liisimise ja remondiga, kuid 1980. aastate keskpaigaks keskendus see uuesti kasiinom&auml;ngukappide ja flipperiautomaatide tootmisele.<br>\n <\/span><\/p><p> <span style=\"font-weight: 400;\"><br>\n Konami m&auml;nguautomaadid v&otilde;rgus<br>\n <\/span><\/p><p> <span style=\"font-weight: 400;\"><br>\n  tarnija on hakanud tootma mitmeid maapealseid m&auml;nguautomaate, mis on &uuml;hendatud patenteeritud juhtimiss&uuml;steemiga. Varsti p&auml;rast seda, &uuml;heksak&uuml;mnendate keskel, ilmusid arendaja radarile esimesed veebip&otilde;hised Konami m&auml;nguautomaadid.<br>\n <\/span><\/p><p style=\"text-align: center;\">\n<\/p><p> <a class=\"button button-primary\" href=\"https:\/\/australia-casino-review.com\/go-casino\/\"><br>\n SAADA BOONUST<br>\n <\/a><\/p><h2>\n<\/h2><p> <b><br>\n Huvitavad mehaanikad, mis kuuluvad arendajatele<br>\n <\/b><\/p><p> <span style=\"font-weight: 400;\"><br>\n Ettev&otilde;te r&otilde;&otilde;mustab oma f&auml;nne j&auml;tkuvalt uute boonusfunktsioonidega. Parandused, mis muudavad m&auml;ngu s&auml;ravamaks ja d&uuml;naamilisemaks, samuti ajutiselt suurendatud raha v&auml;ljamakseid.<br>\n <\/span><\/p><h2>\n<\/h2><p> <b><br>\n Pleekinud<br>\n <\/b><\/p><p> <span style=\"font-weight: 400;\"><br>\n Funktsiooni esitleti 2026. aasta rahvusvahelisel messil NIGA. Lahendus aktiveeritakse juhuslikult boonuskeerutuste ajal. Programm eemaldab v&auml;hem v&auml;&auml;rtuslikud s&uuml;mbolid, j&auml;ttes alles vaid kvaliteetse graafika ja auhinnaelemendid.<br>\n <\/span><\/p><p> <span style=\"font-weight: 400;\"><br>\n K&otilde;ige populaarsemad tuhmumisega m&auml;ngud on:<br>\n <\/span><\/p><ul>\n<li style=\"font-weight: 400;\" aria-level=\"1\">\n<p> <span style=\"font-weight: 400;\"><br>\n t&scaron;illipipar tuli;<br>\n <\/span><\/p>\n<\/li>\n<li style=\"font-weight: 400;\" aria-level=\"1\">\n<p> <span style=\"font-weight: 400;\"><br>\n t&auml;iuslik piraat<br>\n <\/span><\/p>\n<\/li>\n<li style=\"font-weight: 400;\" aria-level=\"1\">\n<p> <span style=\"font-weight: 400;\"><br>\n Purdy Pirates ja muud tooted.<br>\n <\/span><\/p>\n<\/li>\n<li style=\"font-weight: 400;\" aria-level=\"1\">\n<p> <span style=\"font-weight: 400;\"><br>\n Raha galaktika.<br>\n <\/span><\/p>\n<\/li>\n<\/ul><p> <span style=\"font-weight: 400;\"><br>\n Progressiivne minim&auml;ng k&auml;ivitub, kui viiendale rullikule ilmub kolm v&otilde;i enam boonuss&uuml;mbolit. Need pildid k&uuml;lmutatakse ja &uuml;lej&auml;&auml;nud neli rullikut alustavad t&auml;iendavat keerutamist.<br>\n <\/span><\/p><p> <span style=\"font-weight: 400;\"><br>\n M&auml;nguautomaadi rullikutele ilmuvad auhinnasummad, kordajad ja k&otilde;rge asetusega s&uuml;mbolid. M&auml;ngija &uuml;lesandeks on koguda 5 keerutusega v&otilde;imalikult palju v&otilde;idujooni.<br>\n <\/span><\/p><p> <span style=\"font-weight: 400;\"><br>\n Seda t&uuml;&uuml;pi Money Galaxy slotikaga on v&otilde;imalik &uuml;hendada pakkuja Konami kasiinoga:<br>\n <\/span><\/p><ul>\n<li style=\"font-weight: 400;\" aria-level=\"1\">\n<p> <span style=\"font-weight: 400;\"><br>\n s&auml;rav n&otilde;id;<br>\n <\/span><\/p>\n<\/li>\n<li style=\"font-weight: 400;\" aria-level=\"1\">\n<p> <span style=\"font-weight: 400;\"><br>\n draakoni tagasitulek<br>\n <\/span><\/p>\n<\/li>\n<li style=\"font-weight: 400;\" aria-level=\"1\">\n<p> <span style=\"font-weight: 400;\"><br>\n Vaarao v&auml;gi ja teised.<br>\n <\/span><\/p>\n<\/li>\n<li style=\"font-weight: 400;\" aria-level=\"1\">\n<p> <span style=\"font-weight: 400;\"><br>\n Mustkunstniku v&otilde;lu<br>\n <\/span><\/p>\n<\/li>\n<\/ul><p> <span style=\"font-weight: 400;\"><br>\n Minim&auml;ng nelja jackpoti tasemega. Esiteks valib m&auml;ngija keerutuse raskusastme ja minimaalse maksumuse ning seej&auml;rel siseneb p&otilde;hiringi.<br>\n <\/span><\/p><h2>\n<\/h2><p> <b><br>\n Lisapreemiad<br>\n <\/b><\/p><p> <span style=\"font-weight: 400;\"><br>\n Konami veebikasiino tarkvara virtuaalse loenduriga. Veeretamine v&otilde;imaldab m&auml;ngijal t&otilde;sta baasspinni v&auml;&auml;rtust 50-100%. Keerake m&auml;nguautomaadi rullikuid pikendatud limiidiga ja kasutajad saavad suuri v&auml;ljamakseid. Lisaks kehtivad k&otilde;ikidele auhindadele helded kordajad.<br>\n <\/span><\/p><h2>\n<\/h2><p> <b><br>\n Kood Konami<br>\n <\/b><\/p><p> <span style=\"font-weight: 400;\"><br>\n Populaarne petukoodis&uuml;steem, mis annab teenusepakkujale &uuml;lemaailmse maine. Kasutajad sisestavad m&auml;ngusiseste vihjete saamiseks lihtsalt unikaalse numbri- ja t&auml;hekoodi. See v&otilde;ib olla boonuste jagamine, j&auml;rgmisele tasemele t&otilde;us, tasuta keerutuste k&auml;ivitamine jne. Seda funktsiooni rakendati esmakordselt maismaal<br>\n <\/span><\/p><p> <span style=\"font-weight: 400;\"><br>\n Konami kasiino slotim&auml;ngud<br>\n <\/span><\/p><p> <span style=\"font-weight: 400;\"><br>\n  ja aja jooksul ettev&otilde;tte veebilahendustes.<br>\n <\/span><\/p><p style=\"text-align: center;\">\n<\/p><p> <a class=\"button button-primary\" href=\"https:\/\/australia-casino-review.com\/go-casino\/\"><br>\n SAADA BOONUST<br>\n <\/a><\/p><h2>\n<\/h2><p> <b><br>\n Populaarsed Konami m&auml;nguautomaadid<br>\n <\/b><\/p><p> <span style=\"font-weight: 400;\"><br>\n &Uuml;hendage tarnija Konami kasiino selle l&otilde;busa meelelahutusega: kuldne hunt, keiserlik rikkus, vaarao j&otilde;ud.<br>\n <\/span><\/p><h2>\n<\/h2><p> <b><br>\n Kuldne hunt<br>\n <\/b><\/p><p> <span style=\"font-weight: 400;\"><br>\n M&auml;ngijad naudivad metsiku talvise looduse ilu ja hingematvaid lumemaastikke. M&auml;nguautomaatide rullikutele ilmuvad metsikud: p&otilde;der, piison, kotkas ja kuldhunt. Meelelahutus suurep&auml;rase 3D-graafika, d&uuml;naamilise m&auml;ngu ja kindlate v&auml;ljamaksetega<br>\n <\/span><\/p><h2>\n<\/h2><p> <b><br>\n Keiserlik rikkus<br>\n <\/b><\/p><p> <span style=\"font-weight: 400;\"><br>\n Kasiinotarkvara, Konami Oriental teema. Konami m&auml;ngu peamine s&uuml;mbol on Hiina draakon. Need m&uuml;&uuml;tilised olendid on Aasia folkloorist lahutamatud ning kehastavad traditsioone, j&otilde;udu, j&otilde;udu ja &otilde;nne v&auml;ljaspool looduse elemente.<br>\n <\/span><\/p><h2>\n<\/h2><p> <b><br>\n Vaarao v&auml;gi<br>\n <\/b><\/p><ul>\n<li style=\"font-weight: 400;\" aria-level=\"1\">\n<p> <span style=\"font-weight: 400;\"><br>\n Uus pakkuja funktsioonide tuhmumise funktsiooniga. Kolm v&otilde;i enam v&otilde;imsat vaaraod annavad 15 tasuta keerutust.<br>\n <\/span><\/p>\n<\/li>\n<li style=\"font-weight: 400;\" aria-level=\"1\">\n<p> <span style=\"font-weight: 400;\"><br>\n Hiina rannik. Konami populaarseim kasiino m&auml;nguautomaat, saadaval 9 erinevas versioonis.<br>\n <\/span><\/p>\n<\/li>\n<li style=\"font-weight: 400;\" aria-level=\"1\">\n<p> <span style=\"font-weight: 400;\"><br>\n Rooma trib&uuml;&uuml;n. M&auml;ngijad sukelduvad Rooma impeeriumi ajalukku.<br>\n <\/span><\/p>\n<\/li>\n<li style=\"font-weight: 400;\" aria-level=\"1\">\n<p> <span style=\"font-weight: 400;\"><br>\n Sotsiaalse meelelahutuse kogumik, My<br>\n <\/span><\/p>\n<p> <span style=\"font-weight: 400;\"><br>\n Konami teenindusajad<br>\n <\/span><\/p>\n<p> <span style=\"font-weight: 400;\"><br>\n .<br>\n <\/span><\/p>\n<\/li>\n<li style=\"font-weight: 400;\" aria-level=\"1\">\n<p> <span style=\"font-weight: 400;\"><br>\n Ettev&otilde;te t&ouml;&ouml;tab aktiivselt oma sotsiaalsete kasiinotoodete br&auml;ndivaliku t&auml;iustamise nimel. Neid on &uuml;le 40<br>\n <\/span><\/p>\n<p> <span style=\"font-weight: 400;\"><br>\n tasuta Konami pokid<br>\n <\/span><\/p>\n<p> <span style=\"font-weight: 400;\"><br>\n  v&auml;rvilise graafika, julge m&auml;nguviisi ja atraktiivsete funktsioonidega masinad.<br>\n <\/span><\/p>\n<\/li>\n<\/ul><h2>\n<\/h2><p> <b><br>\n Miks on parim Konami veebikasiino seda v&auml;&auml;rt<br>\n <\/b><\/p><ul>\n<li style=\"font-weight: 400;\" aria-level=\"1\">\n<p> <span style=\"font-weight: 400;\"><br>\n lai valik vaba aja tegevusi;<br>\n <\/span><\/p>\n<\/li>\n<li style=\"font-weight: 400;\" aria-level=\"1\">\n<p> <span style=\"font-weight: 400;\"><br>\n Katkematu m&auml;ngimine ettev&otilde;tte ametlikul Facebooki lehel;<br>\n <\/span><\/p>\n<\/li>\n<li style=\"font-weight: 400;\" aria-level=\"1\">\n<p> <span style=\"font-weight: 400;\"><br>\n Paindlik punktis&uuml;steem, mida saab kasutada p&auml;risauhindade lunastamiseks;<br>\n <\/span><\/p>\n<\/li>\n<li style=\"font-weight: 400;\" aria-level=\"1\">\n<p> <span style=\"font-weight: 400;\"><br>\n Vahetage virtuaalpunkte tasuta &#382;etoonide vastu ja m&auml;ngige p&auml;ris kasiino fuajees;<br>\n <\/span><\/p>\n<\/li>\n<li style=\"font-weight: 400;\" aria-level=\"1\">\n<p> <span style=\"font-weight: 400;\"><br>\n P&uuml;sikliendis&uuml;steem igap&auml;evaste loosimiste ja heade sissemaksetega;<br>\n <\/span><\/p>\n<\/li>\n<li style=\"font-weight: 400;\" aria-level=\"1\">\n<p> <span style=\"font-weight: 400;\"><br>\n Mitmed virtuaalsed ruumid k&otilde;rgetel m&auml;ngijatel k&otilde;rgema taseme m&auml;ngude m&auml;ngimiseks.<br>\n <\/span><\/p>\n<\/li>\n<\/ul><p> <span style=\"font-weight: 400;\"><br>\n Konami kasiino tarkvara sisaldab k&auml;ep&auml;raseid t&ouml;&ouml;riistu sotsiaalseks suhtluseks. Konami Slots Clubi liikmed vahetavad kingitusi, postitavad edukate seansside tulemused messengerisse ja osalevad mitme m&auml;ngijaga turniirisarjades.<br>\n <\/span><\/p><h2>\n<\/h2><p> <b><\/b><\/p><p> <img loading=\"lazy\" decoding=\"async\" class=\"aligncenter wp-image-5034\" src=\"https:\/\/australia-casino-review.com\/wp-content\/uploads\/2022\/08\/konami-new-slots.webp\" alt=\"konami slots\" width=\"785\" height=\"277\" srcset=\"https:\/\/australia-casino-review.com\/wp-content\/uploads\/2022\/08\/konami-new-slots.webp 680w, https:\/\/australia-casino-review.com\/wp-content\/uploads\/2022\/08\/konami-new-slots-300x106.webp 300w\" sizes=\"auto, (max-width: 785px) 100vw, 785px\"><br>\n Syncros patenteeritud juhtimiss&uuml;steem<br>\n <\/p><p> <span style=\"font-weight: 400;\"><br>\n Lahendus on paigaldatud enam kui 400 kasiinosse ja keerukasse meelelahutuspiirkonda. Samuti kasutatakse tarkvara aktiivselt Interneti-sf&auml;&auml;ris, eriti kui pakkujal on nii online- kui ka v&otilde;rguv&auml;liseid hasartm&auml;nge. <\/span><\/p><p> <span style=\"font-weight: 400;\"><br>\n Konami m&auml;ngud<br>\n <\/span><\/p><p> <span style=\"font-weight: 400;\"><br>\n  tarkvara kasutatakse erinevat t&uuml;&uuml;pi andmete haldamiseks. See h&otilde;lmab maksetehinguid, Interneti-liiklust, m&auml;ngueelistusi, piirangute eeskirju, turunduskampaaniaid, finantsteavet ja tegevusanal&uuml;&uuml;si.<br>\n <\/span><\/p><p> <span style=\"font-weight: 400;\"><br>\n See toode sisaldab patenteeritud tehnoloogiaid, nagu:<br>\n <\/span><\/p><ul>\n<li style=\"font-weight: 400;\" aria-level=\"1\">\n<p> <span style=\"font-weight: 400;\"><br>\n Synk Connect (mobiilikonto anal&uuml;&uuml;si tarkvara);<br>\n <\/span><\/p>\n<\/li>\n<li style=\"font-weight: 400;\" aria-level=\"1\">\n<p> <span style=\"font-weight: 400;\"><br>\n Synk Vision (k&otilde;rgtehnoloogiline biomeetriline m&auml;ngija j&auml;lgimiss&uuml;steem);<br>\n <\/span><\/p>\n<\/li>\n<li style=\"font-weight: 400;\" aria-level=\"1\">\n<p> <span style=\"font-weight: 400;\"><br>\n Synk 31 (rahapesuvastane (AML) tarkvara).<br>\n <\/span><\/p>\n<\/li>\n<\/ul><p style=\"text-align: center;\">\n<\/p><p> <a class=\"button button-primary\" href=\"https:\/\/australia-casino-review.com\/go-casino\/\"><br>\n SAADA BOONUST<br>\n <\/a><\/p><h2>\n<\/h2><p> <b><br>\n Kokkuv&otilde;te<br>\n <\/b><\/p><p> <span style=\"font-weight: 400;\"><br>\n Pakkuja videom&auml;nguautomaadid pakuvad laia valikut teemasid, uuenduslikke matemaatilisi mudeleid, l&otilde;busat graafikat, progressiivseid minim&auml;nge ja seotud jackpotte. Meelelahutus on turul tunnustatud t&auml;nu Fade Away, Money Galaxy ja Xtra Reward originaalfunktsioonidele.<br>\n <\/span><\/p><p> <span style=\"font-weight: 400;\"><br>\n Sotsiaalm&auml;ngude kollektsioon My Konami Slots on saadaval nii Facebookis kui ka App Store&rsquo;is, Google Plays ja Kindle&rsquo;i rakenduste poes.<br>\n <\/span><br>\n     Loe ka teemal:<br>\n <a href=\"https:\/\/australia-casino-review.com\/merkur\/\"><br>\n Merkur Gaming<br>\n <\/a> <\/p>\n","protected":false},"excerpt":{"rendered":"<p>ESIMENE DEPOSIIDI BOONUSBoonus 100% esimese sissemakse eest + 100 tasuta keerutust N&Otilde;UA BOONUS ESIMENE DEPOSIIDI BOONUSSaada 100% boonus kuni 1000 AUD + 100 tasuta keerutust N&Otilde;UA BOONUS Konami Casino Soft on hasartm&auml;ngut&ouml;&ouml;stuses tuntud toode. Tarkvara sisaldab vapustavat 3D-graafikat, keerulisi matemaatilisi algoritme ja laia valikut teemasid &ndash; klassikalistest viljapuuaedadest suurte ajalooliste installatsioonideni. &Otilde;ppime rohkem koos a&hellip;&nbsp;<a href=\"https:\/\/australia-casino-review.com\/et\/konami-2\/\" class=\"\" rel=\"bookmark\">Read More &raquo;<span class=\"screen-reader-text\">Konami Casino-Soft: t\u00e4iustatud online slotid ja m\u00e4ngus\u00fcsteem<\/span><\/a><\/p>\n","protected":false},"author":1,"featured_media":0,"parent":0,"menu_order":0,"comment_status":"closed","ping_status":"closed","template":"","meta":{"neve_meta_sidebar":"","neve_meta_container":"","neve_meta_enable_content_width":"","neve_meta_content_width":0,"neve_meta_title_alignment":"","neve_meta_author_avatar":"","neve_post_elements_order":"","neve_meta_disable_header":"","neve_meta_disable_footer":"","neve_meta_disable_title":"","footnotes":""},"class_list":["post-11512","page","type-page","status-publish","hentry"],"aioseo_notices":[],"_links":{"self":[{"href":"https:\/\/australia-casino-review.com\/et\/wp-json\/wp\/v2\/pages\/11512","targetHints":{"allow":["GET"]}}],"collection":[{"href":"https:\/\/australia-casino-review.com\/et\/wp-json\/wp\/v2\/pages"}],"about":[{"href":"https:\/\/australia-casino-review.com\/et\/wp-json\/wp\/v2\/types\/page"}],"author":[{"embeddable":true,"href":"https:\/\/australia-casino-review.com\/et\/wp-json\/wp\/v2\/users\/1"}],"replies":[{"embeddable":true,"href":"https:\/\/australia-casino-review.com\/et\/wp-json\/wp\/v2\/comments?post=11512"}],"version-history":[{"count":0,"href":"https:\/\/australia-casino-review.com\/et\/wp-json\/wp\/v2\/pages\/11512\/revisions"}],"wp:attachment":[{"href":"https:\/\/australia-casino-review.com\/et\/wp-json\/wp\/v2\/media?parent=11512"}],"curies":[{"name":"wp","href":"https:\/\/api.w.org\/{rel}","templated":true}]}}