{"id":12421,"date":"2023-08-27T15:17:07","date_gmt":"2023-08-27T12:17:07","guid":{"rendered":"https:\/\/australia-casino-review.com\/dazard\/"},"modified":"2023-10-13T17:12:22","modified_gmt":"2023-10-13T14:12:22","slug":"dazard","status":"publish","type":"page","link":"https:\/\/australia-casino-review.com\/et\/dazard\/","title":{"rendered":"Dazard Casino: p\u00f5hjalik \u00fclevaade p\u00f5nevast hasartm\u00e4ngude maailmast"},"content":{"rendered":"<?xml encoding=\"utf-8\" ?><p>Viimastel aastatel on online-hasartm&auml;ngud kiiresti kasvanud ja muutunud m&auml;ngijate jaoks kogu maailmas &uuml;ha populaarsemaks meelelahutuseks. Erinevad online kasiinod pakuvad m&auml;ngijate t&auml;helepanu k&ouml;itmiseks laia valikut m&auml;nge ja atraktiivseid boonuseid. &Uuml;heks selliseks kasiinoks on kasvav Dazard kasiino, mis t&otilde;mbab t&auml;helepanu oma erinevate m&auml;ngude ja heldete boonustega. Selles tekstis heidame p&otilde;hjaliku pilgu Dazard Casinole ja r&auml;&auml;gime selle p&otilde;hifunktsioonidest, samuti pakutavatest boonustest ja kampaaniatest.<\/p><div class=\"bubbles has-groups scrolled-down has-sticky-dates\">\n<div class=\"scrollable scrollable-y\">\n<div class=\"bubbles-inner has-rights is-chat\">\n<section class=\"bubbles-date-group\">\n<div class=\"bubbles-group\">\n<div class=\"bubble is-read hide-name is-out can-have-tail is-group-first is-group-last\" data-mid=\"116604\" data-peer-id=\"322862715\" data-timestamp=\"1693133687\">\n<div class=\"bubble-content-wrapper\">\n<div class=\"bubble-content hover-reaction-visible\">\n<div class=\"message spoilers-container\" dir=\"auto\" style=\"text-align: center;\"><\/div>\n<\/div>\n<\/div>\n<\/div>\n<\/div>\n<\/section>\n<\/div>\n<\/div>\n<\/div><p><img loading=\"lazy\" decoding=\"async\" class=\"aligncenter size-full wp-image-12294\" src=\"https:\/\/australia-casino-review.com\/wp-content\/uploads\/2026\/08\/dazard-casino-logo_1200x700-1.jpg\" alt=\"Dazard Casino 1\" width=\"1199\" height=\"371\"><\/p><h2>Dazard Casino reiting: kvaliteet ja ohutus<\/h2><link rel=\"stylesheet\" href=\"\/wp-content\/themes\/neve-child\/swiper-bundle.min.css\"><script src=\"\/wp-content\/themes\/neve-child\/swiper-bundle.min.js\"><\/script><div class=\"swiper casino-slider\">\r\n    <div class=\"swiper-wrapper\">\r\n\r\n        <!-- Winspirit -->\r\n        <div class=\"swiper-slide casino-slide\" style=\"background-image: url('https:\/\/australia-casino-review.com\/wp-content\/uploads\/2025\/05\/yosok3bayqsoxelcjxux.webp')\">\r\n            <a href=\"https:\/\/australia-casino-review.com\/go-casino?sub_id_1=winspirit\" class=\"swiper-slide-link\" style=\"position: relative;z-index: 10000;\">\r\n                <div class=\"casino-content\">\r\n                    <img decoding=\"async\" class=\"casino-logo\" src=\"https:\/\/australia-casino-review.com\/wp-content\/uploads\/2025\/05\/spuz0y9gqwphpkzry0dv.webp\" alt=\"Winspirit Logo\">\r\n                    <div class=\"casino-bonus\">ESIMENE DEPOSIIDI BOONUS<br>Boonus 100% esimese sissemakse eest + 100 tasuta keerutust<\/div>\r\n                    <span class=\"yellow-btn\">N&Otilde;UA BOONUS<\/span>\r\n                <\/div>\r\n            <\/a>\r\n        <\/div>\r\n\r\n        <!-- Rocket Play -->\r\n        <div class=\"swiper-slide casino-slide\" style=\"background-image: url('https:\/\/australia-casino-review.com\/wp-content\/uploads\/2025\/05\/netfidkjat6wovozc5pv.webp')\">\r\n            <a href=\"https:\/\/australia-casino-review.com\/go-casino?sub_id_1=rocketplay\" class=\"swiper-slide-link\" style=\"position: relative;z-index: 10000;\">\r\n                <div class=\"casino-content\">\r\n                    <img decoding=\"async\" class=\"casino-logo\" src=\"https:\/\/australia-casino-review.com\/wp-content\/uploads\/2025\/05\/dl8rtimw8nea9ju9bvor.webp\" alt=\"RocketPlay Logo\">\r\n                    <div class=\"casino-bonus\">ESIMENE DEPOSIIDI BOONUS<br>Saada 100% boonus kuni 1000 AUD + 100 tasuta keerutust<\/div>\r\n                    <span class=\"yellow-btn\">N&Otilde;UA BOONUS<\/span>\r\n                <\/div>\r\n            <\/a>\r\n        <\/div>\r\n        \r\n    <\/div>\r\n<\/div><script>\r\n    document.addEventListener(\"DOMContentLoaded\", function() {\r\n        new Swiper(\".casino-slider\", {\r\n            slidesPerView: 1,\r\n            navigation: {\r\n                nextEl: \".swiper-button-next\",\r\n                prevEl: \".swiper-button-prev\",\r\n            },\r\n        });\r\n    });\r\n<\/script><p>Internetikasiino hindamisel on m&auml;ngijate turvalisus k&otilde;ige olulisem ja selles osas on Dazard Casino ees. Kasiinol on kehtiv hasartm&auml;ngulitsents, mis tagab selle seaduslikkuse ja usaldusv&auml;&auml;rsuse. See t&auml;hendab, et m&auml;ngijad v&otilde;ivad olla kindlad, et nende huvid on kaitstud ja kasiino toimib vastavalt seadustele. Lisaks rakendab Dazard kasiino aktiivselt rangeid turvameetmeid, et kaitsta m&auml;ngijate isikuandmeid ja finantstehinguid. M&auml;ngijate isiklik teave salvestatakse kr&uuml;pteeritult, v&auml;ltides volitamata juurdep&auml;&auml;su andmetele.<\/p><p>Finantstehingud on kaitstud ka t&auml;iustatud kr&uuml;pteerimistehnoloogiatega, tagades sisse- ja v&auml;ljamaksete turvalisuse. Dazard Casino platvormi toetavad kogenud tarkvaraarendajad, tagades m&auml;ngude t&otilde;rgeteta kulgemise ja kaasahaarava m&auml;ngukeskkonna. Iga m&auml;ng kulgeb sujuvalt ja sujuvalt, v&otilde;imaldades m&auml;ngijatel m&auml;ngu nautida ilma probleemide ja viivitusteta. K&otilde;ik see kokku muudab Dazard Casino atraktiivseks valikuks m&auml;ngijatele, kes hindavad turvalisust, kvaliteeti ja p&otilde;nevat veebikasiino kogemust.<\/p><h2>Registreerimine Dazard Casinos on kiire ja lihtne<\/h2><p>Dazard kasiinosse sisselogimine on v&otilde;imalikult lihtne. M&auml;ngijad peavad esitama vaid m&otilde;ned isiklikud andmed, misj&auml;rel saavad nad m&otilde;ne minuti jooksul oma konto luua. P&auml;rast registreerumist on m&auml;ngijatel juurdep&auml;&auml;s k&otilde;igile kasiino funktsioonidele, sealhulgas muljetavaldav valik m&auml;nge ja boonuseid.<\/p><h2>Dazard Casino boonuskood: avage helded boonused<\/h2><p>&Uuml;ks peamisi asju, mis Dazard Casino konkurentidest eristab, on boonuste ja kampaaniate rohkus, mida see oma m&auml;ngijatele pakub. Lisaks traditsioonilisele uutele klientidele m&otilde;eldud tervitusboonusele saavad m&auml;ngijad kasutada spetsiaalseid sissemakseboonuseid, tasuta keerutusi ja muid p&otilde;nevaid stiimuleid. Nende boonuste saamiseks saavad m&auml;ngijad kasutada spetsiaalset Dazardi kasiino sooduskoodi, mida avaldatakse regulaarselt saidil v&otilde;i saadetakse e-posti teel.<\/p><h2>Dazard Casino sissemakseta boonus: pilk heldele &#382;estile<\/h2><p>M&auml;nguplatvorm meelitab uusi m&auml;ngijaid helde Dazard kasiino sissemakseta boonusega, mille saab hankida ilma sissemakset tegemata. Selle ahvatleva pakkumise kasutamiseks peavad m&auml;ngijad registreerimisel sisestama spetsiaalse Dazardi kasiino sissemakseta boonuskoodi. Soovitatav on boonuse tingimused hoolikalt l&auml;bi lugeda, et m&otilde;ista hilisema raha v&auml;ljav&otilde;tmise n&otilde;udeid ja saada sellest huvitavast pakkumisest maksimaalset kasu.<\/p><p>Dazardi kasiino boonuskoodi kasutamiseks peavad m&auml;ngijad need tavaliselt sisestama registreerimisel vastavale v&auml;ljale v&otilde;i kasiino veebisaidi cashbacki jaotisesse. See on suurep&auml;rane v&otilde;imalus saada lisah&uuml;vesid ja suurendada oma v&otilde;iduv&otilde;imalusi. Lisaks pakutakse ka Dazard kasiino tasuta &#382;etoone v&otilde;i tasuta panuseid, mida m&auml;ngijad saavad kasutada erinevate kasiinom&auml;ngude m&auml;ngimiseks. See on suurep&auml;rane v&otilde;imalus proovida erinevaid m&auml;nge ja hinnata kasiino atmosf&auml;&auml;ri ilma sissemakset tegemata.<\/p><h2>Dazard Casino Online: erinevaid m&auml;nge<\/h2><p>Iga kasiino s&uuml;dameks on m&auml;ngude valik ja Dazard online kasiino ei valmista siin v&auml;himatki pettumust. Platvorm pakub laia valikut m&auml;nge, sealhulgas populaarseid slotikaid, klassikalisi lauam&auml;nge nagu blackjack, rulett ja pokker, aga ka live-kasiinot, kus m&auml;ngijad saavad reaalajas v&otilde;istelda p&auml;ris krupjeedega. Kvaliteetne graafika ja sujuv kasutajaliides aitavad kaasa tipptasemel m&auml;ngukogemusele.<\/p><h2>Dazard Casino Live: autentne kasiinom&auml;ngukogemus<\/h2><p>Dazard casino live v&auml;&auml;rib erilist t&auml;helepanu. Siin saavad m&auml;ngijad tunda t&otilde;elise kasiino atmosf&auml;&auml;ri ja suhelda professionaalsete diileritega reaalajas. Otse&uuml;lekanne on HD-kvaliteediga, pakkudes realistlikku ja autentset kasiinokogemust. Live rulett, live blackjack ja muud live-m&auml;ngud on m&auml;ngijatele saadaval &ouml;&ouml;p&auml;evaringselt.<\/p><p style=\"text-align: center;\"><\/p><h2><img loading=\"lazy\" decoding=\"async\" class=\"aligncenter size-full wp-image-12285\" src=\"https:\/\/australia-casino-review.com\/wp-content\/uploads\/2026\/08\/dazard-casino-1.png\" alt=\"Dazard Casino 2\" width=\"628\" height=\"356\"><\/h2><h2>Dazard Casino klienditeenindus: 24\/7 tugi<\/h2><p>T&otilde;hus ja usaldusv&auml;&auml;rne klienditoe meeskond on m&auml;ngijate jaoks probleemide v&otilde;i k&uuml;simuste korral h&auml;davajalik. Dazard Casino pakub oma klientidele 24\/7 tuge reaalajas vestluse, e-posti v&otilde;i telefoni teel. Tugipersonal on h&auml;sti koolitatud ja aitab alati hea meelega m&auml;ngijaid nende probleemide lahendamisel.<\/p><h2>Suure potentsiaaliga paljut&otilde;otav kasiino<\/h2><p>Dazardi kasiino &uuml;levaate l&otilde;petuseks v&otilde;ime &ouml;elda, et see on korralik valik m&auml;ngijatele, kes otsivad p&otilde;nevat ja mitmekesist online-m&auml;ngukogemust. Muljetavaldav m&auml;ngude valik, helded boonused ja usaldusv&auml;&auml;rne tugimeeskond muudavad kasiino m&auml;ngijate jaoks atraktiivseks. Dazard kasiinos m&auml;ngimisest maksimaalse kasu saamiseks peaksid m&auml;ngijad aga alati vastutustundlikult m&auml;ngima ning hoolikalt l&auml;bi lugema boonuste ja kampaaniate tingimused.<\/p>\n","protected":false},"excerpt":{"rendered":"<p>Viimastel aastatel on online-hasartm&auml;ngud kiiresti kasvanud ja muutunud m&auml;ngijate jaoks kogu maailmas &uuml;ha populaarsemaks meelelahutuseks. Erinevad online kasiinod pakuvad m&auml;ngijate t&auml;helepanu k&ouml;itmiseks laia valikut m&auml;nge ja atraktiivseid boonuseid. &Uuml;heks selliseks kasiinoks on kasvav Dazard kasiino, mis t&otilde;mbab t&auml;helepanu oma erinevate m&auml;ngude ja heldete boonustega. Selles tekstis heidame p&otilde;hjaliku pilgu Dazard Casinole ja r&auml;&auml;gime selle p&otilde;hifunktsioonidest,&hellip;&nbsp;<a href=\"https:\/\/australia-casino-review.com\/et\/dazard\/\" class=\"\" rel=\"bookmark\">Read More &raquo;<span class=\"screen-reader-text\">Dazard Casino: p\u00f5hjalik \u00fclevaade p\u00f5nevast hasartm\u00e4ngude maailmast<\/span><\/a><\/p>\n","protected":false},"author":1,"featured_media":0,"parent":0,"menu_order":0,"comment_status":"closed","ping_status":"closed","template":"","meta":{"neve_meta_sidebar":"","neve_meta_container":"","neve_meta_enable_content_width":"off","neve_meta_content_width":100,"neve_meta_title_alignment":"","neve_meta_author_avatar":"","neve_post_elements_order":"","neve_meta_disable_header":"","neve_meta_disable_footer":"","neve_meta_disable_title":"","footnotes":""},"class_list":["post-12421","page","type-page","status-publish","hentry"],"aioseo_notices":[],"_links":{"self":[{"href":"https:\/\/australia-casino-review.com\/et\/wp-json\/wp\/v2\/pages\/12421","targetHints":{"allow":["GET"]}}],"collection":[{"href":"https:\/\/australia-casino-review.com\/et\/wp-json\/wp\/v2\/pages"}],"about":[{"href":"https:\/\/australia-casino-review.com\/et\/wp-json\/wp\/v2\/types\/page"}],"author":[{"embeddable":true,"href":"https:\/\/australia-casino-review.com\/et\/wp-json\/wp\/v2\/users\/1"}],"replies":[{"embeddable":true,"href":"https:\/\/australia-casino-review.com\/et\/wp-json\/wp\/v2\/comments?post=12421"}],"version-history":[{"count":2,"href":"https:\/\/australia-casino-review.com\/et\/wp-json\/wp\/v2\/pages\/12421\/revisions"}],"predecessor-version":[{"id":12423,"href":"https:\/\/australia-casino-review.com\/et\/wp-json\/wp\/v2\/pages\/12421\/revisions\/12423"}],"wp:attachment":[{"href":"https:\/\/australia-casino-review.com\/et\/wp-json\/wp\/v2\/media?parent=12421"}],"curies":[{"name":"wp","href":"https:\/\/api.w.org\/{rel}","templated":true}]}}