{"id":12478,"date":"2023-08-28T00:38:20","date_gmt":"2023-08-27T21:38:20","guid":{"rendered":"https:\/\/australia-casino-review.com\/9-coins\/"},"modified":"2023-09-24T08:53:46","modified_gmt":"2023-09-24T05:53:46","slug":"9-coins","status":"publish","type":"page","link":"https:\/\/australia-casino-review.com\/et\/9-coins\/","title":{"rendered":"Wazdani 9 Coinsi m\u00e4nguautomaadi \u00fclevaade: p\u00f5nev m\u00e4nguautomaat paljut\u00f5otavate koefitsientidega"},"content":{"rendered":"<?xml encoding=\"utf-8\" ?><p>Wazdani 9 Coins slot on p&otilde;nev m&auml;nguautomaat, mis r&otilde;&otilde;mustab m&auml;ngijaid lihtsate juhtnuppude, p&otilde;nevate funktsioonide ja paljut&otilde;otavate v&otilde;iduv&otilde;imalustega. Tunnustatud tarkvarapakkuja poolt v&auml;lja t&ouml;&ouml;tatud slotikas pakub kasiinohuvilistele p&otilde;nevat m&auml;ngukogemust. Selles p&otilde;hjaliku 9 Coinsi slotika &uuml;levaates heidame p&otilde;hjaliku pilgu Wazdani 9 Coinsi slotim&auml;ngule koos demoversiooni, tasuta keerutuste, p&auml;risrahaga m&auml;ngimise ja p&otilde;nevate m&auml;ngufunktsioonidega.<\/p><h2>9 m&uuml;ndi pesa: m&auml;ngu tutvustus<\/h2><link rel=\"stylesheet\" href=\"\/wp-content\/themes\/neve-child\/swiper-bundle.min.css\"><script src=\"\/wp-content\/themes\/neve-child\/swiper-bundle.min.js\"><\/script><div class=\"swiper casino-slider\">\r\n    <div class=\"swiper-wrapper\">\r\n\r\n        <!-- Winspirit -->\r\n        <div class=\"swiper-slide casino-slide\" style=\"background-image: url('https:\/\/australia-casino-review.com\/wp-content\/uploads\/2025\/05\/yosok3bayqsoxelcjxux.webp')\">\r\n            <a href=\"https:\/\/australia-casino-review.com\/go-casino?sub_id_1=winspirit\" class=\"swiper-slide-link\" style=\"position: relative;z-index: 10000;\">\r\n                <div class=\"casino-content\">\r\n                    <img decoding=\"async\" class=\"casino-logo\" src=\"https:\/\/australia-casino-review.com\/wp-content\/uploads\/2025\/05\/spuz0y9gqwphpkzry0dv.webp\" alt=\"Winspirit Logo\">\r\n                    <div class=\"casino-bonus\">ESIMENE DEPOSIIDI BOONUS<br>Boonus 100% esimese sissemakse eest + 100 tasuta keerutust<\/div>\r\n                    <span class=\"yellow-btn\">N&Otilde;UA BOONUS<\/span>\r\n                <\/div>\r\n            <\/a>\r\n        <\/div>\r\n\r\n        <!-- Rocket Play -->\r\n        <div class=\"swiper-slide casino-slide\" style=\"background-image: url('https:\/\/australia-casino-review.com\/wp-content\/uploads\/2025\/05\/netfidkjat6wovozc5pv.webp')\">\r\n            <a href=\"https:\/\/australia-casino-review.com\/go-casino?sub_id_1=rocketplay\" class=\"swiper-slide-link\" style=\"position: relative;z-index: 10000;\">\r\n                <div class=\"casino-content\">\r\n                    <img decoding=\"async\" class=\"casino-logo\" src=\"https:\/\/australia-casino-review.com\/wp-content\/uploads\/2025\/05\/dl8rtimw8nea9ju9bvor.webp\" alt=\"RocketPlay Logo\">\r\n                    <div class=\"casino-bonus\">ESIMENE DEPOSIIDI BOONUS<br>Saada 100% boonus kuni 1000 AUD + 100 tasuta keerutust<\/div>\r\n                    <span class=\"yellow-btn\">N&Otilde;UA BOONUS<\/span>\r\n                <\/div>\r\n            <\/a>\r\n        <\/div>\r\n        \r\n    <\/div>\r\n<\/div><script>\r\n    document.addEventListener(\"DOMContentLoaded\", function() {\r\n        new Swiper(\".casino-slider\", {\r\n            slidesPerView: 1,\r\n            navigation: {\r\n                nextEl: \".swiper-button-next\",\r\n                prevEl: \".swiper-button-prev\",\r\n            },\r\n        });\r\n    });\r\n<\/script><p>9 Coins slot on klassikaline 9 v&otilde;iduliiniga 3 rullikuga m&auml;nguautomaat, mis meenutab oma traditsiooniliste s&uuml;mbolite ja lihtsate reeglitega m&auml;nguautomaatide kuldaega. Rullidel olevad s&uuml;mbolid h&otilde;lmavad &otilde;nneseitsmeid, t&auml;hti, kellukesi ja puuviljas&uuml;mboleid, nagu kirsid ja sidrunid. M&auml;ngijad, kes naudivad traditsiooniliste m&auml;nguautomaatide nostalgilist tunnet, tunnevad end selles slotis koduselt.<\/p><div class=\"bubbles has-groups scrolled-down has-sticky-dates\">\n<div class=\"scrollable scrollable-y\">\n<div class=\"bubbles-inner has-rights is-chat\">\n<section class=\"bubbles-date-group\">\n<div class=\"bubbles-group\">\n<div class=\"bubble is-read hide-name is-out can-have-tail is-group-first is-group-last\" data-mid=\"116604\" data-peer-id=\"322862715\" data-timestamp=\"1693133687\">\n<div class=\"bubble-content-wrapper\">\n<div class=\"bubble-content\">\n<div class=\"message spoilers-container\" dir=\"auto\" style=\"text-align: center;\"><\/div>\n<\/div>\n<\/div>\n<\/div>\n<\/div>\n<\/section>\n<\/div>\n<\/div>\n<\/div><h2><span style=\"font-weight: 400;\"><img loading=\"lazy\" decoding=\"async\" class=\"aligncenter size-full wp-image-12326\" src=\"https:\/\/australia-casino-review.com\/wp-content\/uploads\/2026\/08\/enjoy-the-process-of-playing-cash-pig-slot-1.png\" alt=\"Wazdan's 9 Coins slot review 1\" width=\"1024\" height=\"575\"><\/span><\/h2><h2>Demopesa 9 m&uuml;nti: kogege m&auml;ngu tasuta<\/h2><p>Suurep&auml;rane viis 9 Coins Slotiga tutvumiseks ja selle funktsioonide avastamiseks on proovida m&auml;ngu demoversiooni. 9 Coinsi m&auml;nguautomaadi demos antakse m&auml;ngijatele m&auml;nguraha, et rullikuid keerutada ja m&auml;ngu proovida, ilma p&auml;risrahaga riskimata. See on suurep&auml;rane v&otilde;imalus tutvuda 9 Coinsi m&auml;nguautomaadi v&otilde;idufunktsioonide, boonusringide ja tasuta keerutustega ning t&ouml;&ouml;tada v&auml;lja strateegia enne p&auml;risrahaga m&auml;ngimist.<\/p><h2>9 m&uuml;ndiga tasuta keerutusi Austraalias: p&otilde;nevad v&otilde;iduv&otilde;imalused<\/h2><p>Austraalia m&auml;ngijatele, kes armastavad tasuta keerutusi, pakub 9 Coinsi pesa p&otilde;nevat tasuta keerutuste funktsiooni. Kukkudes rullikutele teatud hajuvuss&uuml;mbolid, saavad m&auml;ngijad k&auml;ivitada 9 m&uuml;ndiga tasuta keerutusi Austraalias ja rullikuid tasuta keerutada. Tasuta keerutuste ajal on m&auml;ngijatel v&otilde;imalus noppida muljetavaldavaid v&otilde;ite ning lisaboonusfunktsioonid nagu kordajad v&otilde;ivad v&otilde;ite veelgi suurendada.<\/p><h2>9 m&uuml;nditasku: p&otilde;nevust ja l&otilde;bu<\/h2><p>M&auml;nguautomaate nimetatakse sageli pokideks ja 9 Coins slot on suurep&auml;rane valik m&auml;ngijatele, kes otsivad p&otilde;nevat pokikogemust. Klassikaline disain, puhas graafika ja paljut&otilde;otavad v&otilde;idud muudavad selle slotika slotif&auml;nnide seas lemmikuks.<\/p><h2>9 m&uuml;nti p&auml;risraha eest: v&otilde;imalus v&otilde;ita p&auml;risraha<\/h2><p>P&auml;rast seda, kui m&auml;ngijad on m&auml;nguautomaadi demoversiooni p&otilde;hjalikult testinud, on neil v&otilde;imalus m&auml;ngida 9 m&uuml;nti p&auml;risrahas ja saada t&otilde;elisi v&otilde;ite. See lisab m&auml;ngule p&otilde;nevust ja v&otilde;lu ning annab v&otilde;imaluse liituda &otilde;nnelike ridadega. Et m&auml;ng oleks kontrollitud ja p&otilde;nev, on oluline m&auml;ngida vastutustundlikult ja m&auml;&auml;rata m&otilde;istlik eelarve.<\/p><div class=\"bubbles has-groups scrolled-down has-sticky-dates\">\n<div class=\"scrollable scrollable-y\">\n<div class=\"bubbles-inner has-rights is-chat\">\n<section class=\"bubbles-date-group\">\n<div class=\"bubbles-group\">\n<div class=\"bubble is-read hide-name is-out can-have-tail is-group-first is-group-last\" data-mid=\"116604\" data-peer-id=\"322862715\" data-timestamp=\"1693133687\">\n<div class=\"bubble-content-wrapper\">\n<div class=\"bubble-content\">\n<div class=\"message spoilers-container\" dir=\"auto\" style=\"text-align: center;\"><\/div>\n<\/div>\n<\/div>\n<\/div>\n<\/div>\n<\/section>\n<\/div>\n<\/div>\n<\/div><h2><span style=\"font-weight: 400;\"><img loading=\"lazy\" decoding=\"async\" class=\"aligncenter size-full wp-image-12335\" src=\"https:\/\/australia-casino-review.com\/wp-content\/uploads\/2026\/08\/9-coins-ss.jpg\" alt=\"Wazdan's 9 Coins slot review 2\" width=\"850\" height=\"464\"><\/span><\/h2><h2>9 m&uuml;ndi pesa: p&otilde;nev klassika<\/h2><p>Kokkuv&otilde;tteks v&otilde;ib &ouml;elda, et Wazdani 9 Coins pokies on p&otilde;nev ja huvitav slotik, mis meelitab m&auml;ngijaid oma klassikalise disaini ja paljut&otilde;otavate v&otilde;iduv&otilde;imalustega. Demoversioon v&otilde;imaldab m&auml;ngu tasuta testida ja selle funktsioonidega kurssi viia, lisav&otilde;imalusi pakuvad aga Austraalias tasuta keerutused ja v&otilde;imalus m&auml;ngida p&auml;risrahaga. Oma nostalgilise sarmi ja p&otilde;nevate koefitsientidega on 9 Coins slotikas suurep&auml;rane valik klassikaliste ja p&otilde;nevate kasiinom&auml;ngude austajatele. Sukelduge 9 m&uuml;ndi maailma ja kogege traditsiooniliste m&auml;nguautomaatide v&otilde;lu kaasaegses ja p&otilde;nevas vormis.<\/p>\n","protected":false},"excerpt":{"rendered":"<p>Wazdani 9 Coins slot on p&otilde;nev m&auml;nguautomaat, mis r&otilde;&otilde;mustab m&auml;ngijaid lihtsate juhtnuppude, p&otilde;nevate funktsioonide ja paljut&otilde;otavate v&otilde;iduv&otilde;imalustega. Tunnustatud tarkvarapakkuja poolt v&auml;lja t&ouml;&ouml;tatud slotikas pakub kasiinohuvilistele p&otilde;nevat m&auml;ngukogemust. Selles p&otilde;hjaliku 9 Coinsi slotika &uuml;levaates heidame p&otilde;hjaliku pilgu Wazdani 9 Coinsi slotim&auml;ngule koos demoversiooni, tasuta keerutuste, p&auml;risrahaga m&auml;ngimise ja p&otilde;nevate m&auml;ngufunktsioonidega.9 m&uuml;ndi pesa: m&auml;ngu tutvustus ESIMENE DEPOSIIDI&hellip;&nbsp;<a href=\"https:\/\/australia-casino-review.com\/et\/9-coins\/\" class=\"\" rel=\"bookmark\">Read More &raquo;<span class=\"screen-reader-text\">Wazdani 9 Coinsi m\u00e4nguautomaadi \u00fclevaade: p\u00f5nev m\u00e4nguautomaat paljut\u00f5otavate koefitsientidega<\/span><\/a><\/p>\n","protected":false},"author":1,"featured_media":0,"parent":0,"menu_order":0,"comment_status":"closed","ping_status":"closed","template":"","meta":{"neve_meta_sidebar":"","neve_meta_container":"","neve_meta_enable_content_width":"off","neve_meta_content_width":100,"neve_meta_title_alignment":"","neve_meta_author_avatar":"","neve_post_elements_order":"","neve_meta_disable_header":"","neve_meta_disable_footer":"","neve_meta_disable_title":"","footnotes":""},"class_list":["post-12478","page","type-page","status-publish","hentry"],"aioseo_notices":[],"_links":{"self":[{"href":"https:\/\/australia-casino-review.com\/et\/wp-json\/wp\/v2\/pages\/12478","targetHints":{"allow":["GET"]}}],"collection":[{"href":"https:\/\/australia-casino-review.com\/et\/wp-json\/wp\/v2\/pages"}],"about":[{"href":"https:\/\/australia-casino-review.com\/et\/wp-json\/wp\/v2\/types\/page"}],"author":[{"embeddable":true,"href":"https:\/\/australia-casino-review.com\/et\/wp-json\/wp\/v2\/users\/1"}],"replies":[{"embeddable":true,"href":"https:\/\/australia-casino-review.com\/et\/wp-json\/wp\/v2\/comments?post=12478"}],"version-history":[{"count":2,"href":"https:\/\/australia-casino-review.com\/et\/wp-json\/wp\/v2\/pages\/12478\/revisions"}],"predecessor-version":[{"id":12480,"href":"https:\/\/australia-casino-review.com\/et\/wp-json\/wp\/v2\/pages\/12478\/revisions\/12480"}],"wp:attachment":[{"href":"https:\/\/australia-casino-review.com\/et\/wp-json\/wp\/v2\/media?parent=12478"}],"curies":[{"name":"wp","href":"https:\/\/api.w.org\/{rel}","templated":true}]}}