{"id":12534,"date":"2023-08-28T00:45:54","date_gmt":"2023-08-27T21:45:54","guid":{"rendered":"https:\/\/australia-casino-review.com\/monkey-king\/"},"modified":"2023-09-25T08:35:17","modified_gmt":"2023-09-25T05:35:17","slug":"monkey-king","status":"publish","type":"page","link":"https:\/\/australia-casino-review.com\/et\/monkey-king\/","title":{"rendered":"iGTechi m\u00e4nguautomaadi Monkey King \u00fclevaade: legendaarne m\u00e4ngukogemus"},"content":{"rendered":"<?xml encoding=\"utf-8\" ?><p>iGTechi Monkey Kingi pesa viib m&auml;ngijad p&otilde;nevasse seikluste ja legendide maailma. See Hiina m&uuml;toloogiast ja kuulsast ahvikuninga tegelasest inspireeritud pesa pakub ainulaadset m&auml;ngukogemust vapustava graafika, p&otilde;nevate funktsioonide ja paljut&otilde;otavate v&otilde;iduv&otilde;imalustega. Selles p&otilde;hjalikus &uuml;levaates vaatleme l&auml;hemalt iGTechi Monkey Kingi m&auml;nguautomaati, selle funktsioone, parimaid n&auml;pun&auml;iteid ja strateegiaid m&auml;ngimiseks ning slotika p&otilde;nevaid funktsioone.<\/p><h2>Monkey Kingi m&auml;nguautomaat: p&otilde;nev m&auml;ngukogemus<\/h2><link rel=\"stylesheet\" href=\"\/wp-content\/themes\/neve-child\/swiper-bundle.min.css\"><script src=\"\/wp-content\/themes\/neve-child\/swiper-bundle.min.js\"><\/script><div class=\"swiper casino-slider\">\r\n    <div class=\"swiper-wrapper\">\r\n\r\n        <!-- Winspirit -->\r\n        <div class=\"swiper-slide casino-slide\" style=\"background-image: url('https:\/\/australia-casino-review.com\/wp-content\/uploads\/2025\/05\/yosok3bayqsoxelcjxux.webp')\">\r\n            <a href=\"https:\/\/australia-casino-review.com\/go-casino?sub_id_1=winspirit\" class=\"swiper-slide-link\" style=\"position: relative;z-index: 10000;\">\r\n                <div class=\"casino-content\">\r\n                    <img decoding=\"async\" class=\"casino-logo\" src=\"https:\/\/australia-casino-review.com\/wp-content\/uploads\/2025\/05\/spuz0y9gqwphpkzry0dv.webp\" alt=\"Winspirit Logo\">\r\n                    <div class=\"casino-bonus\">ESIMENE DEPOSIIDI BOONUS<br>Boonus 100% esimese sissemakse eest + 100 tasuta keerutust<\/div>\r\n                    <span class=\"yellow-btn\">N&Otilde;UA BOONUS<\/span>\r\n                <\/div>\r\n            <\/a>\r\n        <\/div>\r\n\r\n        <!-- Rocket Play -->\r\n        <div class=\"swiper-slide casino-slide\" style=\"background-image: url('https:\/\/australia-casino-review.com\/wp-content\/uploads\/2025\/05\/netfidkjat6wovozc5pv.webp')\">\r\n            <a href=\"https:\/\/australia-casino-review.com\/go-casino?sub_id_1=rocketplay\" class=\"swiper-slide-link\" style=\"position: relative;z-index: 10000;\">\r\n                <div class=\"casino-content\">\r\n                    <img decoding=\"async\" class=\"casino-logo\" src=\"https:\/\/australia-casino-review.com\/wp-content\/uploads\/2025\/05\/dl8rtimw8nea9ju9bvor.webp\" alt=\"RocketPlay Logo\">\r\n                    <div class=\"casino-bonus\">ESIMENE DEPOSIIDI BOONUS<br>Saada 100% boonus kuni 1000 AUD + 100 tasuta keerutust<\/div>\r\n                    <span class=\"yellow-btn\">N&Otilde;UA BOONUS<\/span>\r\n                <\/div>\r\n            <\/a>\r\n        <\/div>\r\n        \r\n    <\/div>\r\n<\/div><script>\r\n    document.addEventListener(\"DOMContentLoaded\", function() {\r\n        new Swiper(\".casino-slider\", {\r\n            slidesPerView: 1,\r\n            navigation: {\r\n                nextEl: \".swiper-button-next\",\r\n                prevEl: \".swiper-button-prev\",\r\n            },\r\n        });\r\n    });\r\n<\/script><p>Monkey King slotikas on p&otilde;nev 25 v&otilde;iduliiniga 5 rullikuga slotikas, mis viib m&auml;ngijad eepilisele r&auml;nnakule l&auml;bi Hiina m&uuml;toloogia. Graafika ja animatsioonid on muljetavaldavad ning tabavad suurep&auml;raselt ahvikuninga legendi v&otilde;lu. Rullidel olevad s&uuml;mbolid peegeldavad Hiina m&uuml;toloogiat ja h&otilde;lmavad ahvikuningat ennast, Buddhat, nefriitkeisrit, v&otilde;luraamatut ja palju muid temaatilisi pilte.<\/p><p style=\"text-align: center;\"><\/p><p><span style=\"font-weight: 400;\"><img loading=\"lazy\" decoding=\"async\" class=\"aligncenter wp-image-12376\" src=\"https:\/\/australia-casino-review.com\/wp-content\/uploads\/2026\/08\/3d6e15130241983.617bac5551b33-1.png\" alt=\"Review of Monkey King slot machine from iGTech 1\" width=\"784\" height=\"456\"><\/span><\/p><h2>Monkey Kingi m&auml;nguautomaatide funktsioonid<\/h2><p>Monkey King m&auml;nguautomaat pakub palju erilisi funktsioone, mis muudavad m&auml;ngu veelgi p&otilde;nevamaks. Nende hulka kuuluvad metsiks&uuml;mbolid, hajuss&uuml;mbolid ja tasuta keerutused. Ahvikuningat esindav metsik s&uuml;mbol v&otilde;ib v&otilde;idukombinatsioonide moodustamiseks asendada teisi s&uuml;mboleid. Scatter-s&uuml;mbolid v&otilde;ivad k&auml;ivitada tasuta keerutusi, samas kui tasuta keerutuste ringid pakuvad v&otilde;imalust saada lisav&otilde;ite ilma lisapanuseid tegemata.<\/p><h2>Monkey Kingi m&auml;nguautomaatide n&auml;pun&auml;ited: suurendage oma v&otilde;iduv&otilde;imalusi<\/h2><p>M&auml;ngijatele, kes soovivad oma v&otilde;iduv&otilde;imalusi maksimeerida, tulevad kasuks m&otilde;ned Monkey Kingi m&auml;nguautomaatide n&otilde;uanded. Esiteks on oluline m&auml;ngureeglitest ja funktsioonidest h&auml;sti aru saada. Demoversioonis tasuta Monkey Kingi slotikaga m&auml;ngides saavad m&auml;ngijad m&auml;ngu testida ilma p&auml;risrahata ja tutvuda selle funktsioonidega. Samuti on soovitatav m&auml;ngida m&otilde;istliku eelarvega ja panustada vastutustundlikult, et m&auml;ng oleks kontrollitud ja p&otilde;nev.<\/p><h2>Monkey Kingi slotim&auml;ngu p&otilde;nevus<\/h2><p>Monkey Kingi slotim&auml;ng ei paku mitte ainult p&otilde;nevat m&auml;ngu, vaid ka v&otilde;imalust v&otilde;ita p&auml;risraha. P&otilde;nevust ja meelelahutust lisavad p&otilde;nevad funktsioonid, nagu tasuta keerutused ning oote- ja v&otilde;idufunktsioon. Scatter-s&uuml;mbolite kogumine tasuta keerutuste k&auml;ivitamiseks v&otilde;i boonuss&uuml;mbolite saamine jackpotivoorudes osalemiseks lisab m&auml;ngu p&otilde;nevust ja p&otilde;nevust.<\/p><p style=\"text-align: center;\"><\/p><p><span style=\"font-weight: 400;\"><img loading=\"lazy\" decoding=\"async\" class=\"aligncenter wp-image-12367\" src=\"https:\/\/australia-casino-review.com\/wp-content\/uploads\/2026\/08\/430d9898228389.5ed7894720e13-1.jpg\" alt=\"Review of Monkey King slot machine from iGTech 2\" width=\"813\" height=\"457\"><\/span><\/p><h2>Legendaarne m&auml;ngukogemus Monkey Kingi m&auml;nguautomaadiga<\/h2><p>Kokkuv&otilde;tteks v&otilde;ib &ouml;elda, et iGTechi legendaarne Monkey Kingi slotikas pakub legendaarset m&auml;ngukogemust. Oma k&uuml;tkestava teema, muljetavaldava graafika ja p&otilde;nevate funktsioonidega on see slotikas t&otilde;eline maiuspala kasiinos&otilde;pradele. V&otilde;imalus m&auml;ngida Monkey Kingi slotikat tasuta v&otilde;imaldab m&auml;ngijatel m&auml;ngu riskivabalt testida ja selle funktsioonidega tutvuda. Erifunktsioonid, nagu wild-s&uuml;mbolid, hajuss&uuml;mbolid ja tasuta keerutusringid, lisavad m&auml;ngule p&otilde;nevust ja p&otilde;nevust. Kasutades m&otilde;ningaid n&auml;pun&auml;iteid ja strateegiaid, saavad m&auml;ngijad oma v&otilde;iduv&otilde;imalusi maksimeerida ja nautida t&otilde;elisi v&otilde;ite. Sukelduge Monkey Kingi p&otilde;nevasse maailma ja kogege legendaarset m&auml;ngukogemust selle p&otilde;neva iGTechi Monkey Kingi slotikaga.<\/p>\n","protected":false},"excerpt":{"rendered":"<p>iGTechi Monkey Kingi pesa viib m&auml;ngijad p&otilde;nevasse seikluste ja legendide maailma. See Hiina m&uuml;toloogiast ja kuulsast ahvikuninga tegelasest inspireeritud pesa pakub ainulaadset m&auml;ngukogemust vapustava graafika, p&otilde;nevate funktsioonide ja paljut&otilde;otavate v&otilde;iduv&otilde;imalustega. Selles p&otilde;hjalikus &uuml;levaates vaatleme l&auml;hemalt iGTechi Monkey Kingi m&auml;nguautomaati, selle funktsioone, parimaid n&auml;pun&auml;iteid ja strateegiaid m&auml;ngimiseks ning slotika p&otilde;nevaid funktsioone.Monkey Kingi m&auml;nguautomaat: p&otilde;nev m&auml;ngukogemus ESIMENE&hellip;&nbsp;<a href=\"https:\/\/australia-casino-review.com\/et\/monkey-king\/\" class=\"\" rel=\"bookmark\">Read More &raquo;<span class=\"screen-reader-text\">iGTechi m\u00e4nguautomaadi Monkey King \u00fclevaade: legendaarne m\u00e4ngukogemus<\/span><\/a><\/p>\n","protected":false},"author":1,"featured_media":0,"parent":0,"menu_order":0,"comment_status":"closed","ping_status":"closed","template":"","meta":{"neve_meta_sidebar":"","neve_meta_container":"","neve_meta_enable_content_width":"off","neve_meta_content_width":100,"neve_meta_title_alignment":"","neve_meta_author_avatar":"","neve_post_elements_order":"","neve_meta_disable_header":"","neve_meta_disable_footer":"","neve_meta_disable_title":"","footnotes":""},"class_list":["post-12534","page","type-page","status-publish","hentry"],"aioseo_notices":[],"_links":{"self":[{"href":"https:\/\/australia-casino-review.com\/et\/wp-json\/wp\/v2\/pages\/12534","targetHints":{"allow":["GET"]}}],"collection":[{"href":"https:\/\/australia-casino-review.com\/et\/wp-json\/wp\/v2\/pages"}],"about":[{"href":"https:\/\/australia-casino-review.com\/et\/wp-json\/wp\/v2\/types\/page"}],"author":[{"embeddable":true,"href":"https:\/\/australia-casino-review.com\/et\/wp-json\/wp\/v2\/users\/1"}],"replies":[{"embeddable":true,"href":"https:\/\/australia-casino-review.com\/et\/wp-json\/wp\/v2\/comments?post=12534"}],"version-history":[{"count":2,"href":"https:\/\/australia-casino-review.com\/et\/wp-json\/wp\/v2\/pages\/12534\/revisions"}],"predecessor-version":[{"id":12536,"href":"https:\/\/australia-casino-review.com\/et\/wp-json\/wp\/v2\/pages\/12534\/revisions\/12536"}],"wp:attachment":[{"href":"https:\/\/australia-casino-review.com\/et\/wp-json\/wp\/v2\/media?parent=12534"}],"curies":[{"name":"wp","href":"https:\/\/api.w.org\/{rel}","templated":true}]}}