{"id":12425,"date":"2023-08-27T15:17:07","date_gmt":"2023-08-27T12:17:07","guid":{"rendered":"https:\/\/australia-casino-review.com\/dazard\/"},"modified":"2023-09-21T09:11:44","modified_gmt":"2023-09-21T06:11:44","slug":"dazard","status":"publish","type":"page","link":"https:\/\/australia-casino-review.com\/fi\/dazard\/","title":{"rendered":"Dazard Casino: Kattava katsaus j\u00e4nnitt\u00e4v\u00e4\u00e4n uhkapelimaailmaan"},"content":{"rendered":"<?xml encoding=\"utf-8\" ?><p>Viime vuosina online-uhkapelaaminen on kasvanut nopeasti ja siit&auml; on tullut yh&auml; suositumpi harrastus pelaajille kaikkialla maailmassa. Useat online-kasinot tarjoavat laajan valikoiman pelej&auml; ja houkuttelevia bonuksia kiinnitt&auml;&auml;kseen pelaajien huomion. Yksi t&auml;llainen kasino on nouseva Dazard-kasino, joka her&auml;tt&auml;&auml; huomion pelivalikoimallaan ja runsailla bonuksilla. T&auml;ss&auml; tekstiss&auml; tarkastelemme Dazard Casinoa perusteellisesti ja puhumme sen t&auml;rkeimmist&auml; ominaisuuksista sek&auml; tarjolla olevista bonuksista ja promootioista.<\/p><div class=\"bubbles has-groups scrolled-down has-sticky-dates\">\n<div class=\"scrollable scrollable-y\">\n<div class=\"bubbles-inner has-rights is-chat\">\n<section class=\"bubbles-date-group\">\n<div class=\"bubbles-group\">\n<div class=\"bubble is-read hide-name is-out can-have-tail is-group-first is-group-last\" data-mid=\"116604\" data-peer-id=\"322862715\" data-timestamp=\"1693133687\">\n<div class=\"bubble-content-wrapper\">\n<div class=\"bubble-content hover-reaction-visible\">\n<div class=\"message spoilers-container\" dir=\"auto\" style=\"text-align: center;\"><\/div>\n<\/div>\n<\/div>\n<\/div>\n<\/div>\n<\/section>\n<\/div>\n<\/div>\n<\/div><p><img loading=\"lazy\" decoding=\"async\" class=\"aligncenter size-full wp-image-12294\" src=\"https:\/\/australia-casino-review.com\/wp-content\/uploads\/2026\/08\/dazard-casino-logo_1200x700-1.jpg\" alt=\"Dazard Casino 1\" width=\"1199\" height=\"371\"><\/p><h2>Dazard Casino -luokitus: laatu ja turvallisuus<\/h2><link rel=\"stylesheet\" href=\"\/wp-content\/themes\/neve-child\/swiper-bundle.min.css\"><script src=\"\/wp-content\/themes\/neve-child\/swiper-bundle.min.js\"><\/script><div class=\"swiper casino-slider\">\r\n    <div class=\"swiper-wrapper\">\r\n\r\n        <!-- Winspirit -->\r\n        <div class=\"swiper-slide casino-slide\" style=\"background-image: url('https:\/\/australia-casino-review.com\/wp-content\/uploads\/2025\/05\/yosok3bayqsoxelcjxux.webp')\">\r\n            <a href=\"https:\/\/australia-casino-review.com\/go-casino?sub_id_1=winspirit\" class=\"swiper-slide-link\" style=\"position: relative;z-index: 10000;\">\r\n                <div class=\"casino-content\">\r\n                    <img decoding=\"async\" class=\"casino-logo\" src=\"https:\/\/australia-casino-review.com\/wp-content\/uploads\/2025\/05\/spuz0y9gqwphpkzry0dv.webp\" alt=\"Winspirit Logo\">\r\n                    <div class=\"casino-bonus\">ENSIMM&Auml;INEN TALLETUSBONUS<br>Bonus 100 % ensimm&auml;isest&auml; talletuksesta + 100 ilmaiskierrosta<\/div>\r\n                    <span class=\"yellow-btn\">VAATIA BONUS<\/span>\r\n                <\/div>\r\n            <\/a>\r\n        <\/div>\r\n\r\n        <!-- Rocket Play -->\r\n        <div class=\"swiper-slide casino-slide\" style=\"background-image: url('https:\/\/australia-casino-review.com\/wp-content\/uploads\/2025\/05\/netfidkjat6wovozc5pv.webp')\">\r\n            <a href=\"https:\/\/australia-casino-review.com\/go-casino?sub_id_1=rocketplay\" class=\"swiper-slide-link\" style=\"position: relative;z-index: 10000;\">\r\n                <div class=\"casino-content\">\r\n                    <img decoding=\"async\" class=\"casino-logo\" src=\"https:\/\/australia-casino-review.com\/wp-content\/uploads\/2025\/05\/dl8rtimw8nea9ju9bvor.webp\" alt=\"RocketPlay Logo\">\r\n                    <div class=\"casino-bonus\">ENSIMM&Auml;INEN TALLETUSBONUS<br>Hanki 100 % bonus jopa 1 000 AUD + 100 ilmaiskierrosta<\/div>\r\n                    <span class=\"yellow-btn\">VAATIA BONUS<\/span>\r\n                <\/div>\r\n            <\/a>\r\n        <\/div>\r\n        \r\n    <\/div>\r\n<\/div><script>\r\n    document.addEventListener(\"DOMContentLoaded\", function() {\r\n        new Swiper(\".casino-slider\", {\r\n            slidesPerView: 1,\r\n            navigation: {\r\n                nextEl: \".swiper-button-next\",\r\n                prevEl: \".swiper-button-prev\",\r\n            },\r\n        });\r\n    });\r\n<\/script><p>Online-kasinoa arvioitaessa pelaajien turvallisuus on t&auml;rkein n&auml;k&ouml;kohta, ja t&auml;ss&auml; suhteessa Dazard Casino on edell&auml;k&auml;vij&auml;. Kasinolla on voimassa oleva pelilisenssi, joka takaa sen laillisuuden ja luotettavuuden. T&auml;m&auml; tarkoittaa, ett&auml; pelaajat voivat olla varmoja, ett&auml; heid&auml;n etunsa on suojattu ja kasino toimii lain mukaisesti. Lis&auml;ksi Dazard-kasino soveltaa aktiivisesti tiukkoja turvatoimia suojatakseen pelaajien henkil&ouml;kohtaisia tietoja ja rahatapahtumia. Pelaajien henkil&ouml;kohtaiset tiedot tallennetaan salattuna, mik&auml; est&auml;&auml; luvattoman p&auml;&auml;syn tietoihin.<\/p><p>Rahoitustapahtumat on my&ouml;s suojattu edistyneill&auml; salaustekniikoilla, mik&auml; varmistaa, ett&auml; talletukset ja nostot ovat turvallisia. Dazard Casinon alustaa tukevat kokeneet ohjelmistokehitt&auml;j&auml;t, mik&auml; varmistaa, ett&auml; pelit toimivat sujuvasti ja tarjoavat mukaansatempaavan peliymp&auml;rist&ouml;n. Jokainen peli toimii sujuvasti ja saumattomasti, joten pelaajat voivat nauttia pelist&auml; ilman ongelmia tai viiveit&auml;. Kaikki t&auml;m&auml; yhdess&auml; tekee Dazard Casinosta houkuttelevan vaihtoehdon pelaajille, jotka arvostavat turvallisuutta, laatua ja j&auml;nnitt&auml;v&auml;&auml; online-kasinokokemusta.<\/p><h2>Rekister&ouml;ityminen Dazard Casinolle on nopeaa ja helppoa<\/h2><p>Dazard casinolle kirjautuminen on mahdollisimman helppoa. Pelaajien tarvitsee antaa vain muutama henkil&ouml;tieto, jonka j&auml;lkeen he voivat luoda tilin muutamassa minuutissa. Rekister&ouml;itymisen j&auml;lkeen pelaajat p&auml;&auml;sev&auml;t k&auml;ytt&auml;m&auml;&auml;n kaikkia kasinon ominaisuuksia, mukaan lukien vaikuttava valikoima pelej&auml; ja bonuksia.<\/p><h2>Dazard Casinon bonuskoodi: Avaa runsaat bonukset<\/h2><p>Yksi t&auml;rkeimmist&auml; asioista, joka erottaa Dazard Casinon kilpailijoistaan, on sen pelaajilleen tarjoamien bonusten ja promootioiden runsaus. Perinteisen uusien asiakkaiden tervetuliaisbonuksen lis&auml;ksi pelaajat voivat hy&ouml;dynt&auml;&auml; erikoistalletusbonuksia, ilmaiskierroksia ja muita j&auml;nnitt&auml;vi&auml; kannustimia. Saadakseen n&auml;m&auml; bonukset pelaajat voivat k&auml;ytt&auml;&auml; erityisi&auml; Dazard-kasinon promokoodeja, jotka julkaistaan s&auml;&auml;nn&ouml;llisesti sivustolla tai l&auml;hetet&auml;&auml;n s&auml;hk&ouml;postitse.<\/p><h2>Dazard Casino ilman talletusta: Katso antelias ele<\/h2><p>Pelialusta houkuttelee uusia pelaajia runsaalla Dazard casinon talletusvapaalla bonuksella, jonka voi saada ilman talletusta. Hy&ouml;dynt&auml;m&auml;&auml;n t&auml;t&auml; houkuttelevaa tarjousta, pelaajien tarvitsee vain sy&ouml;tt&auml;&auml; erityinen Dazard casinon bonuskoodi ilman talletusta rekister&ouml;ityess&auml;&auml;n. Suosittelemme lukemaan huolellisesti bonuksen ehdot ymm&auml;rt&auml;&auml;ksesi my&ouml;hemm&auml;n varojen noston vaatimukset ja saadaksesi parhaan hy&ouml;dyn t&auml;st&auml; mielenkiintoisesta tarjouksesta.<\/p><p>Hy&ouml;dynt&auml;&auml;kseen Dazard-kasinobonuskoodia, pelaajien on yleens&auml; sy&ouml;tett&auml;v&auml; ne asianmukaiseen kentt&auml;&auml;n rekister&ouml;itymisen yhteydess&auml; tai kasinon verkkosivuston cashback-osiossa. T&auml;m&auml; on loistava tapa saada lis&auml;etuja ja lis&auml;t&auml; voittomahdollisuuksiasi. Lis&auml;ksi tarjolla on my&ouml;s Dazard casinon ilmaisia pelimerkkej&auml; tai ilmaisia vetoja, joilla pelaajat voivat pelata erilaisia kasinopelej&auml;. T&auml;m&auml; on loistava tilaisuus kokeilla erilaisia pelej&auml; ja arvostaa kasinon tunnelmaa ilman talletusta.<\/p><h2>Dazard Casino Online: Erilaisia pelej&auml;<\/h2><p>Jokaisen kasinon syd&auml;n on pelivalikoima, eik&auml; Dazardin nettikasino pet&auml; t&auml;ss&auml; pienint&auml;k&auml;&auml;n. Alusta tarjoaa laajan valikoiman pelej&auml;, mukaan lukien suosittuja kolikkopelej&auml;, klassisia p&ouml;yt&auml;pelej&auml;, kuten blackjackia, rulettia ja pokeria, sek&auml; live-kasinon, jossa pelaajat voivat kilpailla oikeita croupiereja vastaan reaaliajassa. Laadukas grafiikka ja sujuva k&auml;ytt&ouml;liittym&auml; takaavat huippuluokan pelikokemuksen.<\/p><h2>Dazard Casino Live: aito kasinopelikokemus<\/h2><p>Dazard casino live ansaitsee erityist&auml; huomiota. T&auml;&auml;ll&auml; pelaajat voivat tuntea oikean kasinon tunnelman ja olla vuorovaikutuksessa ammattimaisten jakajien kanssa reaaliajassa. Suora l&auml;hetys on HD-laatuinen, mik&auml; tarjoaa realistisen ja autenttisen kasinokokemuksen. Live-ruletti, live-blackjack ja muut live-pelit ovat pelaajien saatavilla ymp&auml;ri vuorokauden.<\/p><p style=\"text-align: center;\"><\/p><h2><img loading=\"lazy\" decoding=\"async\" class=\"aligncenter size-full wp-image-12285\" src=\"https:\/\/australia-casino-review.com\/wp-content\/uploads\/2026\/08\/dazard-casino-1.png\" alt=\"Dazard Casino 2\" width=\"628\" height=\"356\"><\/h2><h2>Dazard Casinon asiakaspalvelu: 24\/7 tuki<\/h2><p>Tehokas ja luotettava asiakastukitiimi on v&auml;ltt&auml;m&auml;t&ouml;n pelaajille mahdollisissa ongelmissa tai kysymyksiss&auml;. Dazard Casino tarjoaa asiakkailleen 24\/7 tukea live chatin, s&auml;hk&ouml;postin tai puhelimen kautta. Tukihenkil&ouml;st&ouml; on hyvin koulutettua ja auttaa aina mielell&auml;&auml;n pelaajia heid&auml;n ongelmissaan.<\/p><h2>Lupaava kasino, jossa on suuret mahdollisuudet<\/h2><p>Dazard-kasinoarvion p&auml;&auml;tteeksi voimme sanoa, ett&auml; t&auml;m&auml; on kunnollinen vaihtoehto pelaajille, jotka etsiv&auml;t j&auml;nnitt&auml;v&auml;&auml; ja monipuolista online-pelikokemusta. Vaikuttava pelivalikoima, runsaat bonukset ja luotettava tukitiimi tekev&auml;t kasinosta houkuttelevan pelaajille. Kuitenkin saadakseen kaiken irti pelaamisesta Dazard Casinolla, pelaajien tulee aina pelata vastuullisesti ja lukea bonusten ja promootioiden ehdot huolellisesti.<\/p>\n","protected":false},"excerpt":{"rendered":"<p>Viime vuosina online-uhkapelaaminen on kasvanut nopeasti ja siit&auml; on tullut yh&auml; suositumpi harrastus pelaajille kaikkialla maailmassa. Useat online-kasinot tarjoavat laajan valikoiman pelej&auml; ja houkuttelevia bonuksia kiinnitt&auml;&auml;kseen pelaajien huomion. Yksi t&auml;llainen kasino on nouseva Dazard-kasino, joka her&auml;tt&auml;&auml; huomion pelivalikoimallaan ja runsailla bonuksilla. T&auml;ss&auml; tekstiss&auml; tarkastelemme Dazard Casinoa perusteellisesti ja puhumme sen t&auml;rkeimmist&auml; ominaisuuksista sek&auml; tarjolla olevista&hellip;&nbsp;<a href=\"https:\/\/australia-casino-review.com\/fi\/dazard\/\" class=\"\" rel=\"bookmark\">Lue lis\u00e4\u00e4 &raquo;<span class=\"screen-reader-text\">Dazard Casino: Kattava katsaus j\u00e4nnitt\u00e4v\u00e4\u00e4n uhkapelimaailmaan<\/span><\/a><\/p>\n","protected":false},"author":1,"featured_media":0,"parent":0,"menu_order":0,"comment_status":"closed","ping_status":"closed","template":"","meta":{"neve_meta_sidebar":"","neve_meta_container":"","neve_meta_enable_content_width":"off","neve_meta_content_width":100,"neve_meta_title_alignment":"","neve_meta_author_avatar":"","neve_post_elements_order":"","neve_meta_disable_header":"","neve_meta_disable_footer":"","neve_meta_disable_title":"","footnotes":""},"class_list":["post-12425","page","type-page","status-publish","hentry"],"aioseo_notices":[],"_links":{"self":[{"href":"https:\/\/australia-casino-review.com\/fi\/wp-json\/wp\/v2\/pages\/12425","targetHints":{"allow":["GET"]}}],"collection":[{"href":"https:\/\/australia-casino-review.com\/fi\/wp-json\/wp\/v2\/pages"}],"about":[{"href":"https:\/\/australia-casino-review.com\/fi\/wp-json\/wp\/v2\/types\/page"}],"author":[{"embeddable":true,"href":"https:\/\/australia-casino-review.com\/fi\/wp-json\/wp\/v2\/users\/1"}],"replies":[{"embeddable":true,"href":"https:\/\/australia-casino-review.com\/fi\/wp-json\/wp\/v2\/comments?post=12425"}],"version-history":[{"count":2,"href":"https:\/\/australia-casino-review.com\/fi\/wp-json\/wp\/v2\/pages\/12425\/revisions"}],"predecessor-version":[{"id":12427,"href":"https:\/\/australia-casino-review.com\/fi\/wp-json\/wp\/v2\/pages\/12425\/revisions\/12427"}],"wp:attachment":[{"href":"https:\/\/australia-casino-review.com\/fi\/wp-json\/wp\/v2\/media?parent=12425"}],"curies":[{"name":"wp","href":"https:\/\/api.w.org\/{rel}","templated":true}]}}