{"id":12566,"date":"2023-08-28T00:51:04","date_gmt":"2023-08-27T21:51:04","guid":{"rendered":"https:\/\/australia-casino-review.com\/lion-gems-hold-and-win\/"},"modified":"2023-09-25T09:22:57","modified_gmt":"2023-09-25T06:22:57","slug":"lion-gems-hold-and-win","status":"publish","type":"page","link":"https:\/\/australia-casino-review.com\/fi\/lion-gems-hold-and-win\/","title":{"rendered":"Tutustu j\u00e4nnitt\u00e4v\u00e4\u00e4n Lion Gems: Hold and Win -kolikkopeliin"},"content":{"rendered":"<?xml encoding=\"utf-8\" ?><p>Playsonin Lion Gems Hold and Win -kolikkopeli on kiehtova kolikkopeli, joka vie pelaajat villiel&auml;inten kiehtovaan maailmaan. Vaikuttavan grafiikan, j&auml;nnitt&auml;vien bonusominaisuuksien ja lupaavien voittojen ansiosta t&auml;m&auml; kolikkopeli houkuttelee kasinoharrastajia ymp&auml;ri maailmaa. T&auml;ss&auml; perusteellisessa Lion Gems: Hold and Win -katsauksessa tarkastelemme Playsonin kolikkopeli&auml; perusteellisesti ja k&auml;sittelemme sen ominaisuuksia, parhaita vinkkej&auml; ja strategioita pelin pelaamiseen sek&auml; oikealla rahalla pelaamisen j&auml;nnityst&auml;.<\/p><h2>Lion Gems: Hold and Win &ndash; matka er&auml;maahan<\/h2><link rel=\"stylesheet\" href=\"\/wp-content\/themes\/neve-child\/swiper-bundle.min.css\"><script src=\"\/wp-content\/themes\/neve-child\/swiper-bundle.min.js\"><\/script><div class=\"swiper casino-slider\">\r\n    <div class=\"swiper-wrapper\">\r\n\r\n        <!-- Winspirit -->\r\n        <div class=\"swiper-slide casino-slide\" style=\"background-image: url('https:\/\/australia-casino-review.com\/wp-content\/uploads\/2025\/05\/yosok3bayqsoxelcjxux.webp')\">\r\n            <a href=\"https:\/\/australia-casino-review.com\/go-casino?sub_id_1=winspirit\" class=\"swiper-slide-link\" style=\"position: relative;z-index: 10000;\">\r\n                <div class=\"casino-content\">\r\n                    <img decoding=\"async\" class=\"casino-logo\" src=\"https:\/\/australia-casino-review.com\/wp-content\/uploads\/2025\/05\/spuz0y9gqwphpkzry0dv.webp\" alt=\"Winspirit Logo\">\r\n                    <div class=\"casino-bonus\">ENSIMM&Auml;INEN TALLETUSBONUS<br>Bonus 100 % ensimm&auml;isest&auml; talletuksesta + 100 ilmaiskierrosta<\/div>\r\n                    <span class=\"yellow-btn\">VAATIA BONUS<\/span>\r\n                <\/div>\r\n            <\/a>\r\n        <\/div>\r\n\r\n        <!-- Rocket Play -->\r\n        <div class=\"swiper-slide casino-slide\" style=\"background-image: url('https:\/\/australia-casino-review.com\/wp-content\/uploads\/2025\/05\/netfidkjat6wovozc5pv.webp')\">\r\n            <a href=\"https:\/\/australia-casino-review.com\/go-casino?sub_id_1=rocketplay\" class=\"swiper-slide-link\" style=\"position: relative;z-index: 10000;\">\r\n                <div class=\"casino-content\">\r\n                    <img decoding=\"async\" class=\"casino-logo\" src=\"https:\/\/australia-casino-review.com\/wp-content\/uploads\/2025\/05\/dl8rtimw8nea9ju9bvor.webp\" alt=\"RocketPlay Logo\">\r\n                    <div class=\"casino-bonus\">ENSIMM&Auml;INEN TALLETUSBONUS<br>Hanki 100 % bonus jopa 1 000 AUD + 100 ilmaiskierrosta<\/div>\r\n                    <span class=\"yellow-btn\">VAATIA BONUS<\/span>\r\n                <\/div>\r\n            <\/a>\r\n        <\/div>\r\n        \r\n    <\/div>\r\n<\/div><script>\r\n    document.addEventListener(\"DOMContentLoaded\", function() {\r\n        new Swiper(\".casino-slider\", {\r\n            slidesPerView: 1,\r\n            navigation: {\r\n                nextEl: \".swiper-button-next\",\r\n                prevEl: \".swiper-button-prev\",\r\n            },\r\n        });\r\n    });\r\n<\/script><p>Lion Gems Hold and Win on j&auml;nnitt&auml;v&auml; 5-kiekon, 25 voittolinjan kolikkopeli, joka kuljettaa pelaajat majesteettiseen er&auml;maahan. Upeat grafiikat ja animaatiot vangitsevat t&auml;ydellisesti er&auml;maan kauneuden leijonien, jalokivien ja muiden teemasymbolien avulla. T&auml;m&auml; kolikkopeli tarjoaa ainutlaatuisen pelikokemuksen kiehtovan teemansa ja pelaajien huomion kiinnitt&auml;vien kiiltojensa ansiosta.<\/p><p style=\"text-align: center;\"><\/p><p><span style=\"font-weight: 400;\"><img loading=\"lazy\" decoding=\"async\" class=\"aligncenter size-full wp-image-12396\" src=\"https:\/\/australia-casino-review.com\/wp-content\/uploads\/2026\/08\/lion_gems__post_984x552-1.png\" alt=\"Discover the exciting slot Lion Gems 1\" width=\"984\" height=\"552\"><\/span><\/p><h2>Pelaa Lion Gems: Hold and Win -kolikkopelin ominaisuudet<\/h2><p>Kolikkopeli tarjoaa monia ominaisuuksia, jotka tekev&auml;t Lion Gems Hold and Win -pelaamisesta entist&auml; j&auml;nnitt&auml;v&auml;mp&auml;&auml;. Niiden joukossa on Hold and Win -ominaisuus, jossa erityiset bonussymbolit antavat mahdollisuuden voittaa j&auml;ttipotin. Hold and Win -bonuskierroksen aikana pelaajat voivat laukaista lis&auml;&auml; uudelleenpy&ouml;r&auml;ytyksi&auml; lis&auml;t&auml;kseen mahdollisuuksiaan voittaa loistavia j&auml;ttipottipalkintoja.<\/p><h2>Lion Gems: Hold and Win on j&auml;nnitt&auml;v&auml; kolikkopeliarvostelu<\/h2><p>Lion Gems: Hold and Win Slot on ansainnut korkean arvosanan pelaajien keskuudessa ymp&auml;ri maailmaa. J&auml;nnitt&auml;v&auml; teema, vaikuttava grafiikka ja tuottoiset bonusominaisuudet tekev&auml;t t&auml;st&auml; kolikkopelist&auml; kasinoharrastajien suosikin. Hold and Win -bonusominaisuuden aikana syntynyt j&auml;nnitys antaa peliin j&auml;nnityksen ja j&auml;nnityksen lis&auml;ulottuvuuden.<\/p><h2>Vinkkej&auml; ja strategioita lionjalokiville: Pid&auml; kiinni ja voita<\/h2><p>Pelaajille, jotka haluavat maksimoida voittomahdollisuutensa Lion Gems: Hold and Win -kolikkopeliss&auml;, on hy&ouml;dyllist&auml; tiet&auml;&auml; muutama vinkki. Ensinn&auml;kin on v&auml;ltt&auml;m&auml;t&ouml;nt&auml; ymm&auml;rt&auml;&auml; pelin s&auml;&auml;nn&ouml;t ja ominaisuudet. Pelaamalla Lion Gems: Hold and Win ilmaiseksi demoversiossa pelaajat voivat testata peli&auml; ilman oikeaa rahaa ja tutustua sen ominaisuuksiin. On my&ouml;s suositeltavaa pelata Lion Gems: Hold and Win -peli&auml; kohtuullisella budjetilla ja vastuullisesti vedonly&ouml;ntiin, jotta peli oli hallittua ja j&auml;nnitt&auml;v&auml;&auml;.<\/p><h2>Lion Gems: Pid&auml; ja voita oikealla rahalla &ndash; j&auml;nnitt&auml;v&auml; kokemus<\/h2><p>Mahdollisuus pelata oikealla rahalla Lion Gems Hold on j&auml;nnitt&auml;v&auml; kokemus, joka vie pelin j&auml;nnityksen uudelle tasolle. Mahdollisuus voittaa oikeaa rahaa lis&auml;&auml; pelin j&auml;nnityst&auml; ja j&auml;nnityst&auml;. Pelaajat saavat mahdollisuuden voittaa loistavia j&auml;ttipottipalkintoja ja tuntea itsens&auml; todellisiksi voittajiksi.<\/p><p style=\"text-align: center;\"><\/p><p><span style=\"font-weight: 400;\"><img loading=\"lazy\" decoding=\"async\" class=\"aligncenter size-full wp-image-12387\" src=\"https:\/\/australia-casino-review.com\/wp-content\/uploads\/2026\/08\/lion-gameplay.jpg\" alt=\"Discover the exciting slot Lion Gems 2\" width=\"1378\" height=\"769\"><\/span><\/p><h2>Loistava peliautomaatti Playsonilta<\/h2><p>Lopuksi, Playsonin Lion Gems: Hold and Win -kolikkopeli on loistava kolikkopeli, joka kuljettaa pelaajat majesteettiseen er&auml;maahan. Kiehtovan teeman, vaikuttavan grafiikan ja j&auml;nnitt&auml;vien bonusominaisuuksien ansiosta t&auml;m&auml; kolikkopeli tarjoaa ainutlaatuisen pelikokemuksen. Hold and Win -ominaisuus lis&auml;&auml; j&auml;nnityst&auml; ja j&auml;nnityst&auml;, kun taas kyky pelata Lion Gems: Hold and Win -kolikkopeli&auml; oikealla rahalla lis&auml;&auml; peliin entist&auml; hauskempaa. Joitakin vinkkej&auml; ja strategioita k&auml;ytt&auml;m&auml;ll&auml; pelaajat voivat maksimoida voittomahdollisuutensa ja kokea loistavien j&auml;ttipottipalkintojen lunastamisen autuuden. Sukella Playson&rsquo;s Lion Gems: Hold and Win -kolikkopelin villiin maailmaan saadaksesi unohtumattoman pelikokemuksen.<\/p>\n","protected":false},"excerpt":{"rendered":"<p>Playsonin Lion Gems Hold and Win -kolikkopeli on kiehtova kolikkopeli, joka vie pelaajat villiel&auml;inten kiehtovaan maailmaan. Vaikuttavan grafiikan, j&auml;nnitt&auml;vien bonusominaisuuksien ja lupaavien voittojen ansiosta t&auml;m&auml; kolikkopeli houkuttelee kasinoharrastajia ymp&auml;ri maailmaa. T&auml;ss&auml; perusteellisessa Lion Gems: Hold and Win -katsauksessa tarkastelemme Playsonin kolikkopeli&auml; perusteellisesti ja k&auml;sittelemme sen ominaisuuksia, parhaita vinkkej&auml; ja strategioita pelin pelaamiseen sek&auml; oikealla rahalla&hellip;&nbsp;<a href=\"https:\/\/australia-casino-review.com\/fi\/lion-gems-hold-and-win\/\" class=\"\" rel=\"bookmark\">Lue lis\u00e4\u00e4 &raquo;<span class=\"screen-reader-text\">Tutustu j\u00e4nnitt\u00e4v\u00e4\u00e4n Lion Gems: Hold and Win -kolikkopeliin<\/span><\/a><\/p>\n","protected":false},"author":1,"featured_media":0,"parent":0,"menu_order":0,"comment_status":"closed","ping_status":"closed","template":"","meta":{"neve_meta_sidebar":"","neve_meta_container":"","neve_meta_enable_content_width":"off","neve_meta_content_width":100,"neve_meta_title_alignment":"","neve_meta_author_avatar":"","neve_post_elements_order":"","neve_meta_disable_header":"","neve_meta_disable_footer":"","neve_meta_disable_title":"","footnotes":""},"class_list":["post-12566","page","type-page","status-publish","hentry"],"aioseo_notices":[],"_links":{"self":[{"href":"https:\/\/australia-casino-review.com\/fi\/wp-json\/wp\/v2\/pages\/12566","targetHints":{"allow":["GET"]}}],"collection":[{"href":"https:\/\/australia-casino-review.com\/fi\/wp-json\/wp\/v2\/pages"}],"about":[{"href":"https:\/\/australia-casino-review.com\/fi\/wp-json\/wp\/v2\/types\/page"}],"author":[{"embeddable":true,"href":"https:\/\/australia-casino-review.com\/fi\/wp-json\/wp\/v2\/users\/1"}],"replies":[{"embeddable":true,"href":"https:\/\/australia-casino-review.com\/fi\/wp-json\/wp\/v2\/comments?post=12566"}],"version-history":[{"count":2,"href":"https:\/\/australia-casino-review.com\/fi\/wp-json\/wp\/v2\/pages\/12566\/revisions"}],"predecessor-version":[{"id":12568,"href":"https:\/\/australia-casino-review.com\/fi\/wp-json\/wp\/v2\/pages\/12566\/revisions\/12568"}],"wp:attachment":[{"href":"https:\/\/australia-casino-review.com\/fi\/wp-json\/wp\/v2\/media?parent=12566"}],"curies":[{"name":"wp","href":"https:\/\/api.w.org\/{rel}","templated":true}]}}