{"id":7211,"date":"2023-07-17T22:35:23","date_gmt":"2023-07-17T19:35:23","guid":{"rendered":"https:\/\/australia-casino-review.com\/genesis-2\/"},"modified":"2023-07-17T22:35:23","modified_gmt":"2023-07-17T19:35:23","slug":"genesis-2","status":"publish","type":"page","link":"https:\/\/australia-casino-review.com\/fi\/genesis-2\/","title":{"rendered":"Genesis Gaming \u2013 alkuper\u00e4isi\u00e4 ja mielenkiintoisia pelej\u00e4"},"content":{"rendered":"<?xml encoding=\"utf-8\" ?><p> <span style=\"font-weight: 400;\"><\/span><\/p><link rel=\"stylesheet\" href=\"\/wp-content\/themes\/neve-child\/swiper-bundle.min.css\"><script src=\"\/wp-content\/themes\/neve-child\/swiper-bundle.min.js\"><\/script><div class=\"swiper casino-slider\">\r\n    <div class=\"swiper-wrapper\">\r\n\r\n        <!-- Winspirit -->\r\n        <div class=\"swiper-slide casino-slide\" style=\"background-image: url('https:\/\/australia-casino-review.com\/wp-content\/uploads\/2025\/05\/yosok3bayqsoxelcjxux.webp')\">\r\n            <a href=\"https:\/\/australia-casino-review.com\/go-casino?sub_id_1=winspirit\" class=\"swiper-slide-link\" style=\"position: relative;z-index: 10000;\">\r\n                <div class=\"casino-content\">\r\n                    <img decoding=\"async\" class=\"casino-logo\" src=\"https:\/\/australia-casino-review.com\/wp-content\/uploads\/2025\/05\/spuz0y9gqwphpkzry0dv.webp\" alt=\"Winspirit Logo\">\r\n                    <div class=\"casino-bonus\">ENSIMM&Auml;INEN TALLETUSBONUS<br>Bonus 100 % ensimm&auml;isest&auml; talletuksesta + 100 ilmaiskierrosta<\/div>\r\n                    <span class=\"yellow-btn\">VAATIA BONUS<\/span>\r\n                <\/div>\r\n            <\/a>\r\n        <\/div>\r\n\r\n        <!-- Rocket Play -->\r\n        <div class=\"swiper-slide casino-slide\" style=\"background-image: url('https:\/\/australia-casino-review.com\/wp-content\/uploads\/2025\/05\/netfidkjat6wovozc5pv.webp')\">\r\n            <a href=\"https:\/\/australia-casino-review.com\/go-casino?sub_id_1=rocketplay\" class=\"swiper-slide-link\" style=\"position: relative;z-index: 10000;\">\r\n                <div class=\"casino-content\">\r\n                    <img decoding=\"async\" class=\"casino-logo\" src=\"https:\/\/australia-casino-review.com\/wp-content\/uploads\/2025\/05\/dl8rtimw8nea9ju9bvor.webp\" alt=\"RocketPlay Logo\">\r\n                    <div class=\"casino-bonus\">ENSIMM&Auml;INEN TALLETUSBONUS<br>Hanki 100 % bonus jopa 1 000 AUD + 100 ilmaiskierrosta<\/div>\r\n                    <span class=\"yellow-btn\">VAATIA BONUS<\/span>\r\n                <\/div>\r\n            <\/a>\r\n        <\/div>\r\n        \r\n    <\/div>\r\n<\/div><script>\r\n    document.addEventListener(\"DOMContentLoaded\", function() {\r\n        new Swiper(\".casino-slider\", {\r\n            slidesPerView: 1,\r\n            navigation: {\r\n                nextEl: \".swiper-button-next\",\r\n                prevEl: \".swiper-button-prev\",\r\n            },\r\n        });\r\n    });\r\n<\/script><p> <img loading=\"lazy\" decoding=\"async\" class=\"aligncenter size-full wp-image-5014\" src=\"https:\/\/australia-casino-review.com\/wp-content\/uploads\/2022\/08\/genesis-mobile-growth.webp\" alt=\"Genesis Gaming\" width=\"1126\" height=\"328\" srcset=\"https:\/\/australia-casino-review.com\/wp-content\/uploads\/2022\/08\/genesis-mobile-growth.webp 1126w, https:\/\/australia-casino-review.com\/wp-content\/uploads\/2022\/08\/genesis-mobile-growth-300x87.webp 300w, https:\/\/australia-casino-review.com\/wp-content\/uploads\/2022\/08\/genesis-mobile-growth-1024x298.webp 1024w, https:\/\/australia-casino-review.com\/wp-content\/uploads\/2022\/08\/genesis-mobile-growth-768x224.webp 768w\" sizes=\"auto, (max-width: 1126px) 100vw, 1126px\"><br>\n Kasinot Genesis Gaming<br>\n <\/p><p> <span style=\"font-weight: 400;\"><br>\n , joka kehitt&auml;&auml; ohjelmistoja online-kasinoille, sijaitsee alan syd&auml;mess&auml; Las Vegasissa. Toimipisteit&auml; on my&ouml;s Lontoossa ja Vancouverissa. Nyky&auml;&auml;n Genesis Gamingilla on maine onnistuneena laadukkaiden ja alkuper&auml;isten videokolikkopelien valmistajana.<br>\n <\/span><\/p><p> <span style=\"font-weight: 400;\"><br>\n Yritys ilmoittaa keskittyv&auml;ns&auml; t&auml;ysin pelisis&auml;ll&ouml;n luomiseen, joka ottaa huomioon pelin kaikki toiveet ja tarpeet<br>\n <\/span><\/p><p> <span style=\"font-weight: 400;\"><br>\n Genesis Gaming -j&auml;rjestelm&auml;<br>\n <\/span><\/p><p> <span style=\"font-weight: 400;\"><br>\n , sek&auml; online- ett&auml; oikeat kasinot. Genesis Gamingin arvostelu esittelee sinulle t&auml;m&auml;n mielenkiintoisen yrityksen.<br>\n <\/span><\/p><h2>\n<\/h2><p> <b><br>\n Eri nimill&auml;<br>\n <\/b><\/p><p> <span style=\"font-weight: 400;\"><br>\n On mielenkiintoista huomata se<br>\n <\/span><\/p><p> <span style=\"font-weight: 400;\"><br>\n Genesis Gaming<br>\n <\/span><\/p><p> <span style=\"font-weight: 400;\"><br>\n  on sis&auml;ll&ouml;ntuottaja monille maailmankuuluille online-kasinoohjelmistoyhti&ouml;ille. Siten Genesis Gamingin pelej&auml; l&ouml;ytyy useista toimipisteist&auml; muiden merkkien nimill&auml;. Hyv&auml; esimerkki on Alaxe-videokolikkopeli Zombielandissa, jonka luoja esitt&auml;&auml; Microgaming-yhti&ouml;t&auml;.<br>\n <\/span><\/p><p> <span style=\"font-weight: 400;\"><br>\n Genesis Gaming julkaisee alkuper&auml;isi&auml; peliautomaatteja upeilla grafiikoilla, j&auml;nnitt&auml;vill&auml; tarinoilla ja innovatiivisilla bonusominaisuuksilla.<br>\n <\/span><\/p><p style=\"text-align: center;\">\n<\/p><p> <a class=\"button button-primary\" href=\"https:\/\/australia-casino-review.com\/go-casino\/\"><br>\n SAADA BONUS<br>\n <\/a><\/p><h2>\n<\/h2><p> <b><br>\n Lis&auml;&auml; peleist&auml;<br>\n <\/b><\/p><p> <span style=\"font-weight: 400;\"><br>\n Genesis Gaming kehitt&auml;&auml; vain videokolikkopelej&auml;, jotka voidaan helposti integroida mihin tahansa digitaaliseen alustaan, olipa kyseess&auml; sitten online-kasino,<br>\n <\/span><\/p><p> <span style=\"font-weight: 400;\"><br>\n paras Genesis Gaming mobiilikasino<br>\n <\/span><\/p><p> <span style=\"font-weight: 400;\"><br>\n , oikea kasino tai jopa sosiaalinen pelaaminen.<br>\n <\/span><\/p><p> <span style=\"font-weight: 400;\"><br>\n T&auml;ll&auml; hetkell&auml; Genesis Gamingin valikoimaan kuuluu yli 80 peliautomaattia ja niiden m&auml;&auml;r&auml; kasvaa jatkuvasti. Erikseen on syyt&auml; huomata, ett&auml; kaikilla videokolikkopeleill&auml; on melko omaper&auml;inen tarina, joka tarjoaa mielenkiintoisen ja j&auml;nnitt&auml;v&auml;n pelin.<br>\n <\/span><\/p><h2>\n<\/h2><p> <b><br>\n Parhaat videopelit Genesis<br>\n <\/b><\/p><p> <span style=\"font-weight: 400;\"><br>\n Genesiksen uhkapelit saivat suosiota laajan temaattisen valikoiman ja palkintoominaisuuksien ansiosta. Niiden ominaisuuksia ovat alkuper&auml;isten bonuskierrosten l&auml;sn&auml;olo ja suuri m&auml;&auml;r&auml; ilmaiskierroksia. Valmistajan valikoimassa on yhteens&auml; 105 nimikett&auml;:<br>\n <\/span><\/p><ul>\n<li style=\"font-weight: 400;\" aria-level=\"1\">\n<p> <span style=\"font-weight: 400;\"><br>\n 100 videopaikkaa, joista 6 on suunniteltu erityisesti &auml;lypuhelimille;<br>\n <\/span><\/p>\n<\/li>\n<li style=\"font-weight: 400;\" aria-level=\"1\">\n<p> <span style=\"font-weight: 400;\"><br>\n 2 vedonly&ouml;ntiin perustuvaa peli&auml;;<br>\n <\/span><\/p>\n<\/li>\n<li style=\"font-weight: 400;\" aria-level=\"1\">\n<p> <span style=\"font-weight: 400;\"><br>\n 2 satunnaista projektia;<br>\n <\/span><\/p>\n<\/li>\n<li style=\"font-weight: 400;\" aria-level=\"1\">\n<p> <span style=\"font-weight: 400;\"><br>\n 1 korttipeli.<br>\n <\/span><\/p>\n<\/li>\n<\/ul><p> <span style=\"font-weight: 400;\"><br>\n Parhaat Genesis Gaming -pelit<br>\n <\/span><\/p><p> <span style=\"font-weight: 400;\"><br>\n  on demoja, joita voi pelata ilmaiseksi ja ilman rekister&ouml;itymist&auml;. Parhaat esimerkit Genesis-videokolikkopeleist&auml; on koottu kokoelmaan.<br>\n <\/span><\/p><h2>\n<\/h2><p> <b><br>\n Peliautomaattien teemat<br>\n <\/b><\/p><p> <span style=\"font-weight: 400;\"><br>\n Genesis Gaming -p&ouml;yt&auml;kone<br>\n <\/span><\/p><p> <span style=\"font-weight: 400;\"><br>\n  ja yrityksen koneilleen valitsemien eri teemojen ansiosta jokainen pelaaja l&ouml;yt&auml;&auml; itselleen sopivan projektin. Genesis yritt&auml;&auml; kattaa kaikki pelialan suositut genret, mutta suosii erityisesti tiettyj&auml; teemoja:<br>\n <\/span><\/p><ul>\n<li style=\"font-weight: 400;\" aria-level=\"1\">\n<p> <span style=\"font-weight: 400;\"><br>\n 19 videokolikkopeli&auml; on omistettu el&auml;imille (Cat Kingdom, Panda Pursuit, Savanna King Jackpot);<br>\n <\/span><\/p>\n<\/li>\n<li style=\"font-weight: 400;\" aria-level=\"1\">\n<p> <span style=\"font-weight: 400;\"><br>\n Id&auml;n tyyliin tehtiin 18 peliautomaattia, mukaan lukien koneet Kiinan keisareista ja temppeleist&auml;, samuraista ja geisoista (Fa-Fa-Fa, Cai Shenin omaisuus, Gongxi Facai);<br>\n <\/span><\/p>\n<\/li>\n<li style=\"font-weight: 400;\" aria-level=\"1\">\n<p> <span style=\"font-weight: 400;\"><br>\n Erityinen suunta aasialaisten teemojen kehityksess&auml; ovat olleet lohik&auml;&auml;rmeist&auml; kertovat peliautomaatit (Dragons Scroll, Lucky Dragon Boat, Fortune Turtle) &ndash; yhteens&auml; 8 peli&auml;;<br>\n <\/span><\/p>\n<\/li>\n<li style=\"font-weight: 400;\" aria-level=\"1\">\n<p> <span style=\"font-weight: 400;\"><br>\n Historiallisia videokolikkopelej&auml; muinaisista sivilisaatioista ja suurista valloituksista (Viking Treasures, Sahara Queen, Orion).<br>\n <\/span><\/p>\n<\/li>\n<li style=\"font-weight: 400;\" aria-level=\"1\">\n<p> <span style=\"font-weight: 400;\"><br>\n Urheilua, taikuutta. Loput peliautomaateista on tehty taikuuden, urheilun, fantasia ja niin edelleen tyyleill&auml;.<br>\n <\/span><\/p>\n<\/li>\n<\/ul><p> <span style=\"font-weight: 400;\"><br>\n My&ouml;s kokoelmassa on urheiluaiheisia pelej&auml;, kolikkopelej&auml; taikuudesta ja fantasiamaailmoista, supersankareista, vampyyreist&auml; ja merirosvoista. Usein Genesis yhdist&auml;&auml; useita genre-ominaisuuksia yhdess&auml; nimikkeess&auml; monipuolistaakseen omaa sis&auml;lt&ouml;&auml;&auml;n mahdollisimman paljon.<br>\n <\/span><\/p><p> <b><\/b><\/p><p> <img loading=\"lazy\" decoding=\"async\" class=\"aligncenter size-full wp-image-5015\" src=\"https:\/\/australia-casino-review.com\/wp-content\/uploads\/2022\/08\/5d19d586c420552b25edf49c_genesisgaming2.jpg\" alt=\"Genesis Gaming Slots \" width=\"1024\" height=\"272\" srcset=\"https:\/\/australia-casino-review.com\/wp-content\/uploads\/2022\/08\/5d19d586c420552b25edf49c_genesisgaming2.jpg 1024w, https:\/\/australia-casino-review.com\/wp-content\/uploads\/2022\/08\/5d19d586c420552b25edf49c_genesisgaming2-300x80.jpg 300w, https:\/\/australia-casino-review.com\/wp-content\/uploads\/2022\/08\/5d19d586c420552b25edf49c_genesisgaming2-768x204.jpg 768w\" sizes=\"auto, (max-width: 1024px) 100vw, 1024px\"><\/p><p> <\/p><h2>\n<\/h2><p> <b><br>\n Pelaa Genesis-kolikkopelej&auml; online-kasinoilla<br>\n <\/b><\/p><p> <span style=\"font-weight: 400;\"><br>\n Pikapelit. Kaksi pikapelien genren projektia edustavat aikajanat Flash Track ja Quiz 7. Molemmat on suunniteltu nopeaan voittoon, mutta ne toteutetaan eri tyyleill&auml;. Ensimm&auml;isess&auml; peliss&auml; sinun on valittava auto luettelosta ja toivottava, ett&auml; se voittaa. Pelaajan valinta arvioidaan auton v&auml;rin ja mallin perusteella. Toisessa vedonly&ouml;ntiin perustuvassa projektissa k&auml;ytet&auml;&auml;n perinteisi&auml; korttisymboleja. Pelaajan on arvattava jakajan kortin v&auml;ri tai puku. Korkeammilla kertoimilla on mahdollista ly&ouml;d&auml; vetoa jokeriheitosta.<br>\n <\/span><\/p><p> <span style=\"font-weight: 400;\"><br>\n Rento videopelit. Genesiksen kaksi rentoa peli&auml; ovat Sea Raider ja Bubble Fortune. Sea Raiderissa sinun on ammuttava ohi kulkevia kaloja, saalistajia ja arkkuja. Pisteit&auml; ansaitaan osumalla esineeseen ja kulutetaan laukauksiin. Fortune of Bubblesissa sinun on my&ouml;s ammuttava, mutta t&auml;ll&auml; kertaa ilmapalloja. Tasojen l&auml;p&auml;isemiseksi sinun on tyhjennett&auml;v&auml; kentt&auml; kokonaan, mist&auml; pisteit&auml; my&ouml;nnet&auml;&auml;n.<br>\n <\/span><\/p><p> <span style=\"font-weight: 400;\"><br>\n Online Blackjack. Sovellus Zombie Blackjack on tyylitelty zombie-kauhu, joka on inkarnaatio suositusta korttipeli blackjackista. S&auml;&auml;nn&ouml;t eiv&auml;t ole muuttuneet ja ovat ymm&auml;rrett&auml;vi&auml; jopa aloittelijalle, ja ep&auml;tavallinen tyyli antaa projektille erityisen vieh&auml;tyksen ja l&ouml;yt&auml;&auml; varmasti vastauksen kauhuelokuvien fanien syd&auml;miin.<br>\n <\/span><\/p><p style=\"text-align: center;\">\n<\/p><p> <a class=\"button button-primary\" href=\"https:\/\/australia-casino-review.com\/go-casino\/\"><br>\n SAADA BONUS<br>\n <\/a><\/p><h2>\n<\/h2><p> <b><br>\n Johtop&auml;&auml;t&ouml;s<br>\n <\/b><\/p><p> <span style=\"font-weight: 400;\"><br>\n Huolimatta siit&auml;, ett&auml; yrityksen ohjelmistokehitt&auml;j&auml; Genesis Gaming on v&auml;h&auml;n tunnettu yleisten pelaajien keskuudessa ja sill&auml; ei ole valtavaa pelilistaa, se ansaitsee huomion alkuper&auml;isen videon ansiosta<br>\n <\/span><\/p><p> <span style=\"font-weight: 400;\"><br>\n Genesis-kolikkopelit<br>\n <\/span><\/p><p> <span style=\"font-weight: 400;\"><br>\n  ja joitain niiss&auml; toteutettuja ainutlaatuisia bonusominaisuuksia.<br>\n <\/span><br>\n     Lue my&ouml;s aiheesta:<br>\n <a href=\"https:\/\/australia-casino-review.com\/igrosoft\/\"><br>\n peliautomaatit Igrosoft<br>\n <\/a> <\/p>\n","protected":false},"excerpt":{"rendered":"<p>ENSIMM&Auml;INEN TALLETUSBONUSBonus 100 % ensimm&auml;isest&auml; talletuksesta + 100 ilmaiskierrosta VAATIA BONUS ENSIMM&Auml;INEN TALLETUSBONUSHanki 100 % bonus jopa 1 000 AUD + 100 ilmaiskierrosta VAATIA BONUS Kasinot Genesis Gaming , joka kehitt&auml;&auml; ohjelmistoja online-kasinoille, sijaitsee alan syd&auml;mess&auml; Las Vegasissa. Toimipisteit&auml; on my&ouml;s Lontoossa ja Vancouverissa. Nyky&auml;&auml;n Genesis Gamingilla on maine onnistuneena laadukkaiden ja alkuper&auml;isten videokolikkopelien valmistajana.&hellip;&nbsp;<a href=\"https:\/\/australia-casino-review.com\/fi\/genesis-2\/\" class=\"\" rel=\"bookmark\">Lue lis\u00e4\u00e4 &raquo;<span class=\"screen-reader-text\">Genesis Gaming \u2013 alkuper\u00e4isi\u00e4 ja mielenkiintoisia pelej\u00e4<\/span><\/a><\/p>\n","protected":false},"author":1,"featured_media":0,"parent":0,"menu_order":0,"comment_status":"closed","ping_status":"closed","template":"","meta":{"neve_meta_sidebar":"","neve_meta_container":"","neve_meta_enable_content_width":"","neve_meta_content_width":0,"neve_meta_title_alignment":"","neve_meta_author_avatar":"","neve_post_elements_order":"","neve_meta_disable_header":"","neve_meta_disable_footer":"","neve_meta_disable_title":"","footnotes":""},"class_list":["post-7211","page","type-page","status-publish","hentry"],"aioseo_notices":[],"_links":{"self":[{"href":"https:\/\/australia-casino-review.com\/fi\/wp-json\/wp\/v2\/pages\/7211","targetHints":{"allow":["GET"]}}],"collection":[{"href":"https:\/\/australia-casino-review.com\/fi\/wp-json\/wp\/v2\/pages"}],"about":[{"href":"https:\/\/australia-casino-review.com\/fi\/wp-json\/wp\/v2\/types\/page"}],"author":[{"embeddable":true,"href":"https:\/\/australia-casino-review.com\/fi\/wp-json\/wp\/v2\/users\/1"}],"replies":[{"embeddable":true,"href":"https:\/\/australia-casino-review.com\/fi\/wp-json\/wp\/v2\/comments?post=7211"}],"version-history":[{"count":0,"href":"https:\/\/australia-casino-review.com\/fi\/wp-json\/wp\/v2\/pages\/7211\/revisions"}],"wp:attachment":[{"href":"https:\/\/australia-casino-review.com\/fi\/wp-json\/wp\/v2\/media?parent=7211"}],"curies":[{"name":"wp","href":"https:\/\/api.w.org\/{rel}","templated":true}]}}