{"id":7611,"date":"2023-07-18T01:58:49","date_gmt":"2023-07-17T22:58:49","guid":{"rendered":"https:\/\/australia-casino-review.com\/genesis-2-2\/"},"modified":"2023-07-18T01:58:49","modified_gmt":"2023-07-17T22:58:49","slug":"genesis-2-2","status":"publish","type":"page","link":"https:\/\/australia-casino-review.com\/kz\/genesis-2-2\/","title":{"rendered":"Genesis Gaming \u2013 alkuper\u00e4isi\u00e4 ja mielenkiintoisia pelej\u00e4"},"content":{"rendered":"<?xml encoding=\"utf-8\" ?><p> <span style=\"font-weight: 400;\"><\/span><\/p><link rel=\"stylesheet\" href=\"\/wp-content\/themes\/neve-child\/swiper-bundle.min.css\"><script src=\"\/wp-content\/themes\/neve-child\/swiper-bundle.min.js\"><\/script><div class=\"swiper casino-slider\">\r\n    <div class=\"swiper-wrapper\">\r\n\r\n        <!-- Winspirit -->\r\n        <div class=\"swiper-slide casino-slide\" style=\"background-image: url('https:\/\/australia-casino-review.com\/wp-content\/uploads\/2025\/05\/yosok3bayqsoxelcjxux.webp')\">\r\n            <a href=\"https:\/\/australia-casino-review.com\/go-casino?sub_id_1=winspirit\" class=\"swiper-slide-link\" style=\"position: relative;z-index: 10000;\">\r\n                <div class=\"casino-content\">\r\n                    <img decoding=\"async\" class=\"casino-logo\" src=\"https:\/\/australia-casino-review.com\/wp-content\/uploads\/2025\/05\/spuz0y9gqwphpkzry0dv.webp\" alt=\"Winspirit Logo\">\r\n                    <div class=\"casino-bonus\">&#1041;&#1030;&#1056;&#1030;&#1053;&#1064;&#1030; &#1178;&#1054;&#1057;&#1067;&#1052;&#1064;&#1040; &#1041;&#1054;&#1053;&#1059;&#1057;<br>&#1041;&#1086;&#1085;&#1091;&#1089; 100% &#1073;&#1110;&#1088;&#1110;&#1085;&#1096;&#1110; &#1076;&#1077;&#1087;&#1086;&#1079;&#1080;&#1090;&#1082;&#1077; + 100 &#1090;&#1077;&#1075;&#1110;&#1085; &#1072;&#1081;&#1085;&#1072;&#1083;&#1099;&#1084;<\/div>\r\n                    <span class=\"yellow-btn\">&#1041;&#1054;&#1053;&#1059;&#1057; &#1040;&#1051;&#1059;<\/span>\r\n                <\/div>\r\n            <\/a>\r\n        <\/div>\r\n\r\n        <!-- Rocket Play -->\r\n        <div class=\"swiper-slide casino-slide\" style=\"background-image: url('https:\/\/australia-casino-review.com\/wp-content\/uploads\/2025\/05\/netfidkjat6wovozc5pv.webp')\">\r\n            <a href=\"https:\/\/australia-casino-review.com\/go-casino?sub_id_1=rocketplay\" class=\"swiper-slide-link\" style=\"position: relative;z-index: 10000;\">\r\n                <div class=\"casino-content\">\r\n                    <img decoding=\"async\" class=\"casino-logo\" src=\"https:\/\/australia-casino-review.com\/wp-content\/uploads\/2025\/05\/dl8rtimw8nea9ju9bvor.webp\" alt=\"RocketPlay Logo\">\r\n                    <div class=\"casino-bonus\">&#1041;&#1030;&#1056;&#1030;&#1053;&#1064;&#1030; &#1178;&#1054;&#1057;&#1067;&#1052;&#1064;&#1040; &#1041;&#1054;&#1053;&#1059;&#1057;<br>100% &#1073;&#1086;&#1085;&#1091;&#1089; &#1072;&#1083;&#1099;&#1187;&#1099;&#1079; 1 000 AUD &#1076;&#1077;&#1081;&#1110;&#1085; + 100 &#1090;&#1077;&#1075;&#1110;&#1085; &#1072;&#1081;&#1085;&#1072;&#1083;&#1099;&#1084;<\/div>\r\n                    <span class=\"yellow-btn\">&#1041;&#1054;&#1053;&#1059;&#1057; &#1040;&#1051;&#1059;<\/span>\r\n                <\/div>\r\n            <\/a>\r\n        <\/div>\r\n        \r\n    <\/div>\r\n<\/div><script>\r\n    document.addEventListener(\"DOMContentLoaded\", function() {\r\n        new Swiper(\".casino-slider\", {\r\n            slidesPerView: 1,\r\n            navigation: {\r\n                nextEl: \".swiper-button-next\",\r\n                prevEl: \".swiper-button-prev\",\r\n            },\r\n        });\r\n    });\r\n<\/script><p> <img loading=\"lazy\" decoding=\"async\" class=\"aligncenter size-full wp-image-5014\" src=\"https:\/\/australia-casino-review.com\/wp-content\/uploads\/2022\/08\/genesis-mobile-growth.webp\" alt=\"Genesis Gaming\" width=\"1126\" height=\"328\" srcset=\"https:\/\/australia-casino-review.com\/wp-content\/uploads\/2022\/08\/genesis-mobile-growth.webp 1126w, https:\/\/australia-casino-review.com\/wp-content\/uploads\/2022\/08\/genesis-mobile-growth-300x87.webp 300w, https:\/\/australia-casino-review.com\/wp-content\/uploads\/2022\/08\/genesis-mobile-growth-1024x298.webp 1024w, https:\/\/australia-casino-review.com\/wp-content\/uploads\/2022\/08\/genesis-mobile-growth-768x224.webp 768w\" sizes=\"auto, (max-width: 1126px) 100vw, 1126px\"><br>\n   Kasinot Genesis Gaming<br>\n <\/p><p> <span style=\"font-weight: 400;\"><br>\n   , joka kehitt&auml;&auml; ohjelmistoja online-kasinoille, sijaitsee alan syd&auml;mess&auml; Las Vegasissa. Toimipisteit&auml; on my&ouml;s Lontoossa &#1078;&#1241;&#1085;&#1077; Vancouverissa. Nyky&auml;&auml;n Genesis Gamingilla on maine onnistuneena laadukkaiden &#1078;&#1241;&#1085;&#1077; alkuper&auml;isten videokolikkopelien valmistajana.<br>\n <\/span><\/p><p> <span style=\"font-weight: 400;\"><br>\n   &#1067;&#1088;&#1099;&#1090;&#1099;&#1089; &#1080;&#1083;&#1084;&#1086;&#1080;&#1090;&#1090;&#1072;&#1072; &#1082;&#1077;&#1089;&#1082;&#1080;&#1090;&#1090;&#1080;&#1074;&#1241;&#1085;&#1089;&#1241; &#1090;&#1072;&#1081;&#1089;&#1080;&#1085; &#1087;&#1077;&#1083;&#1080;&#1089;&#1080;&#1089;&#1241;&#1083;&#1083;&#1105;&#1085; &#1083;&#1091;&#1086;&#1084;&#1080;&#1089;&#1077;&#1077;&#1085;, &#1078;&#1086;&#1082;&#1072; &#1086;&#1090;&#1090;&#1072;&#1072; &#1093;&#1091;&#1086;&#1084;&#1080;&#1086;&#1086;&#1085; &#1087;&#1077;&#1083;&#1080;&#1085; &#1082;&#1072;&#1081;&#1082;&#1082;&#1080; &#1090;&#1086;&#1080;&#1074;&#1077;&#1077;&#1090; &#1078;&#1072; &#1090;&#1072;&#1088;&#1087;&#1077;&#1077;&#1090;<br>\n <\/span><\/p><p> <span style=\"font-weight: 400;\"><br>\n   Genesis Gaming &ndash; j&auml;rjestelm&auml;<br>\n <\/span><\/p><p> <span style=\"font-weight: 400;\"><br>\n   , sek&auml; online- ett&auml; oikeat kasinot. Genesis Gamingin arvostelu esittelee sinulle t&auml;m&auml;n mielenkiintoisen yrityksen.<br>\n <\/span><\/p><h2>\n<\/h2><p> <b><br>\n   &#1045;&#1088;&#1080; &#1085;&#1080;&#1084;&#1080;&#1083;&#1083;&#1072;<br>\n <\/b><\/p><p> <span style=\"font-weight: 400;\"><br>\n   On mielenkiintoista huomata se<br>\n <\/span><\/p><p> <span style=\"font-weight: 400;\"><br>\n   Genesis Gaming<br>\n <\/span><\/p><p> <span style=\"font-weight: 400;\"><br>\n    on sis&auml;ll&ouml;ntuottaja monille maailmankuuluille &#1086;&#1085;&#1083;&#1072;&#1081;&#1085;-kasinoohjelmistoyhti&ouml;ille. Siten Genesis Gamingin pelej&auml; l&ouml;ytyy useista toimipisteist&auml; muiden merkkien nimill&auml;. Hyv&auml; esimerkki on Alaxe-videokolikkopeli Zombielandissa, jonka luoja esitt&auml;&auml; Microgaming-yhti&ouml;t&auml;.<br>\n <\/span><\/p><p> <span style=\"font-weight: 400;\"><br>\n   Genesis Gaming julkaisee alkuper&auml;isi&auml; peliautomaatteja upeilla grafiikoilla, j&auml;nnitt&auml;vill&auml; tarinoilla &#1078;&#1241;&#1085;&#1077; innovatiivisilla bonusominaisuuksilla.<br>\n <\/span><\/p><p style=\"text-align: center;\">\n<\/p><p> <a class=\"button button-primary\" href=\"https:\/\/australia-casino-review.com\/go-casino\/\"><br>\n   SAADA &#1041;&#1054;&#1053;&#1059;&#1057;&#1067;<br>\n <\/a><\/p><h2>\n<\/h2><p> <b><br>\n   Lis&auml;&auml; peleist&auml;<br>\n <\/b><\/p><p> <span style=\"font-weight: 400;\"><br>\n   Genesis Gaming kehitt&auml;&auml; boin videokolikkopelej&auml;, jotka voidaan helposti integroida mihin tahansa digitaaliseen alustaan, olipa kseess&auml; sitten online-kasino,<br>\n <\/span><\/p><p> <span style=\"font-weight: 400;\"><br>\n   Paras Genesis Gaming mobiilikasino<br>\n <\/span><\/p><p> <span style=\"font-weight: 400;\"><br>\n   , oikea kasino tai jopa sosiaalinen pelaaminen.<br>\n <\/span><\/p><p> <span style=\"font-weight: 400;\"><br>\n   T&auml;ll&auml; hetkell&auml; Genesis Gamingin valikoimaan kuuluu yli 80 peliautomaattia ja niiden m&auml;&auml;r&auml; kasvaa jatkuvasti. Erikseen on syyt&auml; huomata, ett&auml; kaikilla videokolikkopeleill&auml; on melko omaper&auml;inen tarina, joka tarjoaa mielenkiintoisen ja j&auml;nnitt&auml;v&auml;n pelin. <\/span><\/p><h2>\n<\/h2><p> <b><br>\n   Parhaat videopelit &#1046;&#1072;&#1088;&#1072;&#1090;&#1099;&#1083;&#1099;&#1089;<br>\n <\/b><\/p><p> <span style=\"font-weight: 400;\"><br>\n   Genesiksen uhkapelit saivat suosiota laajan temaattisen valikoiman &#1078;&#1241;&#1085;&#1077; palkintoominaisuuksien ansiosta. Niiden ominaisuuksia ovat alkuper&auml;isten bonuskierrosten l&auml;sn&auml;olo ja suuri m&auml;&auml;r&auml; ilmaiskierroksia. Valmistajan valikoimassa on yhteens&auml; 105 nimikett&auml;:<br>\n <\/span><\/p><ul>\n<li style=\"font-weight: 400;\" aria-level=\"1\">\n<p> <span style=\"font-weight: 400;\"><br>\n   100 videopaikkaa, joista 6 on suunniteltu erityisesti &auml;lypuhelimille;<br>\n <\/span><\/p>\n<\/li>\n<li style=\"font-weight: 400;\" aria-level=\"1\">\n<p> <span style=\"font-weight: 400;\"><br>\n   2 vedonly&ouml;ntiin perustuvaa peli&auml;;<br>\n <\/span><\/p>\n<\/li>\n<li style=\"font-weight: 400;\" aria-level=\"1\">\n<p> <span style=\"font-weight: 400;\"><br>\n   2 &#1078;&#1086;&#1073;&#1072;&#1083;&#1099;&#1179; &#1078;&#1086;&#1073;&#1072;;<br>\n <\/span><\/p>\n<\/li>\n<li style=\"font-weight: 400;\" aria-level=\"1\">\n<p> <span style=\"font-weight: 400;\"><br>\n   1 &#1076;&#1072;&#1085;&#1072;.<br>\n <\/span><\/p>\n<\/li>\n<\/ul><p> <span style=\"font-weight: 400;\"><br>\n   Parhaat Genesis Gaming -pelit<br>\n <\/span><\/p><p> <span style=\"font-weight: 400;\"><br>\n    on demoja, joita voi pelata ilmaiseksi ja ilman rekister&ouml;itymist&auml;. Parhaat esimerkit Genesis-videokolikkopeleist&auml; on koottu kokoelmaan.<br>\n <\/span><\/p><h2>\n<\/h2><p> <b><br>\n   &#1055;&#1077;&#1083;&#1080;&#1072;&#1074;&#1090;&#1086;&#1084;&#1072;&#1072;&#1090;&#1090;&#1080;&#1077;&#1085; &#1090;&#1241;&#1078;&#1110;&#1088;&#1080;&#1073;&#1077;&#1083;&#1110;<br>\n <\/b><\/p><p> <span style=\"font-weight: 400;\"><br>\n   Genesis Gaming -p&ouml;yt&auml;kone<br>\n <\/span><\/p><p> <span style=\"font-weight: 400;\"><br>\n    ja yrityksen koneilleen valitsemien eri teemojen ansiosta jokainen pelaaja l&ouml;yt&auml;&auml; itelleen sopivan projektin. Genesis yritt&auml;&auml; kattaa kaikki pelialan suositut genret, mutta suosii erityisesti tiettyj&auml; teemoja:<br>\n <\/span><\/p><ul>\n<li style=\"font-weight: 400;\" aria-level=\"1\">\n<p> <span style=\"font-weight: 400;\"><br>\n   19 videokolikkopeli&auml; on omistettu el&auml;imille (Cat Kingdom, Panda Pursuit, Savanna King Jackpot);<br>\n <\/span><\/p>\n<\/li>\n<li style=\"font-weight: 400;\" aria-level=\"1\">\n<p> <span style=\"font-weight: 400;\"><br>\n   Id&auml;n tyyliin tehtiin 18 peliautomaattia, mukaan lukien koneet Kiinan keisareista ja temppeleist&auml;, samuraista ja geisoista (Fa-Fa-Fa, Cai Shenin omaisuus, Gongxi Facai);<br>\n <\/span><\/p>\n<\/li>\n<li style=\"font-weight: 400;\" aria-level=\"1\">\n<p> <span style=\"font-weight: 400;\"><br>\n   Erityinen suunta aasialaisten teemojen kehityksess&auml; ovat olleet lohik&auml;&auml;rmeist&auml; kertovat peliautomaatit (Dragons Scroll, Lucky Dragon Boat, Fortune Turtle) &ndash; yhteens&auml; 8 peli&auml;;<br>\n <\/span><\/p>\n<\/li>\n<li style=\"font-weight: 400;\" aria-level=\"1\">\n<p> <span style=\"font-weight: 400;\"><br>\n   Historiallisia videokolikkopelej&auml; muinaisista sivilisaatioista &#1078;&#1241;&#1085;&#1077; suurista valloituksista (&#1042;&#1080;&#1082;&#1080;&#1085;&#1075; &#1179;&#1072;&#1079;&#1099;&#1085;&#1072;&#1083;&#1072;&#1088;&#1099;, &#1057;&#1072;&#1093;&#1072;&#1088;&#1072; &#1087;&#1072;&#1090;&#1096;&#1072;&#1081;&#1099;&#1084;&#1099;, &#1054;&#1088;&#1080;&#1086;&#1085;). <\/span><\/p>\n<\/li>\n<li style=\"font-weight: 400;\" aria-level=\"1\">\n<p> <span style=\"font-weight: 400;\"><br>\n   &#1059;&#1088;&#1093;&#1077;&#1081;&#1083;&#1091;&#1072;, &#1090;&#1072;&#1081;&#1082;&#1091;&#1090;&#1090;&#1072;. Loput peliautomaateista on tehty taikouden, urheilun, fantasia ja niin edelleen tyyleill&auml;.<br>\n <\/span><\/p>\n<\/li>\n<\/ul><p> <span style=\"font-weight: 400;\"><br>\n   My&ouml;s kokoelmassa on urheiluaiheisia pelej&auml;, kolikkopelej&auml; taikuudesta ja fantasiamaailmoista, supersankareista, vampyyreist&auml; ja merirosvoista. Usein Genesis yhdist&auml;&auml; useita genre-ominaisuuksia yhdess&auml; nimikkeess&auml; monipuolistaakseen omaa sis&auml;lt&ouml;&auml;&auml;n mahdollisimman paljon.<br>\n <\/span><\/p><p> <b><\/b><\/p><p> <img loading=\"lazy\" decoding=\"async\" class=\"aligncenter size-full wp-image-5015\" src=\"https:\/\/australia-casino-review.com\/wp-content\/uploads\/2022\/08\/5d19d586c420552b25edf49c_genesisgaming2.jpg\" alt=\"Genesis Gaming Slots \" width=\"1024\" height=\"272\" srcset=\"https:\/\/australia-casino-review.com\/wp-content\/uploads\/2022\/08\/5d19d586c420552b25edf49c_genesisgaming2.jpg 1024w, https:\/\/australia-casino-review.com\/wp-content\/uploads\/2022\/08\/5d19d586c420552b25edf49c_genesisgaming2-300x80.jpg 300w, https:\/\/australia-casino-review.com\/wp-content\/uploads\/2022\/08\/5d19d586c420552b25edf49c_genesisgaming2-768x204.jpg 768w\" sizes=\"auto, (max-width: 1024px) 100vw, 1024px\"><\/p><p> <\/p><h2>\n<\/h2><p> <b><br>\n   Pelaa Genesis-kolikkopelej&auml; &#1086;&#1085;&#1083;&#1072;&#1081;&#1085;-kasinoilla<br>\n <\/b><\/p><p> <span style=\"font-weight: 400;\"><br>\n   &#1055;&#1080;&#1082;&#1072;&#1087;&#1077;&#1083;&#1080;&#1090;. Kaksi pikapelien genren proektia edustavat aikajanat Flash Track ja Quiz 7. Molemmat on suunniteltu nopeaan voittoon, mutta ne toteutetaan eri tyyleill&auml;. Ensimm&auml;isess&auml; peliss&auml; sinun on valittava auto luettelosta ja toivottava, ett&auml; se voittaa. Pelaajan valinta arvioidaan auton v&auml;rin ja mallin perusteella. Toisessa vedonly&ouml;ntiin perustuvassa projektissa k&auml;ytet&auml;&auml;n perinteisi&auml; korttisymboleja. Pelaajan on arvattava jakajan kortin v&auml;ri tai puku. Korkeammilla kertoimilla on mahdollista ly&ouml;d&auml; vetoa jokeriheitosta.<br>\n <\/span><\/p><p> <span style=\"font-weight: 400;\"><br>\n   &#1042;&#1080;&#1076;&#1077;&#1086;&#1087;&#1083;&#1080;&#1090;&#1072;&#1085;&#1099; &#1078;&#1072;&#1083;&#1171;&#1072; &#1072;&#1083;&#1091;. Sea Raider &#1078;&#1241;&#1085;&#1077; Bubble Fortune. Sea Raiderissa sinun on ammuttava ohi kulkevia kaloja, saalistajia ja arkkuja. Pisteit&auml; ansaitaan osmalla esineeseen ja kulutetaan laukauksiin. Fortune of Bubblesissa sinun on myos ammuttava, mutta t&auml;ll&auml; keraa ilmapalloja. &#1058;&#1072;&#1089;&#1086;&#1078;&#1077;&#1085; &#1083;&#1241;&#1087;&#1241;&#1080;&#1089;&#1077;&#1084;&#1080;&#1089;&#1077;&#1082;&#1089;&#1080; &#1089;&#1080;&#1085;&#1091;&#1085; &#1086;&#1085; &#1090;&#1099;&#1093;&#1078;&#1077;&#1085;&#1085;&#1077;&#1090;&#1090;&#1241;&#1074;&#1241; &#1082;&#1077;&#1085;&#1090;&#1090;&#1241; &#1082;&#1086;&#1082;&#1086;&#1085;&#1072;&#1072;&#1085;, &#1084;&#1080;&#1089;&#1090;&#1241; &#1087;&#1080;&#1089;&#1090;&#1077;&#1080;&#1090;&#1241; &#1084;&#1080;&#1086;&#1085;&#1085;&#1077;&#1090;&#1241;&#1241;&#1085;.<br>\n <\/span><\/p><p> <span style=\"font-weight: 400;\"><br>\n   &#1054;&#1085;&#1083;&#1072;&#1081;&#1085; Blackjack. Sovellus Zombie Blackjack tyylitelty zombie-kauhu, joka on inkarnaatio suositusta korttipeli blackjackista. &#1057;&#1241;&#1241;&#1085;&#1085;&#1257;&#1090; &#1101;&#1081;&#1074;&#1241;&#1090; &#1086;&#1083;&#1077; &#1084;&#1091;&#1091;&#1090;&#1090;&#1091;&#1085;&#1077;&#1077;&#1090; &#1078;&#1072; &#1086;&#1074;&#1072;&#1090; &#1081;&#1084;&#1084;&#1241;&#1088;&#1088;&#1077;&#1090;&#1090;&#1241;&#1074;&#1080;&#1103; jopa aloittelijalle, ja ep&auml;tavallinen tyyli antaa proktille erityisen vieh&auml;tyksen ja l&ouml;yt&auml;&auml; varmasti vastauksen kauhuelokuvien fanien syd&auml;miin. <\/span><\/p><p style=\"text-align: center;\">\n<\/p><p> <a class=\"button button-primary\" href=\"https:\/\/australia-casino-review.com\/go-casino\/\"><br>\n   SAADA &#1041;&#1054;&#1053;&#1059;&#1057;<br>\n <\/a><\/p><h2>\n<\/h2><p> <b><br>\n   Johtop&auml;&auml;t&ouml;s<br>\n <\/b><\/p><p> <span style=\"font-weight: 400;\"><br>\n   Huolimatta siit&auml;, ett&auml; yrityksen ohjelmistokehitt&auml;j&auml; Genesis Gaming on v&auml;h&auml;n tunnettu yleisten pelaajien keskuudessa ja sill&auml; ei ole valtavaa pelilistaa, se ansaitsee huomion alkuper&auml;isen videon ansiosta<br>\n <\/span><\/p><p> <span style=\"font-weight: 400;\"><br>\n   Genesis-kolikkopelit<br>\n <\/span><\/p><p> <span style=\"font-weight: 400;\"><br>\n    ja joitain niiss&auml; toteutettuja ainutlaatuisia bonusominaisuuksia.<br>\n <\/span><br>\n       Lue my&ouml;s aiheesta:<br>\n <a href=\"https:\/\/australia-casino-review.com\/igrosoft\/\"><br>\n   peliautomaatit Igrosoft<br>\n <\/a> <\/p>\n","protected":false},"excerpt":{"rendered":"<p>&#1041;&#1030;&#1056;&#1030;&#1053;&#1064;&#1030; &#1178;&#1054;&#1057;&#1067;&#1052;&#1064;&#1040; &#1041;&#1054;&#1053;&#1059;&#1057;&#1041;&#1086;&#1085;&#1091;&#1089; 100% &#1073;&#1110;&#1088;&#1110;&#1085;&#1096;&#1110; &#1076;&#1077;&#1087;&#1086;&#1079;&#1080;&#1090;&#1082;&#1077; + 100 &#1090;&#1077;&#1075;&#1110;&#1085; &#1072;&#1081;&#1085;&#1072;&#1083;&#1099;&#1084; &#1041;&#1054;&#1053;&#1059;&#1057; &#1040;&#1051;&#1059; &#1041;&#1030;&#1056;&#1030;&#1053;&#1064;&#1030; &#1178;&#1054;&#1057;&#1067;&#1052;&#1064;&#1040; &#1041;&#1054;&#1053;&#1059;&#1057;100% &#1073;&#1086;&#1085;&#1091;&#1089; &#1072;&#1083;&#1099;&#1187;&#1099;&#1079; 1 000 AUD &#1076;&#1077;&#1081;&#1110;&#1085; + 100 &#1090;&#1077;&#1075;&#1110;&#1085; &#1072;&#1081;&#1085;&#1072;&#1083;&#1099;&#1084; &#1041;&#1054;&#1053;&#1059;&#1057; &#1040;&#1051;&#1059; Kasinot Genesis Gaming , joka kehitt&auml;&auml; ohjelmistoja online-kasinoille, sijaitsee alan syd&auml;mess&auml; Las Vegasissa. Toimipisteit&auml; on my&ouml;s Lontoossa &#1078;&#1241;&#1085;&#1077; Vancouverissa. Nyky&auml;&auml;n Genesis Gamingilla on maine onnistuneena laadukkaiden &#1078;&#1241;&#1085;&#1077; alkuper&auml;isten&hellip;&nbsp;<a href=\"https:\/\/australia-casino-review.com\/kz\/genesis-2-2\/\" class=\"\" rel=\"bookmark\">Read More &raquo;<span class=\"screen-reader-text\">Genesis Gaming \u2013 alkuper\u00e4isi\u00e4 ja mielenkiintoisia pelej\u00e4<\/span><\/a><\/p>\n","protected":false},"author":1,"featured_media":0,"parent":0,"menu_order":0,"comment_status":"closed","ping_status":"closed","template":"","meta":{"neve_meta_sidebar":"","neve_meta_container":"","neve_meta_enable_content_width":"","neve_meta_content_width":0,"neve_meta_title_alignment":"","neve_meta_author_avatar":"","neve_post_elements_order":"","neve_meta_disable_header":"","neve_meta_disable_footer":"","neve_meta_disable_title":"","footnotes":""},"class_list":["post-7611","page","type-page","status-publish","hentry"],"aioseo_notices":[],"_links":{"self":[{"href":"https:\/\/australia-casino-review.com\/kz\/wp-json\/wp\/v2\/pages\/7611","targetHints":{"allow":["GET"]}}],"collection":[{"href":"https:\/\/australia-casino-review.com\/kz\/wp-json\/wp\/v2\/pages"}],"about":[{"href":"https:\/\/australia-casino-review.com\/kz\/wp-json\/wp\/v2\/types\/page"}],"author":[{"embeddable":true,"href":"https:\/\/australia-casino-review.com\/kz\/wp-json\/wp\/v2\/users\/1"}],"replies":[{"embeddable":true,"href":"https:\/\/australia-casino-review.com\/kz\/wp-json\/wp\/v2\/comments?post=7611"}],"version-history":[{"count":0,"href":"https:\/\/australia-casino-review.com\/kz\/wp-json\/wp\/v2\/pages\/7611\/revisions"}],"wp:attachment":[{"href":"https:\/\/australia-casino-review.com\/kz\/wp-json\/wp\/v2\/media?parent=7611"}],"curies":[{"name":"wp","href":"https:\/\/api.w.org\/{rel}","templated":true}]}}