{"id":11813,"date":"2023-08-23T21:47:33","date_gmt":"2023-08-23T18:47:33","guid":{"rendered":"https:\/\/australia-casino-review.com\/75-free-spins-2\/"},"modified":"2023-08-23T21:47:33","modified_gmt":"2023-08-23T18:47:33","slug":"75-free-spins-2","status":"publish","type":"page","link":"https:\/\/australia-casino-review.com\/pl\/75-free-spins-2\/","title":{"rendered":"Oko\u0142o 75 darmowych spin\u00f3w bez bonus\u00f3w depozytowych"},"content":{"rendered":"<?xml encoding=\"utf-8\" ?><p> <span style=\"font-weight: 400;\"><\/span><\/p><link rel=\"stylesheet\" href=\"\/wp-content\/themes\/neve-child\/swiper-bundle.min.css\"><script src=\"\/wp-content\/themes\/neve-child\/swiper-bundle.min.js\"><\/script><div class=\"swiper casino-slider\">\r\n    <div class=\"swiper-wrapper\">\r\n\r\n        <!-- Winspirit -->\r\n        <div class=\"swiper-slide casino-slide\" style=\"background-image: url('https:\/\/australia-casino-review.com\/wp-content\/uploads\/2025\/05\/yosok3bayqsoxelcjxux.webp')\">\r\n            <a href=\"https:\/\/australia-casino-review.com\/go-casino?sub_id_1=winspirit\" class=\"swiper-slide-link\" style=\"position: relative;z-index: 10000;\">\r\n                <div class=\"casino-content\">\r\n                    <img decoding=\"async\" class=\"casino-logo\" src=\"https:\/\/australia-casino-review.com\/wp-content\/uploads\/2025\/05\/spuz0y9gqwphpkzry0dv.webp\" alt=\"Winspirit Logo\">\r\n                    <div class=\"casino-bonus\">BONUS PRZY PIERWSZEJ WP&#321;ACIE<br>Bonus 100% za pierwsz&#261; wp&#322;at&#281; + 100 darmowych spin&oacute;w<\/div>\r\n                    <span class=\"yellow-btn\">ZGARNIJ BONUS<\/span>\r\n                <\/div>\r\n            <\/a>\r\n        <\/div>\r\n\r\n        <!-- Rocket Play -->\r\n        <div class=\"swiper-slide casino-slide\" style=\"background-image: url('https:\/\/australia-casino-review.com\/wp-content\/uploads\/2025\/05\/netfidkjat6wovozc5pv.webp')\">\r\n            <a href=\"https:\/\/australia-casino-review.com\/go-casino?sub_id_1=rocketplay\" class=\"swiper-slide-link\" style=\"position: relative;z-index: 10000;\">\r\n                <div class=\"casino-content\">\r\n                    <img decoding=\"async\" class=\"casino-logo\" src=\"https:\/\/australia-casino-review.com\/wp-content\/uploads\/2025\/05\/dl8rtimw8nea9ju9bvor.webp\" alt=\"RocketPlay Logo\">\r\n                    <div class=\"casino-bonus\">BONUS PRZY PIERWSZEJ WP&#321;ACIE<br>Otrzymaj 100% bonus do 1000 AUD + 100 darmowych spin&oacute;w<\/div>\r\n                    <span class=\"yellow-btn\">ZGARNIJ BONUS<\/span>\r\n                <\/div>\r\n            <\/a>\r\n        <\/div>\r\n        \r\n    <\/div>\r\n<\/div><script>\r\n    document.addEventListener(\"DOMContentLoaded\", function() {\r\n        new Swiper(\".casino-slider\", {\r\n            slidesPerView: 1,\r\n            navigation: {\r\n                nextEl: \".swiper-button-next\",\r\n                prevEl: \".swiper-button-prev\",\r\n            },\r\n        });\r\n    });\r\n<\/script><p> <img loading=\"lazy\" decoding=\"async\" class=\"aligncenter size-full wp-image-5212\" src=\"https:\/\/australia-casino-review.com\/wp-content\/uploads\/2022\/09\/free-spins-1.jpg\" alt=\"75 free spins\" width=\"800\" height=\"450\" srcset=\"https:\/\/australia-casino-review.com\/wp-content\/uploads\/2022\/09\/free-spins-1.jpg 800w, https:\/\/australia-casino-review.com\/wp-content\/uploads\/2022\/09\/free-spins-1-300x169.jpg 300w, https:\/\/australia-casino-review.com\/wp-content\/uploads\/2022\/09\/free-spins-1-768x432.jpg 768w\" sizes=\"auto, (max-width: 800px) 100vw, 800px\"><\/p><p> <\/p><p> <span style=\"font-weight: 400;\"><br>\n 75 darmowych spin&oacute;w bez depozytu Australia<br>\n <\/span><\/p><p> <span style=\"font-weight: 400;\"><br>\n  to seria dodatkowych rund. S&#261; one przekazywane graczom zak&#322;adu hazardowego w formie bonus&oacute;w. Mo&#380;na ich u&#380;ywa&#263; tylko w okre&#347;lonych grach. Aby otrzyma&#263; prezent konieczne jest wykonanie nast&#281;puj&#261;cych czynno&#347;ci na stronie:<br>\n <\/span><\/p><ul>\n<li style=\"font-weight: 400;\" aria-level=\"1\">\n<p> <span style=\"font-weight: 400;\"><br>\n 75 darmowych spin&oacute;w przy rejestracji bez depozytu;<br>\n <\/span><\/p>\n<\/li>\n<li style=\"font-weight: 400;\" aria-level=\"1\">\n<p> <span style=\"font-weight: 400;\"><br>\n udzia&#322; w promocjach;<br>\n <\/span><\/p>\n<\/li>\n<li style=\"font-weight: 400;\" aria-level=\"1\">\n<p> <span style=\"font-weight: 400;\"><br>\n pobranie i instalacja aplikacji mobilnej klubu internetowego.<br>\n <\/span><\/p>\n<\/li>\n<li style=\"font-weight: 400;\" aria-level=\"1\">\n<p> <span style=\"font-weight: 400;\"><br>\n 75 darmowych spin&oacute;w przy rejestracji bez depozytu<br>\n <\/span><\/p>\n<p> <span style=\"font-weight: 400;\"><br>\n s&#261; zapisywane automatycznie. Z ich pomoc&#261; mo&#380;esz zdoby&#263; dodatkowe wygrane bez konieczno&#347;ci uzupe&#322;niania konta w grze. Przed skorzystaniem z tego czy innego rodzaju bez depozytu wa&#380;ne jest, aby klient kasyna online przestrzega&#322; kilku zasad:<br>\n <\/span><\/p>\n<\/li>\n<li style=\"font-weight: 400;\" aria-level=\"1\">\n<p> <span style=\"font-weight: 400;\"><br>\n by&#263; doros&#322;ym u&#380;ytkownikiem;<br>\n <\/span><\/p>\n<\/li>\n<li style=\"font-weight: 400;\" aria-level=\"1\">\n<p> <span style=\"font-weight: 400;\"><br>\n posiada&#263; tylko jedno konto w konkretnym salonie gier;<br>\n <\/span><\/p>\n<\/li>\n<li style=\"font-weight: 400;\" aria-level=\"1\">\n<p> <span style=\"font-weight: 400;\"><br>\n podaj na etapie rejestracji wiarygodne informacje o Twojej osobie (musz&#261; by&#263; zgodne z danymi paszportowymi).<br>\n <\/span><\/p>\n<\/li>\n<\/ul><p> <span style=\"font-weight: 400;\"><br>\n W przypadku korzystania z bonus&oacute;w bez depozytu mo&#380;e obowi&#261;zywa&#263; kolejna obowi&#261;zkowa zasada &ndash; minimalny depozyt przed wyp&#322;at&#261; &#347;rodk&oacute;w. Jest to konieczne, aby administracja wirtualnego kasyna mog&#322;a upewni&#263; si&#281;, &#380;e gracz jest prawdziw&#261; osob&#261; posiadaj&#261;c&#261; wa&#380;n&#261; kart&#281; bankow&#261; lub istniej&#261;cy portfel elektroniczny.<br>\n <\/span><\/p><p style=\"text-align: center;\">\n <!-- Shortcode is missing \"name\" attribute -->\n <\/p><h2>\n<\/h2><p> <span style=\"font-weight: 400;\"><br>\n Jak mog&#281; odebra&#263; 75 darmowych spin&oacute;w?<br>\n <\/span><\/p><p> <span style=\"font-weight: 400;\"><br>\n Dla<br>\n <\/span><\/p><p> <span style=\"font-weight: 400;\"><br>\n 75 darmowych spin&oacute;w w kasynie bez depozytu<br>\n <\/span><\/p><p> <span style=\"font-weight: 400;\"><br>\n , u&#380;ytkownik potrzebuje:<br>\n <\/span><\/p><ul>\n<li style=\"font-weight: 400;\" aria-level=\"1\">\n<p> <span style=\"font-weight: 400;\"><br>\n Zapoznaj si&#281; z regulaminem (lepiej zrobi&#263; to na oficjalnej stronie internetowej zak&#322;adu hazardowego, gdzie jest wi&#281;ksze prawdopodobie&#324;stwo przedstawienia rzetelnych i aktualnych informacji ni&#380; w innych zasobach Internetu).<br>\n <\/span><\/p>\n<\/li>\n<li style=\"font-weight: 400;\" aria-level=\"1\">\n<p> <span style=\"font-weight: 400;\"><br>\n Zarejestruj si&#281; w dowolny dogodny spos&oacute;b &ndash; mailowo, korzystaj&#261;c z numeru telefonu kontaktowego lub korzystaj&#261;c z konta s&#322;u&#380;bowego w serwisie spo&#322;eczno&#347;ciowym. <\/span><\/p>\n<\/li>\n<li style=\"font-weight: 400;\" aria-level=\"1\">\n<p> <span style=\"font-weight: 400;\"><br>\n Potwierd&#378; swoj&#261; twarz za pomoc&#261; weryfikacji (musisz przedstawi&#263; oficjalny dokument lub prawo jazdy operatorom pomocy technicznej).<br>\n <\/span><\/p>\n<\/li>\n<li style=\"font-weight: 400;\" aria-level=\"1\">\n<p> <span style=\"font-weight: 400;\"><br>\n Nast&#281;pnie zdob&#261;d&#378;<br>\n <\/span><\/p>\n<p> <span style=\"font-weight: 400;\"><br>\n  75 darmowych spin&oacute;w bez depozytu.<br>\n <\/span><\/p>\n<\/li>\n<\/ul><h2>\n<\/h2><p> <span style=\"font-weight: 400;\"><br>\n 75 darmowych spin&oacute;w bez miejsc depozytowych<br>\n <\/span><\/p><p> <span style=\"font-weight: 400;\"><br>\n Pami&#281;ta&#263;:<br>\n <\/span><\/p><ul>\n<li style=\"font-weight: 400;\" aria-level=\"1\">\n<p> <span style=\"font-weight: 400;\"><br>\n Warunki obstawiania (zwykle s&#261; kr&oacute;tkie, dlatego wa&#380;ne jest, aby zd&#261;&#380;y&#263; na czas, aby tera&#378;niejszo&#347;&#263; si&#281; nie wypali&#322;a).<br>\n <\/span><\/p>\n<\/li>\n<li style=\"font-weight: 400;\" aria-level=\"1\">\n<p> <span style=\"font-weight: 400;\"><br>\n Ograniczenia w grach (wygranie prezentu jest czasami mo&#380;liwe tylko w niekt&oacute;rych automatach).<br>\n <\/span><\/p>\n<\/li>\n<li style=\"font-weight: 400;\" aria-level=\"1\">\n<p> <span style=\"font-weight: 400;\"><br>\n Wielko&#347;&#263; najwy&#380;szego zak&#322;adu (istotne jest zwr&oacute;cenie uwagi na okre&#347;lone limity).<br>\n <\/span><\/p>\n<\/li>\n<\/ul><p> <span style=\"font-weight: 400;\"><br>\n Zaleca si&#281; wzi&#281;cie pod uwag&#281;, czy wielko&#347;&#263; maksymalnych wygranych jest ograniczona warunkami kasyna online. Zwykle w jednym wniosku o wyp&#322;at&#281; mo&#380;na okre&#347;li&#263; tylko cz&#281;&#347;&#263; wygranych pieni&#281;dzy do wyp&#322;aty. Wszystkie te niuanse mo&#380;esz przeczyta&#263; w recenzjach kasyn online z portalu ze-casino.com<br>\n <\/span><\/p><p> <span style=\"font-weight: 400;\"><\/span><\/p><p> <img loading=\"lazy\" decoding=\"async\" class=\"aligncenter size-full wp-image-5213\" src=\"https:\/\/australia-casino-review.com\/wp-content\/uploads\/2022\/09\/free-spins-no-deposit.png\" alt=\"75 free spins no deposit\" width=\"800\" height=\"400\" srcset=\"https:\/\/australia-casino-review.com\/wp-content\/uploads\/2022\/09\/free-spins-no-deposit.png 800w, https:\/\/australia-casino-review.com\/wp-content\/uploads\/2022\/09\/free-spins-no-deposit-300x150.png 300w, https:\/\/australia-casino-review.com\/wp-content\/uploads\/2022\/09\/free-spins-no-deposit-768x384.png 768w\" sizes=\"auto, (max-width: 800px) 100vw, 800px\"><\/p><p> <\/p><h2>\n<\/h2><p> <span style=\"font-weight: 400;\"><br>\n Cz&#281;sto zadawane pytania<br>\n <\/span><\/p><h3>\n<\/h3><p> <span style=\"font-weight: 400;\"><br>\n Jak wykorzysta&#263; dodatkowe rundy?<br>\n <\/span><\/p><p> <span style=\"font-weight: 400;\"><br>\n Zasada zak&#322;ad&oacute;w bez depozytu polega na spe&#322;nieniu warunk&oacute;w zak&#322;adu. Zwykle jest on podawany jako mno&#380;nik (na przyk&#322;ad x30). Oznacza to, &#380;e gracz musi zakr&#281;ci&#263; promocj&#261; 30 razy na konkretnym automacie, po czym nagroda pieni&#281;&#380;na stanie si&#281; dost&#281;pna do odbioru. Je&#347;li nie odzyskasz prezentu na czas, dodatkowe &#347;rodki zostan&#261; anulowane. Je&#347;li gracz zrozumie, &#380;e w chwili obecnej nie b&#281;dzie m&oacute;g&#322; gra&#263;, to lepiej odm&oacute;wi&#263; przyj&#281;cia promocji lub poczeka&#263;, a&#380; wyga&#347;nie.<br>\n <\/span><\/p><p style=\"text-align: center;\">\n <!-- Shortcode is missing \"name\" attribute -->\n <\/p><h3>\n<\/h3><p> <span style=\"font-weight: 400;\"><br>\n Jak kasyna zarabiaj&#261; na bonusie?<br>\n <\/span><\/p><p> <span style=\"font-weight: 400;\"><br>\n Chocia&#380; kasyna rozdaj&#261; swoim klientom prezenty bez konieczno&#347;ci uzupe&#322;niania zapas&oacute;w, zak&#322;ady hazardowe pozostaj&#261; na minusie. W niekt&oacute;rych wirtualnych klubach kwota wygrana dzi&#281;ki dodatkowym darmowym rundom nie osi&#261;ga kwoty, kt&oacute;r&#261; mo&#380;na wyp&#322;aci&#263;. Dlatego mo&#380;e by&#263; konieczne wp&#322;ata &#347;rodk&oacute;w, kt&oacute;re nie wystarcz&#261; do wyp&#322;aty. Dlatego gracz b&#281;dzie musia&#322; wp&#322;aci&#263; wymagan&#261; kwot&#281; lub kontynuowa&#263; gr&#281;.<br>\n <\/span><\/p><h3>\n<\/h3><p> <span style=\"font-weight: 400;\"><br>\n Czy mog&#281; otrzyma&#263; bonus za rejestracj&#281; wielokrotnie?<br>\n <\/span><\/p><p> <span style=\"font-weight: 400;\"><br>\n Prezent jest wyp&#322;acany graczom tylko raz, wi&#281;c nie b&#281;dzie mo&#380;liwo&#347;ci jego ponownego otrzymania. Wynika to z faktu, &#380;e tworzenie multikont jest zabronione w kasynach online, wi&#281;c nie ma sensu rejestrowa&#263; kilku kont, aby nie otrzyma&#263; depozytu. Mo&#380;esz sta&#263; si&#281; posiadaczem nowego bonusu bez depozytu, je&#347;li skorzystasz ze specjalnego kodu promocyjnego, kt&oacute;ry znajdziesz w zasobach tematycznych lub otrzymasz e-mailem, w wiadomo&#347;ci SMS.<br>\n <\/span><\/p><p> <span style=\"font-weight: 400;\"><br>\n Sprawd&#378; oferty bonusowe popularnych zak&#322;ad&oacute;w hazardowych i dowiedz si&#281;, gdzie mo&#380;esz uzyska&#263; dochodowe bezp&#322;atne oferty z witryn hazardowych do dalszego wykorzystania z maksymalnymi korzy&#347;ciami dla siebie. Teraz jest du&#380;a konkurencja, wi&#281;c kasyna konkuruj&#261; ze sob&#261; i walcz&#261; o ka&#380;dego klienta.<br>\n <\/span><br>\n     Przeczytaj tak&#380;e o:<br>\n <a href=\"https:\/\/australia-casino-review.com\/60-free-spins\/\"><br>\n 60 darmowych spin&oacute;w<br>\n <\/a> <\/p>\n","protected":false},"excerpt":{"rendered":"<p>BONUS PRZY PIERWSZEJ WP&#321;ACIEBonus 100% za pierwsz&#261; wp&#322;at&#281; + 100 darmowych spin&oacute;w ZGARNIJ BONUS BONUS PRZY PIERWSZEJ WP&#321;ACIEOtrzymaj 100% bonus do 1000 AUD + 100 darmowych spin&oacute;w ZGARNIJ BONUS 75 darmowych spin&oacute;w bez depozytu Australia to seria dodatkowych rund. S&#261; one przekazywane graczom zak&#322;adu hazardowego w formie bonus&oacute;w. Mo&#380;na ich u&#380;ywa&#263; tylko w okre&#347;lonych grach.&hellip;&nbsp;<a href=\"https:\/\/australia-casino-review.com\/pl\/75-free-spins-2\/\" class=\"\" rel=\"bookmark\">Czytaj dalej &raquo;<span class=\"screen-reader-text\">Oko\u0142o 75 darmowych spin\u00f3w bez bonus\u00f3w depozytowych<\/span><\/a><\/p>\n","protected":false},"author":1,"featured_media":0,"parent":0,"menu_order":0,"comment_status":"closed","ping_status":"closed","template":"","meta":{"neve_meta_sidebar":"","neve_meta_container":"","neve_meta_enable_content_width":"","neve_meta_content_width":0,"neve_meta_title_alignment":"","neve_meta_author_avatar":"","neve_post_elements_order":"","neve_meta_disable_header":"","neve_meta_disable_footer":"","neve_meta_disable_title":"","footnotes":""},"class_list":["post-11813","page","type-page","status-publish","hentry"],"aioseo_notices":[],"_links":{"self":[{"href":"https:\/\/australia-casino-review.com\/pl\/wp-json\/wp\/v2\/pages\/11813","targetHints":{"allow":["GET"]}}],"collection":[{"href":"https:\/\/australia-casino-review.com\/pl\/wp-json\/wp\/v2\/pages"}],"about":[{"href":"https:\/\/australia-casino-review.com\/pl\/wp-json\/wp\/v2\/types\/page"}],"author":[{"embeddable":true,"href":"https:\/\/australia-casino-review.com\/pl\/wp-json\/wp\/v2\/users\/1"}],"replies":[{"embeddable":true,"href":"https:\/\/australia-casino-review.com\/pl\/wp-json\/wp\/v2\/comments?post=11813"}],"version-history":[{"count":0,"href":"https:\/\/australia-casino-review.com\/pl\/wp-json\/wp\/v2\/pages\/11813\/revisions"}],"wp:attachment":[{"href":"https:\/\/australia-casino-review.com\/pl\/wp-json\/wp\/v2\/media?parent=11813"}],"curies":[{"name":"wp","href":"https:\/\/api.w.org\/{rel}","templated":true}]}}