{"id":11936,"date":"2023-08-23T21:56:56","date_gmt":"2023-08-23T18:56:56","guid":{"rendered":"https:\/\/australia-casino-review.com\/shuffle-master-2\/"},"modified":"2023-08-23T21:56:56","modified_gmt":"2023-08-23T18:56:56","slug":"shuffle-master-2","status":"publish","type":"page","link":"https:\/\/australia-casino-review.com\/pl\/shuffle-master-2\/","title":{"rendered":"Przegl\u0105d g\u0142\u00f3wnego dostawcy losowego"},"content":{"rendered":"<?xml encoding=\"utf-8\" ?><p> <span style=\"font-weight: 400;\"><\/span><\/p><link rel=\"stylesheet\" href=\"\/wp-content\/themes\/neve-child\/swiper-bundle.min.css\"><script src=\"\/wp-content\/themes\/neve-child\/swiper-bundle.min.js\"><\/script><div class=\"swiper casino-slider\">\r\n    <div class=\"swiper-wrapper\">\r\n\r\n        <!-- Winspirit -->\r\n        <div class=\"swiper-slide casino-slide\" style=\"background-image: url('https:\/\/australia-casino-review.com\/wp-content\/uploads\/2025\/05\/yosok3bayqsoxelcjxux.webp')\">\r\n            <a href=\"https:\/\/australia-casino-review.com\/go-casino?sub_id_1=winspirit\" class=\"swiper-slide-link\" style=\"position: relative;z-index: 10000;\">\r\n                <div class=\"casino-content\">\r\n                    <img decoding=\"async\" class=\"casino-logo\" src=\"https:\/\/australia-casino-review.com\/wp-content\/uploads\/2025\/05\/spuz0y9gqwphpkzry0dv.webp\" alt=\"Winspirit Logo\">\r\n                    <div class=\"casino-bonus\">BONUS PRZY PIERWSZEJ WP&#321;ACIE<br>Bonus 100% za pierwsz&#261; wp&#322;at&#281; + 100 darmowych spin&oacute;w<\/div>\r\n                    <span class=\"yellow-btn\">ZGARNIJ BONUS<\/span>\r\n                <\/div>\r\n            <\/a>\r\n        <\/div>\r\n\r\n        <!-- Rocket Play -->\r\n        <div class=\"swiper-slide casino-slide\" style=\"background-image: url('https:\/\/australia-casino-review.com\/wp-content\/uploads\/2025\/05\/netfidkjat6wovozc5pv.webp')\">\r\n            <a href=\"https:\/\/australia-casino-review.com\/go-casino?sub_id_1=rocketplay\" class=\"swiper-slide-link\" style=\"position: relative;z-index: 10000;\">\r\n                <div class=\"casino-content\">\r\n                    <img decoding=\"async\" class=\"casino-logo\" src=\"https:\/\/australia-casino-review.com\/wp-content\/uploads\/2025\/05\/dl8rtimw8nea9ju9bvor.webp\" alt=\"RocketPlay Logo\">\r\n                    <div class=\"casino-bonus\">BONUS PRZY PIERWSZEJ WP&#321;ACIE<br>Otrzymaj 100% bonus do 1000 AUD + 100 darmowych spin&oacute;w<\/div>\r\n                    <span class=\"yellow-btn\">ZGARNIJ BONUS<\/span>\r\n                <\/div>\r\n            <\/a>\r\n        <\/div>\r\n        \r\n    <\/div>\r\n<\/div><script>\r\n    document.addEventListener(\"DOMContentLoaded\", function() {\r\n        new Swiper(\".casino-slider\", {\r\n            slidesPerView: 1,\r\n            navigation: {\r\n                nextEl: \".swiper-button-next\",\r\n                prevEl: \".swiper-button-prev\",\r\n            },\r\n        });\r\n    });\r\n<\/script><p> <img loading=\"lazy\" decoding=\"async\" class=\"aligncenter wp-image-5096\" src=\"https:\/\/australia-casino-review.com\/wp-content\/uploads\/2022\/09\/maxresdefault-18.jpg\" alt=\"Shuffle Master\" width=\"764\" height=\"430\" srcset=\"https:\/\/australia-casino-review.com\/wp-content\/uploads\/2022\/09\/maxresdefault-18.jpg 1280w, https:\/\/australia-casino-review.com\/wp-content\/uploads\/2022\/09\/maxresdefault-18-300x169.jpg 300w, https:\/\/australia-casino-review.com\/wp-content\/uploads\/2022\/09\/maxresdefault-18-1024x576.jpg 1024w, https:\/\/australia-casino-review.com\/wp-content\/uploads\/2022\/09\/maxresdefault-18-768x432.jpg 768w\" sizes=\"auto, (max-width: 764px) 100vw, 764px\"><\/p><p> <\/p><p> <span style=\"font-weight: 400;\"><br>\n Wi&#281;kszo&#347;&#263; producent&oacute;w oprogramowania koncentruje si&#281; na produkcji automat&oacute;w do gry, ale s&#261; pewne firmy, kt&oacute;re skupiaj&#261; si&#281; wy&#322;&#261;cznie na rozwoju pokera &ndash; jedn&#261; z nich jest Shuffle Master. Oczywi&#347;cie jest to bardzo lukratywny rynek i tworzenie produkt&oacute;w dla prawdziwych graczy zasadniczo r&oacute;&#380;ni si&#281; od tworzenia tre&#347;ci dla graczy online.<br>\n <\/span><\/p><p> <span style=\"font-weight: 400;\"><br>\n Firma Shuffle Master zosta&#322;a za&#322;o&#380;ona w 1983 roku, a jej siedziba znajduje si&#281; w Minneapolis. Ciekawostk&#261; jest fakt, &#380;e firm&#281; za&#322;o&#380;y&#322; by&#322;y kierowca ci&#281;&#380;ar&oacute;wki &ndash; John Breeding. Ten cz&#322;owiek stworzy&#322; tasator, kt&oacute;ry pozwoli&#322; ci szybko przetasowa&#263; karty. John zebra&#322; prawie 30 000 dolar&oacute;w na opracowanie nowego urz&#261;dzenia, a w 1992 roku otworzy&#322; ju&#380; w&#322;asny zak&#322;ad hazardowy. Shuffler sta&#322; si&#281; niezb&#281;dnym urz&#261;dzeniem dla personelu hazardowego.<br>\n <\/span><\/p><p style=\"text-align: center;\">\n<\/p><p> <a class=\"button button-primary\" href=\"https:\/\/australia-casino-review.com\/go-casino\/\"><br>\n OTRZYMAJ BONUS<br>\n <\/a><\/p><h2>\n<\/h2><p> <b><br>\n Posiadanie w&#322;asnego kasyna z Shufflerem<br>\n <\/b><\/p><p> <span style=\"font-weight: 400;\"><br>\n W 1995 roku na urz&#261;dzeniu zacz&#281;to wykorzystywa&#263; gr&#281; Let It Ride, kt&oacute;ra wykorzystywa&#322;a tylko jedn&#261; tali&#281; &ndash; produkt ten by&#322; w&oacute;wczas jednym z najpopularniejszych. W nim mo&#380;esz obstawia&#263; wiele zak&#322;ad&oacute;w jednocze&#347;nie i uzyska&#263; du&#380;e wyp&#322;aty, je&#347;li zbierzesz siln&#261; r&#281;k&#281; pokerow&#261;.<br>\n <\/span><\/p><p> <span style=\"font-weight: 400;\"><br>\n Przez lata deweloper dok&#322;ada&#322; wszelkich stara&#324;, aby urozmaici&#263; swoje produkty, tworz&#261;c automaty do gier. To p&oacute;&#378;niej nie przynios&#322;o rezultatu, poniewa&#380; wszystkie<br>\n <\/span><\/p><p> <span style=\"font-weight: 400;\"><br>\n Potasuj sloty Master<br>\n <\/span><\/p><p> <span style=\"font-weight: 400;\"><br>\n  zosta&#322;y sprzedane producentom takim jak IGT i Bally.<br>\n <\/span><\/p><p> <span style=\"font-weight: 400;\"><br>\n W 1999 roku nasta&#322; &bdquo;z&#322;oty wiek&rdquo; firmy &ndash; naby&#322;a ona prawa do Three Card Poker. W tamtym czasie ta gra by&#322;a niemal najpopularniejsza na &#347;wiecie. Nast&#281;pnie firma wypu&#347;ci&#322;a Blackjack Switch i Casino War &ndash; analogi tych produkt&oacute;w do dzi&#347; mo&#380;na znale&#378;&#263; w kasynach.<br>\n <\/span><\/p><p> <span style=\"font-weight: 400;\"><br>\n W 2013 roku firma zosta&#322;a wykupiona przez Bally Technologies za 1 300 000 000 dolar&oacute;w i obecnie obie marki s&#261; obs&#322;ugiwane przez Scientific Games.<br>\n <\/span><\/p><h2>\n<\/h2><p> <b><br>\n Mieszaj gry mistrzowskie<br>\n <\/b><\/p><p> <span style=\"font-weight: 400;\"><br>\n Firma ta wywar&#322;a ogromny wp&#322;yw na rozw&oacute;j hazardu online i offline. Je&#347;li by&#322;e&#347; na l&#261;dzie<br>\n <\/span><\/p><p> <span style=\"font-weight: 400;\"><br>\n najlepsze kasyno Shuffle Master<br>\n <\/span><\/p><p> <span style=\"font-weight: 400;\"><br>\n , prawdopodobnie zetkn&#261;&#322;e&#347; si&#281; z produktami tego dostawcy. Teraz talie kart firmy s&#261; aktywnie wykorzystywane w blackjacku, bakaracie, pokerze i wielu innych grach.<br>\n <\/span><\/p><p> <span style=\"font-weight: 400;\"><br>\n Mistrz losowania w Australii<br>\n <\/span><\/p><p> <span style=\"font-weight: 400;\"><br>\n  oferta obejmuje maszyny elektroniczne z popularnymi odmianami bakarata, ruletki i sic bo. Deweloper stworzy&#322; tak&#380;e kilka urz&#261;dze&#324; do konserwacji sto&#322;&oacute;w do gier &ndash; na przyk&#322;ad urz&#261;dzenie do automatycznego liczenia i sortowania &#380;eton&oacute;w do ruletki.<br>\n <\/span><\/p><h2>\n<\/h2><p> <b><br>\n Popularne Produkty<br>\n <\/b><\/p><p> <span style=\"font-weight: 400;\"><br>\n Odrzu&#263; Inferno. W tej grze u&#380;ytkownik musi u&#322;o&#380;y&#263; kombinacj&#281; 5 kart, kt&oacute;ra pokona r&#281;k&#281; krupiera. Gracz otrzymuje najpierw 6 kart i mo&#380;e odrzuci&#263; kilka z nich, tworz&#261;c siln&#261; kombinacj&#281;.<br>\n <\/span><\/p><p> <span style=\"font-weight: 400;\"><br>\n Remik z potr&oacute;jnym strza&#322;em. U&#380;ytkownicy rywalizuj&#261; z krupierem &ndash; aby wygra&#263;, musisz zdoby&#263; minimaln&#261; liczb&#281; punkt&oacute;w. Asy otrzymuj&#261; 1 punkt, walety, damy i kr&oacute;le otrzymuj&#261; 10 punkt&oacute;w, a karty od 2 do 10 otrzymuj&#261; 2-10 punkt&oacute;w. Karty w parach daj&#261; 0 punkt&oacute;w.<br>\n <\/span><\/p><h2>\n<\/h2><p> <b><br>\n Ogromny wp&#322;yw na dystansie<br>\n <\/b><\/p><p> <span style=\"font-weight: 400;\"><br>\n U&#380;ytkownicy graj&#261;cy w kasynach online mog&#261; nawet nie zdawa&#263; sobie sprawy z wp&#322;ywu, jaki Shuffle Master wywar&#322; na rozw&oacute;j hazardu na ca&#322;ym &#347;wiecie. Wyobra&#378; sobie, &#380;e gry hazardowe, takie jak Three Card Poker i Let It Ride, mo&#380;na znale&#378;&#263; w prawie ka&#380;dym kasynie online. Niekt&oacute;rzy producenci bior&#261; za podstaw&#281; produkty firmy, zmieniaj&#261;c ich nazw&#281; i kilka zasad &ndash; dzieje si&#281; tak, aby nie mie&#263; problem&oacute;w z prawami autorskimi.<br>\n <\/span><\/p><h2>\n<\/h2><p> <b><br>\n Perspektywa firmy<br>\n <\/b><\/p><p> <span style=\"font-weight: 400;\"><br>\n Shuffle Master specjalizuje si&#281; w dostarczaniu innowacyjnych, wysokiej jako&#347;ci produkt&oacute;w i us&#322;ug dla bran&#380;y kasyn. Nale&#380;&#261; do nich karty do tasowania, gry sto&#322;owe i sprz&#281;t do gier sto&#322;owych, automaty do gier i oprogramowanie systemu operacyjnego automat&oacute;w do gier. Us&#322;ugi, sprzeda&#380; i dzia&#322;ania marketingowe firmy obejmuj&#261; wi&#281;kszo&#347;&#263; regulowanych jurysdykcji hazardowych na ca&#322;ym &#347;wiecie. <\/span><\/p><p> <b><\/b><\/p><p> <img loading=\"lazy\" decoding=\"async\" class=\"aligncenter size-full wp-image-5097\" src=\"https:\/\/australia-casino-review.com\/wp-content\/uploads\/2022\/09\/shufflemaster-gaming.webp\" alt=\"Shuffle Master gaming\" width=\"800\" height=\"457\" srcset=\"https:\/\/australia-casino-review.com\/wp-content\/uploads\/2022\/09\/shufflemaster-gaming.webp 800w, https:\/\/australia-casino-review.com\/wp-content\/uploads\/2022\/09\/shufflemaster-gaming-300x171.webp 300w, https:\/\/australia-casino-review.com\/wp-content\/uploads\/2022\/09\/shufflemaster-gaming-768x439.webp 768w\" sizes=\"auto, (max-width: 800px) 100vw, 800px\"><\/p><p> <\/p><h2>\n<\/h2><p> <b><br>\n Plusy i minusy Shuffle Master<br>\n <\/b><\/p><p> <span style=\"font-weight: 400;\"><br>\n Plusy:<br>\n <\/span><\/p><ul>\n<li style=\"font-weight: 400;\" aria-level=\"1\">\n<p> <span style=\"font-weight: 400;\"><br>\n Obecno&#347;&#263; w wielu kasynach naziemnych;<br>\n <\/span><\/p>\n<\/li>\n<li style=\"font-weight: 400;\" aria-level=\"1\">\n<p> <span style=\"font-weight: 400;\"><br>\n Szeroka rozgrywka;<br>\n <\/span><\/p>\n<\/li>\n<li style=\"font-weight: 400;\" aria-level=\"1\">\n<p> <span style=\"font-weight: 400;\"><br>\n Mn&oacute;stwo progresywnych jackpot&oacute;w;<br>\n <\/span><\/p>\n<\/li>\n<li style=\"font-weight: 400;\" aria-level=\"1\">\n<p> <span style=\"font-weight: 400;\"><br>\n Sp&oacute;&#322;ka publiczna.<br>\n <\/span><\/p>\n<\/li>\n<\/ul><p> <span style=\"font-weight: 400;\"><br>\n Cons:<br>\n <\/span><\/p><ul>\n<li style=\"font-weight: 400;\" aria-level=\"1\">\n<p> <span style=\"font-weight: 400;\"><br>\n Brak gier z krupierami online;<br>\n <\/span><\/p>\n<\/li>\n<li style=\"font-weight: 400;\" aria-level=\"1\">\n<p> <span style=\"font-weight: 400;\"><br>\n &#379;adnych automat&oacute;w.<br>\n <\/span><\/p>\n<\/li>\n<\/ul><p style=\"text-align: center;\">\n<\/p><p> <a class=\"button button-primary\" href=\"https:\/\/australia-casino-review.com\/go-casino\/\"><br>\n OTRZYMAJ BONUS<br>\n <\/a><\/p><h2>\n<\/h2><p> <b><br>\n Wniosek<br>\n <\/b><\/p><p> <span style=\"font-weight: 400;\"><br>\n Shuffle Master to tw&oacute;rca internetowych gier kasynowych, automat&oacute;w do gry, gier karcianych i sto&#322;owych dost&#281;pnych na PC i w<br>\n <\/span><\/p><p> <span style=\"font-weight: 400;\"><br>\n najlepsze mobilne kasyno Shuffle Master<br>\n <\/span><\/p><p> <span style=\"font-weight: 400;\"><br>\n  w trybie demo, w kt&oacute;ry mo&#380;na gra&#263; za darmo bez rejestracji.<br>\n <\/span><\/p><p> <span style=\"font-weight: 400;\"><br>\n Rozgrywka w trybie Shuffle Master<br>\n <\/span><\/p><p> <span style=\"font-weight: 400;\"><br>\n  ciesz&#261; si&#281; du&#380;&#261; popularno&#347;ci&#261; w&#347;r&oacute;d graczy z ca&#322;ego &#347;wiata.<br>\n <\/span><\/p><p> <span style=\"font-weight: 400;\"><br>\n Najlepsze kasyna online wybieraj&#261; Shuffle Master jako jednego z g&#322;&oacute;wnych dostawc&oacute;w tre&#347;ci do gier, w kt&oacute;rych mo&#380;na gra&#263; na prawdziwe pieni&#261;dze. Casino Rating oferuje licencjonowane i oryginalne wersje demonstracyjne gier Shuffle Master, kt&oacute;re s&#261; w pe&#322;ni zgodne z wersjami p&#322;atnymi i pozwalaj&#261; na gr&#281; za darmo w celu zrozumienia podstawowych zasad przed postawieniem zak&#322;adu na pieni&#261;dze.<br>\n <\/span><\/p><p> <span style=\"font-weight: 400;\"><br>\n Wielu graczy online uzna nazw&#281; Shuffle Master za nieznan&#261;. Ale ten producent to weteran bran&#380;y, dzi&#281;ki kt&oacute;remu narodzi&#322;o si&#281; wiele wspania&#322;ych gier. Produkty tego dewelopera s&#261; tak dobre, &#380;e nadal s&#261; u&#380;ywane w kasynach naziemnych i stanowi&#261; podstaw&#281; wielu produkt&oacute;w dzisiejszych firm kasyn online.<br>\n <\/span><br>\n     Przeczytaj tak&#380;e o:<br>\n <a href=\"https:\/\/australia-casino-review.com\/wms\/\"><br>\n Gry WMS-owe<br>\n <\/a> <\/p>\n","protected":false},"excerpt":{"rendered":"<p>BONUS PRZY PIERWSZEJ WP&#321;ACIEBonus 100% za pierwsz&#261; wp&#322;at&#281; + 100 darmowych spin&oacute;w ZGARNIJ BONUS BONUS PRZY PIERWSZEJ WP&#321;ACIEOtrzymaj 100% bonus do 1000 AUD + 100 darmowych spin&oacute;w ZGARNIJ BONUS Wi&#281;kszo&#347;&#263; producent&oacute;w oprogramowania koncentruje si&#281; na produkcji automat&oacute;w do gry, ale s&#261; pewne firmy, kt&oacute;re skupiaj&#261; si&#281; wy&#322;&#261;cznie na rozwoju pokera &ndash; jedn&#261; z nich jest&hellip;&nbsp;<a href=\"https:\/\/australia-casino-review.com\/pl\/shuffle-master-2\/\" class=\"\" rel=\"bookmark\">Czytaj dalej &raquo;<span class=\"screen-reader-text\">Przegl\u0105d g\u0142\u00f3wnego dostawcy losowego<\/span><\/a><\/p>\n","protected":false},"author":1,"featured_media":0,"parent":0,"menu_order":0,"comment_status":"closed","ping_status":"closed","template":"","meta":{"neve_meta_sidebar":"","neve_meta_container":"","neve_meta_enable_content_width":"","neve_meta_content_width":0,"neve_meta_title_alignment":"","neve_meta_author_avatar":"","neve_post_elements_order":"","neve_meta_disable_header":"","neve_meta_disable_footer":"","neve_meta_disable_title":"","footnotes":""},"class_list":["post-11936","page","type-page","status-publish","hentry"],"aioseo_notices":[],"_links":{"self":[{"href":"https:\/\/australia-casino-review.com\/pl\/wp-json\/wp\/v2\/pages\/11936","targetHints":{"allow":["GET"]}}],"collection":[{"href":"https:\/\/australia-casino-review.com\/pl\/wp-json\/wp\/v2\/pages"}],"about":[{"href":"https:\/\/australia-casino-review.com\/pl\/wp-json\/wp\/v2\/types\/page"}],"author":[{"embeddable":true,"href":"https:\/\/australia-casino-review.com\/pl\/wp-json\/wp\/v2\/users\/1"}],"replies":[{"embeddable":true,"href":"https:\/\/australia-casino-review.com\/pl\/wp-json\/wp\/v2\/comments?post=11936"}],"version-history":[{"count":0,"href":"https:\/\/australia-casino-review.com\/pl\/wp-json\/wp\/v2\/pages\/11936\/revisions"}],"wp:attachment":[{"href":"https:\/\/australia-casino-review.com\/pl\/wp-json\/wp\/v2\/media?parent=11936"}],"curies":[{"name":"wp","href":"https:\/\/api.w.org\/{rel}","templated":true}]}}