{"id":11960,"date":"2023-08-23T22:02:16","date_gmt":"2023-08-23T19:02:16","guid":{"rendered":"https:\/\/australia-casino-review.com\/novomatic-2\/"},"modified":"2023-08-23T22:02:16","modified_gmt":"2023-08-23T19:02:16","slug":"novomatic-2","status":"publish","type":"page","link":"https:\/\/australia-casino-review.com\/pl\/novomatic-2\/","title":{"rendered":"Novomatic to jeden z najwi\u0119kszych producent\u00f3w automat\u00f3w do gier"},"content":{"rendered":"<?xml encoding=\"utf-8\" ?><p> <span style=\"font-weight: 400;\"><\/span><\/p><link rel=\"stylesheet\" href=\"\/wp-content\/themes\/neve-child\/swiper-bundle.min.css\"><script src=\"\/wp-content\/themes\/neve-child\/swiper-bundle.min.js\"><\/script><div class=\"swiper casino-slider\">\r\n    <div class=\"swiper-wrapper\">\r\n\r\n        <!-- Winspirit -->\r\n        <div class=\"swiper-slide casino-slide\" style=\"background-image: url('https:\/\/australia-casino-review.com\/wp-content\/uploads\/2025\/05\/yosok3bayqsoxelcjxux.webp')\">\r\n            <a href=\"https:\/\/australia-casino-review.com\/go-casino?sub_id_1=winspirit\" class=\"swiper-slide-link\" style=\"position: relative;z-index: 10000;\">\r\n                <div class=\"casino-content\">\r\n                    <img decoding=\"async\" class=\"casino-logo\" src=\"https:\/\/australia-casino-review.com\/wp-content\/uploads\/2025\/05\/spuz0y9gqwphpkzry0dv.webp\" alt=\"Winspirit Logo\">\r\n                    <div class=\"casino-bonus\">BONUS PRZY PIERWSZEJ WP&#321;ACIE<br>Bonus 100% za pierwsz&#261; wp&#322;at&#281; + 100 darmowych spin&oacute;w<\/div>\r\n                    <span class=\"yellow-btn\">ZGARNIJ BONUS<\/span>\r\n                <\/div>\r\n            <\/a>\r\n        <\/div>\r\n\r\n        <!-- Rocket Play -->\r\n        <div class=\"swiper-slide casino-slide\" style=\"background-image: url('https:\/\/australia-casino-review.com\/wp-content\/uploads\/2025\/05\/netfidkjat6wovozc5pv.webp')\">\r\n            <a href=\"https:\/\/australia-casino-review.com\/go-casino?sub_id_1=rocketplay\" class=\"swiper-slide-link\" style=\"position: relative;z-index: 10000;\">\r\n                <div class=\"casino-content\">\r\n                    <img decoding=\"async\" class=\"casino-logo\" src=\"https:\/\/australia-casino-review.com\/wp-content\/uploads\/2025\/05\/dl8rtimw8nea9ju9bvor.webp\" alt=\"RocketPlay Logo\">\r\n                    <div class=\"casino-bonus\">BONUS PRZY PIERWSZEJ WP&#321;ACIE<br>Otrzymaj 100% bonus do 1000 AUD + 100 darmowych spin&oacute;w<\/div>\r\n                    <span class=\"yellow-btn\">ZGARNIJ BONUS<\/span>\r\n                <\/div>\r\n            <\/a>\r\n        <\/div>\r\n        \r\n    <\/div>\r\n<\/div><script>\r\n    document.addEventListener(\"DOMContentLoaded\", function() {\r\n        new Swiper(\".casino-slider\", {\r\n            slidesPerView: 1,\r\n            navigation: {\r\n                nextEl: \".swiper-button-next\",\r\n                prevEl: \".swiper-button-prev\",\r\n            },\r\n        });\r\n    });\r\n<\/script><p> <img loading=\"lazy\" decoding=\"async\" class=\"aligncenter wp-image-5070\" src=\"https:\/\/australia-casino-review.com\/wp-content\/uploads\/2022\/08\/novomat.jpg\" alt=\"Novomatic review\" width=\"662\" height=\"394\" srcset=\"https:\/\/australia-casino-review.com\/wp-content\/uploads\/2022\/08\/novomat.jpg 800w, https:\/\/australia-casino-review.com\/wp-content\/uploads\/2022\/08\/novomat-300x179.jpg 300w, https:\/\/australia-casino-review.com\/wp-content\/uploads\/2022\/08\/novomat-768x457.jpg 768w\" sizes=\"auto, (max-width: 662px) 100vw, 662px\"><br>\n Novomatic to jeden z najwi&#281;kszych producent&oacute;w i operator&oacute;w automat&oacute;w do gry, jest tak&#380;e jedn&#261; z najwi&#281;kszych zintegrowanych firm tego typu na &#347;wiecie. Firma Novomatic zosta&#322;a za&#322;o&#380;ona w 1980 roku w Austrii.<br>\n <\/p><p> <span style=\"font-weight: 400;\"><br>\n Na ca&#322;ym &#347;wiecie grupa ta zatrudnia ponad 20 000 pracownik&oacute;w (3 000 w Austrii). Za&#322;o&#380;ona przez przedsi&#281;biorc&#281; Johanna F. Grafa ma sp&oacute;&#322;ki zale&#380;ne w 45 krajach i eksportuje zaawansowany technologicznie sprz&#281;t do automat&oacute;w do ponad 80 kraj&oacute;w. Grupa obs&#322;uguje oko&#322;o 230 000 automat&oacute;w do gry, w tym 1500 kasyn tradycyjnych i elektronicznych (w tym licencjonowanych).<br>\n <\/span><\/p><p> <span style=\"font-weight: 400;\"><br>\n Do grupy nale&#380;y tak&#380;e Admiral Sportwetten, wiod&#261;cy austriacki operator zak&#322;ad&oacute;w sportowych posiadaj&#261;cy 250 plac&oacute;wek, oraz Greentube Internet Entertainment Solutions GmbH, firma zajmuj&#261;ca si&#281; grami online z siedzib&#261; w Wiedniu.<br>\n <\/span><\/p><h2>\n<\/h2><p> <b><br>\n Nowoczesne rozwi&#261;zania<br>\n <\/b><\/p><p> <span style=\"font-weight: 400;\"><br>\n Kiedy rozpocz&#281;&#322;a si&#281; era wirtualnych symulator&oacute;w i wiele marek zacz&#281;&#322;o wykorzystywa&#263; grafik&#281; 3D do projektowania, dostawca Novomatic kontynuowa&#322; swoj&#261; tradycj&#281;. Dlatego wi&#281;kszo&#347;&#263; maszyn wydanych w latach dwutysi&#281;cznych charakteryzuje si&#281; prost&#261; grafik&#261; i stylem (Bugs&rsquo;n&rsquo;Bees, Captain Venture, Gorilla). Istnieje jednak szereg symulator&oacute;w z tr&oacute;jwymiarow&#261; grafik&#261;, w&#347;r&oacute;d kt&oacute;rych znajduj&#261; si&#281; Empire V, Bloody Love, Anubix. Bardzo oryginalny wygl&#261;d automatu Chicago, kt&oacute;ry przedstawia gangstersk&#261; Ameryk&#281; lat 20-tych w czarno-bia&#322;ej kolorystyce.<br>\n <\/span><\/p><p style=\"text-align: center;\">\n<\/p><p> <a class=\"button button-primary\" href=\"https:\/\/australia-casino-review.com\/go-casino\/\"><br>\n OTRZYMAJ BONUS<br>\n <\/a><\/p><h2>\n<\/h2><p> <b><br>\n Automaty do gry firmy Novomatic<br>\n <\/b><\/p><p> <span style=\"font-weight: 400;\"><br>\n W trakcie swojej pracy austriacki sprzedawca wypu&#347;ci&#322; du&#380;&#261; liczb&#281; automat&oacute;w do gry. Pomimo tego, &#380;e firma zajmuje si&#281; kilkoma kierunkami, nadal g&#322;&oacute;wn&#261; nisz&#261; s&#261; automaty do gry. Odr&oacute;&#380;nienie automat&oacute;w tego dostawcy od innych jest &#322;atwe. Jego rozw&oacute;j charakteryzuje si&#281; nast&#281;puj&#261;cymi wska&#378;nikami i cechami:<br>\n <\/span><\/p><ul>\n<li style=\"font-weight: 400;\" aria-level=\"1\">\n<p> <span style=\"font-weight: 400;\"><br>\n Starannie dobrane tematy;<br>\n <\/span><\/p>\n<\/li>\n<li style=\"font-weight: 400;\" aria-level=\"1\">\n<p> <span style=\"font-weight: 400;\"><br>\n Ciekawa i zabawna muzyka;<br>\n <\/span><\/p>\n<\/li>\n<li style=\"font-weight: 400;\" aria-level=\"1\">\n<p> <span style=\"font-weight: 400;\"><br>\n prosty interfejs;<br>\n <\/span><\/p>\n<\/li>\n<li style=\"font-weight: 400;\" aria-level=\"1\">\n<p> <span style=\"font-weight: 400;\"><br>\n Minimalny zestaw przycisk&oacute;w steruj&#261;cych;<br>\n <\/span><\/p>\n<\/li>\n<li style=\"font-weight: 400;\" aria-level=\"1\">\n<p> <span style=\"font-weight: 400;\"><br>\n wysokie stawki RTP;<br>\n <\/span><\/p>\n<\/li>\n<li style=\"font-weight: 400;\" aria-level=\"1\">\n<p> <span style=\"font-weight: 400;\"><br>\n Obecno&#347;&#263; dodatkowych funkcji.<br>\n <\/span><\/p>\n<\/li>\n<\/ul><p> <span style=\"font-weight: 400;\"><br>\n Uruchamianie automat&oacute;w Gracze na automatach Novomatic nie tylko dobrze si&#281; bawi&#261; i ciekawie sp&#281;dzaj&#261; czas, ale tak&#380;e mog&#261; liczy&#263; na automaty i nerwowe wygrane.<br>\n <\/span><\/p><h2>\n<\/h2><p> <b><br>\n Dodatkowe funkcje automat&oacute;w Novomatic<br>\n <\/b><\/p><p> <span style=\"font-weight: 400;\"><br>\n Opr&oacute;cz cech, jakie maj&#261; automaty austriackiej firmy, nale&#380;y zauwa&#380;y&#263;, &#380;e prawie ka&#380;de dzie&#322;o ma sw&oacute;j w&#322;asny zwrot i pewien zestaw dodatkowych &#380;eton&oacute;w. Dzi&#281;ki nim rozgrywka staje si&#281; najciekawsza, bardziej dynamiczna, a potencjalne wygrane zwi&#281;kszaj&#261; si&#281; kilkukrotnie.<br>\n <\/span><\/p><p> <span style=\"font-weight: 400;\"><br>\n Do takich najwa&#380;niejszych osi&#261;gni&#281;&#263; Novomatic nale&#380;&#261;:<br>\n <\/span><\/p><ul>\n<li style=\"font-weight: 400;\" aria-level=\"1\">\n<p> <span style=\"font-weight: 400;\"><br>\n rundy bonusowe;<br>\n <\/span><\/p>\n<\/li>\n<li style=\"font-weight: 400;\" aria-level=\"1\">\n<p> <span style=\"font-weight: 400;\"><br>\n gry ryzykowne;<br>\n <\/span><\/p>\n<\/li>\n<li style=\"font-weight: 400;\" aria-level=\"1\">\n<p> <span style=\"font-weight: 400;\"><br>\n jackpoty;<br>\n <\/span><\/p>\n<\/li>\n<li style=\"font-weight: 400;\" aria-level=\"1\">\n<p> <span style=\"font-weight: 400;\"><br>\n darmowe spiny;<br>\n <\/span><\/p>\n<\/li>\n<li style=\"font-weight: 400;\" aria-level=\"1\">\n<p> <span style=\"font-weight: 400;\"><br>\n Specjalne symbole.<br>\n <\/span><\/p>\n<\/li>\n<\/ul><p> <span style=\"font-weight: 400;\"><br>\n Ka&#380;da cecha ma swoj&#261; w&#322;asn&#261; charakterystyk&#281; i pozytywne cechy. Zatem rundy bonusowe oferuj&#261; znaczny wzrost ca&#322;kowitych przychod&oacute;w z automatu, gry ryzykowne podwajaj&#261; nagrod&#281; za spin, darmowe spiny &ndash; uruchamiaj b&#281;bny za darmo, specjalne symbole daj&#261; mo&#380;liwo&#347;&#263; wzi&#281;cia udzia&#322;u w rundach bonusowych. C&oacute;&#380;, jackpot &ndash; marzenie ka&#380;dego gracza.<br>\n <\/span><\/p><h2>\n<\/h2><p> <b><br>\n Gry Novomatic<br>\n <\/b><\/p><p> <span style=\"font-weight: 400;\"><br>\n Jednor&#281;kie automaty Bandit ciesz&#261; si&#281; du&#380;ym powodzeniem<br>\n <\/span><\/p><p> <span style=\"font-weight: 400;\"><br>\n Kasyna Novomatic<br>\n <\/span><\/p><p> <span style=\"font-weight: 400;\"><br>\n , dlatego wi&#281;kszo&#347;&#263; najpopularniejszych automat&oacute;w przenios&#322;a si&#281; na platform&#281; online. W tej chwili wiele kasyn online o wysokiej reputacji posiada gry tego producenta. Wszyscy fani gier kasynowych z pewno&#347;ci&#261; znaj&#261; popularne gry tego producenta. Najpopularniejsze to:<br>\n <\/span><\/p><ul>\n<li style=\"font-weight: 400;\" aria-level=\"1\">\n<p> <span style=\"font-weight: 400;\"><br>\n Per&#322;a Delfina Deluxe,<br>\n <\/span><\/p>\n<\/li>\n<li style=\"font-weight: 400;\" aria-level=\"1\">\n<p> <span style=\"font-weight: 400;\"><br>\n Diament 7<br>\n <\/span><\/p>\n<\/li>\n<li style=\"font-weight: 400;\" aria-level=\"1\">\n<p> <span style=\"font-weight: 400;\"><br>\n Ksi&#281;ga Ra,<br>\n <\/span><\/p>\n<\/li>\n<li style=\"font-weight: 400;\" aria-level=\"1\">\n<p> <span style=\"font-weight: 400;\"><br>\n Skwarny.<br>\n <\/span><\/p>\n<\/li>\n<\/ul><p> <span style=\"font-weight: 400;\"><br>\n Mo&#380;na powiedzie&#263;, &#380;e firma skupia si&#281; na grach takich jak &bdquo;Jednor&#281;ki bandyta&rdquo;, tak&#380;e obok nich gracze mog&#261; znale&#378;&#263; r&oacute;&#380;nego rodzaju gry karciane, ruletk&#281;, a tak&#380;e gry dost&#281;pne przez telefon. Gry tego producenta charakteryzuj&#261; si&#281; bardzo klasycznym wygl&#261;dem. Je&#347;li jeste&#347; fanem klasycznych automat&oacute;w, gry od Novomatic s&#261; zdecydowanie dla Ciebie.<br>\n <\/span><\/p><p style=\"text-align: center;\">\n<\/p><p> <a class=\"button button-primary\" href=\"https:\/\/australia-casino-review.com\/go-casino\/\"><br>\n OTRZYMAJ BONUS<br>\n <\/a><\/p><h2>\n<\/h2><p> <b><br>\n Inne gry symulacyjne<br>\n <\/b><\/p><p> <span style=\"font-weight: 400;\"><br>\n Deweloper przez ca&#322;y czas swojej dzia&#322;alno&#347;ci wyda&#322; ponad 600 gier, z czego wi&#281;kszo&#347;&#263; to maszyny z b&#281;bnami. Reszt&#281; reprezentuj&#261; symulatory innej rozrywki hazardowej:<br>\n <\/span><\/p><ul>\n<li style=\"font-weight: 400;\" aria-level=\"1\">\n<p> <span style=\"font-weight: 400;\"><br>\n ruletka;<br>\n <\/span><\/p>\n<\/li>\n<li style=\"font-weight: 400;\" aria-level=\"1\">\n<p> <span style=\"font-weight: 400;\"><br>\n poker;<br>\n <\/span><\/p>\n<\/li>\n<li style=\"font-weight: 400;\" aria-level=\"1\">\n<p> <span style=\"font-weight: 400;\"><br>\n maczuga;<br>\n <\/span><\/p>\n<\/li>\n<li style=\"font-weight: 400;\" aria-level=\"1\">\n<p> <span style=\"font-weight: 400;\"><br>\n loteria i bingo.<br>\n <\/span><\/p>\n<\/li>\n<\/ul><p> <span style=\"font-weight: 400;\"><br>\n Wszystkie s&#261; r&oacute;wnie&#380; ozdobione okre&#347;lonym motywem i maj&#261; indywidualne cechy. Dzi&#347; mo&#380;esz gra&#263; w dowolne symulatory reprezentowanej marki w najbardziej komfortowych warunkach. Aby to osi&#261;gn&#261;&#263;, ka&#380;da maszyna jest obs&#322;ugiwana w kilku wersjach &ndash; desktopowej, mobilnej, opartej na przegl&#261;darce. W gr&#281; mo&#380;na tak&#380;e zagra&#263; na<br>\n <\/span><\/p><p> <span style=\"font-weight: 400;\"><br>\n Novomatic automaty na prawdziwe pieni&#261;dze<br>\n <\/span><\/p><p> <span style=\"font-weight: 400;\"><br>\n  lub uruchom wersj&#281; demonstracyjn&#261;, kt&oacute;ra wykorzystuje kredyty warunkowe zamiast prawdziwych pieni&#281;dzy. Znajd&#378; nowo&#347;ci od Novomatic mo&#380;esz niemal na ka&#380;dym nowoczesnym portalu z grami.<br>\n <\/span><\/p><h2>\n<\/h2><p> <b><br>\n Bonus Novomatic<br>\n <\/b><\/p><p> <span style=\"font-weight: 400;\"><br>\n Najlepsze automaty Novomatic<br>\n <\/span><\/p><p> <span style=\"font-weight: 400;\"><br>\n  tego producenta posiadaj&#261; tzw. funkcj&#281; &bdquo;gamble&rdquo;, kt&oacute;ra daje graczom mo&#380;liwo&#347;&#263; pomno&#380;enia swoich wygranych. Ich gry s&#261; r&oacute;wnie&#380; hojne, je&#347;li chodzi o zapewnianie darmowych spin&oacute;w i innych bonus&oacute;w. <\/span><\/p><p> <b><\/b><\/p><p> <img loading=\"lazy\" decoding=\"async\" class=\"aligncenter size-full wp-image-5071\" src=\"https:\/\/australia-casino-review.com\/wp-content\/uploads\/2022\/08\/5ce2b381e571d901a10e2ee6_novomatic-casino-provider.jpg\" alt=\"Novomatic review\" width=\"1240\" height=\"329\" srcset=\"https:\/\/australia-casino-review.com\/wp-content\/uploads\/2022\/08\/5ce2b381e571d901a10e2ee6_novomatic-casino-provider.jpg 1240w, https:\/\/australia-casino-review.com\/wp-content\/uploads\/2022\/08\/5ce2b381e571d901a10e2ee6_novomatic-casino-provider-300x80.jpg 300w, https:\/\/australia-casino-review.com\/wp-content\/uploads\/2022\/08\/5ce2b381e571d901a10e2ee6_novomatic-casino-provider-1024x272.jpg 1024w, https:\/\/australia-casino-review.com\/wp-content\/uploads\/2022\/08\/5ce2b381e571d901a10e2ee6_novomatic-casino-provider-768x204.jpg 768w\" sizes=\"auto, (max-width: 1240px) 100vw, 1240px\"><\/p><p> <\/p><h2>\n<\/h2><p> <b><br>\n Jackpot Novomatic<br>\n <\/b><\/p><p> <span style=\"font-weight: 400;\"><br>\n W<br>\n <\/span><\/p><p> <span style=\"font-weight: 400;\"><br>\n Automaty Novomatic<br>\n <\/span><\/p><p> <span style=\"font-weight: 400;\"><br>\n  nie ma gry z progresywnym jackpotem, ale istniej&#261; indywidualne jackpoty, takie jak &bdquo;King&rsquo;s Treasure&rdquo; i &bdquo;Golden Sevens&rdquo;<br>\n <\/span><\/p><p> <span style=\"font-weight: 400;\"><br>\n G&#322;&oacute;wne zalety Novomatic Gaminator<br>\n <\/span><\/p><ul>\n<li style=\"font-weight: 400;\" aria-level=\"1\">\n<p> <span style=\"font-weight: 400;\"><br>\n D&#322;ugi okres dzia&#322;ania;<br>\n <\/span><\/p>\n<\/li>\n<li style=\"font-weight: 400;\" aria-level=\"1\">\n<p> <span style=\"font-weight: 400;\"><br>\n Miejsca demonstracyjne;<br>\n <\/span><\/p>\n<\/li>\n<li style=\"font-weight: 400;\" aria-level=\"1\">\n<p> <span style=\"font-weight: 400;\"><br>\n Wysokie stopy wyp&#322;at;<br>\n <\/span><\/p>\n<\/li>\n<li style=\"font-weight: 400;\" aria-level=\"1\">\n<p> <span style=\"font-weight: 400;\"><br>\n ciekawe tematy;<br>\n <\/span><\/p>\n<\/li>\n<li style=\"font-weight: 400;\" aria-level=\"1\">\n<p> <span style=\"font-weight: 400;\"><br>\n prosta mechanika;<br>\n <\/span><\/p>\n<\/li>\n<li style=\"font-weight: 400;\" aria-level=\"1\">\n<p> <span style=\"font-weight: 400;\"><br>\n Minimalny zestaw kontrolny.<br>\n <\/span><\/p>\n<\/li>\n<\/ul><p> <span style=\"font-weight: 400;\"><br>\n Gry automatowe Novomatic<br>\n <\/span><\/p><p> <span style=\"font-weight: 400;\"><br>\n  zdoby&#322;y mi&#322;o&#347;&#263; i zaufanie ogromnej liczby graczy. Dlatego wiele kasyn chce wsp&oacute;&#322;pracowa&#263; z tym dostawc&#261;.<br>\n <\/span><\/p><p style=\"text-align: center;\">\n<\/p><p> <a class=\"button button-primary\" href=\"https:\/\/australia-casino-review.com\/go-casino\/\"><br>\n OTRZYMAJ BONUS<br>\n <\/a><\/p><h2>\n<\/h2><p> <b><br>\n Wniosek<br>\n <\/b><\/p><p> <span style=\"font-weight: 400;\"><br>\n Novomatic jest liderem w bran&#380;y sprz&#281;tu do gier kasynowych i najwi&#281;ksz&#261; firm&#261; hazardow&#261; na &#347;wiecie. Jest najwi&#281;kszym dostawc&#261; gier do zwyk&#322;ych kasyn, g&#322;&oacute;wnie na rynku europejskim. Ich gry ciesz&#261; si&#281; ogromn&#261; popularno&#347;ci&#261; nie tylko w tradycyjnych kasynach, ale tak&#380;e w kasynach online.<br>\n <\/span><\/p><p> <span style=\"font-weight: 400;\"><br>\n Nie dzieje si&#281; tak tylko dlatego, &#380;e Novomatic cieszy si&#281; uznaniem na ca&#322;ym &#347;wiecie. To wiele lat starannej i uwa&#380;nej pracy specjalist&oacute;w swojego biznesu, kt&oacute;rzy stale si&#281; rozwijaj&#261;, zapoznaj&#261;c z nowymi technologiami, aby tworzy&#263; nowoczesne i wysokiej jako&#347;ci oprogramowanie.<br>\n <\/span><\/p><p> <span style=\"font-weight: 400;\"><br>\n Teraz istnieje ju&#380; ponad sto kasyn online z grami tej firmy i<br>\n <\/span><\/p><p> <span style=\"font-weight: 400;\"><br>\n Lista kasyn Novomatic<br>\n <\/span><\/p><p> <span style=\"font-weight: 400;\"><br>\n  jest stale aktualizowana. Dla ka&#380;dego z tych kasyn, u&#380;ytkownicy mog&#261; wi&#281;c &#322;atwo wybra&#263; kasyno wed&#322;ug w&#322;asnych upodoba&#324;.<br>\n <\/span><\/p><h2>\n<\/h2><p> <b><br>\n Cz&#281;sto zadawane pytania<br>\n <\/b><\/p><h3>\n<\/h3><p> <span style=\"font-weight: 400;\"><br>\n Jak gra&#263; na automatach Novomatic online?<br>\n <\/span><\/p><ul>\n<li style=\"font-weight: 400;\" aria-level=\"1\">\n<p> <span style=\"font-weight: 400;\"><br>\n Wszystko zaczyna si&#281; od wyboru jednego z najlepszych automat&oacute;w do gry Novomatic i wyboru<br>\n <\/span><\/p>\n<p> <span style=\"font-weight: 400;\"><br>\n Bonusy w kasynie Novomatic<br>\n <\/span><\/p>\n<p> <span style=\"font-weight: 400;\"><br>\n  gra&#263;. Nast&#281;pnie musisz dostosowa&#263; wielko&#347;&#263; zak&#322;adu i po prostu nacisn&#261;&#263; przycisk obrotu. Je&#347;li chcesz, mo&#380;esz tak&#380;e skorzysta&#263; z funkcji szybkiego obracania i automatycznej gry.<br>\n <\/span><\/p>\n<\/li>\n<\/ul><h3>\n<\/h3><p> <span style=\"font-weight: 400;\"><br>\n Jakie s&#261; najlepsze przedzia&#322;y czasowe dla Novomatic?<br>\n <\/span><\/p><ul>\n<li style=\"font-weight: 400;\" aria-level=\"1\">\n<p> <span style=\"font-weight: 400;\"><br>\n Do&#322;o&#380;yli&#347;my nale&#380;ytej staranno&#347;ci i wybrali&#347;my najlepsze przedzia&#322;y czasowe Novomatic online dost&#281;pne u dostawcy oprogramowania. Jednym z najbardziej godnych uwagi tytu&#322;&oacute;w jest Book of Ra, kt&oacute;ry istnieje na rynku ju&#380; od ponad dekady.<br>\n <\/span><\/p>\n<\/li>\n<\/ul><h3>\n<\/h3><p> <span style=\"font-weight: 400;\"><br>\n Gdzie mog&#281; zagra&#263; w Book of Ra?<br>\n <\/span><\/p><ul>\n<li style=\"font-weight: 400;\" aria-level=\"1\">\n<p> <span style=\"font-weight: 400;\"><br>\n Book of Ra, automat do gry inspirowany staro&#380;ytnym Egiptem, mo&#380;na znale&#378;&#263; na wi&#281;kszo&#347;ci najlepszych witryn kasyn Novomatic. Mo&#380;esz nawet najpierw zagra&#263; w trybie demo, aby pozna&#263; wyp&#322;aty i symbole specjalne, nie ryzykuj&#261;c utraty pieni&#281;dzy.<br>\n <\/span><\/p>\n<\/li>\n<\/ul><p>   Przeczytaj tak&#380;e o:<br>\n <a href=\"https:\/\/australia-casino-review.com\/nyx\/\"><br>\n Gry NYX<br>\n <\/a> <\/p>\n","protected":false},"excerpt":{"rendered":"<p>BONUS PRZY PIERWSZEJ WP&#321;ACIEBonus 100% za pierwsz&#261; wp&#322;at&#281; + 100 darmowych spin&oacute;w ZGARNIJ BONUS BONUS PRZY PIERWSZEJ WP&#321;ACIEOtrzymaj 100% bonus do 1000 AUD + 100 darmowych spin&oacute;w ZGARNIJ BONUS Novomatic to jeden z najwi&#281;kszych producent&oacute;w i operator&oacute;w automat&oacute;w do gry, jest tak&#380;e jedn&#261; z najwi&#281;kszych zintegrowanych firm tego typu na &#347;wiecie. Firma Novomatic zosta&#322;a za&#322;o&#380;ona&hellip;&nbsp;<a href=\"https:\/\/australia-casino-review.com\/pl\/novomatic-2\/\" class=\"\" rel=\"bookmark\">Czytaj dalej &raquo;<span class=\"screen-reader-text\">Novomatic to jeden z najwi\u0119kszych producent\u00f3w automat\u00f3w do gier<\/span><\/a><\/p>\n","protected":false},"author":1,"featured_media":0,"parent":0,"menu_order":0,"comment_status":"closed","ping_status":"closed","template":"","meta":{"neve_meta_sidebar":"","neve_meta_container":"","neve_meta_enable_content_width":"","neve_meta_content_width":0,"neve_meta_title_alignment":"","neve_meta_author_avatar":"","neve_post_elements_order":"","neve_meta_disable_header":"","neve_meta_disable_footer":"","neve_meta_disable_title":"","footnotes":""},"class_list":["post-11960","page","type-page","status-publish","hentry"],"aioseo_notices":[],"_links":{"self":[{"href":"https:\/\/australia-casino-review.com\/pl\/wp-json\/wp\/v2\/pages\/11960","targetHints":{"allow":["GET"]}}],"collection":[{"href":"https:\/\/australia-casino-review.com\/pl\/wp-json\/wp\/v2\/pages"}],"about":[{"href":"https:\/\/australia-casino-review.com\/pl\/wp-json\/wp\/v2\/types\/page"}],"author":[{"embeddable":true,"href":"https:\/\/australia-casino-review.com\/pl\/wp-json\/wp\/v2\/users\/1"}],"replies":[{"embeddable":true,"href":"https:\/\/australia-casino-review.com\/pl\/wp-json\/wp\/v2\/comments?post=11960"}],"version-history":[{"count":0,"href":"https:\/\/australia-casino-review.com\/pl\/wp-json\/wp\/v2\/pages\/11960\/revisions"}],"wp:attachment":[{"href":"https:\/\/australia-casino-review.com\/pl\/wp-json\/wp\/v2\/media?parent=11960"}],"curies":[{"name":"wp","href":"https:\/\/api.w.org\/{rel}","templated":true}]}}