{"id":12433,"date":"2023-08-27T15:17:07","date_gmt":"2023-08-27T12:17:07","guid":{"rendered":"https:\/\/australia-casino-review.com\/dazard\/"},"modified":"2023-10-13T17:44:43","modified_gmt":"2023-10-13T14:44:43","slug":"dazard","status":"publish","type":"page","link":"https:\/\/australia-casino-review.com\/pl\/dazard\/","title":{"rendered":"Kasyno Dazard: kompleksowy przegl\u0105d ekscytuj\u0105cego \u015bwiata hazardu"},"content":{"rendered":"<?xml encoding=\"utf-8\" ?><p>W ostatnich latach hazard online szybko si&#281; rozwin&#261;&#322; i sta&#322; si&#281; coraz popularniejsz&#261; rozrywk&#261; graczy na ca&#322;ym &#347;wiecie. R&oacute;&#380;norodne kasyna online oferuj&#261; szerok&#261; gam&#281; gier i atrakcyjnych bonus&oacute;w, aby przyci&#261;gn&#261;&#263; uwag&#281; graczy. Jednym z takich kasyn jest rozwijaj&#261;ce si&#281; kasyno Dazard, kt&oacute;re przyci&#261;ga uwag&#281; r&oacute;&#380;norodno&#347;ci&#261; gier i hojnymi bonusami. W tym tek&#347;cie przyjrzymy si&#281; szczeg&oacute;&#322;owo kasynu Dazard i porozmawiamy o jego kluczowych funkcjach, a tak&#380;e oferowanych bonusach i promocjach.<\/p><div class=\"bubbles has-groups scrolled-down has-sticky-dates\">\n<div class=\"scrollable scrollable-y\">\n<div class=\"bubbles-inner has-rights is-chat\">\n<section class=\"bubbles-date-group\">\n<div class=\"bubbles-group\">\n<div class=\"bubble is-read hide-name is-out can-have-tail is-group-first is-group-last\" data-mid=\"116604\" data-peer-id=\"322862715\" data-timestamp=\"1693133687\">\n<div class=\"bubble-content-wrapper\">\n<div class=\"bubble-content hover-reaction-visible\">\n<div class=\"message spoilers-container\" dir=\"auto\" style=\"text-align: center;\"><\/div>\n<\/div>\n<\/div>\n<\/div>\n<\/div>\n<\/section>\n<\/div>\n<\/div>\n<\/div><p><img loading=\"lazy\" decoding=\"async\" class=\"aligncenter size-full wp-image-12294\" src=\"https:\/\/australia-casino-review.com\/wp-content\/uploads\/2026\/08\/dazard-casino-logo_1200x700-1.jpg\" alt=\"Dazard Casino 1\" width=\"1199\" height=\"371\"><\/p><h2>Ocena kasyna Dazard: jako&#347;&#263; i bezpiecze&#324;stwo<\/h2><link rel=\"stylesheet\" href=\"\/wp-content\/themes\/neve-child\/swiper-bundle.min.css\"><script src=\"\/wp-content\/themes\/neve-child\/swiper-bundle.min.js\"><\/script><div class=\"swiper casino-slider\">\r\n    <div class=\"swiper-wrapper\">\r\n\r\n        <!-- Winspirit -->\r\n        <div class=\"swiper-slide casino-slide\" style=\"background-image: url('https:\/\/australia-casino-review.com\/wp-content\/uploads\/2025\/05\/yosok3bayqsoxelcjxux.webp')\">\r\n            <a href=\"https:\/\/australia-casino-review.com\/go-casino?sub_id_1=winspirit\" class=\"swiper-slide-link\" style=\"position: relative;z-index: 10000;\">\r\n                <div class=\"casino-content\">\r\n                    <img decoding=\"async\" class=\"casino-logo\" src=\"https:\/\/australia-casino-review.com\/wp-content\/uploads\/2025\/05\/spuz0y9gqwphpkzry0dv.webp\" alt=\"Winspirit Logo\">\r\n                    <div class=\"casino-bonus\">BONUS PRZY PIERWSZEJ WP&#321;ACIE<br>Bonus 100% za pierwsz&#261; wp&#322;at&#281; + 100 darmowych spin&oacute;w<\/div>\r\n                    <span class=\"yellow-btn\">ZGARNIJ BONUS<\/span>\r\n                <\/div>\r\n            <\/a>\r\n        <\/div>\r\n\r\n        <!-- Rocket Play -->\r\n        <div class=\"swiper-slide casino-slide\" style=\"background-image: url('https:\/\/australia-casino-review.com\/wp-content\/uploads\/2025\/05\/netfidkjat6wovozc5pv.webp')\">\r\n            <a href=\"https:\/\/australia-casino-review.com\/go-casino?sub_id_1=rocketplay\" class=\"swiper-slide-link\" style=\"position: relative;z-index: 10000;\">\r\n                <div class=\"casino-content\">\r\n                    <img decoding=\"async\" class=\"casino-logo\" src=\"https:\/\/australia-casino-review.com\/wp-content\/uploads\/2025\/05\/dl8rtimw8nea9ju9bvor.webp\" alt=\"RocketPlay Logo\">\r\n                    <div class=\"casino-bonus\">BONUS PRZY PIERWSZEJ WP&#321;ACIE<br>Otrzymaj 100% bonus do 1000 AUD + 100 darmowych spin&oacute;w<\/div>\r\n                    <span class=\"yellow-btn\">ZGARNIJ BONUS<\/span>\r\n                <\/div>\r\n            <\/a>\r\n        <\/div>\r\n        \r\n    <\/div>\r\n<\/div><script>\r\n    document.addEventListener(\"DOMContentLoaded\", function() {\r\n        new Swiper(\".casino-slider\", {\r\n            slidesPerView: 1,\r\n            navigation: {\r\n                nextEl: \".swiper-button-next\",\r\n                prevEl: \".swiper-button-prev\",\r\n            },\r\n        });\r\n    });\r\n<\/script><p>Przy ocenie kasyna online bezpiecze&#324;stwo graczy jest najwa&#380;niejszym aspektem i pod tym wzgl&#281;dem Dazard Casino wyprzedza konkurencj&#281;. Kasyno posiada wa&#380;n&#261; licencj&#281; na prowadzenie gier hazardowych, co gwarantuje jego legalno&#347;&#263; i rzetelno&#347;&#263;. Oznacza to, &#380;e gracze mog&#261; by&#263; pewni, &#380;e ich interesy s&#261; chronione, a kasyno dzia&#322;a zgodnie z prawem. Ponadto kasyno Dazard aktywnie stosuje rygorystyczne &#347;rodki bezpiecze&#324;stwa w celu ochrony danych osobowych graczy i transakcji finansowych. Dane osobowe graczy s&#261; przechowywane w formie zaszyfrowanej, co zapobiega nieautoryzowanemu dost&#281;powi do danych.<\/p><p>Transakcje finansowe s&#261; r&oacute;wnie&#380; chronione przez zaawansowane technologie szyfrowania, zapewniaj&#261;ce bezpiecze&#324;stwo wp&#322;at i wyp&#322;at. Platforma Dazard Casino jest wspierana przez do&#347;wiadczonych tw&oacute;rc&oacute;w oprogramowania, dzi&#281;ki czemu gry dzia&#322;aj&#261; p&#322;ynnie i zapewniaj&#261; wci&#261;gaj&#261;ce &#347;rodowisko gry. Ka&#380;da gra dzia&#322;a p&#322;ynnie i bezproblemowo, dzi&#281;ki czemu gracze mog&#261; cieszy&#263; si&#281; gr&#261; bez &#380;adnych problem&oacute;w i op&oacute;&#378;nie&#324;. Wszystko to razem sprawia, &#380;e Dazard Casino jest atrakcyjn&#261; opcj&#261; dla graczy ceni&#261;cych bezpiecze&#324;stwo, jako&#347;&#263; i ekscytuj&#261;ce wra&#380;enia z kasyna online.<\/p><h2>Rejestracja w kasynie Dazard jest szybka i &#322;atwa<\/h2><p>Logowanie do kasyna Dazard jest tak proste, jak to tylko mo&#380;liwe. Gracze musz&#261; jedynie poda&#263; kilka danych osobowych, po czym mog&#261; za&#322;o&#380;y&#263; konto w ci&#261;gu kilku minut. Po zarejestrowaniu gracze maj&#261; dost&#281;p do wszystkich funkcji kasyna, w tym imponuj&#261;cego wyboru gier i bonus&oacute;w.<\/p><h2>Kod bonusowy Dazard Casino: Odblokuj hojne bonusy<\/h2><p>Jedn&#261; z g&#322;&oacute;wnych rzeczy, kt&oacute;ra odr&oacute;&#380;nia Dazard Casino od konkurencji, jest obfito&#347;&#263; bonus&oacute;w i promocji, kt&oacute;re oferuje swoim graczom. Opr&oacute;cz tradycyjnego bonusu powitalnego dla nowych klient&oacute;w, gracze mog&#261; skorzysta&#263; ze specjalnych bonus&oacute;w od depozytu, darmowych spin&oacute;w i innych ekscytuj&#261;cych zach&#281;t. Aby otrzyma&#263; te bonusy, gracze mog&#261; skorzysta&#263; ze specjalnego kodu promocyjnego kasyna Dazard, kt&oacute;ry jest regularnie publikowany na stronie lub wysy&#322;any e-mailem.<\/p><h2>Bonus bez depozytu w kasynie Dazard: spojrzenie na hojny gest<\/h2><p>Platforma gier przyci&#261;ga nowych graczy hojnym bonusem kasynowym Dazard bez depozytu, kt&oacute;ry mo&#380;na uzyska&#263; bez dokonywania depozytu. Aby skorzysta&#263; z tej kusz&#261;cej oferty, gracze musz&#261; jedynie podczas rejestracji wpisa&#263; specjalny kod bonusowy bez depozytu w kasynie Dazard. Zaleca si&#281; uwa&#380;ne przeczytanie warunk&oacute;w bonusu, aby zrozumie&#263; wymagania dotycz&#261;ce p&oacute;&#378;niejszej wyp&#322;aty &#347;rodk&oacute;w i uzyska&#263; maksymalne korzy&#347;ci z tej interesuj&#261;cej oferty.<\/p><p>Aby skorzysta&#263; z kodu bonusowego kasyna Dazard, gracze zazwyczaj musz&#261; wpisa&#263; go w odpowiednim polu podczas rejestracji lub w sekcji cashback na stronie kasyna. To &#347;wietny spos&oacute;b na zdobycie dodatkowych korzy&#347;ci i zwi&#281;kszenie swoich szans na wygran&#261;. Ponadto dost&#281;pne s&#261; r&oacute;wnie&#380; darmowe &#380;etony lub darmowe zak&#322;ady w kasynie Dazard, z kt&oacute;rych gracze mog&#261; korzysta&#263; podczas grania w r&oacute;&#380;ne gry kasynowe. To &#347;wietna okazja, aby wypr&oacute;bowa&#263; r&oacute;&#380;norodne gry i doceni&#263; atmosfer&#281; kasyna bez konieczno&#347;ci dokonywania depozytu.<\/p><h2>Dazard Casino Online: R&oacute;&#380;norodno&#347;&#263; gier<\/h2><p>Sercem ka&#380;dego kasyna jest wyb&oacute;r gier, a kasyno online Dazard nie zawodzi tutaj ani troch&#281;. Platforma oferuje szerok&#261; gam&#281; gier, w tym popularne automaty, klasyczne gry sto&#322;owe, takie jak blackjack, ruletka i poker, a tak&#380;e kasyno na &#380;ywo, w kt&oacute;rym gracze mog&#261; rywalizowa&#263; z prawdziwymi krupierami w czasie rzeczywistym. Wysokiej jako&#347;ci grafika i p&#322;ynny interfejs u&#380;ytkownika przyczyniaj&#261; si&#281; do najwy&#380;szej klasy wra&#380;e&#324; z gry.<\/p><h2>Dazard Casino Live: autentyczne wra&#380;enia z gry w kasynie<\/h2><p>Na szczeg&oacute;ln&#261; uwag&#281; zas&#322;uguje kasyno Dazard na &#380;ywo. Tutaj gracze mog&#261; poczu&#263; atmosfer&#281; prawdziwego kasyna i wchodzi&#263; w interakcj&#281; z profesjonalnymi krupierami w czasie rzeczywistym. Transmisja na &#380;ywo odbywa si&#281; w jako&#347;ci HD, co zapewnia realistyczne i autentyczne wra&#380;enia z gry w kasynie. Ruletka na &#380;ywo, blackjack na &#380;ywo i inne gry na &#380;ywo s&#261; dost&#281;pne dla graczy przez ca&#322;&#261; dob&#281;.<\/p><p style=\"text-align: center;\"><\/p><h2><img loading=\"lazy\" decoding=\"async\" class=\"aligncenter size-full wp-image-12285\" src=\"https:\/\/australia-casino-review.com\/wp-content\/uploads\/2026\/08\/dazard-casino-1.png\" alt=\"Dazard Casino 2\" width=\"628\" height=\"356\"><\/h2><h2>Obs&#322;uga klienta Dazard Casino: wsparcie 24\/7<\/h2><p>Sprawny i niezawodny zesp&oacute;&#322; obs&#322;ugi klienta jest niezb&#281;dny dla graczy w przypadku jakichkolwiek problem&oacute;w lub pyta&#324;. Dazard Casino oferuje swoim klientom wsparcie 24 godziny na dob&#281;, 7 dni w tygodniu za po&#347;rednictwem czatu na &#380;ywo, poczty elektronicznej lub telefonu. Personel pomocniczy jest dobrze wyszkolony i zawsze ch&#281;tnie pomaga graczom w rozwi&#261;zywaniu ich problem&oacute;w.<\/p><h2>Obiecuj&#261;ce kasyno z wielkim potencja&#322;em<\/h2><p>Podsumowuj&#261;c recenzj&#281; kasyna Dazard, mo&#380;emy powiedzie&#263;, &#380;e jest to przyzwoita opcja dla graczy poszukuj&#261;cych ekscytuj&#261;cych i r&oacute;&#380;norodnych wra&#380;e&#324; z gier online. Imponuj&#261;cy wyb&oacute;r gier, hojne bonusy i niezawodny zesp&oacute;&#322; wsparcia sprawiaj&#261;, &#380;e kasyno jest atrakcyjne dla graczy. Jednak&#380;e, aby jak najlepiej wykorzysta&#263; gr&#281; w Dazard Casino, gracze powinni zawsze gra&#263; odpowiedzialnie i uwa&#380;nie przeczyta&#263; warunki bonus&oacute;w i promocji.<\/p>\n","protected":false},"excerpt":{"rendered":"<p>W ostatnich latach hazard online szybko si&#281; rozwin&#261;&#322; i sta&#322; si&#281; coraz popularniejsz&#261; rozrywk&#261; graczy na ca&#322;ym &#347;wiecie. R&oacute;&#380;norodne kasyna online oferuj&#261; szerok&#261; gam&#281; gier i atrakcyjnych bonus&oacute;w, aby przyci&#261;gn&#261;&#263; uwag&#281; graczy. Jednym z takich kasyn jest rozwijaj&#261;ce si&#281; kasyno Dazard, kt&oacute;re przyci&#261;ga uwag&#281; r&oacute;&#380;norodno&#347;ci&#261; gier i hojnymi bonusami. W tym tek&#347;cie przyjrzymy si&#281; szczeg&oacute;&#322;owo&hellip;&nbsp;<a href=\"https:\/\/australia-casino-review.com\/pl\/dazard\/\" class=\"\" rel=\"bookmark\">Czytaj dalej &raquo;<span class=\"screen-reader-text\">Kasyno Dazard: kompleksowy przegl\u0105d ekscytuj\u0105cego \u015bwiata hazardu<\/span><\/a><\/p>\n","protected":false},"author":1,"featured_media":0,"parent":0,"menu_order":0,"comment_status":"closed","ping_status":"closed","template":"","meta":{"neve_meta_sidebar":"","neve_meta_container":"","neve_meta_enable_content_width":"off","neve_meta_content_width":100,"neve_meta_title_alignment":"","neve_meta_author_avatar":"","neve_post_elements_order":"","neve_meta_disable_header":"","neve_meta_disable_footer":"","neve_meta_disable_title":"","footnotes":""},"class_list":["post-12433","page","type-page","status-publish","hentry"],"aioseo_notices":[],"_links":{"self":[{"href":"https:\/\/australia-casino-review.com\/pl\/wp-json\/wp\/v2\/pages\/12433","targetHints":{"allow":["GET"]}}],"collection":[{"href":"https:\/\/australia-casino-review.com\/pl\/wp-json\/wp\/v2\/pages"}],"about":[{"href":"https:\/\/australia-casino-review.com\/pl\/wp-json\/wp\/v2\/types\/page"}],"author":[{"embeddable":true,"href":"https:\/\/australia-casino-review.com\/pl\/wp-json\/wp\/v2\/users\/1"}],"replies":[{"embeddable":true,"href":"https:\/\/australia-casino-review.com\/pl\/wp-json\/wp\/v2\/comments?post=12433"}],"version-history":[{"count":4,"href":"https:\/\/australia-casino-review.com\/pl\/wp-json\/wp\/v2\/pages\/12433\/revisions"}],"predecessor-version":[{"id":13175,"href":"https:\/\/australia-casino-review.com\/pl\/wp-json\/wp\/v2\/pages\/12433\/revisions\/13175"}],"wp:attachment":[{"href":"https:\/\/australia-casino-review.com\/pl\/wp-json\/wp\/v2\/media?parent=12433"}],"curies":[{"name":"wp","href":"https:\/\/api.w.org\/{rel}","templated":true}]}}