{"id":12550,"date":"2023-08-28T00:45:54","date_gmt":"2023-08-27T21:45:54","guid":{"rendered":"https:\/\/australia-casino-review.com\/monkey-king\/"},"modified":"2023-09-25T09:07:40","modified_gmt":"2023-09-25T06:07:40","slug":"monkey-king","status":"publish","type":"page","link":"https:\/\/australia-casino-review.com\/pt-pt\/monkey-king\/","title":{"rendered":"An\u00e1lise da m\u00e1quina ca\u00e7a-n\u00edqueis Monkey King da iGTech: uma experi\u00eancia de jogo lend\u00e1ria"},"content":{"rendered":"<?xml encoding=\"utf-8\" ?><p>O slot Monkey King da iGTech leva os jogadores a um mundo fascinante de aventuras e lendas. Inspirado na mitologia chinesa e no famoso personagem Monkey King, este slot oferece uma experi&ecirc;ncia de jogo &uacute;nica com gr&aacute;ficos impressionantes, recursos emocionantes e oportunidades de vit&oacute;ria promissoras. Nesta an&aacute;lise aprofundada, examinamos mais de perto o slot Monkey King da iGTech, seus recursos, as melhores dicas e estrat&eacute;gias para jogar e os recursos interessantes do slot.<\/p><h2>Slot Monkey King: uma experi&ecirc;ncia de jogo emocionante<\/h2><link rel=\"stylesheet\" href=\"\/wp-content\/themes\/neve-child\/swiper-bundle.min.css\"><script src=\"\/wp-content\/themes\/neve-child\/swiper-bundle.min.js\"><\/script><div class=\"swiper casino-slider\">\r\n    <div class=\"swiper-wrapper\">\r\n\r\n        <!-- Winspirit -->\r\n        <div class=\"swiper-slide casino-slide\" style=\"background-image: url('https:\/\/australia-casino-review.com\/wp-content\/uploads\/2025\/05\/yosok3bayqsoxelcjxux.webp')\">\r\n            <a href=\"https:\/\/australia-casino-review.com\/go-casino?sub_id_1=winspirit\" class=\"swiper-slide-link\" style=\"position: relative;z-index: 10000;\">\r\n                <div class=\"casino-content\">\r\n                    <img decoding=\"async\" class=\"casino-logo\" src=\"https:\/\/australia-casino-review.com\/wp-content\/uploads\/2025\/05\/spuz0y9gqwphpkzry0dv.webp\" alt=\"Winspirit Logo\">\r\n                    <div class=\"casino-bonus\">B&Oacute;NUS DE PRIMEIRA DEP&Oacute;SITO<br>B&oacute;nus de 100% no primeiro dep&oacute;sito + 100 giros gr&aacute;tis<\/div>\r\n                    <span class=\"yellow-btn\">RECLAME O B&Oacute;NUS<\/span>\r\n                <\/div>\r\n            <\/a>\r\n        <\/div>\r\n\r\n        <!-- Rocket Play -->\r\n        <div class=\"swiper-slide casino-slide\" style=\"background-image: url('https:\/\/australia-casino-review.com\/wp-content\/uploads\/2025\/05\/netfidkjat6wovozc5pv.webp')\">\r\n            <a href=\"https:\/\/australia-casino-review.com\/go-casino?sub_id_1=rocketplay\" class=\"swiper-slide-link\" style=\"position: relative;z-index: 10000;\">\r\n                <div class=\"casino-content\">\r\n                    <img decoding=\"async\" class=\"casino-logo\" src=\"https:\/\/australia-casino-review.com\/wp-content\/uploads\/2025\/05\/dl8rtimw8nea9ju9bvor.webp\" alt=\"RocketPlay Logo\">\r\n                    <div class=\"casino-bonus\">B&Oacute;NUS DE PRIMEIRA DEP&Oacute;SITO<br>Receba 100% de b&oacute;nus at&eacute; 1 000 AUD + 100 giros gr&aacute;tis<\/div>\r\n                    <span class=\"yellow-btn\">RECLAME O B&Oacute;NUS<\/span>\r\n                <\/div>\r\n            <\/a>\r\n        <\/div>\r\n        \r\n    <\/div>\r\n<\/div><script>\r\n    document.addEventListener(\"DOMContentLoaded\", function() {\r\n        new Swiper(\".casino-slider\", {\r\n            slidesPerView: 1,\r\n            navigation: {\r\n                nextEl: \".swiper-button-next\",\r\n                prevEl: \".swiper-button-prev\",\r\n            },\r\n        });\r\n    });\r\n<\/script><p>O slot Monkey King &eacute; um emocionante slot de 5 cilindros com 25 linhas de pagamento que leva os jogadores a uma jornada &eacute;pica pela mitologia chinesa. Os gr&aacute;ficos e anima&ccedil;&otilde;es s&atilde;o impressionantes e capturam perfeitamente a magia da lenda do Rei Macaco. Os s&iacute;mbolos nos rolos refletem a mitologia chinesa e incluem o pr&oacute;prio Rei Macaco, o Buda, o Imperador de Jade, um livro m&aacute;gico e muitas outras imagens tem&aacute;ticas.<\/p><p style=\"text-align: center;\"><\/p><p><span style=\"font-weight: 400;\"><img loading=\"lazy\" decoding=\"async\" class=\"aligncenter wp-image-12376\" src=\"https:\/\/australia-casino-review.com\/wp-content\/uploads\/2026\/08\/3d6e15130241983.617bac5551b33-1.png\" alt=\"Review of Monkey King slot machine from iGTech 1\" width=\"784\" height=\"456\"><\/span><\/p><h2>Recursos do ca&ccedil;a-n&iacute;queis Monkey King<\/h2><p>A m&aacute;quina ca&ccedil;a-n&iacute;queis Monkey King oferece muitos recursos especiais que tornam a jogabilidade ainda mais emocionante. Isso inclui s&iacute;mbolos joker, s&iacute;mbolos scatter e rodadas gr&aacute;tis. O s&iacute;mbolo joker, representando o Rei Macaco, pode substituir outros s&iacute;mbolos para formar combina&ccedil;&otilde;es vencedoras. Os s&iacute;mbolos scatter podem desencadear rodadas gr&aacute;tis, enquanto as rodadas de rodadas gr&aacute;tis oferecem a oportunidade de obter ganhos extras sem fazer apostas adicionais.<\/p><h2>Dicas para o slot Monkey King: Maximize suas chances de ganhar<\/h2><p>Para jogadores que desejam maximizar suas chances de ganhar, algumas dicas sobre o slot Monkey King ser&atilde;o &uacute;teis. Em primeiro lugar, &eacute; importante compreender bem as regras e caracter&iacute;sticas do jogo. Ao jogar o slot Monkey King gratuitamente na vers&atilde;o demo, os jogadores podem testar o jogo sem dinheiro real e se familiarizar com seus recursos. Tamb&eacute;m &eacute; recomend&aacute;vel jogar com um or&ccedil;amento razo&aacute;vel e apostar com responsabilidade para que o jogo seja controlado e emocionante.<\/p><h2>A emo&ccedil;&atilde;o do jogo de ca&ccedil;a-n&iacute;queis Monkey King<\/h2><p>O jogo de slot Monkey King oferece n&atilde;o apenas uma jogabilidade emocionante, mas tamb&eacute;m a oportunidade de ganhar dinheiro real. Recursos emocionantes, como rodadas gr&aacute;tis e um recurso de segurar e ganhar, aumentam a emo&ccedil;&atilde;o e o entretenimento. Coletar s&iacute;mbolos scatter para acionar rodadas gr&aacute;tis ou obter s&iacute;mbolos de b&ocirc;nus para participar de rodadas de jackpot aumenta a emo&ccedil;&atilde;o do jogo.<\/p><p style=\"text-align: center;\"><\/p><p><span style=\"font-weight: 400;\"><img loading=\"lazy\" decoding=\"async\" class=\"aligncenter wp-image-12367\" src=\"https:\/\/australia-casino-review.com\/wp-content\/uploads\/2026\/08\/430d9898228389.5ed7894720e13-1.jpg\" alt=\"Review of Monkey King slot machine from iGTech 2\" width=\"813\" height=\"457\"><\/span><\/p><h2>Experi&ecirc;ncia de jogo lend&aacute;ria com a slot machine Monkey King<\/h2><p>Concluindo, o lend&aacute;rio slot Monkey King da iGTech oferece uma experi&ecirc;ncia de jogo lend&aacute;ria. Com o seu tema cativante, gr&aacute;ficos impressionantes e funcionalidades emocionantes, esta slot ser&aacute; um verdadeiro deleite para os amantes do casino. A capacidade de jogar o slot Monkey King gratuitamente permite que os jogadores testem o jogo sem riscos e se familiarizem com seus recursos. Recursos especiais, como s&iacute;mbolos curinga, s&iacute;mbolos scatter e rodadas gr&aacute;tis, aumentam a emo&ccedil;&atilde;o do jogo. Usando algumas dicas e estrat&eacute;gias, os jogadores poder&atilde;o maximizar suas chances de ganhar e desfrutar de vit&oacute;rias reais. Mergulhe no fascinante mundo de Monkey King e experimente uma experi&ecirc;ncia de jogo lend&aacute;ria com este emocionante slot Monkey King da iGTech.<\/p>\n","protected":false},"excerpt":{"rendered":"<p>O slot Monkey King da iGTech leva os jogadores a um mundo fascinante de aventuras e lendas. Inspirado na mitologia chinesa e no famoso personagem Monkey King, este slot oferece uma experi&ecirc;ncia de jogo &uacute;nica com gr&aacute;ficos impressionantes, recursos emocionantes e oportunidades de vit&oacute;ria promissoras. Nesta an&aacute;lise aprofundada, examinamos mais de perto o slot Monkey&hellip;&nbsp;<a href=\"https:\/\/australia-casino-review.com\/pt-pt\/monkey-king\/\" class=\"\" rel=\"bookmark\">Ler mais &raquo;<span class=\"screen-reader-text\">An\u00e1lise da m\u00e1quina ca\u00e7a-n\u00edqueis Monkey King da iGTech: uma experi\u00eancia de jogo lend\u00e1ria<\/span><\/a><\/p>\n","protected":false},"author":1,"featured_media":0,"parent":0,"menu_order":0,"comment_status":"closed","ping_status":"closed","template":"","meta":{"neve_meta_sidebar":"","neve_meta_container":"","neve_meta_enable_content_width":"off","neve_meta_content_width":100,"neve_meta_title_alignment":"","neve_meta_author_avatar":"","neve_post_elements_order":"","neve_meta_disable_header":"","neve_meta_disable_footer":"","neve_meta_disable_title":"","footnotes":""},"class_list":["post-12550","page","type-page","status-publish","hentry"],"aioseo_notices":[],"_links":{"self":[{"href":"https:\/\/australia-casino-review.com\/pt-pt\/wp-json\/wp\/v2\/pages\/12550","targetHints":{"allow":["GET"]}}],"collection":[{"href":"https:\/\/australia-casino-review.com\/pt-pt\/wp-json\/wp\/v2\/pages"}],"about":[{"href":"https:\/\/australia-casino-review.com\/pt-pt\/wp-json\/wp\/v2\/types\/page"}],"author":[{"embeddable":true,"href":"https:\/\/australia-casino-review.com\/pt-pt\/wp-json\/wp\/v2\/users\/1"}],"replies":[{"embeddable":true,"href":"https:\/\/australia-casino-review.com\/pt-pt\/wp-json\/wp\/v2\/comments?post=12550"}],"version-history":[{"count":2,"href":"https:\/\/australia-casino-review.com\/pt-pt\/wp-json\/wp\/v2\/pages\/12550\/revisions"}],"predecessor-version":[{"id":12552,"href":"https:\/\/australia-casino-review.com\/pt-pt\/wp-json\/wp\/v2\/pages\/12550\/revisions\/12552"}],"wp:attachment":[{"href":"https:\/\/australia-casino-review.com\/pt-pt\/wp-json\/wp\/v2\/media?parent=12550"}],"curies":[{"name":"wp","href":"https:\/\/api.w.org\/{rel}","templated":true}]}}