{"id":7356,"date":"2023-07-17T23:23:40","date_gmt":"2023-07-17T20:23:40","guid":{"rendered":"https:\/\/australia-casino-review.com\/75-free-spins-2\/"},"modified":"2023-07-17T23:23:40","modified_gmt":"2023-07-17T20:23:40","slug":"75-free-spins-2","status":"publish","type":"page","link":"https:\/\/australia-casino-review.com\/pt-pt\/75-free-spins-2\/","title":{"rendered":"Cerca de 75 rodadas gr\u00e1tis sem b\u00f4nus de dep\u00f3sito"},"content":{"rendered":"<?xml encoding=\"utf-8\" ?><p> <span style=\"font-weight: 400;\"><\/span><\/p><link rel=\"stylesheet\" href=\"\/wp-content\/themes\/neve-child\/swiper-bundle.min.css\"><script src=\"\/wp-content\/themes\/neve-child\/swiper-bundle.min.js\"><\/script><div class=\"swiper casino-slider\">\r\n    <div class=\"swiper-wrapper\">\r\n\r\n        <!-- Winspirit -->\r\n        <div class=\"swiper-slide casino-slide\" style=\"background-image: url('https:\/\/australia-casino-review.com\/wp-content\/uploads\/2025\/05\/yosok3bayqsoxelcjxux.webp')\">\r\n            <a href=\"https:\/\/australia-casino-review.com\/go-casino?sub_id_1=winspirit\" class=\"swiper-slide-link\" style=\"position: relative;z-index: 10000;\">\r\n                <div class=\"casino-content\">\r\n                    <img decoding=\"async\" class=\"casino-logo\" src=\"https:\/\/australia-casino-review.com\/wp-content\/uploads\/2025\/05\/spuz0y9gqwphpkzry0dv.webp\" alt=\"Winspirit Logo\">\r\n                    <div class=\"casino-bonus\">B&Oacute;NUS DE PRIMEIRA DEP&Oacute;SITO<br>B&oacute;nus de 100% no primeiro dep&oacute;sito + 100 giros gr&aacute;tis<\/div>\r\n                    <span class=\"yellow-btn\">RECLAME O B&Oacute;NUS<\/span>\r\n                <\/div>\r\n            <\/a>\r\n        <\/div>\r\n\r\n        <!-- Rocket Play -->\r\n        <div class=\"swiper-slide casino-slide\" style=\"background-image: url('https:\/\/australia-casino-review.com\/wp-content\/uploads\/2025\/05\/netfidkjat6wovozc5pv.webp')\">\r\n            <a href=\"https:\/\/australia-casino-review.com\/go-casino?sub_id_1=rocketplay\" class=\"swiper-slide-link\" style=\"position: relative;z-index: 10000;\">\r\n                <div class=\"casino-content\">\r\n                    <img decoding=\"async\" class=\"casino-logo\" src=\"https:\/\/australia-casino-review.com\/wp-content\/uploads\/2025\/05\/dl8rtimw8nea9ju9bvor.webp\" alt=\"RocketPlay Logo\">\r\n                    <div class=\"casino-bonus\">B&Oacute;NUS DE PRIMEIRA DEP&Oacute;SITO<br>Receba 100% de b&oacute;nus at&eacute; 1 000 AUD + 100 giros gr&aacute;tis<\/div>\r\n                    <span class=\"yellow-btn\">RECLAME O B&Oacute;NUS<\/span>\r\n                <\/div>\r\n            <\/a>\r\n        <\/div>\r\n        \r\n    <\/div>\r\n<\/div><script>\r\n    document.addEventListener(\"DOMContentLoaded\", function() {\r\n        new Swiper(\".casino-slider\", {\r\n            slidesPerView: 1,\r\n            navigation: {\r\n                nextEl: \".swiper-button-next\",\r\n                prevEl: \".swiper-button-prev\",\r\n            },\r\n        });\r\n    });\r\n<\/script><p> <img loading=\"lazy\" decoding=\"async\" class=\"aligncenter size-full wp-image-5212\" src=\"https:\/\/australia-casino-review.com\/wp-content\/uploads\/2022\/09\/free-spins-1.jpg\" alt=\"75 free spins\" width=\"800\" height=\"450\" srcset=\"https:\/\/australia-casino-review.com\/wp-content\/uploads\/2022\/09\/free-spins-1.jpg 800w, https:\/\/australia-casino-review.com\/wp-content\/uploads\/2022\/09\/free-spins-1-300x169.jpg 300w, https:\/\/australia-casino-review.com\/wp-content\/uploads\/2022\/09\/free-spins-1-768x432.jpg 768w\" sizes=\"auto, (max-width: 800px) 100vw, 800px\"><\/p><p> <\/p><p> <span style=\"font-weight: 400;\"><br>\n 75 rodadas gr&aacute;tis sem dep&oacute;sito Austr&aacute;lia<br>\n <\/span><\/p><p> <span style=\"font-weight: 400;\"><br>\n  &eacute; uma s&eacute;rie de rodadas adicionais. Eles s&atilde;o dados aos jogadores de um estabelecimento de jogos de azar na forma de b&ocirc;nus. Eles s&oacute; podem ser usados &#8203;&#8203;em jogos espec&iacute;ficos. &Eacute; necess&aacute;rio realizar as seguintes a&ccedil;&otilde;es no site para receber um presente:<br>\n <\/span><\/p><ul>\n<li style=\"font-weight: 400;\" aria-level=\"1\">\n<p> <span style=\"font-weight: 400;\"><br>\n 75 rodadas gr&aacute;tis ao se inscrever sem dep&oacute;sito;<br>\n <\/span><\/p>\n<\/li>\n<li style=\"font-weight: 400;\" aria-level=\"1\">\n<p> <span style=\"font-weight: 400;\"><br>\n participa&ccedil;&atilde;o em promo&ccedil;&otilde;es;<br>\n <\/span><\/p>\n<\/li>\n<li style=\"font-weight: 400;\" aria-level=\"1\">\n<p> <span style=\"font-weight: 400;\"><br>\n baixar e instalar o aplicativo m&oacute;vel do clube de Internet.<br>\n <\/span><\/p>\n<\/li>\n<li style=\"font-weight: 400;\" aria-level=\"1\">\n<p> <span style=\"font-weight: 400;\"><br>\n 75 rodadas gr&aacute;tis no registro sem dep&oacute;sito<br>\n <\/span><\/p>\n<p> <span style=\"font-weight: 400;\"><br>\n s&atilde;o creditados automaticamente. Com a ajuda deles, voc&ecirc; pode obter ganhos adicionais sem precisar reabastecer sua conta de jogo. Antes de usar um ou outro tipo de dep&oacute;sito sem dep&oacute;sito, &eacute; importante que um cliente de cassino online siga algumas regras:<br>\n <\/span><\/p>\n<\/li>\n<li style=\"font-weight: 400;\" aria-level=\"1\">\n<p> <span style=\"font-weight: 400;\"><br>\n ser um usu&aacute;rio adulto;<br>\n <\/span><\/p>\n<\/li>\n<li style=\"font-weight: 400;\" aria-level=\"1\">\n<p> <span style=\"font-weight: 400;\"><br>\n ter apenas uma conta em determinado estabelecimento de jogo;<br>\n <\/span><\/p>\n<\/li>\n<li style=\"font-weight: 400;\" aria-level=\"1\">\n<p> <span style=\"font-weight: 400;\"><br>\n indique na fase de registro informa&ccedil;&otilde;es confi&aacute;veis &#8203;&#8203;&#8203;&#8203;sobre sua pessoa (deve corresponder aos dados do passaporte).<br>\n <\/span><\/p>\n<\/li>\n<\/ul><p> <span style=\"font-weight: 400;\"><br>\n Outra regra obrigat&oacute;ria pode ser aplicada ao uso de b&ocirc;nus sem dep&oacute;sito &ndash; o dep&oacute;sito m&iacute;nimo antes de sacar fundos. Isso &eacute; necess&aacute;rio para que a administra&ccedil;&atilde;o do cassino virtual possa garantir que o jogador seja uma pessoa real com um cart&atilde;o banc&aacute;rio v&aacute;lido ou uma carteira eletr&ocirc;nica existente.<br>\n <\/span><\/p><p style=\"text-align: center;\">\n <!-- Shortcode is missing \"name\" attribute -->\n <\/p><h2>\n<\/h2><p> <span style=\"font-weight: 400;\"><br>\n Como posso reivindicar 75 rodadas gr&aacute;tis?<br>\n <\/span><\/p><p> <span style=\"font-weight: 400;\"><br>\n Para<br>\n <\/span><\/p><p> <span style=\"font-weight: 400;\"><br>\n 75 rodadas gr&aacute;tis no casino sem dep&oacute;sito<br>\n <\/span><\/p><p> <span style=\"font-weight: 400;\"><br>\n , o usu&aacute;rio precisa:<br>\n <\/span><\/p><ul>\n<li style=\"font-weight: 400;\" aria-level=\"1\">\n<p> <span style=\"font-weight: 400;\"><br>\n Familiarize-se com os termos e condi&ccedil;&otilde;es (&eacute; melhor fazer isso no site oficial do estabelecimento de jogos de azar, onde &eacute; mais prov&aacute;vel que informa&ccedil;&otilde;es confi&aacute;veis &#8203;&#8203;&#8203;&#8203;e atualizadas sejam apresentadas do que em outros recursos da Internet).<br>\n <\/span><\/p>\n<\/li>\n<li style=\"font-weight: 400;\" aria-level=\"1\">\n<p> <span style=\"font-weight: 400;\"><br>\n Registre-se de qualquer maneira conveniente &ndash; por e-mail, usando um n&uacute;mero de telefone de contato ou usando uma conta de trabalho em uma rede social. <\/span><\/p>\n<\/li>\n<li style=\"font-weight: 400;\" aria-level=\"1\">\n<p> <span style=\"font-weight: 400;\"><br>\n Confirme seu rosto usando a verifica&ccedil;&atilde;o (voc&ecirc; deve fornecer um documento oficial ou carteira de motorista para os operadores de suporte t&eacute;cnico).<br>\n <\/span><\/p>\n<\/li>\n<li style=\"font-weight: 400;\" aria-level=\"1\">\n<p> <span style=\"font-weight: 400;\"><br>\n Ent&atilde;o pegue<br>\n <\/span><\/p>\n<p> <span style=\"font-weight: 400;\"><br>\n  75 rodadas gr&aacute;tis sem b&ocirc;nus de dep&oacute;sito.<br>\n <\/span><\/p>\n<\/li>\n<\/ul><h2>\n<\/h2><p> <span style=\"font-weight: 400;\"><br>\n 75 Rodadas Gr&aacute;tis Sem Dep&oacute;sito Slots<br>\n <\/span><\/p><p> <span style=\"font-weight: 400;\"><br>\n Tenha em mente:<br>\n <\/span><\/p><ul>\n<li style=\"font-weight: 400;\" aria-level=\"1\">\n<p> <span style=\"font-weight: 400;\"><br>\n Termos de apostas (geralmente s&atilde;o curtos, por isso &eacute; importante chegar na hora para que o presente n&atilde;o se esgote).<br>\n <\/span><\/p>\n<\/li>\n<li style=\"font-weight: 400;\" aria-level=\"1\">\n<p> <span style=\"font-weight: 400;\"><br>\n Restri&ccedil;&atilde;o de jogos (&agrave;s vezes, ganhar um presente s&oacute; &eacute; poss&iacute;vel em determinados slots).<br>\n <\/span><\/p>\n<\/li>\n<li style=\"font-weight: 400;\" aria-level=\"1\">\n<p> <span style=\"font-weight: 400;\"><br>\n O tamanho da aposta mais alta (&eacute; importante prestar aten&ccedil;&atilde;o aos limites especificados).<br>\n <\/span><\/p>\n<\/li>\n<\/ul><p> <span style=\"font-weight: 400;\"><br>\n Recomenda-se levar em considera&ccedil;&atilde;o se o tamanho dos ganhos m&aacute;ximos &eacute; limitado pelas condi&ccedil;&otilde;es do cassino online. Normalmente, em um pedido de saque, voc&ecirc; pode especificar apenas uma parte do dinheiro ganho para saque. Voc&ecirc; pode ler todas essas nuances nas an&aacute;lises de cassinos online no portal ze-casino.com<br>\n <\/span><\/p><p> <span style=\"font-weight: 400;\"><\/span><\/p><p> <img loading=\"lazy\" decoding=\"async\" class=\"aligncenter size-full wp-image-5213\" src=\"https:\/\/australia-casino-review.com\/wp-content\/uploads\/2022\/09\/free-spins-no-deposit.png\" alt=\"75 free spins no deposit\" width=\"800\" height=\"400\" srcset=\"https:\/\/australia-casino-review.com\/wp-content\/uploads\/2022\/09\/free-spins-no-deposit.png 800w, https:\/\/australia-casino-review.com\/wp-content\/uploads\/2022\/09\/free-spins-no-deposit-300x150.png 300w, https:\/\/australia-casino-review.com\/wp-content\/uploads\/2022\/09\/free-spins-no-deposit-768x384.png 768w\" sizes=\"auto, (max-width: 800px) 100vw, 800px\"><\/p><p> <\/p><h2>\n<\/h2><p> <span style=\"font-weight: 400;\"><br>\n Perguntas frequentes<br>\n <\/span><\/p><h3>\n<\/h3><p> <span style=\"font-weight: 400;\"><br>\n Como usar rodadas extras?<br>\n <\/span><\/p><p> <span style=\"font-weight: 400;\"><br>\n A regra de aposta sem dep&oacute;sito &eacute; o cumprimento das condi&ccedil;&otilde;es de aposta. Normalmente &eacute; especificado como um multiplicador (x30, por exemplo). Isso significa que o jogador precisa girar a promo&ccedil;&atilde;o 30 vezes em uma determinada m&aacute;quina ca&ccedil;a-n&iacute;queis, ap&oacute;s o que o pr&ecirc;mio em dinheiro ficar&aacute; dispon&iacute;vel para recebimento. Se voc&ecirc; n&atilde;o recuperar o presente a tempo, o ac&uacute;mulo adicional ser&aacute; cancelado. Se o jogador entender que n&atilde;o poder&aacute; jogar no presente, &eacute; melhor recusar o recebimento da promo&ccedil;&atilde;o ou esperar at&eacute; que ela expire.<br>\n <\/span><\/p><p style=\"text-align: center;\">\n <!-- Shortcode is missing \"name\" attribute -->\n <\/p><h3>\n<\/h3><p> <span style=\"font-weight: 400;\"><br>\n Como os cassinos ganham com o b&ocirc;nus?<br>\n <\/span><\/p><p> <span style=\"font-weight: 400;\"><br>\n Embora os estabelecimentos de jogo distribuam presentes aos seus clientes sem necessidade de reabastecimento, os estabelecimentos de jogo permanecem no azul. Em alguns clubes virtuais, o valor ganho com rodadas gr&aacute;tis adicionais n&atilde;o atinge o valor que pode ser sacado. Portanto, voc&ecirc; pode precisar depositar dinheiro que n&atilde;o &eacute; suficiente para a retirada. Portanto, o jogador ter&aacute; que depositar o valor necess&aacute;rio ou continuar jogando.<br>\n <\/span><\/p><h3>\n<\/h3><p> <span style=\"font-weight: 400;\"><br>\n Posso obter o b&ocirc;nus de inscri&ccedil;&atilde;o v&aacute;rias vezes?<br>\n <\/span><\/p><p> <span style=\"font-weight: 400;\"><br>\n O presente &eacute; pago aos jogadores apenas uma vez, portanto n&atilde;o ser&aacute; poss&iacute;vel receb&ecirc;-lo novamente. Isto deve-se ao facto de a cria&ccedil;&atilde;o de multi-contas ser proibida nos casinos online, pelo que n&atilde;o faz sentido registar v&aacute;rias contas para n&atilde;o receber nenhum dep&oacute;sito. Voc&ecirc; pode se tornar o propriet&aacute;rio de um novo b&ocirc;nus sem dep&oacute;sito se usar um c&oacute;digo promocional especial que pode ser encontrado em recursos tem&aacute;ticos ou recebido por e-mail, em uma mensagem SMS.<br>\n <\/span><\/p><p> <span style=\"font-weight: 400;\"><br>\n Confira as ofertas de b&ocirc;nus de estabelecimentos de jogos de azar populares e descubra onde voc&ecirc; pode obter ofertas gratuitas lucrativas de sites de jogos de azar para uso posterior com o m&aacute;ximo benef&iacute;cio para voc&ecirc;. Agora h&aacute; muita competi&ccedil;&atilde;o, ent&atilde;o os cassinos competem entre si e lutam por cada cliente.<br>\n <\/span><br>\n     Leia tamb&eacute;m sobre:<br>\n <a href=\"https:\/\/australia-casino-review.com\/60-free-spins\/\"><br>\n 60 Rodadas Gr&aacute;tis<br>\n <\/a> <\/p>\n","protected":false},"excerpt":{"rendered":"<p>B&Oacute;NUS DE PRIMEIRA DEP&Oacute;SITOB&oacute;nus de 100% no primeiro dep&oacute;sito + 100 giros gr&aacute;tis RECLAME O B&Oacute;NUS B&Oacute;NUS DE PRIMEIRA DEP&Oacute;SITOReceba 100% de b&oacute;nus at&eacute; 1 000 AUD + 100 giros gr&aacute;tis RECLAME O B&Oacute;NUS 75 rodadas gr&aacute;tis sem dep&oacute;sito Austr&aacute;lia &eacute; uma s&eacute;rie de rodadas adicionais. Eles s&atilde;o dados aos jogadores de um estabelecimento de&hellip;&nbsp;<a href=\"https:\/\/australia-casino-review.com\/pt-pt\/75-free-spins-2\/\" class=\"\" rel=\"bookmark\">Ler mais &raquo;<span class=\"screen-reader-text\">Cerca de 75 rodadas gr\u00e1tis sem b\u00f4nus de dep\u00f3sito<\/span><\/a><\/p>\n","protected":false},"author":1,"featured_media":0,"parent":0,"menu_order":0,"comment_status":"closed","ping_status":"closed","template":"","meta":{"neve_meta_sidebar":"","neve_meta_container":"","neve_meta_enable_content_width":"","neve_meta_content_width":0,"neve_meta_title_alignment":"","neve_meta_author_avatar":"","neve_post_elements_order":"","neve_meta_disable_header":"","neve_meta_disable_footer":"","neve_meta_disable_title":"","footnotes":""},"class_list":["post-7356","page","type-page","status-publish","hentry"],"aioseo_notices":[],"_links":{"self":[{"href":"https:\/\/australia-casino-review.com\/pt-pt\/wp-json\/wp\/v2\/pages\/7356","targetHints":{"allow":["GET"]}}],"collection":[{"href":"https:\/\/australia-casino-review.com\/pt-pt\/wp-json\/wp\/v2\/pages"}],"about":[{"href":"https:\/\/australia-casino-review.com\/pt-pt\/wp-json\/wp\/v2\/types\/page"}],"author":[{"embeddable":true,"href":"https:\/\/australia-casino-review.com\/pt-pt\/wp-json\/wp\/v2\/users\/1"}],"replies":[{"embeddable":true,"href":"https:\/\/australia-casino-review.com\/pt-pt\/wp-json\/wp\/v2\/comments?post=7356"}],"version-history":[{"count":0,"href":"https:\/\/australia-casino-review.com\/pt-pt\/wp-json\/wp\/v2\/pages\/7356\/revisions"}],"wp:attachment":[{"href":"https:\/\/australia-casino-review.com\/pt-pt\/wp-json\/wp\/v2\/media?parent=7356"}],"curies":[{"name":"wp","href":"https:\/\/api.w.org\/{rel}","templated":true}]}}