{"id":7358,"date":"2023-07-17T23:23:54","date_gmt":"2023-07-17T20:23:54","guid":{"rendered":"https:\/\/australia-casino-review.com\/65-free-spins-2\/"},"modified":"2023-07-17T23:23:54","modified_gmt":"2023-07-17T20:23:54","slug":"65-free-spins-2","status":"publish","type":"page","link":"https:\/\/australia-casino-review.com\/pt-pt\/65-free-spins-2\/","title":{"rendered":"Revis\u00e3o de 65 rodadas gr\u00e1tis sem dep\u00f3sito"},"content":{"rendered":"<?xml encoding=\"utf-8\" ?><p> <span style=\"font-weight: 400;\"><\/span><\/p><link rel=\"stylesheet\" href=\"\/wp-content\/themes\/neve-child\/swiper-bundle.min.css\"><script src=\"\/wp-content\/themes\/neve-child\/swiper-bundle.min.js\"><\/script><div class=\"swiper casino-slider\">\r\n    <div class=\"swiper-wrapper\">\r\n\r\n        <!-- Winspirit -->\r\n        <div class=\"swiper-slide casino-slide\" style=\"background-image: url('https:\/\/australia-casino-review.com\/wp-content\/uploads\/2025\/05\/yosok3bayqsoxelcjxux.webp')\">\r\n            <a href=\"https:\/\/australia-casino-review.com\/go-casino?sub_id_1=winspirit\" class=\"swiper-slide-link\" style=\"position: relative;z-index: 10000;\">\r\n                <div class=\"casino-content\">\r\n                    <img decoding=\"async\" class=\"casino-logo\" src=\"https:\/\/australia-casino-review.com\/wp-content\/uploads\/2025\/05\/spuz0y9gqwphpkzry0dv.webp\" alt=\"Winspirit Logo\">\r\n                    <div class=\"casino-bonus\">B&Oacute;NUS DE PRIMEIRA DEP&Oacute;SITO<br>B&oacute;nus de 100% no primeiro dep&oacute;sito + 100 giros gr&aacute;tis<\/div>\r\n                    <span class=\"yellow-btn\">RECLAME O B&Oacute;NUS<\/span>\r\n                <\/div>\r\n            <\/a>\r\n        <\/div>\r\n\r\n        <!-- Rocket Play -->\r\n        <div class=\"swiper-slide casino-slide\" style=\"background-image: url('https:\/\/australia-casino-review.com\/wp-content\/uploads\/2025\/05\/netfidkjat6wovozc5pv.webp')\">\r\n            <a href=\"https:\/\/australia-casino-review.com\/go-casino?sub_id_1=rocketplay\" class=\"swiper-slide-link\" style=\"position: relative;z-index: 10000;\">\r\n                <div class=\"casino-content\">\r\n                    <img decoding=\"async\" class=\"casino-logo\" src=\"https:\/\/australia-casino-review.com\/wp-content\/uploads\/2025\/05\/dl8rtimw8nea9ju9bvor.webp\" alt=\"RocketPlay Logo\">\r\n                    <div class=\"casino-bonus\">B&Oacute;NUS DE PRIMEIRA DEP&Oacute;SITO<br>Receba 100% de b&oacute;nus at&eacute; 1 000 AUD + 100 giros gr&aacute;tis<\/div>\r\n                    <span class=\"yellow-btn\">RECLAME O B&Oacute;NUS<\/span>\r\n                <\/div>\r\n            <\/a>\r\n        <\/div>\r\n        \r\n    <\/div>\r\n<\/div><script>\r\n    document.addEventListener(\"DOMContentLoaded\", function() {\r\n        new Swiper(\".casino-slider\", {\r\n            slidesPerView: 1,\r\n            navigation: {\r\n                nextEl: \".swiper-button-next\",\r\n                prevEl: \".swiper-button-prev\",\r\n            },\r\n        });\r\n    });\r\n<\/script><p> <img loading=\"lazy\" decoding=\"async\" class=\"aligncenter size-full wp-image-5202\" src=\"https:\/\/australia-casino-review.com\/wp-content\/uploads\/2022\/09\/free-spins.png\" alt=\"free spins\" width=\"1498\" height=\"680\" srcset=\"https:\/\/australia-casino-review.com\/wp-content\/uploads\/2022\/09\/free-spins.png 1498w, https:\/\/australia-casino-review.com\/wp-content\/uploads\/2022\/09\/free-spins-300x136.png 300w, https:\/\/australia-casino-review.com\/wp-content\/uploads\/2022\/09\/free-spins-1024x465.png 1024w, https:\/\/australia-casino-review.com\/wp-content\/uploads\/2022\/09\/free-spins-768x349.png 768w\" sizes=\"auto, (max-width: 1498px) 100vw, 1498px\"><\/p><p> <\/p><p> <span style=\"font-weight: 400;\"><br>\n Para quem quer se tornar um apostador, existem<br>\n <\/span><\/p><p> <span style=\"font-weight: 400;\"><br>\n 65 rodadas gr&aacute;tis sem dep&oacute;sito Austr&aacute;lia<br>\n <\/span><\/p><p> <span style=\"font-weight: 400;\"><br>\n . Uma oferta tentadora no cassino s&atilde;o rodadas adicionais n&atilde;o apenas para iniciantes, mas tamb&eacute;m para jogadores experientes. Esse tipo de promo&ccedil;&atilde;o ajuda a levantar uma boa pontua&ccedil;&atilde;o. Nesse caso, voc&ecirc; n&atilde;o perde nada, portanto n&atilde;o precisa inserir o valor.<br>\n <\/span><\/p><p> <span style=\"font-weight: 400;\"><br>\n &Eacute; uma esp&eacute;cie de golpe de rela&ccedil;&otilde;es p&uacute;blicas. Portanto, n&atilde;o h&aacute; tantas rodadas gr&aacute;tis. Normalmente, seu n&uacute;mero n&atilde;o excede de dez a trinta giros. &Eacute; outra quest&atilde;o &ndash;<br>\n <\/span><\/p><p> <span style=\"font-weight: 400;\"><br>\n 65 rodadas gr&aacute;tis sem dep&oacute;sito no cassino<br>\n <\/span><\/p><p> <span style=\"font-weight: 400;\"><br>\n . O lado positivo dessa a&ccedil;&atilde;o &eacute; que voc&ecirc; pode realmente experimentar o jogo em a&ccedil;&atilde;o. Ou seja, conduzir, por assim dizer, testar o slot sem gastar seu dinheiro suado. Pelo contr&aacute;rio, voc&ecirc; tamb&eacute;m pode ganhar uma boa quantia.<br>\n <\/span><\/p><p> <span style=\"font-weight: 400;\"><br>\n Pr&oacute;s:<br>\n <\/span><\/p><ul>\n<li style=\"font-weight: 400;\" aria-level=\"1\">\n<p> <span style=\"font-weight: 400;\"><br>\n uma ampla gama de perspectivas para ganhar rodadas gr&aacute;tis continuamente;<br>\n <\/span><\/p>\n<\/li>\n<li style=\"font-weight: 400;\" aria-level=\"1\">\n<p> <span style=\"font-weight: 400;\"><br>\n a lista de pre&ccedil;os de jogos com rodadas gr&aacute;tis &eacute; exibida com anteced&ecirc;ncia por um determinado per&iacute;odo de tempo;<br>\n <\/span><\/p>\n<\/li>\n<li style=\"font-weight: 400;\" aria-level=\"1\">\n<p> <span style=\"font-weight: 400;\"><br>\n m&eacute;todos elementares e acess&iacute;veis de vingan&ccedil;a s&atilde;o aplicados;<br>\n <\/span><\/p>\n<\/li>\n<li style=\"font-weight: 400;\" aria-level=\"1\">\n<p> <span style=\"font-weight: 400;\"><br>\n recomenda&ccedil;&otilde;es em promo&ccedil;&otilde;es de rela&ccedil;&otilde;es p&uacute;blicas s&atilde;o reabastecidas com const&acirc;ncia invej&aacute;vel.<br>\n <\/span><\/p>\n<\/li>\n<\/ul><p> <span style=\"font-weight: 400;\"><br>\n Pontos negativos:<br>\n <\/span><\/p><ul>\n<li style=\"font-weight: 400;\" aria-level=\"1\">\n<p> <span style=\"font-weight: 400;\"><br>\n rodadas gr&aacute;tis s&atilde;o permitidas apenas em algumas m&aacute;quinas ca&ccedil;a-n&iacute;queis;<br>\n <\/span><\/p>\n<\/li>\n<li style=\"font-weight: 400;\" aria-level=\"1\">\n<p> <span style=\"font-weight: 400;\"><br>\n os giros n&atilde;o s&atilde;o adicionados na m&aacute;quina &ndash; &eacute; necess&aacute;rio inserir o c&oacute;digo de recompensa;<br>\n <\/span><\/p>\n<\/li>\n<\/ul><p> <span style=\"font-weight: 400;\"><br>\n Apenas uma quantia limitada pode ser retirada de cada vez, os ganhos que foram recebidos pelos fundos de recompensa.<br>\n <\/span><\/p><p style=\"text-align: center;\">\n <!-- Shortcode is missing \"name\" attribute -->\n <\/p><h2>\n<\/h2><p> <span style=\"font-weight: 400;\"><br>\n Como reivindicar suas 65 rodadas gr&aacute;tis<br>\n <\/span><\/p><p> <span style=\"font-weight: 400;\"><br>\n 65 rodadas gr&aacute;tis sem dep&oacute;sito 2026<br>\n <\/span><\/p><p> <span style=\"font-weight: 400;\"><br>\n  dispon&iacute;vel para australianos. Este evento, que pode n&atilde;o ser lucrativo para eles, &eacute; mais frequentemente arriscado por cassinos rec&eacute;m-inaugurados. J&aacute; que em um estabelecimento de jogo surgido recentemente, o apostador recebe rodadas adicionais sem coeficientes. Deve-se notar nas condi&ccedil;&otilde;es que a receita do b&ocirc;nus n&atilde;o implica vingan&ccedil;a.<br>\n <\/span><\/p><p> <span style=\"font-weight: 400;\"><br>\n O que voc&ecirc; precisa lembrar acima &ndash; uma &oacute;tima maneira de obter um b&ocirc;nus de ativa&ccedil;&atilde;o de conta &ndash; &eacute; procurar individualmente estabelecimentos de jogos rec&eacute;m-inaugurados e familiarizar-se conscientemente com todas as condi&ccedil;&otilde;es.<br>\n <\/span><\/p><p> <span style=\"font-weight: 400;\"><br>\n A oferta para voc&ecirc; ser&aacute; a oportunidade de encontrar rodadas gr&aacute;tis para ativa&ccedil;&atilde;o sem dep&oacute;sito &ndash; familiariza&ccedil;&atilde;o com as informa&ccedil;&otilde;es todos os dias nos sites. Existem sites que ajudam voc&ecirc; a entrar em cassinos online. Ao se registrar, voc&ecirc; deve depositar<br>\n <\/span><\/p><p> <span style=\"font-weight: 400;\"><br>\n 65 rodadas gr&aacute;tis sem c&oacute;digos de b&ocirc;nus de dep&oacute;sito<br>\n <\/span><\/p><p> <span style=\"font-weight: 400;\"><br>\n no seu perfil ou na sua conta pessoal. Como se comportar em um cassino online, voc&ecirc; pode perguntar ao servi&ccedil;o de suporte, que n&atilde;o o deixar&aacute; sem aten&ccedil;&atilde;o.<br>\n <\/span><\/p><h2>\n<\/h2><p> <span style=\"font-weight: 400;\"><br>\n Por que jogar b&ocirc;nus sem dep&oacute;sito?<br>\n <\/span><\/p><p> <span style=\"font-weight: 400;\"><br>\n Voc&ecirc; precisa se familiarizar com algumas regras. Voc&ecirc; deve se lembrar disso:<br>\n <\/span><\/p><ul>\n<li style=\"font-weight: 400;\" aria-level=\"1\">\n<p> <span style=\"font-weight: 400;\"><br>\n O coeficiente para rodadas gr&aacute;tis n&atilde;o pode exceder x30.<br>\n <\/span><\/p>\n<\/li>\n<li style=\"font-weight: 400;\" aria-level=\"1\">\n<p> <span style=\"font-weight: 400;\"><br>\n Rollback para o jogador (Return to Player &ndash; RTP) de pelo menos 96,5%.<br>\n <\/span><\/p>\n<\/li>\n<li style=\"font-weight: 400;\" aria-level=\"1\">\n<p> <span style=\"font-weight: 400;\"><br>\n A volatilidade do pre&ccedil;o do jogo &eacute; baixa ou muito baixa.<br>\n <\/span><\/p>\n<\/li>\n<li style=\"font-weight: 400;\" aria-level=\"1\">\n<p> <span style=\"font-weight: 400;\"><br>\n A admissibilidade de cada compensa&ccedil;&atilde;o n&atilde;o &eacute; inferior a 25% (a cada quatro per&iacute;odos).<br>\n <\/span><\/p>\n<\/li>\n<li style=\"font-weight: 400;\" aria-level=\"1\">\n<p> <span style=\"font-weight: 400;\"><br>\n A possibilidade de um pr&ecirc;mio ou slot independente &ndash; n&atilde;o menos que a cada cent&eacute;simo per&iacute;odo.<br>\n <\/span><\/p>\n<\/li>\n<\/ul><p> <span style=\"font-weight: 400;\"><br>\n Mas notamos que pr&ecirc;mios e slots independentes n&atilde;o s&atilde;o bem-vindos. Lembrar. Desconfie de ofertas de rodadas gr&aacute;tis em sites de jogos de azar proibidos. Muitas vezes, os casinos online n&atilde;o t&ecirc;m licen&ccedil;a. Em cassinos ilegais, os jogos s&atilde;o lan&ccedil;ados n&atilde;o do servidor de um provedor de servi&ccedil;os jur&iacute;dicos, mas do site da Internet do pr&oacute;prio estabelecimento de jogos de azar. Portanto, voc&ecirc; pode n&atilde;o receber seus dividendos.<br>\n <\/span><\/p><p> <span style=\"font-weight: 400;\"><\/span><\/p><p> <img loading=\"lazy\" decoding=\"async\" class=\"aligncenter size-full wp-image-5203\" src=\"https:\/\/australia-casino-review.com\/wp-content\/uploads\/2022\/09\/best-free-spins-no-deposit-uk-casino-bonuses-in-2022-only-on-registration-1.png\" alt=\"free spins no deposit\" width=\"1600\" height=\"900\" srcset=\"https:\/\/australia-casino-review.com\/wp-content\/uploads\/2022\/09\/best-free-spins-no-deposit-uk-casino-bonuses-in-2022-only-on-registration-1.png 1600w, https:\/\/australia-casino-review.com\/wp-content\/uploads\/2022\/09\/best-free-spins-no-deposit-uk-casino-bonuses-in-2022-only-on-registration-1-300x169.png 300w, https:\/\/australia-casino-review.com\/wp-content\/uploads\/2022\/09\/best-free-spins-no-deposit-uk-casino-bonuses-in-2022-only-on-registration-1-1024x576.png 1024w, https:\/\/australia-casino-review.com\/wp-content\/uploads\/2022\/09\/best-free-spins-no-deposit-uk-casino-bonuses-in-2022-only-on-registration-1-768x432.png 768w, https:\/\/australia-casino-review.com\/wp-content\/uploads\/2022\/09\/best-free-spins-no-deposit-uk-casino-bonuses-in-2022-only-on-registration-1-1536x864.png 1536w\" sizes=\"auto, (max-width: 1600px) 100vw, 1600px\"><\/p><p> <\/p><h2>\n<\/h2><p> <span style=\"font-weight: 400;\"><br>\n Perguntas frequentes<br>\n <\/span><\/p><h3>\n<\/h3><p> <span style=\"font-weight: 400;\"><br>\n Preciso de programas especiais para rodadas gr&aacute;tis?<br>\n <\/span><\/p><p> <span style=\"font-weight: 400;\"><br>\n N&atilde;o h&aacute; recursos especiais para obter<br>\n <\/span><\/p><p> <span style=\"font-weight: 400;\"><br>\n 65 rodadas gr&aacute;tis sem dep&oacute;sito AU<br>\n <\/span><\/p><p> <span style=\"font-weight: 400;\"><br>\n . Ao jogar no seu gadget, voc&ecirc; s&oacute; precisa se juntar a esta campanha de rela&ccedil;&otilde;es p&uacute;blicas criando um c&oacute;digo especial. Voc&ecirc; pode entrar no cassino online de qualquer gadget, por meio de um aplicativo especial.<br>\n <\/span><\/p><h3>\n<\/h3><p> <span style=\"font-weight: 400;\"><br>\n Ser&aacute; necess&aacute;ria uma combina&ccedil;&atilde;o especial para a promo&ccedil;&atilde;o?<br>\n <\/span><\/p><p> <span style=\"font-weight: 400;\"><br>\n Qualquer cassino tem seu pr&oacute;prio princ&iacute;pio de usar rodadas gr&aacute;tis. Depende do fato de que os tipos de rodadas gr&aacute;tis possuem um sistema de vingan&ccedil;a. O jogador pode n&atilde;o ficar satisfeito com a m&aacute;quina ca&ccedil;a-n&iacute;queis, na qual o valor &eacute; creditado em algum momento especial, ou com as regras de vingan&ccedil;a que s&atilde;o inaceit&aacute;veis &#8203;&#8203;para ele.<br>\n <\/span><\/p><h3>\n<\/h3><p> <span style=\"font-weight: 400;\"><br>\n Como obter rodadas gr&aacute;tis?<br>\n <\/span><\/p><p> <span style=\"font-weight: 400;\"><br>\n Lembre-se, para alocar rodadas gr&aacute;tis para voc&ecirc;, voc&ecirc; deve primeiro fazer um pequeno registro no site do cassino, abrir uma conta l&aacute; e colocar uma certa quantia nela. E para receber o dinheiro ganho, voc&ecirc; precisa passar pelo procedimento de verifica&ccedil;&atilde;o. N&atilde;o &eacute; permitido abrir v&aacute;rios dep&oacute;sitos em um estabelecimento de jogo. Ent&atilde;o diga as regras de todos os tipos de cassinos.<br>\n <\/span><br>\n     Leia tamb&eacute;m sobre:<br>\n <a href=\"https:\/\/australia-casino-review.com\/70-free-spins\/\"><br>\n 70 Rodadas Gr&aacute;tis<br>\n <\/a> <\/p>\n","protected":false},"excerpt":{"rendered":"<p>B&Oacute;NUS DE PRIMEIRA DEP&Oacute;SITOB&oacute;nus de 100% no primeiro dep&oacute;sito + 100 giros gr&aacute;tis RECLAME O B&Oacute;NUS B&Oacute;NUS DE PRIMEIRA DEP&Oacute;SITOReceba 100% de b&oacute;nus at&eacute; 1 000 AUD + 100 giros gr&aacute;tis RECLAME O B&Oacute;NUS Para quem quer se tornar um apostador, existem 65 rodadas gr&aacute;tis sem dep&oacute;sito Austr&aacute;lia . Uma oferta tentadora no cassino s&atilde;o&hellip;&nbsp;<a href=\"https:\/\/australia-casino-review.com\/pt-pt\/65-free-spins-2\/\" class=\"\" rel=\"bookmark\">Ler mais &raquo;<span class=\"screen-reader-text\">Revis\u00e3o de 65 rodadas gr\u00e1tis sem dep\u00f3sito<\/span><\/a><\/p>\n","protected":false},"author":1,"featured_media":0,"parent":0,"menu_order":0,"comment_status":"closed","ping_status":"closed","template":"","meta":{"neve_meta_sidebar":"","neve_meta_container":"","neve_meta_enable_content_width":"","neve_meta_content_width":0,"neve_meta_title_alignment":"","neve_meta_author_avatar":"","neve_post_elements_order":"","neve_meta_disable_header":"","neve_meta_disable_footer":"","neve_meta_disable_title":"","footnotes":""},"class_list":["post-7358","page","type-page","status-publish","hentry"],"aioseo_notices":[],"_links":{"self":[{"href":"https:\/\/australia-casino-review.com\/pt-pt\/wp-json\/wp\/v2\/pages\/7358","targetHints":{"allow":["GET"]}}],"collection":[{"href":"https:\/\/australia-casino-review.com\/pt-pt\/wp-json\/wp\/v2\/pages"}],"about":[{"href":"https:\/\/australia-casino-review.com\/pt-pt\/wp-json\/wp\/v2\/types\/page"}],"author":[{"embeddable":true,"href":"https:\/\/australia-casino-review.com\/pt-pt\/wp-json\/wp\/v2\/users\/1"}],"replies":[{"embeddable":true,"href":"https:\/\/australia-casino-review.com\/pt-pt\/wp-json\/wp\/v2\/comments?post=7358"}],"version-history":[{"count":0,"href":"https:\/\/australia-casino-review.com\/pt-pt\/wp-json\/wp\/v2\/pages\/7358\/revisions"}],"wp:attachment":[{"href":"https:\/\/australia-casino-review.com\/pt-pt\/wp-json\/wp\/v2\/media?parent=7358"}],"curies":[{"name":"wp","href":"https:\/\/api.w.org\/{rel}","templated":true}]}}