{"id":7359,"date":"2023-07-17T23:23:59","date_gmt":"2023-07-17T20:23:59","guid":{"rendered":"https:\/\/australia-casino-review.com\/60-free-spins-2\/"},"modified":"2023-07-17T23:23:59","modified_gmt":"2023-07-17T20:23:59","slug":"60-free-spins-2","status":"publish","type":"page","link":"https:\/\/australia-casino-review.com\/pt-pt\/60-free-spins-2\/","title":{"rendered":"Revis\u00e3o de 60 rodadas gr\u00e1tis sem dep\u00f3sito"},"content":{"rendered":"<?xml encoding=\"utf-8\" ?><p> <span style=\"font-weight: 400;\"><\/span><\/p><link rel=\"stylesheet\" href=\"\/wp-content\/themes\/neve-child\/swiper-bundle.min.css\"><script src=\"\/wp-content\/themes\/neve-child\/swiper-bundle.min.js\"><\/script><div class=\"swiper casino-slider\">\r\n    <div class=\"swiper-wrapper\">\r\n\r\n        <!-- Winspirit -->\r\n        <div class=\"swiper-slide casino-slide\" style=\"background-image: url('https:\/\/australia-casino-review.com\/wp-content\/uploads\/2025\/05\/yosok3bayqsoxelcjxux.webp')\">\r\n            <a href=\"https:\/\/australia-casino-review.com\/go-casino?sub_id_1=winspirit\" class=\"swiper-slide-link\" style=\"position: relative;z-index: 10000;\">\r\n                <div class=\"casino-content\">\r\n                    <img decoding=\"async\" class=\"casino-logo\" src=\"https:\/\/australia-casino-review.com\/wp-content\/uploads\/2025\/05\/spuz0y9gqwphpkzry0dv.webp\" alt=\"Winspirit Logo\">\r\n                    <div class=\"casino-bonus\">B&Oacute;NUS DE PRIMEIRA DEP&Oacute;SITO<br>B&oacute;nus de 100% no primeiro dep&oacute;sito + 100 giros gr&aacute;tis<\/div>\r\n                    <span class=\"yellow-btn\">RECLAME O B&Oacute;NUS<\/span>\r\n                <\/div>\r\n            <\/a>\r\n        <\/div>\r\n\r\n        <!-- Rocket Play -->\r\n        <div class=\"swiper-slide casino-slide\" style=\"background-image: url('https:\/\/australia-casino-review.com\/wp-content\/uploads\/2025\/05\/netfidkjat6wovozc5pv.webp')\">\r\n            <a href=\"https:\/\/australia-casino-review.com\/go-casino?sub_id_1=rocketplay\" class=\"swiper-slide-link\" style=\"position: relative;z-index: 10000;\">\r\n                <div class=\"casino-content\">\r\n                    <img decoding=\"async\" class=\"casino-logo\" src=\"https:\/\/australia-casino-review.com\/wp-content\/uploads\/2025\/05\/dl8rtimw8nea9ju9bvor.webp\" alt=\"RocketPlay Logo\">\r\n                    <div class=\"casino-bonus\">B&Oacute;NUS DE PRIMEIRA DEP&Oacute;SITO<br>Receba 100% de b&oacute;nus at&eacute; 1 000 AUD + 100 giros gr&aacute;tis<\/div>\r\n                    <span class=\"yellow-btn\">RECLAME O B&Oacute;NUS<\/span>\r\n                <\/div>\r\n            <\/a>\r\n        <\/div>\r\n        \r\n    <\/div>\r\n<\/div><script>\r\n    document.addEventListener(\"DOMContentLoaded\", function() {\r\n        new Swiper(\".casino-slider\", {\r\n            slidesPerView: 1,\r\n            navigation: {\r\n                nextEl: \".swiper-button-next\",\r\n                prevEl: \".swiper-button-prev\",\r\n            },\r\n        });\r\n    });\r\n<\/script><p> <img loading=\"lazy\" decoding=\"async\" class=\"aligncenter size-full wp-image-5194\" src=\"https:\/\/australia-casino-review.com\/wp-content\/uploads\/2022\/09\/60-free-spins-1.jpg\" alt=\"60 free spins\" width=\"600\" height=\"300\" srcset=\"https:\/\/australia-casino-review.com\/wp-content\/uploads\/2022\/09\/60-free-spins-1.jpg 600w, https:\/\/australia-casino-review.com\/wp-content\/uploads\/2022\/09\/60-free-spins-1-300x150.jpg 300w\" sizes=\"auto, (max-width: 600px) 100vw, 600px\"><\/p><p> <\/p><p> <span style=\"font-weight: 400;\"><br>\n Existe uma oferta lucrativa para os australianos &ndash;<br>\n <\/span><\/p><p> <span style=\"font-weight: 400;\"><br>\n 60 rodadas gr&aacute;tis sem dep&oacute;sito 2026<br>\n <\/span><\/p><p> <span style=\"font-weight: 400;\"><br>\n . Os jogadores em potencial de estabelecimentos de jogos de azar est&atilde;o se perguntando se &eacute; realista obter lucro constante com os slots. Os jogadores de jogos de azar podem concordar com isso. Mas uma oportunidade &uacute;nica de tirar vantagem exata em uma m&aacute;quina ca&ccedil;a-n&iacute;queis &eacute; apostar na textura do cassino. Isso inclui slots sem dep&oacute;sito e promo&ccedil;&otilde;es preferenciais.<br>\n <\/span><\/p><p> <span style=\"font-weight: 400;\"><br>\n Como voc&ecirc; pode comprar e usar<br>\n <\/span><\/p><p> <span style=\"font-weight: 400;\"><br>\n 60 rodadas gr&aacute;tis sem dep&oacute;sito casino:<br>\n <\/span><\/p><ul>\n<li style=\"font-weight: 400;\" aria-level=\"1\">\n<p> <span style=\"font-weight: 400;\"><br>\n Encontre um estabelecimento de jogo que tenha promo&ccedil;&otilde;es gratuitas para ativa&ccedil;&atilde;o.<br>\n <\/span><\/p>\n<\/li>\n<li style=\"font-weight: 400;\" aria-level=\"1\">\n<p> <span style=\"font-weight: 400;\"><br>\n Acesse o site deste cassino e saiba tudo sobre o convite atual do servi&ccedil;o de suporte.<br>\n <\/span><\/p>\n<\/li>\n<li style=\"font-weight: 400;\" aria-level=\"1\">\n<p> <span style=\"font-weight: 400;\"><br>\n Ative sua conta pessoal.<br>\n <\/span><\/p>\n<\/li>\n<li style=\"font-weight: 400;\" aria-level=\"1\">\n<p> <span style=\"font-weight: 400;\"><br>\n Termine as informa&ccedil;&otilde;es individuais sobre voc&ecirc; em sua conta.<br>\n <\/span><\/p>\n<\/li>\n<li style=\"font-weight: 400;\" aria-level=\"1\">\n<p> <span style=\"font-weight: 400;\"><br>\n F&aacute;cil de jogar. Os dividendos n&atilde;o v&atilde;o deixar voc&ecirc; esperando.<br>\n <\/span><\/p>\n<\/li>\n<li style=\"font-weight: 400;\" aria-level=\"1\">\n<p> <span style=\"font-weight: 400;\"><br>\n Se isso for aceit&aacute;vel neste cassino, role o jogo para receber dividendos de b&ocirc;nus.<br>\n <\/span><\/p>\n<\/li>\n<li style=\"font-weight: 400;\" aria-level=\"1\">\n<p> <span style=\"font-weight: 400;\"><br>\n Se isso n&atilde;o for poss&iacute;vel, deposite o valor e comece a vingan&ccedil;a da recompensa em m&aacute;quinas ca&ccedil;a-n&iacute;queis leg&iacute;timas.<br>\n <\/span><\/p>\n<\/li>\n<\/ul><p> <span style=\"font-weight: 400;\"><br>\n A recompensa devolvida &eacute; realmente retirada e usada para apostar em diferentes slots.<br>\n <\/span><\/p><p style=\"text-align: center;\">\n <!-- Shortcode is missing \"name\" attribute -->\n <\/p><h2>\n<\/h2><p> <span style=\"font-weight: 400;\"><br>\n Por que jogar b&ocirc;nus sem dep&oacute;sito?<br>\n <\/span><\/p><p> <span style=\"font-weight: 400;\"><br>\n 60 rodadas gr&aacute;tis sem dep&oacute;sito Austr&aacute;lia<br>\n <\/span><\/p><p> <span style=\"font-weight: 400;\"><br>\n  &eacute; um &oacute;timo presente para iniciantes. Esses per&iacute;odos sem dep&oacute;sito s&atilde;o calculados por jogo pago. Outro nome para este jogo &eacute; &ldquo;jogo livre&rdquo;. Esta &eacute; a forma da reuni&atilde;o do pr&ecirc;mio.<br>\n <\/span><\/p><p> <span style=\"font-weight: 400;\"><br>\n Rodadas adicionais para estabelecimentos de jogos de azar sempre acarretaram perdas. Ainda assim, as rodadas gr&aacute;tis atraem jogadores em potencial e for&ccedil;am os ex-participantes a participar do processo de jogo. Alguns jogadores encontram aspectos positivos nisso: jogando com pouca frequ&ecirc;ncia, por um m&eacute;todo deliberado, os dividendos sempre podem ser recebidos. <\/span><\/p><p> <span style=\"font-weight: 400;\"><br>\n Para novos jogadores, esta &eacute; uma maneira de jogar um jogo de teste gratuito. Os jogadores que acabaram de entrar no jogo devem se familiarizar com a opera&ccedil;&atilde;o do painel de controle do slot. Algumas m&aacute;quinas ca&ccedil;a-n&iacute;queis t&ecirc;m sistemas diferentes para dinheiro real e um jogo de treinamento. Existe apenas um fator negativo. Iniciantes ou muito jogadores podem entrar na rede, aceitar um convite perdedor com anteced&ecirc;ncia. Por exemplo, como probabilidades x40 ou um ultimato para se vingar de alguma m&aacute;quina ca&ccedil;a-n&iacute;queis especial com um RTP de 94%.<br>\n <\/span><\/p><h2>\n<\/h2><p> <span style=\"font-weight: 400;\"><br>\n Posso ganhar dinheiro real em rodadas gr&aacute;tis, sem dep&oacute;sito?<br>\n <\/span><\/p><p> <span style=\"font-weight: 400;\"><br>\n &Eacute; imposs&iacute;vel retirar lucro de<br>\n <\/span><\/p><p> <span style=\"font-weight: 400;\"><br>\n 60 rodadas gr&aacute;tis sem dep&oacute;sito AU<br>\n <\/span><\/p><p> <span style=\"font-weight: 400;\"><br>\n durante a noite. Houve, &eacute; claro, situa&ccedil;&otilde;es imprevistas. O lucro &eacute; na forma de remunera&ccedil;&atilde;o. Para sacar, voc&ecirc; precisa recarregar seu dep&oacute;sito e fazer uma certa quantia de apostas em dinheiro real. Chama-se &ldquo;vingan&ccedil;a&rdquo;. Como resultado, uma certa quantia de dinheiro ganho em promo&ccedil;&otilde;es gratuitas ser&aacute; transferida para o seu saldo e poder&aacute; ser sacada.<br>\n <\/span><\/p><p> <span style=\"font-weight: 400;\"><br>\n O m&eacute;todo principal &eacute; se tornar um assinante da lista de correspond&ecirc;ncia da Internet de um estabelecimento de jogos de azar. Todos os cassinos os fazem algumas vezes por semana. N&atilde;o leva em considera&ccedil;&atilde;o sua participa&ccedil;&atilde;o hiperativa nos jogos, apenas que as listas de discuss&atilde;o ser&atilde;o enviadas para o seu e-mail, apesar de voc&ecirc; ter participado do jogo h&aacute; mais de um m&ecirc;s.<br>\n <\/span><\/p><h2>\n<\/h2><p> <span style=\"font-weight: 400;\"><br>\n Como reivindicar?<br>\n <\/span><\/p><p> <span style=\"font-weight: 400;\"><br>\n Para obter rodadas extras, voc&ecirc; precisa:<br>\n <\/span><\/p><ul>\n<li style=\"font-weight: 400;\" aria-level=\"1\">\n<p> <span style=\"font-weight: 400;\"><br>\n Encontrar<br>\n <\/span><\/p>\n<p> <span style=\"font-weight: 400;\"><br>\n 60 rodadas gr&aacute;tis sem c&oacute;digos de b&ocirc;nus de dep&oacute;sito.<br>\n <\/span><\/p>\n<\/li>\n<li style=\"font-weight: 400;\" aria-level=\"1\">\n<p> <span style=\"font-weight: 400;\"><br>\n Encontre promo&ccedil;&otilde;es para FS.<br>\n <\/span><\/p>\n<\/li>\n<li style=\"font-weight: 400;\" aria-level=\"1\">\n<p> <span style=\"font-weight: 400;\"><br>\n Ganhe o sorteio.<br>\n <\/span><\/p>\n<\/li>\n<li style=\"font-weight: 400;\" aria-level=\"1\">\n<p> <span style=\"font-weight: 400;\"><br>\n Aceite-os como pr&ecirc;mio por adquirir um diploma de projeto de apoio.<br>\n <\/span><\/p>\n<\/li>\n<li style=\"font-weight: 400;\" aria-level=\"1\">\n<p> <span style=\"font-weight: 400;\"><br>\n No caso de um resultado malsucedido do jogo, entre em contato com o suporte.<br>\n <\/span><\/p>\n<\/li>\n<li style=\"font-weight: 400;\" aria-level=\"1\">\n<p> <span style=\"font-weight: 400;\"><br>\n Existem rodadas gr&aacute;tis fornecidas em um dueto com uma recompensa de dep&oacute;sito secund&aacute;rio. <\/span><\/p>\n<\/li>\n<\/ul><p> <span style=\"font-weight: 400;\"><br>\n Um dos m&eacute;todos mais recentes para obter FS: comunica&ccedil;&atilde;o intensiva nas redes sociais e prospec&ccedil;&atilde;o de jogadores em potencial.<br>\n <\/span><\/p><p style=\"text-align: center;\">\n <!-- Shortcode is missing \"name\" attribute -->\n <\/p><p> <span style=\"font-weight: 400;\"><br>\n As rodadas adicionais s&atilde;o uma manobra publicit&aacute;ria de um estabelecimento de jogos de azar para atrair usu&aacute;rios, dinheiro fantasma para apostar sem a perspectiva de receb&ecirc;-los. A classifica&ccedil;&atilde;o &eacute; a seguinte:<br>\n <\/span><\/p><ul>\n<li style=\"font-weight: 400;\" aria-level=\"1\">\n<p> <span style=\"font-weight: 400;\"><br>\n Para ativa&ccedil;&atilde;o.<br>\n <\/span><\/p>\n<\/li>\n<li style=\"font-weight: 400;\" aria-level=\"1\">\n<p> <span style=\"font-weight: 400;\"><br>\n Para um dep&oacute;sito &ndash; para iniciantes. Membros previamente ativados receber&atilde;o recomenda&ccedil;&otilde;es por e-mail.<br>\n <\/span><\/p>\n<\/li>\n<li style=\"font-weight: 400;\" aria-level=\"1\">\n<p> <span style=\"font-weight: 400;\"><br>\n Para trabalho ativo &ndash; envolvendo rec&eacute;m-chegados ou comunica&ccedil;&atilde;o intensiva em v&aacute;rias redes sociais.<br>\n <\/span><\/p>\n<\/li>\n<\/ul><p> <span style=\"font-weight: 400;\"><\/span><\/p><p> <img loading=\"lazy\" decoding=\"async\" class=\"aligncenter size-full wp-image-5195\" src=\"https:\/\/australia-casino-review.com\/wp-content\/uploads\/2022\/09\/free-spins.jpg\" alt=\"free spins\" width=\"936\" height=\"400\" srcset=\"https:\/\/australia-casino-review.com\/wp-content\/uploads\/2022\/09\/free-spins.jpg 936w, https:\/\/australia-casino-review.com\/wp-content\/uploads\/2022\/09\/free-spins-300x128.jpg 300w, https:\/\/australia-casino-review.com\/wp-content\/uploads\/2022\/09\/free-spins-768x328.jpg 768w\" sizes=\"auto, (max-width: 936px) 100vw, 936px\"><\/p><p> <\/p><h2>\n<\/h2><p> <span style=\"font-weight: 400;\"><br>\n Perguntas frequentes<br>\n <\/span><\/p><h3>\n<\/h3><p> <span style=\"font-weight: 400;\"><br>\n Em quais cassinos um novo jogador pode obter rodadas gr&aacute;tis lucrativas?<br>\n <\/span><\/p><p> <span style=\"font-weight: 400;\"><br>\n Num estabelecimento de jogo com mais de 3000 slot machines e nada menos que 50 prestadores de servi&ccedil;os. Nesses cassinos, realmente existem jogos que oferecem um RTP de 97% ou mais.<br>\n <\/span><\/p><h3>\n<\/h3><p> <span style=\"font-weight: 400;\"><br>\n Quais s&atilde;o os melhores slots para apostar o dinheiro do b&ocirc;nus recebido do FS?<br>\n <\/span><\/p><p> <span style=\"font-weight: 400;\"><br>\n Eles est&atilde;o dispon&iacute;veis em quase todos os estabelecimentos de jogos. Eles t&ecirc;m um RTP de 97% e baixa volatilidade de pre&ccedil;os.<br>\n <\/span><\/p><h3>\n<\/h3><p> <span style=\"font-weight: 400;\"><br>\n &Eacute; poss&iacute;vel ganhar consistentemente no FS?<br>\n <\/span><\/p><p> <span style=\"font-weight: 400;\"><br>\n Desde que voc&ecirc; se torne um assinante do boletim informativo de v&aacute;rios cassinos. As recomenda&ccedil;&otilde;es ser&atilde;o enviadas para o seu e-mail todos os dias, voc&ecirc; pode escolher as que valem a pena.<br>\n <\/span><br>\n     Leia tamb&eacute;m sobre:<br>\n <a href=\"https:\/\/australia-casino-review.com\/65-free-spins\/\"><br>\n 65 Rodadas Gr&aacute;tis<br>\n <\/a> <\/p>\n","protected":false},"excerpt":{"rendered":"<p>B&Oacute;NUS DE PRIMEIRA DEP&Oacute;SITOB&oacute;nus de 100% no primeiro dep&oacute;sito + 100 giros gr&aacute;tis RECLAME O B&Oacute;NUS B&Oacute;NUS DE PRIMEIRA DEP&Oacute;SITOReceba 100% de b&oacute;nus at&eacute; 1 000 AUD + 100 giros gr&aacute;tis RECLAME O B&Oacute;NUS Existe uma oferta lucrativa para os australianos &ndash; 60 rodadas gr&aacute;tis sem dep&oacute;sito 2026 . Os jogadores em potencial de estabelecimentos&hellip;&nbsp;<a href=\"https:\/\/australia-casino-review.com\/pt-pt\/60-free-spins-2\/\" class=\"\" rel=\"bookmark\">Ler mais &raquo;<span class=\"screen-reader-text\">Revis\u00e3o de 60 rodadas gr\u00e1tis sem dep\u00f3sito<\/span><\/a><\/p>\n","protected":false},"author":1,"featured_media":0,"parent":0,"menu_order":0,"comment_status":"closed","ping_status":"closed","template":"","meta":{"neve_meta_sidebar":"","neve_meta_container":"","neve_meta_enable_content_width":"","neve_meta_content_width":0,"neve_meta_title_alignment":"","neve_meta_author_avatar":"","neve_post_elements_order":"","neve_meta_disable_header":"","neve_meta_disable_footer":"","neve_meta_disable_title":"","footnotes":""},"class_list":["post-7359","page","type-page","status-publish","hentry"],"aioseo_notices":[],"_links":{"self":[{"href":"https:\/\/australia-casino-review.com\/pt-pt\/wp-json\/wp\/v2\/pages\/7359","targetHints":{"allow":["GET"]}}],"collection":[{"href":"https:\/\/australia-casino-review.com\/pt-pt\/wp-json\/wp\/v2\/pages"}],"about":[{"href":"https:\/\/australia-casino-review.com\/pt-pt\/wp-json\/wp\/v2\/types\/page"}],"author":[{"embeddable":true,"href":"https:\/\/australia-casino-review.com\/pt-pt\/wp-json\/wp\/v2\/users\/1"}],"replies":[{"embeddable":true,"href":"https:\/\/australia-casino-review.com\/pt-pt\/wp-json\/wp\/v2\/comments?post=7359"}],"version-history":[{"count":0,"href":"https:\/\/australia-casino-review.com\/pt-pt\/wp-json\/wp\/v2\/pages\/7359\/revisions"}],"wp:attachment":[{"href":"https:\/\/australia-casino-review.com\/pt-pt\/wp-json\/wp\/v2\/media?parent=7359"}],"curies":[{"name":"wp","href":"https:\/\/api.w.org\/{rel}","templated":true}]}}