{"id":7367,"date":"2023-07-17T23:25:16","date_gmt":"2023-07-17T20:25:16","guid":{"rendered":"https:\/\/australia-casino-review.com\/rtg-2\/"},"modified":"2023-07-17T23:25:16","modified_gmt":"2023-07-17T20:25:16","slug":"rtg-2","status":"publish","type":"page","link":"https:\/\/australia-casino-review.com\/pt-pt\/rtg-2\/","title":{"rendered":"Revis\u00e3o do RTG e descri\u00e7\u00e3o da empresa"},"content":{"rendered":"<?xml encoding=\"utf-8\" ?><p> <span style=\"font-weight: 400;\"><\/span><\/p><link rel=\"stylesheet\" href=\"\/wp-content\/themes\/neve-child\/swiper-bundle.min.css\"><script src=\"\/wp-content\/themes\/neve-child\/swiper-bundle.min.js\"><\/script><div class=\"swiper casino-slider\">\r\n    <div class=\"swiper-wrapper\">\r\n\r\n        <!-- Winspirit -->\r\n        <div class=\"swiper-slide casino-slide\" style=\"background-image: url('https:\/\/australia-casino-review.com\/wp-content\/uploads\/2025\/05\/yosok3bayqsoxelcjxux.webp')\">\r\n            <a href=\"https:\/\/australia-casino-review.com\/go-casino?sub_id_1=winspirit\" class=\"swiper-slide-link\" style=\"position: relative;z-index: 10000;\">\r\n                <div class=\"casino-content\">\r\n                    <img decoding=\"async\" class=\"casino-logo\" src=\"https:\/\/australia-casino-review.com\/wp-content\/uploads\/2025\/05\/spuz0y9gqwphpkzry0dv.webp\" alt=\"Winspirit Logo\">\r\n                    <div class=\"casino-bonus\">B&Oacute;NUS DE PRIMEIRA DEP&Oacute;SITO<br>B&oacute;nus de 100% no primeiro dep&oacute;sito + 100 giros gr&aacute;tis<\/div>\r\n                    <span class=\"yellow-btn\">RECLAME O B&Oacute;NUS<\/span>\r\n                <\/div>\r\n            <\/a>\r\n        <\/div>\r\n\r\n        <!-- Rocket Play -->\r\n        <div class=\"swiper-slide casino-slide\" style=\"background-image: url('https:\/\/australia-casino-review.com\/wp-content\/uploads\/2025\/05\/netfidkjat6wovozc5pv.webp')\">\r\n            <a href=\"https:\/\/australia-casino-review.com\/go-casino?sub_id_1=rocketplay\" class=\"swiper-slide-link\" style=\"position: relative;z-index: 10000;\">\r\n                <div class=\"casino-content\">\r\n                    <img decoding=\"async\" class=\"casino-logo\" src=\"https:\/\/australia-casino-review.com\/wp-content\/uploads\/2025\/05\/dl8rtimw8nea9ju9bvor.webp\" alt=\"RocketPlay Logo\">\r\n                    <div class=\"casino-bonus\">B&Oacute;NUS DE PRIMEIRA DEP&Oacute;SITO<br>Receba 100% de b&oacute;nus at&eacute; 1 000 AUD + 100 giros gr&aacute;tis<\/div>\r\n                    <span class=\"yellow-btn\">RECLAME O B&Oacute;NUS<\/span>\r\n                <\/div>\r\n            <\/a>\r\n        <\/div>\r\n        \r\n    <\/div>\r\n<\/div><script>\r\n    document.addEventListener(\"DOMContentLoaded\", function() {\r\n        new Swiper(\".casino-slider\", {\r\n            slidesPerView: 1,\r\n            navigation: {\r\n                nextEl: \".swiper-button-next\",\r\n                prevEl: \".swiper-button-prev\",\r\n            },\r\n        });\r\n    });\r\n<\/script><p> <img loading=\"lazy\" decoding=\"async\" class=\"aligncenter size-full wp-image-5091\" src=\"https:\/\/australia-casino-review.com\/wp-content\/uploads\/2022\/09\/rtg.jpg\" alt=\"Real time gaming review\" width=\"1024\" height=\"351\" srcset=\"https:\/\/australia-casino-review.com\/wp-content\/uploads\/2022\/09\/rtg.jpg 1024w, https:\/\/australia-casino-review.com\/wp-content\/uploads\/2022\/09\/rtg-300x103.jpg 300w, https:\/\/australia-casino-review.com\/wp-content\/uploads\/2022\/09\/rtg-768x263.jpg 768w\" sizes=\"auto, (max-width: 1024px) 100vw, 1024px\"><\/p><p> <\/p><p> <span style=\"font-weight: 400;\"><br>\n A empresa Real Time Gaming foi fundada em 1998 e durante os primeiros cinco anos de sua exist&ecirc;ncia alcan&ccedil;ou um sucesso consider&aacute;vel, tornando-se uma das principais empresas envolvidas no desenvolvimento de software para cassinos online.<br>\n <\/span><\/p><h2>\n<\/h2><p> <b><br>\n A velocidade vem em primeiro lugar<br>\n <\/b><\/p><p> <span style=\"font-weight: 400;\"><br>\n O Real Time Gaming se orgulha da alta velocidade de seu software e do pequeno tamanho do aplicativo baixado para o seu computador. Voc&ecirc; pode ver a velocidade particularmente bem em jogos de cartas. Por exemplo, ao jogar BlackJack, as cartas s&atilde;o distribu&iacute;das instantaneamente. Portanto, &eacute; preciso ter muito cuidado com a sua escolha, pois simplesmente n&atilde;o h&aacute; como alter&aacute;-la ou cancel&aacute;-la.<br>\n <\/span><\/p><p> <span style=\"font-weight: 400;\"><br>\n A empresa tradicionalmente para muitas empresas que se dedicam ao desenvolvimento de software para<br>\n <\/span><\/p><p> <span style=\"font-weight: 400;\"><br>\n cassino online RTG<br>\n <\/span><\/p><p> <span style=\"font-weight: 400;\"><br>\n  oferece a capacidade de jogar no navegador e no computador. O tamanho total do aplicativo para download &eacute; de 150 MB. Isso torna todo o processo de instala&ccedil;&atilde;o do cassino no computador do jogador literalmente instant&acirc;neo.<br>\n <\/span><\/p><p> <span style=\"font-weight: 400;\"><br>\n No lobby, voc&ecirc; encontra tudo o que precisa: lista de jogos, promo&ccedil;&otilde;es em vigor no<br>\n <\/span><\/p><p> <span style=\"font-weight: 400;\"><br>\n RTG cassinos Austr&aacute;lia<br>\n <\/span><\/p><p> <span style=\"font-weight: 400;\"><br>\n  no momento, uma lista de jackpots, suporte na forma de chat, e-mail e n&uacute;mero de telefone. Para saber a diferen&ccedil;a entre Blackjack e Super 21, o jogador ter&aacute; que baixar os dois jogos e ler as regras detalhadas de cada um deles. E o Real Time Gaming tem muitas variedades de blackjack.<br>\n <\/span><\/p><p style=\"text-align: center;\">\n<\/p><p> <a class=\"button button-primary\" href=\"https:\/\/australia-casino-review.com\/go-casino\/\"><br>\n GANHE B&Ocirc;NUS<br>\n <\/a><\/p><h2>\n<\/h2><p> <b><br>\n Site oficial de jogos em tempo real<br>\n <\/b><\/p><p> <span style=\"font-weight: 400;\"><br>\n O Real Time Gaming (RTG) foi inaugurado em 1998. Os cassinos jogam por d&oacute;lares. Mas todos eles aceitam dep&oacute;sitos em qualquer moeda, s&oacute; que ela ser&aacute; convertida automaticamente. Os jogadores podem retirar seus ganhos da conta ou fazer um dep&oacute;sito usando a maioria dos sistemas de pagamento.<br>\n <\/span><\/p><p> <span style=\"font-weight: 400;\"><br>\n As retiradas podem ser feitas de v&aacute;rias maneiras<br>\n <\/span><\/p><ul>\n<li style=\"font-weight: 400;\" aria-level=\"1\">\n<p> <span style=\"font-weight: 400;\"><br>\n por cheque,<br>\n <\/span><\/p>\n<\/li>\n<li style=\"font-weight: 400;\" aria-level=\"1\">\n<p> <span style=\"font-weight: 400;\"><br>\n Cart&atilde;o de cr&eacute;dito<br>\n <\/span><\/p>\n<\/li>\n<li style=\"font-weight: 400;\" aria-level=\"1\">\n<p> <span style=\"font-weight: 400;\"><br>\n ou uma transfer&ecirc;ncia banc&aacute;ria. <\/span><\/p>\n<\/li>\n<\/ul><p> <span style=\"font-weight: 400;\"><br>\n Mas &eacute; poss&iacute;vel usar uma transfer&ecirc;ncia banc&aacute;ria somente se o valor a ser sacado for superior a $ 1.000. Nesse caso, o jogador ter&aacute; que pagar cerca de $ 50 pela transfer&ecirc;ncia. Portanto, cart&otilde;es de cr&eacute;dito e cheques s&atilde;o mais populares entre os clientes, tanto mais que todas as opera&ccedil;&otilde;es com eles s&atilde;o gratuitas.<br>\n <\/span><\/p><p> <span style=\"font-weight: 400;\"><br>\n Para sacar os ganhos, o jogador n&atilde;o precisar&aacute; inserir nenhum c&oacute;digo PIN. Mas cada cassino tem um determinado limite, e caso o valor solicitado exceda, o cliente ter&aacute; que preencher um formul&aacute;rio e enviar ao representante da institui&ccedil;&atilde;o. Para este formul&aacute;rio ser&aacute; necess&aacute;rio anexar digitaliza&ccedil;&otilde;es de seu passaporte, cart&atilde;o de cr&eacute;dito e conta de luz. Este procedimento &eacute; uma coisa &uacute;nica e o jogador n&atilde;o precisar&aacute; realizar tais manipula&ccedil;&otilde;es novamente.<br>\n <\/span><\/p><p> <span style=\"font-weight: 400;\"><br>\n Os cassinos oferecem a maioria dos b&ocirc;nus padr&atilde;o. Ent&atilde;o, eles fornecem<br>\n <\/span><\/p><p> <span style=\"font-weight: 400;\"><br>\n RTG casino sem b&ocirc;nus de dep&oacute;sito<br>\n <\/span><\/p><p> <span style=\"font-weight: 400;\"><br>\n , que varia de 5 a 30 d&oacute;lares, b&ocirc;nus no primeiro dep&oacute;sito, que pode ser fixo e percentual. O valor do b&ocirc;nus depende do valor do dep&oacute;sito feito pelo jogador.<br>\n <\/span><\/p><p> <span style=\"font-weight: 400;\"><br>\n Os b&ocirc;nus n&atilde;o s&atilde;o concedidos automaticamente, mas voc&ecirc; deve inserir<br>\n <\/span><\/p><p> <span style=\"font-weight: 400;\"><br>\n C&oacute;digos de b&ocirc;nus RTG<br>\n <\/span><\/p><p> <span style=\"font-weight: 400;\"><br>\n  na se&ccedil;&atilde;o Cupons do banco para receb&ecirc;-los. S&oacute; ent&atilde;o o b&ocirc;nus ser&aacute; transferido para a conta do jogador. A aposta geralmente &eacute; de 20x, mas em alguns cassinos pode ser um pouco maior. Pontos Comp oferecidos por<br>\n <\/span><\/p><p> <span style=\"font-weight: 400;\"><br>\n jogos RTG<br>\n <\/span><\/p><p> <span style=\"font-weight: 400;\"><br>\n  s&atilde;o iguais a 0,1% das apostas. Por meio de pontos comp, os jogadores conferem o valor do melhor que j&aacute; foi feito. Existe uma se&ccedil;&atilde;o de Comps para esse fim, onde os jogadores tamb&eacute;m podem converter pontos em dinheiro.<br>\n <\/span><\/p><p> <span style=\"font-weight: 400;\"><br>\n Todos os cassinos que usam a plataforma da RTG t&ecirc;m uma vers&atilde;o para download e uma vers&atilde;o baseada em navegador. Os cassinos n&atilde;o enviam discos de software gr&aacute;tis aos jogadores. Mas isso n&atilde;o &eacute; feito apenas porque o cassino pesa muito pouco (a vers&atilde;o completa tem 150 MB) e leva alguns instantes para baix&aacute;-lo. <\/span><\/p><h2>\n<\/h2><p> <b><br>\n As melhores m&aacute;quinas ca&ccedil;a-n&iacute;queis Real Time Gaming<br>\n <\/b><\/p><p> <span style=\"font-weight: 400;\"><br>\n Ao longo de duas d&eacute;cadas, o est&uacute;dio introduziu in&uacute;meras<br>\n <\/span><\/p><p> <span style=\"font-weight: 400;\"><br>\n ca&ccedil;a-n&iacute;queis RTG<br>\n <\/span><\/p><p> <span style=\"font-weight: 400;\"><br>\n  de diversos g&ecirc;neros:<br>\n <\/span><\/p><ul>\n<li style=\"font-weight: 400;\" aria-level=\"1\">\n<p> <span style=\"font-weight: 400;\"><br>\n Ca&ccedil;a-n&iacute;queis,<br>\n <\/span><\/p>\n<\/li>\n<li style=\"font-weight: 400;\" aria-level=\"1\">\n<p> <span style=\"font-weight: 400;\"><br>\n m&aacute;quinas ca&ccedil;a-n&iacute;queis cl&aacute;ssicas,<br>\n <\/span><\/p>\n<\/li>\n<li style=\"font-weight: 400;\" aria-level=\"1\">\n<p> <span style=\"font-weight: 400;\"><br>\n Ca&ccedil;a-n&iacute;queis de v&iacute;deo,<br>\n <\/span><\/p>\n<\/li>\n<li style=\"font-weight: 400;\" aria-level=\"1\">\n<p> <span style=\"font-weight: 400;\"><br>\n Jogos de mesa e cartas.<br>\n <\/span><\/p>\n<\/li>\n<\/ul><p> <span style=\"font-weight: 400;\"><br>\n O portf&oacute;lio Real Time Gaming possui mais de trezentos modelos com caracter&iacute;sticas &uacute;nicas, interface amig&aacute;vel, par&acirc;metros personaliz&aacute;veis &#8203;&#8203;e outras vantagens.<br>\n <\/span><\/p><p> <span style=\"font-weight: 400;\"><br>\n No cassino da plataforma RTG, voc&ecirc; pode jogar com dinheiro real, bem como no modo de pr&aacute;tica. Este &uacute;ltimo &eacute; mais usado por iniciantes que t&ecirc;m medo de fazer apostas reais desde o in&iacute;cio.<br>\n <\/span><\/p><h2>\n<\/h2><p> <b><br>\n jogos RTG<br>\n <\/b><\/p><p> <span style=\"font-weight: 400;\"><br>\n O conjunto de<br>\n <\/span><\/p><p> <span style=\"font-weight: 400;\"><br>\n jogos RTG<br>\n <\/span><\/p><p> <span style=\"font-weight: 400;\"><br>\n  &eacute; bastante extenso. Existem todos os tipos de jogos padr&atilde;o, e as variedades de alguns s&atilde;o muito numerosas. Por exemplo, em muitas variantes de videop&ocirc;quer, existem at&eacute; cem jogos de linha. Al&eacute;m disso, como j&aacute; mencionado acima, o Real Time Gaming oferece uma grande variedade de jogos baseados nas regras do blackjack. By the way, acredita-se que os casinos usando software de jogos em tempo real, um dos blackjack mais honesto.<br>\n <\/span><\/p><p> <span style=\"font-weight: 400;\"><br>\n O cl&aacute;ssico BlackJack. O que posso dizer. Este jogo da Real Time Gaming &eacute; um verdadeiro sucesso. A velocidade do jogo &eacute; realmente incr&iacute;vel. A interface &eacute; implementada conveniente e confort&aacute;vel. Existem todos os mais necess&aacute;rios e n&atilde;o h&aacute; nada desnecess&aacute;rio. O jogo &eacute; jogado com no m&aacute;ximo duas caixas. H&aacute; seguros e &aacute;s divis&otilde;es. Em geral, o jogo cria uma atmosfera de presen&ccedil;a em um cassino real e &eacute; muito din&acirc;mico.<br>\n <\/span><\/p><p> <span style=\"font-weight: 400;\"><br>\n Company Real Time Gaming tradicionalmente para muitas empresas envolvidas no desenvolvimento de software para cassinos online oferece a possibilidade de jogar no navegador e no computador. O pr&oacute;ximo jogo a ser considerado &eacute; a Roleta Europeia. Tradicionalmente para jogos em tempo real, o jogo &eacute; r&aacute;pido e din&acirc;mico.<br>\n <\/span><\/p><p> <span style=\"font-weight: 400;\"><br>\n O jogo tem a disposi&ccedil;&atilde;o estat&iacute;sticas dos &uacute;ltimos n&uacute;meros, possibilidade de dar dicas com regras do jogo, chat com suporte t&eacute;cnico, hist&oacute;rico de apostas feitas. Separadamente, quero observar a presen&ccedil;a de um campo adicional com apostas em vizinhos e s&eacute;ries. Isso &eacute; muito conveniente para alguns jogadores.<br>\n <\/span><\/p><p style=\"text-align: center;\">\n<\/p><p> <a class=\"button button-primary\" href=\"https:\/\/australia-casino-review.com\/go-casino\/\"><br>\n GANHE B&Ocirc;NUS<br>\n <\/a><\/p><h2>\n<\/h2><p> <b><br>\n Jackpots Jogos em tempo real<br>\n <\/b><\/p><p> <span style=\"font-weight: 400;\"><br>\n Em muitos jogos de azar, o RTG apresentou jackpots acumulativos. As regras do seu desenho especificam separadamente em cada modelo.<br>\n <\/span><\/p><h2>\n<\/h2><p> <b><br>\n Seguran&ccedil;a<br>\n <\/b><\/p><p> <span style=\"font-weight: 400;\"><br>\n Todo o software Real Time Gaming foi testado pelo TST (Technical Testing System), que &eacute; l&iacute;der mundial no controle da qualidade dos servi&ccedil;os prestados no mercado de cassinos online. A empresa TST realiza um controle rigoroso sobre os produtos fabricados pela Real Time Gaming.<br>\n <\/span><\/p><p> <b><\/b><\/p><p> <img loading=\"lazy\" decoding=\"async\" class=\"aligncenter size-full wp-image-5092\" src=\"https:\/\/australia-casino-review.com\/wp-content\/uploads\/2022\/09\/5ce2b1d3376db4ccf3592864_realtime.jpg\" alt=\"RTG Review\" width=\"1240\" height=\"329\" srcset=\"https:\/\/australia-casino-review.com\/wp-content\/uploads\/2022\/09\/5ce2b1d3376db4ccf3592864_realtime.jpg 1240w, https:\/\/australia-casino-review.com\/wp-content\/uploads\/2022\/09\/5ce2b1d3376db4ccf3592864_realtime-300x80.jpg 300w, https:\/\/australia-casino-review.com\/wp-content\/uploads\/2022\/09\/5ce2b1d3376db4ccf3592864_realtime-1024x272.jpg 1024w, https:\/\/australia-casino-review.com\/wp-content\/uploads\/2022\/09\/5ce2b1d3376db4ccf3592864_realtime-768x204.jpg 768w\" sizes=\"auto, (max-width: 1240px) 100vw, 1240px\"><\/p><p> <\/p><h2>\n<\/h2><p> <b><br>\n Conclus&otilde;es<br>\n <\/b><\/p><p> <span style=\"font-weight: 400;\"><br>\n O jogo em tempo real &eacute; muito popular entre os jogadores de cassino online. O RTG atrai um grande n&uacute;mero de jogadores com sua excelente velocidade de jogo, uma ampla variedade de op&ccedil;&otilde;es de jogos tradicionais e a confiabilidade de seu software.<br>\n <\/span><\/p><h2>\n<\/h2><p> <b><br>\n perguntas frequentes<br>\n <\/b><\/p><p> <span style=\"font-weight: 400;\"><br>\n O que os jogos em tempo real fazem?<br>\n <\/span><\/p><ul>\n<li style=\"font-weight: 400;\" aria-level=\"1\">\n<p> <span style=\"font-weight: 400;\"><br>\n A RTG &eacute; um conhecido fabricante de software para a ind&uacute;stria de jogos de azar online. A empresa est&aacute; no mercado desde 1998, produzindo jogos de azar para cassinos online.<br>\n <\/span><\/p>\n<\/li>\n<\/ul><p> <span style=\"font-weight: 400;\"><br>\n A Real Time Gaming &eacute; uma empresa confi&aacute;vel?<br>\n <\/span><\/p><ul>\n<li style=\"font-weight: 400;\" aria-level=\"1\">\n<p> <span style=\"font-weight: 400;\"><br>\n Tem uma experi&ecirc;ncia impressionante na ind&uacute;stria do jogo, mas a sua reputa&ccedil;&atilde;o foi manchada por v&aacute;rios esc&acirc;ndalos relacionados com casinos no software desta marca.<br>\n <\/span><\/p>\n<\/li>\n<\/ul><p> <span style=\"font-weight: 400;\"><br>\n A Real Time Gaming tem muitos jogos em seu portf&oacute;lio?<br>\n <\/span><\/p><ul>\n<li style=\"font-weight: 400;\" aria-level=\"1\">\n<p> <span style=\"font-weight: 400;\"><br>\n Durante seu tempo na ind&uacute;stria de jogos de azar, a empresa lan&ccedil;ou centenas de slots de v&iacute;deo e jogos de azar de outros g&ecirc;neros. Tamb&eacute;m oferece modelos com jackpots cumulativos. <\/span><\/p>\n<\/li>\n<\/ul><p>   Leia tamb&eacute;m sobre:<br>\n <a href=\"https:\/\/australia-casino-review.com\/shuffle-master\/\"><br>\n Mestre aleat&oacute;rio<br>\n <\/a> <\/p>\n","protected":false},"excerpt":{"rendered":"<p>B&Oacute;NUS DE PRIMEIRA DEP&Oacute;SITOB&oacute;nus de 100% no primeiro dep&oacute;sito + 100 giros gr&aacute;tis RECLAME O B&Oacute;NUS B&Oacute;NUS DE PRIMEIRA DEP&Oacute;SITOReceba 100% de b&oacute;nus at&eacute; 1 000 AUD + 100 giros gr&aacute;tis RECLAME O B&Oacute;NUS A empresa Real Time Gaming foi fundada em 1998 e durante os primeiros cinco anos de sua exist&ecirc;ncia alcan&ccedil;ou um sucesso&hellip;&nbsp;<a href=\"https:\/\/australia-casino-review.com\/pt-pt\/rtg-2\/\" class=\"\" rel=\"bookmark\">Ler mais &raquo;<span class=\"screen-reader-text\">Revis\u00e3o do RTG e descri\u00e7\u00e3o da empresa<\/span><\/a><\/p>\n","protected":false},"author":1,"featured_media":0,"parent":0,"menu_order":0,"comment_status":"closed","ping_status":"closed","template":"","meta":{"neve_meta_sidebar":"","neve_meta_container":"","neve_meta_enable_content_width":"","neve_meta_content_width":0,"neve_meta_title_alignment":"","neve_meta_author_avatar":"","neve_post_elements_order":"","neve_meta_disable_header":"","neve_meta_disable_footer":"","neve_meta_disable_title":"","footnotes":""},"class_list":["post-7367","page","type-page","status-publish","hentry"],"aioseo_notices":[],"_links":{"self":[{"href":"https:\/\/australia-casino-review.com\/pt-pt\/wp-json\/wp\/v2\/pages\/7367","targetHints":{"allow":["GET"]}}],"collection":[{"href":"https:\/\/australia-casino-review.com\/pt-pt\/wp-json\/wp\/v2\/pages"}],"about":[{"href":"https:\/\/australia-casino-review.com\/pt-pt\/wp-json\/wp\/v2\/types\/page"}],"author":[{"embeddable":true,"href":"https:\/\/australia-casino-review.com\/pt-pt\/wp-json\/wp\/v2\/users\/1"}],"replies":[{"embeddable":true,"href":"https:\/\/australia-casino-review.com\/pt-pt\/wp-json\/wp\/v2\/comments?post=7367"}],"version-history":[{"count":0,"href":"https:\/\/australia-casino-review.com\/pt-pt\/wp-json\/wp\/v2\/pages\/7367\/revisions"}],"wp:attachment":[{"href":"https:\/\/australia-casino-review.com\/pt-pt\/wp-json\/wp\/v2\/media?parent=7367"}],"curies":[{"name":"wp","href":"https:\/\/api.w.org\/{rel}","templated":true}]}}