{"id":7370,"date":"2023-07-17T23:25:43","date_gmt":"2023-07-17T20:25:43","guid":{"rendered":"https:\/\/australia-casino-review.com\/novomatic-2\/"},"modified":"2023-07-17T23:25:43","modified_gmt":"2023-07-17T20:25:43","slug":"novomatic-2","status":"publish","type":"page","link":"https:\/\/australia-casino-review.com\/pt-pt\/novomatic-2\/","title":{"rendered":"Novomatic \u00e9 um dos maiores produtores de m\u00e1quinas ca\u00e7a-n\u00edqueis"},"content":{"rendered":"<?xml encoding=\"utf-8\" ?><p> <span style=\"font-weight: 400;\"><\/span><\/p><link rel=\"stylesheet\" href=\"\/wp-content\/themes\/neve-child\/swiper-bundle.min.css\"><script src=\"\/wp-content\/themes\/neve-child\/swiper-bundle.min.js\"><\/script><div class=\"swiper casino-slider\">\r\n    <div class=\"swiper-wrapper\">\r\n\r\n        <!-- Winspirit -->\r\n        <div class=\"swiper-slide casino-slide\" style=\"background-image: url('https:\/\/australia-casino-review.com\/wp-content\/uploads\/2025\/05\/yosok3bayqsoxelcjxux.webp')\">\r\n            <a href=\"https:\/\/australia-casino-review.com\/go-casino?sub_id_1=winspirit\" class=\"swiper-slide-link\" style=\"position: relative;z-index: 10000;\">\r\n                <div class=\"casino-content\">\r\n                    <img decoding=\"async\" class=\"casino-logo\" src=\"https:\/\/australia-casino-review.com\/wp-content\/uploads\/2025\/05\/spuz0y9gqwphpkzry0dv.webp\" alt=\"Winspirit Logo\">\r\n                    <div class=\"casino-bonus\">B&Oacute;NUS DE PRIMEIRA DEP&Oacute;SITO<br>B&oacute;nus de 100% no primeiro dep&oacute;sito + 100 giros gr&aacute;tis<\/div>\r\n                    <span class=\"yellow-btn\">RECLAME O B&Oacute;NUS<\/span>\r\n                <\/div>\r\n            <\/a>\r\n        <\/div>\r\n\r\n        <!-- Rocket Play -->\r\n        <div class=\"swiper-slide casino-slide\" style=\"background-image: url('https:\/\/australia-casino-review.com\/wp-content\/uploads\/2025\/05\/netfidkjat6wovozc5pv.webp')\">\r\n            <a href=\"https:\/\/australia-casino-review.com\/go-casino?sub_id_1=rocketplay\" class=\"swiper-slide-link\" style=\"position: relative;z-index: 10000;\">\r\n                <div class=\"casino-content\">\r\n                    <img decoding=\"async\" class=\"casino-logo\" src=\"https:\/\/australia-casino-review.com\/wp-content\/uploads\/2025\/05\/dl8rtimw8nea9ju9bvor.webp\" alt=\"RocketPlay Logo\">\r\n                    <div class=\"casino-bonus\">B&Oacute;NUS DE PRIMEIRA DEP&Oacute;SITO<br>Receba 100% de b&oacute;nus at&eacute; 1 000 AUD + 100 giros gr&aacute;tis<\/div>\r\n                    <span class=\"yellow-btn\">RECLAME O B&Oacute;NUS<\/span>\r\n                <\/div>\r\n            <\/a>\r\n        <\/div>\r\n        \r\n    <\/div>\r\n<\/div><script>\r\n    document.addEventListener(\"DOMContentLoaded\", function() {\r\n        new Swiper(\".casino-slider\", {\r\n            slidesPerView: 1,\r\n            navigation: {\r\n                nextEl: \".swiper-button-next\",\r\n                prevEl: \".swiper-button-prev\",\r\n            },\r\n        });\r\n    });\r\n<\/script><p> <img loading=\"lazy\" decoding=\"async\" class=\"aligncenter wp-image-5070\" src=\"https:\/\/australia-casino-review.com\/wp-content\/uploads\/2022\/08\/novomat.jpg\" alt=\"Novomatic review\" width=\"662\" height=\"394\" srcset=\"https:\/\/australia-casino-review.com\/wp-content\/uploads\/2022\/08\/novomat.jpg 800w, https:\/\/australia-casino-review.com\/wp-content\/uploads\/2022\/08\/novomat-300x179.jpg 300w, https:\/\/australia-casino-review.com\/wp-content\/uploads\/2022\/08\/novomat-768x457.jpg 768w\" sizes=\"auto, (max-width: 662px) 100vw, 662px\"><br>\n Novomatic &eacute; um dos maiores fabricantes e operadores de m&aacute;quinas ca&ccedil;a-n&iacute;queis, &eacute; tamb&eacute;m uma das maiores empresas integradas deste tipo no mundo. A Novomatic foi fundada em 1980 na &Aacute;ustria.<br>\n <\/p><p> <span style=\"font-weight: 400;\"><br>\n Em todo o mundo, este grupo tem mais de 20.000 funcion&aacute;rios (3.000 na &Aacute;ustria). Fundada pelo empres&aacute;rio Johann F. Graf tem subsidi&aacute;rias em 45 pa&iacute;ses e exporta equipamentos de m&aacute;quinas ca&ccedil;a-n&iacute;queis de alta tecnologia para mais de 80 pa&iacute;ses. O grupo suporta aproximadamente 230.000 m&aacute;quinas ca&ccedil;a-n&iacute;queis, incluindo 1.500 cassinos tradicionais e eletr&ocirc;nicos (incluindo os licenciados).<br>\n <\/span><\/p><p> <span style=\"font-weight: 400;\"><br>\n O grupo tamb&eacute;m inclui a Admiral Sportwetten, a principal operadora de apostas esportivas da &Aacute;ustria com 250 pontos de venda, e a Greentube Internet Entertainment Solutions GmbH, uma empresa de jogos online com sede em Viena.<br>\n <\/span><\/p><h2>\n<\/h2><p> <b><br>\n desenvolvimentos modernos<br>\n <\/b><\/p><p> <span style=\"font-weight: 400;\"><br>\n Quando a era dos simuladores virtuais come&ccedil;ou e muitas marcas come&ccedil;aram a usar gr&aacute;ficos 3D para design, o fornecedor Novomatic continuou sua tradi&ccedil;&atilde;o. Portanto, a maioria das m&aacute;quinas lan&ccedil;adas nos dois mil&eacute;simos &eacute; caracterizada por gr&aacute;ficos e estilo simples (Bugs&rsquo;n&rsquo;Bees, Captain Venture, Gorilla). No entanto, existem v&aacute;rios simuladores com gr&aacute;ficos tridimensionais, entre os quais Empire V, Bloody Love, Anubix. Slot de Chicago com apar&ecirc;ncia muito original, que mostrava o gangster Am&eacute;rica dos anos 20 nas cores preto e branco.<br>\n <\/span><\/p><p style=\"text-align: center;\">\n<\/p><p> <a class=\"button button-primary\" href=\"https:\/\/australia-casino-review.com\/go-casino\/\"><br>\n GANHE B&Ocirc;NUS<br>\n <\/a><\/p><h2>\n<\/h2><p> <b><br>\n Empresa de m&aacute;quinas ca&ccedil;a-n&iacute;queis Novomatic<br>\n <\/b><\/p><p> <span style=\"font-weight: 400;\"><br>\n Durante seu trabalho, o fornecedor austr&iacute;aco lan&ccedil;ou um grande n&uacute;mero de m&aacute;quinas ca&ccedil;a-n&iacute;queis. Apesar do fato de que a empresa est&aacute; envolvida em v&aacute;rias dire&ccedil;&otilde;es, ainda o principal nicho s&atilde;o os slots. &Eacute; f&aacute;cil distinguir as m&aacute;quinas ca&ccedil;a-n&iacute;queis deste provedor de outros. Seu desenvolvimento &eacute; caracterizado pelos seguintes indicadores e caracter&iacute;sticas:<br>\n <\/span><\/p><ul>\n<li style=\"font-weight: 400;\" aria-level=\"1\">\n<p> <span style=\"font-weight: 400;\"><br>\n Temas cuidadosamente selecionados;<br>\n <\/span><\/p>\n<\/li>\n<li style=\"font-weight: 400;\" aria-level=\"1\">\n<p> <span style=\"font-weight: 400;\"><br>\n M&uacute;sica interessante e divertida;<br>\n <\/span><\/p>\n<\/li>\n<li style=\"font-weight: 400;\" aria-level=\"1\">\n<p> <span style=\"font-weight: 400;\"><br>\n uma interface simples;<br>\n <\/span><\/p>\n<\/li>\n<li style=\"font-weight: 400;\" aria-level=\"1\">\n<p> <span style=\"font-weight: 400;\"><br>\n Um conjunto m&iacute;nimo de bot&otilde;es de controle;<br>\n <\/span><\/p>\n<\/li>\n<li style=\"font-weight: 400;\" aria-level=\"1\">\n<p> <span style=\"font-weight: 400;\"><br>\n altas taxas de RTP;<br>\n <\/span><\/p>\n<\/li>\n<li style=\"font-weight: 400;\" aria-level=\"1\">\n<p> <span style=\"font-weight: 400;\"><br>\n A presen&ccedil;a de recursos adicionais.<br>\n <\/span><\/p>\n<\/li>\n<\/ul><p> <span style=\"font-weight: 400;\"><br>\n Correndo slots Os jogadores de slots Novomatic n&atilde;o apenas se divertem e se divertem, mas tamb&eacute;m podem contar com slots, vit&oacute;rias nervosas.<br>\n <\/span><\/p><h2>\n<\/h2><p> <b><br>\n Recursos adicionais dos slots Novomatic<br>\n <\/b><\/p><p> <span style=\"font-weight: 400;\"><br>\n Al&eacute;m das qualidades que as m&aacute;quinas ca&ccedil;a-n&iacute;queis da empresa austr&iacute;aca possuem, deve-se notar que quase todo trabalho tem seu pr&oacute;prio toque e um certo conjunto de chips adicionais. Gra&ccedil;as a eles, a jogabilidade se torna a mais interessante, mais din&acirc;mica e os ganhos potenciais aumentam v&aacute;rias vezes.<br>\n <\/span><\/p><p> <span style=\"font-weight: 400;\"><br>\n Tais destaques, que t&ecirc;m o trabalho da Novomatic incluem:<br>\n <\/span><\/p><ul>\n<li style=\"font-weight: 400;\" aria-level=\"1\">\n<p> <span style=\"font-weight: 400;\"><br>\n rodadas de b&ocirc;nus;<br>\n <\/span><\/p>\n<\/li>\n<li style=\"font-weight: 400;\" aria-level=\"1\">\n<p> <span style=\"font-weight: 400;\"><br>\n jogos de risco;<br>\n <\/span><\/p>\n<\/li>\n<li style=\"font-weight: 400;\" aria-level=\"1\">\n<p> <span style=\"font-weight: 400;\"><br>\n jackpots;<br>\n <\/span><\/p>\n<\/li>\n<li style=\"font-weight: 400;\" aria-level=\"1\">\n<p> <span style=\"font-weight: 400;\"><br>\n rodadas gr&aacute;tis;<br>\n <\/span><\/p>\n<\/li>\n<li style=\"font-weight: 400;\" aria-level=\"1\">\n<p> <span style=\"font-weight: 400;\"><br>\n S&iacute;mbolos especiais.<br>\n <\/span><\/p>\n<\/li>\n<\/ul><p> <span style=\"font-weight: 400;\"><br>\n Cada caracter&iacute;stica tem suas pr&oacute;prias caracter&iacute;sticas e qualidades positivas. Portanto, as rodadas de b&ocirc;nus oferecem um aumento significativo na receita total do slot, os jogos de risco dobram a recompensa por uma rodada, giros gr&aacute;tis &ndash; rodam os rolos de gra&ccedil;a, s&iacute;mbolos especiais oferecem a oportunidade de participar de rodadas de b&ocirc;nus. Bem, o jackpot &ndash; o sonho de todo jogador.<br>\n <\/span><\/p><h2>\n<\/h2><p> <b><br>\n jogos Novom&aacute;ticos<br>\n <\/b><\/p><p> <span style=\"font-weight: 400;\"><br>\n As m&aacute;quinas ca&ccedil;a-n&iacute;queis Bandit de bra&ccedil;o &uacute;nico s&atilde;o muito bem-sucedidas em<br>\n <\/span><\/p><p> <span style=\"font-weight: 400;\"><br>\n cassinos Novom&aacute;ticos<br>\n <\/span><\/p><p> <span style=\"font-weight: 400;\"><br>\n , e &eacute; por isso que a maioria dos slots mais populares mudou para a plataforma online. No momento, muitos cassinos online com grande reputa&ccedil;&atilde;o t&ecirc;m jogos deste fabricante. Todos os f&atilde;s de jogos de cassino certamente conhecem os jogos populares deste fabricante. Os mais populares s&atilde;o:<br>\n <\/span><\/p><ul>\n<li style=\"font-weight: 400;\" aria-level=\"1\">\n<p> <span style=\"font-weight: 400;\"><br>\n p&eacute;rola do golfinho de luxo,<br>\n <\/span><\/p>\n<\/li>\n<li style=\"font-weight: 400;\" aria-level=\"1\">\n<p> <span style=\"font-weight: 400;\"><br>\n Diamante 7<br>\n <\/span><\/p>\n<\/li>\n<li style=\"font-weight: 400;\" aria-level=\"1\">\n<p> <span style=\"font-weight: 400;\"><br>\n livro de R&aacute;,<br>\n <\/span><\/p>\n<\/li>\n<li style=\"font-weight: 400;\" aria-level=\"1\">\n<p> <span style=\"font-weight: 400;\"><br>\n Escaldante.<br>\n <\/span><\/p>\n<\/li>\n<\/ul><p> <span style=\"font-weight: 400;\"><br>\n Podemos dizer que a empresa est&aacute; focada em jogos como &ldquo;One-armed Bandit&rdquo;, tamb&eacute;m ao lado deles, os jogadores podem encontrar diversos tipos de jogos de cartas, roleta, bem como jogos dispon&iacute;veis atrav&eacute;s do telefone. Os jogos deste fabricante s&atilde;o muito cl&aacute;ssicos na apar&ecirc;ncia. Se voc&ecirc; &eacute; um f&atilde; dos slots cl&aacute;ssicos habituais, os jogos da Novomatic s&atilde;o definitivamente para voc&ecirc;.<br>\n <\/span><\/p><p style=\"text-align: center;\">\n<\/p><p> <a class=\"button button-primary\" href=\"https:\/\/australia-casino-review.com\/go-casino\/\"><br>\n GANHE B&Ocirc;NUS<br>\n <\/a><\/p><h2>\n<\/h2><p> <b><br>\n Outros jogos de simulador<br>\n <\/b><\/p><p> <span style=\"font-weight: 400;\"><br>\n O desenvolvedor lan&ccedil;ou mais de 600 jogos durante todo o tempo de atividade, a maioria dos quais s&atilde;o m&aacute;quinas com bobinas. O resto &eacute; representado por simuladores de outros jogos de azar:<br>\n <\/span><\/p><ul>\n<li style=\"font-weight: 400;\" aria-level=\"1\">\n<p> <span style=\"font-weight: 400;\"><br>\n roleta;<br>\n <\/span><\/p>\n<\/li>\n<li style=\"font-weight: 400;\" aria-level=\"1\">\n<p> <span style=\"font-weight: 400;\"><br>\n p&ocirc;quer;<br>\n <\/span><\/p>\n<\/li>\n<li style=\"font-weight: 400;\" aria-level=\"1\">\n<p> <span style=\"font-weight: 400;\"><br>\n blackjack;<br>\n <\/span><\/p>\n<\/li>\n<li style=\"font-weight: 400;\" aria-level=\"1\">\n<p> <span style=\"font-weight: 400;\"><br>\n loteria e bingo.<br>\n <\/span><\/p>\n<\/li>\n<\/ul><p> <span style=\"font-weight: 400;\"><br>\n Todos eles tamb&eacute;m s&atilde;o decorados com um determinado tema e possuem caracter&iacute;sticas individuais. Hoje, voc&ecirc; pode jogar qualquer simulador da marca representada nas condi&ccedil;&otilde;es mais confort&aacute;veis. Para fazer isso, cada m&aacute;quina &eacute; suportada em v&aacute;rias vers&otilde;es &ndash; desktop, m&oacute;vel, baseada em navegador. Voc&ecirc; tamb&eacute;m pode jogar o jogo em<br>\n <\/span><\/p><p> <span style=\"font-weight: 400;\"><br>\n Ca&ccedil;a-n&iacute;queis Novomatic dinheiro real<br>\n <\/span><\/p><p> <span style=\"font-weight: 400;\"><br>\n  ou execute uma vers&atilde;o de demonstra&ccedil;&atilde;o, que usa cr&eacute;ditos condicionais em vez de dinheiro real. Voc&ecirc; pode encontrar desenvolvimentos da Novomatic em quase qualquer portal de jogos moderno.<br>\n <\/span><\/p><h2>\n<\/h2><p> <b><br>\n B&ocirc;nus Novomatic<br>\n <\/b><\/p><p> <span style=\"font-weight: 400;\"><br>\n Melhores slots Novomatic<br>\n <\/span><\/p><p> <span style=\"font-weight: 400;\"><br>\n  deste fabricante possuem o chamado recurso &ldquo;gamble&rdquo;, que d&aacute; aos jogadores a oportunidade de multiplicar seus ganhos. Seus jogos tamb&eacute;m s&atilde;o generosos em termos de rodadas gr&aacute;tis, bem como outros b&ocirc;nus. <\/span><\/p><p> <b><\/b><\/p><p> <img loading=\"lazy\" decoding=\"async\" class=\"aligncenter size-full wp-image-5071\" src=\"https:\/\/australia-casino-review.com\/wp-content\/uploads\/2022\/08\/5ce2b381e571d901a10e2ee6_novomatic-casino-provider.jpg\" alt=\"Novomatic review\" width=\"1240\" height=\"329\" srcset=\"https:\/\/australia-casino-review.com\/wp-content\/uploads\/2022\/08\/5ce2b381e571d901a10e2ee6_novomatic-casino-provider.jpg 1240w, https:\/\/australia-casino-review.com\/wp-content\/uploads\/2022\/08\/5ce2b381e571d901a10e2ee6_novomatic-casino-provider-300x80.jpg 300w, https:\/\/australia-casino-review.com\/wp-content\/uploads\/2022\/08\/5ce2b381e571d901a10e2ee6_novomatic-casino-provider-1024x272.jpg 1024w, https:\/\/australia-casino-review.com\/wp-content\/uploads\/2022\/08\/5ce2b381e571d901a10e2ee6_novomatic-casino-provider-768x204.jpg 768w\" sizes=\"auto, (max-width: 1240px) 100vw, 1240px\"><\/p><p> <\/p><h2>\n<\/h2><p> <b><br>\n jackpot Novomatic<br>\n <\/b><\/p><p> <span style=\"font-weight: 400;\"><br>\n Em<br>\n <\/span><\/p><p> <span style=\"font-weight: 400;\"><br>\n Ca&ccedil;a-n&iacute;queis Novomatic<br>\n <\/span><\/p><p> <span style=\"font-weight: 400;\"><br>\n  n&atilde;o h&aacute; jogo com jackpot progressivo, mas existem jackpots individuais como &ldquo;King&rsquo;s Treasure&rdquo; e &ldquo;Golden Sevens<br>\n <\/span><\/p><p> <span style=\"font-weight: 400;\"><br>\n As principais vantagens do Novomatic Gaminator<br>\n <\/span><\/p><ul>\n<li style=\"font-weight: 400;\" aria-level=\"1\">\n<p> <span style=\"font-weight: 400;\"><br>\n Um longo per&iacute;odo de opera&ccedil;&atilde;o;<br>\n <\/span><\/p>\n<\/li>\n<li style=\"font-weight: 400;\" aria-level=\"1\">\n<p> <span style=\"font-weight: 400;\"><br>\n Slots de demonstra&ccedil;&atilde;o;<br>\n <\/span><\/p>\n<\/li>\n<li style=\"font-weight: 400;\" aria-level=\"1\">\n<p> <span style=\"font-weight: 400;\"><br>\n Altas taxas de retorno;<br>\n <\/span><\/p>\n<\/li>\n<li style=\"font-weight: 400;\" aria-level=\"1\">\n<p> <span style=\"font-weight: 400;\"><br>\n temas interessantes;<br>\n <\/span><\/p>\n<\/li>\n<li style=\"font-weight: 400;\" aria-level=\"1\">\n<p> <span style=\"font-weight: 400;\"><br>\n mec&acirc;nica simples;<br>\n <\/span><\/p>\n<\/li>\n<li style=\"font-weight: 400;\" aria-level=\"1\">\n<p> <span style=\"font-weight: 400;\"><br>\n Conjunto de controle m&iacute;nimo.<br>\n <\/span><\/p>\n<\/li>\n<\/ul><p> <span style=\"font-weight: 400;\"><br>\n ca&ccedil;a-n&iacute;queis Novomatic<br>\n <\/span><\/p><p> <span style=\"font-weight: 400;\"><br>\n  ganharam o amor e a confian&ccedil;a de um grande n&uacute;mero de jogadores. Portanto, muitos cassinos desejam cooperar com esse fornecedor.<br>\n <\/span><\/p><p style=\"text-align: center;\">\n<\/p><p> <a class=\"button button-primary\" href=\"https:\/\/australia-casino-review.com\/go-casino\/\"><br>\n GANHE B&Ocirc;NUS<br>\n <\/a><\/p><h2>\n<\/h2><p> <b><br>\n Conclus&atilde;o<br>\n <\/b><\/p><p> <span style=\"font-weight: 400;\"><br>\n A Novomatic &eacute; l&iacute;der na ind&uacute;stria de equipamentos de jogos de cassino e &eacute; a maior empresa de jogos de azar do mundo. &Eacute; o maior fornecedor de jogos para cassinos regulares, principalmente no mercado europeu. Seus jogos s&atilde;o incrivelmente populares n&atilde;o apenas em cassinos tradicionais, mas tamb&eacute;m em cassinos online.<br>\n <\/span><\/p><p> <span style=\"font-weight: 400;\"><br>\n N&atilde;o &eacute; s&oacute; porque a Novomatic &eacute; mundialmente aclamada. S&atilde;o muitos anos de trabalho cuidadoso e atento de profissionais de seus neg&oacute;cios, que se desenvolveram constantemente, conhecendo novas tecnologias para criar softwares modernos e de alta qualidade.<br>\n <\/span><\/p><p> <span style=\"font-weight: 400;\"><br>\n Agora j&aacute; existem mais de cem cassinos online com jogos desta empresa e<br>\n <\/span><\/p><p> <span style=\"font-weight: 400;\"><br>\n Lista de cassinos Novomatic<br>\n <\/span><\/p><p> <span style=\"font-weight: 400;\"><br>\n  &eacute; constantemente atualizado. Para cada um destes casinos, os utilizadores podem facilmente escolher um casino ao seu gosto.<br>\n <\/span><\/p><h2>\n<\/h2><p> <b><br>\n Perguntas frequentes<br>\n <\/b><\/p><h3>\n<\/h3><p> <span style=\"font-weight: 400;\"><br>\n Como jogar ca&ccedil;a-n&iacute;queis Novomatic online?<br>\n <\/span><\/p><ul>\n<li style=\"font-weight: 400;\" aria-level=\"1\">\n<p> <span style=\"font-weight: 400;\"><br>\n Tudo come&ccedil;a com a escolha de uma das melhores m&aacute;quinas ca&ccedil;a-n&iacute;queis Novomatic e escolha<br>\n <\/span><\/p>\n<p> <span style=\"font-weight: 400;\"><br>\n B&ocirc;nus de cassino Novomatic<br>\n <\/span><\/p>\n<p> <span style=\"font-weight: 400;\"><br>\n  jogar. Ent&atilde;o, voc&ecirc; precisa ajustar o tamanho da aposta e apenas apertar o bot&atilde;o de girar. Voc&ecirc; tamb&eacute;m pode usar os recursos de rota&ccedil;&atilde;o r&aacute;pida e reprodu&ccedil;&atilde;o autom&aacute;tica, se desejar.<br>\n <\/span><\/p>\n<\/li>\n<\/ul><h3>\n<\/h3><p> <span style=\"font-weight: 400;\"><br>\n Quais s&atilde;o os melhores hor&aacute;rios para Novomatic?<br>\n <\/span><\/p><ul>\n<li style=\"font-weight: 400;\" aria-level=\"1\">\n<p> <span style=\"font-weight: 400;\"><br>\n Fizemos nossa devida dilig&ecirc;ncia e selecionamos os melhores hor&aacute;rios online da Novomatic dispon&iacute;veis no provedor de software. Um dos t&iacute;tulos mais not&aacute;veis &#8203;&#8203;&eacute; Book of Ra, que est&aacute; no mercado h&aacute; mais de uma d&eacute;cada.<br>\n <\/span><\/p>\n<\/li>\n<\/ul><h3>\n<\/h3><p> <span style=\"font-weight: 400;\"><br>\n Onde posso jogar Book of Ra?<br>\n <\/span><\/p><ul>\n<li style=\"font-weight: 400;\" aria-level=\"1\">\n<p> <span style=\"font-weight: 400;\"><br>\n Book of Ra, uma antiga m&aacute;quina ca&ccedil;a-n&iacute;queis com tem&aacute;tica eg&iacute;pcia, pode ser encontrada na maioria dos principais sites de cassino Novomatic. Voc&ecirc; pode at&eacute; jogar no modo de demonstra&ccedil;&atilde;o primeiro para entender os pagamentos e s&iacute;mbolos especiais sem correr o risco de perder seu dinheiro.<br>\n <\/span><\/p>\n<\/li>\n<\/ul><p>   Leia tamb&eacute;m sobre:<br>\n <a href=\"https:\/\/australia-casino-review.com\/nyx\/\"><br>\n NYX Gaming<br>\n <\/a> <\/p>\n","protected":false},"excerpt":{"rendered":"<p>B&Oacute;NUS DE PRIMEIRA DEP&Oacute;SITOB&oacute;nus de 100% no primeiro dep&oacute;sito + 100 giros gr&aacute;tis RECLAME O B&Oacute;NUS B&Oacute;NUS DE PRIMEIRA DEP&Oacute;SITOReceba 100% de b&oacute;nus at&eacute; 1 000 AUD + 100 giros gr&aacute;tis RECLAME O B&Oacute;NUS Novomatic &eacute; um dos maiores fabricantes e operadores de m&aacute;quinas ca&ccedil;a-n&iacute;queis, &eacute; tamb&eacute;m uma das maiores empresas integradas deste tipo no&hellip;&nbsp;<a href=\"https:\/\/australia-casino-review.com\/pt-pt\/novomatic-2\/\" class=\"\" rel=\"bookmark\">Ler mais &raquo;<span class=\"screen-reader-text\">Novomatic \u00e9 um dos maiores produtores de m\u00e1quinas ca\u00e7a-n\u00edqueis<\/span><\/a><\/p>\n","protected":false},"author":1,"featured_media":0,"parent":0,"menu_order":0,"comment_status":"closed","ping_status":"closed","template":"","meta":{"neve_meta_sidebar":"","neve_meta_container":"","neve_meta_enable_content_width":"","neve_meta_content_width":0,"neve_meta_title_alignment":"","neve_meta_author_avatar":"","neve_post_elements_order":"","neve_meta_disable_header":"","neve_meta_disable_footer":"","neve_meta_disable_title":"","footnotes":""},"class_list":["post-7370","page","type-page","status-publish","hentry"],"aioseo_notices":[],"_links":{"self":[{"href":"https:\/\/australia-casino-review.com\/pt-pt\/wp-json\/wp\/v2\/pages\/7370","targetHints":{"allow":["GET"]}}],"collection":[{"href":"https:\/\/australia-casino-review.com\/pt-pt\/wp-json\/wp\/v2\/pages"}],"about":[{"href":"https:\/\/australia-casino-review.com\/pt-pt\/wp-json\/wp\/v2\/types\/page"}],"author":[{"embeddable":true,"href":"https:\/\/australia-casino-review.com\/pt-pt\/wp-json\/wp\/v2\/users\/1"}],"replies":[{"embeddable":true,"href":"https:\/\/australia-casino-review.com\/pt-pt\/wp-json\/wp\/v2\/comments?post=7370"}],"version-history":[{"count":0,"href":"https:\/\/australia-casino-review.com\/pt-pt\/wp-json\/wp\/v2\/pages\/7370\/revisions"}],"wp:attachment":[{"href":"https:\/\/australia-casino-review.com\/pt-pt\/wp-json\/wp\/v2\/media?parent=7370"}],"curies":[{"name":"wp","href":"https:\/\/api.w.org\/{rel}","templated":true}]}}