{"id":7374,"date":"2023-07-17T23:26:16","date_gmt":"2023-07-17T20:26:16","guid":{"rendered":"https:\/\/australia-casino-review.com\/mga-2\/"},"modified":"2023-07-17T23:26:16","modified_gmt":"2023-07-17T20:26:16","slug":"mga-2","status":"publish","type":"page","link":"https:\/\/australia-casino-review.com\/pt-pt\/mga-2\/","title":{"rendered":"O desenvolvedor de m\u00e1quinas ca\u00e7a-n\u00edqueis MGA"},"content":{"rendered":"<?xml encoding=\"utf-8\" ?><p> <span style=\"font-weight: 400;\"><\/span><\/p><link rel=\"stylesheet\" href=\"\/wp-content\/themes\/neve-child\/swiper-bundle.min.css\"><script src=\"\/wp-content\/themes\/neve-child\/swiper-bundle.min.js\"><\/script><div class=\"swiper casino-slider\">\r\n    <div class=\"swiper-wrapper\">\r\n\r\n        <!-- Winspirit -->\r\n        <div class=\"swiper-slide casino-slide\" style=\"background-image: url('https:\/\/australia-casino-review.com\/wp-content\/uploads\/2025\/05\/yosok3bayqsoxelcjxux.webp')\">\r\n            <a href=\"https:\/\/australia-casino-review.com\/go-casino?sub_id_1=winspirit\" class=\"swiper-slide-link\" style=\"position: relative;z-index: 10000;\">\r\n                <div class=\"casino-content\">\r\n                    <img decoding=\"async\" class=\"casino-logo\" src=\"https:\/\/australia-casino-review.com\/wp-content\/uploads\/2025\/05\/spuz0y9gqwphpkzry0dv.webp\" alt=\"Winspirit Logo\">\r\n                    <div class=\"casino-bonus\">B&Oacute;NUS DE PRIMEIRA DEP&Oacute;SITO<br>B&oacute;nus de 100% no primeiro dep&oacute;sito + 100 giros gr&aacute;tis<\/div>\r\n                    <span class=\"yellow-btn\">RECLAME O B&Oacute;NUS<\/span>\r\n                <\/div>\r\n            <\/a>\r\n        <\/div>\r\n\r\n        <!-- Rocket Play -->\r\n        <div class=\"swiper-slide casino-slide\" style=\"background-image: url('https:\/\/australia-casino-review.com\/wp-content\/uploads\/2025\/05\/netfidkjat6wovozc5pv.webp')\">\r\n            <a href=\"https:\/\/australia-casino-review.com\/go-casino?sub_id_1=rocketplay\" class=\"swiper-slide-link\" style=\"position: relative;z-index: 10000;\">\r\n                <div class=\"casino-content\">\r\n                    <img decoding=\"async\" class=\"casino-logo\" src=\"https:\/\/australia-casino-review.com\/wp-content\/uploads\/2025\/05\/dl8rtimw8nea9ju9bvor.webp\" alt=\"RocketPlay Logo\">\r\n                    <div class=\"casino-bonus\">B&Oacute;NUS DE PRIMEIRA DEP&Oacute;SITO<br>Receba 100% de b&oacute;nus at&eacute; 1 000 AUD + 100 giros gr&aacute;tis<\/div>\r\n                    <span class=\"yellow-btn\">RECLAME O B&Oacute;NUS<\/span>\r\n                <\/div>\r\n            <\/a>\r\n        <\/div>\r\n        \r\n    <\/div>\r\n<\/div><script>\r\n    document.addEventListener(\"DOMContentLoaded\", function() {\r\n        new Swiper(\".casino-slider\", {\r\n            slidesPerView: 1,\r\n            navigation: {\r\n                nextEl: \".swiper-button-next\",\r\n                prevEl: \".swiper-button-prev\",\r\n            },\r\n        });\r\n    });\r\n<\/script><p> <img loading=\"lazy\" decoding=\"async\" class=\"aligncenter size-full wp-image-5044\" src=\"https:\/\/australia-casino-review.com\/wp-content\/uploads\/2022\/08\/mga_logo.png\" alt=\"MGA review\" width=\"900\" height=\"388\" srcset=\"https:\/\/australia-casino-review.com\/wp-content\/uploads\/2022\/08\/mga_logo.png 900w, https:\/\/australia-casino-review.com\/wp-content\/uploads\/2022\/08\/mga_logo-300x129.png 300w, https:\/\/australia-casino-review.com\/wp-content\/uploads\/2022\/08\/mga_logo-768x331.png 768w\" sizes=\"auto, (max-width: 900px) 100vw, 900px\"><br>\n MGA Group &eacute; um grande desenvolvedor espanhol de m&aacute;quinas ca&ccedil;a-n&iacute;queis. A empresa foi fundada em 1976 em Barcelona. Os desenvolvedores afirmam que foram eles que criaram os primeiros slots na Espanha. O est&uacute;dio fornece m&aacute;quinas ca&ccedil;a-n&iacute;queis e software para jogos terrestres e<br>\n <\/p><p> <span style=\"font-weight: 400;\"><br>\n MGA<br>\n <a href=\"https:\/\/australia-casino-review.com\/\"><br>\n casino online<br>\n <\/a><\/span><\/p><p> <\/p><p> <span style=\"font-weight: 400;\"><br>\n . A empresa desenvolve m&aacute;quinas ca&ccedil;a-n&iacute;queis e bingo. O portf&oacute;lio do slot cont&eacute;m mais de 30 jogos em v&aacute;rios temas.<br>\n <\/span><\/p><h2>\n<\/h2><p> <b><br>\n Variedade de ofertas<br>\n <\/b><\/p><p> <span style=\"font-weight: 400;\"><br>\n A MGA equipa e apoia as chamadas salas recreativas &ndash; Golden Park, salas de bingo e salas de bowling. Eles tamb&eacute;m fornecem m&aacute;quinas ca&ccedil;a-n&iacute;queis para bares. Sua lista de produtos inclui:<br>\n <\/span><\/p><ul>\n<li style=\"font-weight: 400;\" aria-level=\"1\">\n<p> <span style=\"font-weight: 400;\"><br>\n m&aacute;quinas ca&ccedil;a-n&iacute;queis;<br>\n <\/span><\/p>\n<\/li>\n<li style=\"font-weight: 400;\" aria-level=\"1\">\n<p> <span style=\"font-weight: 400;\"><br>\n Bingo;<br>\n <\/span><\/p>\n<\/li>\n<li style=\"font-weight: 400;\" aria-level=\"1\">\n<p> <span style=\"font-weight: 400;\"><br>\n m&aacute;quinas de fliperama e jogos de fliperama para crian&ccedil;as;<br>\n <\/span><\/p>\n<\/li>\n<li style=\"font-weight: 400;\" aria-level=\"1\">\n<p> <span style=\"font-weight: 400;\"><br>\n roleta eletr&ocirc;nica;<br>\n <\/span><\/p>\n<\/li>\n<li style=\"font-weight: 400;\" aria-level=\"1\">\n<p> <span style=\"font-weight: 400;\"><br>\n Jogos de arcade Coin Pusher.<br>\n <\/span><\/p>\n<\/li>\n<\/ul><p> <span style=\"font-weight: 400;\"><br>\n Os produtos online incluem mais de 20 slots e 11 vers&otilde;es de bingo.<br>\n <\/span><\/p><p style=\"text-align: center;\">\n<\/p><p> <a class=\"button button-primary\" href=\"https:\/\/australia-casino-review.com\/go-casino\/\"><br>\n GANHE B&Ocirc;NUS<br>\n <\/a><\/p><h2>\n<\/h2><p> <b><br>\n Caracter&iacute;sticas das m&aacute;quinas ca&ccedil;a-n&iacute;queis MGA<br>\n <\/b><\/p><p> <span style=\"font-weight: 400;\"><br>\n A MGA fabrica m&aacute;quinas ca&ccedil;a-n&iacute;queis coloridas com tr&ecirc;s e cinco cilindros. Em compara&ccedil;&atilde;o com outros fabricantes, o portf&oacute;lio da empresa possui uma propor&ccedil;&atilde;o bastante grande de m&aacute;quinas de tr&ecirc;s bobinas. Sua peculiaridade &eacute; um grande n&uacute;mero de b&ocirc;nus, o que n&atilde;o &eacute; o caso de todas as m&aacute;quinas de cinco cilindros.<br>\n <\/span><\/p><p> <span style=\"font-weight: 400;\"><br>\n Normalmente, os slots s&atilde;o &ldquo;selvagens&rdquo; e s&iacute;mbolos de dispers&atilde;o, rodadas gr&aacute;tis e jogos de risco. Para jogadores de algum pa&iacute;s<br>\n <\/span><\/p><p> <span style=\"font-weight: 400;\"><br>\n cassino MGA sem b&ocirc;nus de dep&oacute;sito<br>\n <\/span><\/p><p> <span style=\"font-weight: 400;\"><br>\n  para registro &ndash; 20 rodadas gr&aacute;tis. Os ganhos chegam &agrave; conta com bastante frequ&ecirc;ncia. Os temas abrangem todos os g&ecirc;neros populares: frutas, fantasia, piratas, antiguidade.<br>\n <\/span><\/p><h2>\n<\/h2><p> <b><br>\n As m&aacute;quinas ca&ccedil;a-n&iacute;queis mais populares MGA<br>\n <\/b><\/p><p> <span style=\"font-weight: 400;\"><br>\n Abaixo est&aacute; uma lista das m&aacute;quinas ca&ccedil;a-n&iacute;queis MGA mais populares:<br>\n <\/span><\/p><ul>\n<li style=\"font-weight: 400;\" aria-level=\"1\">\n<p> <span style=\"font-weight: 400;\"><br>\n Bucaneiros;<br>\n <\/span><\/p>\n<\/li>\n<li style=\"font-weight: 400;\" aria-level=\"1\">\n<p> <span style=\"font-weight: 400;\"><br>\n La Reina del Nilo;<br>\n <\/span><\/p>\n<\/li>\n<li style=\"font-weight: 400;\" aria-level=\"1\">\n<p> <span style=\"font-weight: 400;\"><br>\n C&eacute;ltico;<br>\n <\/span><\/p>\n<\/li>\n<li style=\"font-weight: 400;\" aria-level=\"1\">\n<p> <span style=\"font-weight: 400;\"><br>\n Robin;<br>\n <\/span><\/p>\n<\/li>\n<li style=\"font-weight: 400;\" aria-level=\"1\">\n<p> <span style=\"font-weight: 400;\"><br>\n Roma. <\/span><\/p>\n<\/li>\n<\/ul><p> <span style=\"font-weight: 400;\"><br>\n Bucaneros &eacute; uma m&aacute;quina ca&ccedil;a-n&iacute;queis de tr&ecirc;s rolos com uma linha. O slot oferece um limite de apostas de 1 a 3 moedas. H&aacute; um &ldquo;wild&rdquo; e s&iacute;mbolos de b&ocirc;nus. O slot apresenta o recurso Nudges, que pode ser usado para cutucar as bobinas para formar a combina&ccedil;&atilde;o certa. O recurso Holds mant&eacute;m os rolos certos no lugar. Quatro jogos de b&ocirc;nus est&atilde;o dispon&iacute;veis. Um deles &eacute; concedido no primeiro n&iacute;vel principal. Para acionar os outros tr&ecirc;s, voc&ecirc; precisa pegar o b&ocirc;nus e chegar ao segundo n&iacute;vel.<br>\n <\/span><\/p><p> <span style=\"font-weight: 400;\"><br>\n La Reina del Nilo &eacute; um slot de tr&ecirc;s cilindros e uma linha dedicado ao Egito Antigo. H&aacute; um &ldquo;wild&rdquo; e s&iacute;mbolos de b&ocirc;nus. Existem recursos Nudges e Holds. Quatro jogos de b&ocirc;nus est&atilde;o dispon&iacute;veis. H&aacute; uma chance de obter o jackpot. S&iacute;mbolos especiais ativam 8 linhas de pr&ecirc;mios. Na aposta m&aacute;xima, h&aacute; uma chance de obter<br>\n <\/span><\/p><p> <span style=\"font-weight: 400;\"><br>\n c&oacute;digos de b&ocirc;nus do cassino MGA<br>\n <\/span><\/p><p> <span style=\"font-weight: 400;\"><br>\n  com queda de setes. Coletando v&aacute;rios vasos, o usu&aacute;rio ganha um pr&ecirc;mio adicional.<br>\n <\/span><\/p><p> <span style=\"font-weight: 400;\"><br>\n Celtic &eacute; uma slot machine com 3 rolos e 1 linha, dedicada aos irlandeses. Existem s&iacute;mbolos wild e b&ocirc;nus, bem como quatro jogos de b&ocirc;nus.<br>\n <\/span><\/p><p> <span style=\"font-weight: 400;\"><br>\n Robin &eacute; uma slot machine de 3 cilindros e 1 linha dedicada ao famoso ladr&atilde;o. Dois n&iacute;veis de jogo, recursos Nudges e Holds est&atilde;o dispon&iacute;veis. H&aacute; uma chance de acertar o jackpot. S&iacute;mbolos especiais ativam quatro jogos de b&ocirc;nus, al&eacute;m de combina&ccedil;&otilde;es complementares.<br>\n <\/span><\/p><p> <span style=\"font-weight: 400;\"><br>\n Roma &eacute; uma m&aacute;quina ca&ccedil;a-n&iacute;queis de tr&ecirc;s cilindros com 1 linha que tem a mesma jogabilidade acima. O slot &eacute; sobre a Roma antiga. Existem recursos Nudges e Holds e quatro jogos de b&ocirc;nus. S&iacute;mbolos especiais substituem outros, triplicam o pr&ecirc;mio e acionam b&ocirc;nus.<br>\n <\/span><\/p><h2>\n<\/h2><p> <b><br>\n Outros jogos do fabricante MGA<br>\n <\/b><\/p><p> <span style=\"font-weight: 400;\"><br>\n Roletas Eletr&ocirc;nicas de<br>\n <\/span><\/p><p> <span style=\"font-weight: 400;\"><br>\n MGA na Austr&aacute;lia<br>\n <\/span><\/p><p> <span style=\"font-weight: 400;\"><br>\n  s&atilde;o mesas de roleta redondas com v&aacute;rios setores. Cada setor possui um display com um campo de jogo, que &eacute; dividido em setores, assim como na roleta cl&aacute;ssica. <\/span><\/p><p> <span style=\"font-weight: 400;\"><br>\n O processo do jogo &eacute; o mesmo: as apostas s&atilde;o feitas por meio de telas sens&iacute;veis ao toque e a bola gira, dando um determinado n&uacute;mero. O jogo &eacute; muito mais r&aacute;pido, devido ao fato de o dealer ser eletr&ocirc;nico, e &eacute; mais conveniente para os usu&aacute;rios fazerem apostas.<br>\n <\/span><\/p><p> <span style=\"font-weight: 400;\"><br>\n Coin Pusher &eacute; um jogo onde voc&ecirc; tem que empurrar moedas com &ldquo;pinc&eacute;is&rdquo; especiais. A moeda lan&ccedil;ada cai em uma das plataformas. Caindo, pode empurrar outras moedas e elas caem para o usu&aacute;rio. Agora existem muitas variedades do jogo.<br>\n <\/span><\/p><p> <span style=\"font-weight: 400;\"><br>\n Os bingos s&atilde;o dedicados a diferentes temas &ndash; mundo subaqu&aacute;tico, futebol, corrida, circo. Todos eles oferecem 4 cartas e 30 bolas cada. Voc&ecirc; pode levar at&eacute; 14 bolas por uma taxa adicional. O bingo oferece rodadas de b&ocirc;nus com minijogos. Tamb&eacute;m lhe ser&aacute; oferecido um moderno<br>\n <\/span><\/p><p> <span style=\"font-weight: 400;\"><br>\n cassino de bitcoin MGA<br>\n <\/span><\/p><p> <span style=\"font-weight: 400;\"><br>\n .<br>\n <\/span><\/p><p> <b><\/b><\/p><p> <img loading=\"lazy\" decoding=\"async\" class=\"aligncenter wp-image-5045\" src=\"https:\/\/australia-casino-review.com\/wp-content\/uploads\/2022\/08\/mga20games20banner1.jpg\" alt=\"MGA games review\" width=\"987\" height=\"410\" srcset=\"https:\/\/australia-casino-review.com\/wp-content\/uploads\/2022\/08\/mga20games20banner1.jpg 1917w, https:\/\/australia-casino-review.com\/wp-content\/uploads\/2022\/08\/mga20games20banner1-300x125.jpg 300w, https:\/\/australia-casino-review.com\/wp-content\/uploads\/2022\/08\/mga20games20banner1-1024x426.jpg 1024w, https:\/\/australia-casino-review.com\/wp-content\/uploads\/2022\/08\/mga20games20banner1-768x319.jpg 768w, https:\/\/australia-casino-review.com\/wp-content\/uploads\/2022\/08\/mga20games20banner1-1536x639.jpg 1536w\" sizes=\"auto, (max-width: 987px) 100vw, 987px\"><\/p><p> <\/p><h2>\n<\/h2><p> <b><br>\n Hist&oacute;ria e estrutura da MGA<br>\n <\/b><\/p><p> <span style=\"font-weight: 400;\"><br>\n O MGA Group foi fundado em 1976. A divis&atilde;o online foi formada em 2001. A divis&atilde;o desenvolve slots online para Espanha e mercados internacionais. As figuras-chave s&atilde;o Jaume Sanahuja, presidente e fundador, e Enric Sanahuja, vice-presidente.<br>\n <\/span><\/p><h2>\n<\/h2><p> <b><br>\n A linha de fundo<br>\n <\/b><\/p><p> <span style=\"font-weight: 400;\"><br>\n Revis&atilde;o do cassino MGA<br>\n <\/span><\/p><p> <span style=\"font-weight: 400;\"><br>\n  dizer isso, eles t&ecirc;m m&aacute;quinas ca&ccedil;a-n&iacute;queis bem projetadas com muitos jogos de b&ocirc;nus e jogabilidade emocionante. Gr&aacute;ficos cuidadosamente projetados e m&uacute;sica agrad&aacute;vel embelezam o jogo. O fabricante se destaca por suas m&aacute;quinas ca&ccedil;a-n&iacute;queis de tr&ecirc;s rolos, que s&atilde;o at&iacute;picas para sua categoria.<br>\n <\/span><\/p><p> <span style=\"font-weight: 400;\"><br>\n Al&eacute;m disso, a reputa&ccedil;&atilde;o internacional do MGA vai al&eacute;m da legitimidade aos olhos dos jogadores (embora muitos operadores tenham o suficiente disso), por exemplo, o cassino MGA est&aacute; no branco<br>\n <\/span><\/p><p> <span style=\"font-weight: 400;\"><br>\n Lista de cassinos MGA<br>\n <\/span><\/p><p> <span style=\"font-weight: 400;\"><br>\n  da Gambling Commission, que permite aos licenciados anunciar seus neg&oacute;cios no mercado.<br>\n <\/span><\/p><p style=\"text-align: center;\">\n<\/p><p> <a class=\"button button-primary\" href=\"https:\/\/australia-casino-review.com\/go-casino\/\"><br>\n GANHE B&Ocirc;NUS<br>\n <\/a><\/p><h2>\n<\/h2><p> <b><br>\n perguntas frequentes<br>\n <\/b><\/p><h3>\n<\/h3><p> <span style=\"font-weight: 400;\"><br>\n Que tipos de licen&ccedil;as MGA est&atilde;o dispon&iacute;veis? <\/span><\/p><ul>\n<li style=\"font-weight: 400;\" aria-level=\"1\">\n<p> <span style=\"font-weight: 400;\"><br>\n A Malta Gambling Authority pode emitir um certificado de servi&ccedil;os de jogo, que permite que os cassinos ofere&ccedil;am servi&ccedil;os de jogo. Tamb&eacute;m pode emitir um certificado de equipamento de jogo, uma licen&ccedil;a B2B (business to business) para executar ou fornecer suprimentos importantes de jogos.<br>\n <\/span><\/p>\n<\/li>\n<\/ul><h3>\n<\/h3><p> <span style=\"font-weight: 400;\"><br>\n Quantos jogos est&atilde;o dispon&iacute;veis em cassinos m&oacute;veis com uma licen&ccedil;a MGA?<br>\n <\/span><\/p><ul>\n<li style=\"font-weight: 400;\" aria-level=\"1\">\n<p> <span style=\"font-weight: 400;\"><br>\n Existem milhares de slots online MGA dispon&iacute;veis em seu dispositivo m&oacute;vel e os jogos m&oacute;veis MGA s&atilde;o totalmente otimizados para dispositivos iPad, iPhone, Windows, Blackberry e Android. Voc&ecirc; pode jogar uma variedade de slots online com a mesma qualidade das vers&otilde;es para computador ou desktop. Existem mais de trinta m&aacute;quinas ca&ccedil;a-n&iacute;queis m&oacute;veis MGA para escolher e uma variedade de jogos de bingo.<br>\n <\/span><\/p>\n<\/li>\n<\/ul><h3>\n<\/h3><p> <span style=\"font-weight: 400;\"><br>\n Como o dinheiro do jogador &eacute; protegido?<br>\n <\/span><\/p><ul>\n<li style=\"font-weight: 400;\" aria-level=\"1\">\n<p> <span style=\"font-weight: 400;\"><br>\n O MGA fornece prote&ccedil;&atilde;o para fundos de jogadores, o que fornece segrega&ccedil;&atilde;o de fundos e sua identifica&ccedil;&atilde;o. A viola&ccedil;&atilde;o das regras de segrega&ccedil;&atilde;o de fundos resultar&aacute; na revoga&ccedil;&atilde;o da licen&ccedil;a.<br>\n <\/span><\/p>\n<\/li>\n<\/ul><p>   Leia tamb&eacute;m sobre:<br>\n <a href=\"https:\/\/australia-casino-review.com\/microgaming\/\"><br>\n Microgaming<br>\n <\/a> <\/p>\n","protected":false},"excerpt":{"rendered":"<p>B&Oacute;NUS DE PRIMEIRA DEP&Oacute;SITOB&oacute;nus de 100% no primeiro dep&oacute;sito + 100 giros gr&aacute;tis RECLAME O B&Oacute;NUS B&Oacute;NUS DE PRIMEIRA DEP&Oacute;SITOReceba 100% de b&oacute;nus at&eacute; 1 000 AUD + 100 giros gr&aacute;tis RECLAME O B&Oacute;NUS MGA Group &eacute; um grande desenvolvedor espanhol de m&aacute;quinas ca&ccedil;a-n&iacute;queis. A empresa foi fundada em 1976 em Barcelona. Os desenvolvedores afirmam&hellip;&nbsp;<a href=\"https:\/\/australia-casino-review.com\/pt-pt\/mga-2\/\" class=\"\" rel=\"bookmark\">Ler mais &raquo;<span class=\"screen-reader-text\">O desenvolvedor de m\u00e1quinas ca\u00e7a-n\u00edqueis MGA<\/span><\/a><\/p>\n","protected":false},"author":1,"featured_media":0,"parent":0,"menu_order":0,"comment_status":"closed","ping_status":"closed","template":"","meta":{"neve_meta_sidebar":"","neve_meta_container":"","neve_meta_enable_content_width":"","neve_meta_content_width":0,"neve_meta_title_alignment":"","neve_meta_author_avatar":"","neve_post_elements_order":"","neve_meta_disable_header":"","neve_meta_disable_footer":"","neve_meta_disable_title":"","footnotes":""},"class_list":["post-7374","page","type-page","status-publish","hentry"],"aioseo_notices":[],"_links":{"self":[{"href":"https:\/\/australia-casino-review.com\/pt-pt\/wp-json\/wp\/v2\/pages\/7374","targetHints":{"allow":["GET"]}}],"collection":[{"href":"https:\/\/australia-casino-review.com\/pt-pt\/wp-json\/wp\/v2\/pages"}],"about":[{"href":"https:\/\/australia-casino-review.com\/pt-pt\/wp-json\/wp\/v2\/types\/page"}],"author":[{"embeddable":true,"href":"https:\/\/australia-casino-review.com\/pt-pt\/wp-json\/wp\/v2\/users\/1"}],"replies":[{"embeddable":true,"href":"https:\/\/australia-casino-review.com\/pt-pt\/wp-json\/wp\/v2\/comments?post=7374"}],"version-history":[{"count":0,"href":"https:\/\/australia-casino-review.com\/pt-pt\/wp-json\/wp\/v2\/pages\/7374\/revisions"}],"wp:attachment":[{"href":"https:\/\/australia-casino-review.com\/pt-pt\/wp-json\/wp\/v2\/media?parent=7374"}],"curies":[{"name":"wp","href":"https:\/\/api.w.org\/{rel}","templated":true}]}}