{"id":7378,"date":"2023-07-17T23:26:46","date_gmt":"2023-07-17T20:26:46","guid":{"rendered":"https:\/\/australia-casino-review.com\/igrosoft-2\/"},"modified":"2023-07-17T23:26:46","modified_gmt":"2023-07-17T20:26:46","slug":"igrosoft-2","status":"publish","type":"page","link":"https:\/\/australia-casino-review.com\/pt-pt\/igrosoft-2\/","title":{"rendered":"O desenvolvedor de m\u00e1quinas ca\u00e7a-n\u00edqueis Igrosoft"},"content":{"rendered":"<?xml encoding=\"utf-8\" ?><p> <span style=\"font-weight: 400;\"><\/span><\/p><link rel=\"stylesheet\" href=\"\/wp-content\/themes\/neve-child\/swiper-bundle.min.css\"><script src=\"\/wp-content\/themes\/neve-child\/swiper-bundle.min.js\"><\/script><div class=\"swiper casino-slider\">\r\n    <div class=\"swiper-wrapper\">\r\n\r\n        <!-- Winspirit -->\r\n        <div class=\"swiper-slide casino-slide\" style=\"background-image: url('https:\/\/australia-casino-review.com\/wp-content\/uploads\/2025\/05\/yosok3bayqsoxelcjxux.webp')\">\r\n            <a href=\"https:\/\/australia-casino-review.com\/go-casino?sub_id_1=winspirit\" class=\"swiper-slide-link\" style=\"position: relative;z-index: 10000;\">\r\n                <div class=\"casino-content\">\r\n                    <img decoding=\"async\" class=\"casino-logo\" src=\"https:\/\/australia-casino-review.com\/wp-content\/uploads\/2025\/05\/spuz0y9gqwphpkzry0dv.webp\" alt=\"Winspirit Logo\">\r\n                    <div class=\"casino-bonus\">B&Oacute;NUS DE PRIMEIRA DEP&Oacute;SITO<br>B&oacute;nus de 100% no primeiro dep&oacute;sito + 100 giros gr&aacute;tis<\/div>\r\n                    <span class=\"yellow-btn\">RECLAME O B&Oacute;NUS<\/span>\r\n                <\/div>\r\n            <\/a>\r\n        <\/div>\r\n\r\n        <!-- Rocket Play -->\r\n        <div class=\"swiper-slide casino-slide\" style=\"background-image: url('https:\/\/australia-casino-review.com\/wp-content\/uploads\/2025\/05\/netfidkjat6wovozc5pv.webp')\">\r\n            <a href=\"https:\/\/australia-casino-review.com\/go-casino?sub_id_1=rocketplay\" class=\"swiper-slide-link\" style=\"position: relative;z-index: 10000;\">\r\n                <div class=\"casino-content\">\r\n                    <img decoding=\"async\" class=\"casino-logo\" src=\"https:\/\/australia-casino-review.com\/wp-content\/uploads\/2025\/05\/dl8rtimw8nea9ju9bvor.webp\" alt=\"RocketPlay Logo\">\r\n                    <div class=\"casino-bonus\">B&Oacute;NUS DE PRIMEIRA DEP&Oacute;SITO<br>Receba 100% de b&oacute;nus at&eacute; 1 000 AUD + 100 giros gr&aacute;tis<\/div>\r\n                    <span class=\"yellow-btn\">RECLAME O B&Oacute;NUS<\/span>\r\n                <\/div>\r\n            <\/a>\r\n        <\/div>\r\n        \r\n    <\/div>\r\n<\/div><script>\r\n    document.addEventListener(\"DOMContentLoaded\", function() {\r\n        new Swiper(\".casino-slider\", {\r\n            slidesPerView: 1,\r\n            navigation: {\r\n                nextEl: \".swiper-button-next\",\r\n                prevEl: \".swiper-button-prev\",\r\n            },\r\n        });\r\n    });\r\n<\/script><p> <img loading=\"lazy\" decoding=\"async\" class=\"aligncenter size-full wp-image-5019\" src=\"https:\/\/australia-casino-review.com\/wp-content\/uploads\/2022\/08\/igrosoft.jpg\" alt=\"Igrosoft review\" width=\"800\" height=\"375\" srcset=\"https:\/\/australia-casino-review.com\/wp-content\/uploads\/2022\/08\/igrosoft.jpg 800w, https:\/\/australia-casino-review.com\/wp-content\/uploads\/2022\/08\/igrosoft-300x141.jpg 300w, https:\/\/australia-casino-review.com\/wp-content\/uploads\/2022\/08\/igrosoft-768x360.jpg 768w\" sizes=\"auto, (max-width: 800px) 100vw, 800px\"><br>\n Na mente dos jogadores, o jogo<br>\n <\/p><p> <span style=\"font-weight: 400;\"><br>\n jogos igrosoft<br>\n <\/span><\/p><p> <span style=\"font-weight: 400;\"><br>\n  s&atilde;o considerados cl&aacute;ssicos atemporais. As primeiras m&aacute;quinas ca&ccedil;a-n&iacute;queis Igrosoft ganharam o reconhecimento dos f&atilde;s de jogos de azar no in&iacute;cio dos anos 2000. Desde ent&atilde;o, Crazy Monkey, Fruit Cocktail, Lucky Haunter, Garage, KEKS, Rigs e outros cem por cento de sucesso da Igrosoft entram firmemente no ranking das melhores m&aacute;quinas ca&ccedil;a-n&iacute;queis. No total, o fabricante possui uma cole&ccedil;&atilde;o de 18 slots de v&iacute;deo e um p&ocirc;quer para v&aacute;rios jogos.<br>\n <\/span><\/p><h2>\n<\/h2><p> <b><br>\n Ca&ccedil;a-n&iacute;queis Igrosoft<br>\n <\/b><\/p><p> <span style=\"font-weight: 400;\"><br>\n A Igrosoft n&atilde;o pode se orgulhar de um enorme portf&oacute;lio de slots, mas esse fato se reflete da melhor maneira na qualidade das m&aacute;quinas ca&ccedil;a-n&iacute;queis. Cada jogo &eacute; cuidadosamente projetado e possui elementos originais de jogabilidade.<br>\n <\/span><\/p><p> <span style=\"font-weight: 400;\"><br>\n O estilo geral das m&aacute;quinas da Igrosoft permaneceu inalterado &ndash; todo t&iacute;tulo inerente ao humor caracter&iacute;stico e facilidade de opera&ccedil;&atilde;o, em todos os lugares h&aacute; personagens brilhantes e rodadas de b&ocirc;nus para demonstrar o enredo na din&acirc;mica.<br>\n <\/span><\/p><p> <span style=\"font-weight: 400;\"><br>\n Com o desenvolvimento da tecnologia online,<br>\n <\/span><\/p><p> <span style=\"font-weight: 400;\"><br>\n software igrosoft<br>\n <\/span><\/p><p> <span style=\"font-weight: 400;\"><br>\n  redesenhou todos os seus slots para jogar na Internet. Os slots tornaram-se mais interativos, enquanto os algoritmos matem&aacute;ticos das m&aacute;quinas originais permaneceram intocados.<br>\n <\/span><\/p><p style=\"text-align: center;\">\n<\/p><p> <a class=\"button button-primary\" href=\"https:\/\/australia-casino-review.com\/go-casino\/\"><br>\n GANHE B&Ocirc;NUS<br>\n <\/a><\/p><h2>\n<\/h2><p> <b><br>\n Melhores m&aacute;quinas ca&ccedil;a-n&iacute;queis Igrosoft<br>\n <\/b><\/p><p> <span style=\"font-weight: 400;\"><br>\n Entre os melhores slots, as duas m&aacute;quinas ca&ccedil;a-n&iacute;queis da Igrosoft se tornaram um verdadeiro mega-sucesso global, sobre o qual o tempo n&atilde;o tem poder. Essas m&aacute;quinas s&atilde;o Crazy Monkey e Fruit Cocktail. Sua popularidade era t&atilde;o global que levou ao surgimento de clones de outros desenvolvedores. No entanto, as vers&otilde;es cl&aacute;ssicas ainda ocupam o primeiro lugar e s&atilde;o procuradas pelos jogadores.<br>\n <\/span><\/p><h2>\n<\/h2><p> <b><br>\n Jogue gr&aacute;tis e sem registro nas m&aacute;quinas Igrosoft<br>\n <\/b><\/p><p> <span style=\"font-weight: 400;\"><br>\n Cassino Igrosoft<br>\n <\/span><\/p><p> <span style=\"font-weight: 400;\"><br>\n  oferece a oportunidade de jogar nas melhores m&aacute;quinas ca&ccedil;a-n&iacute;queis gratuitamente e sem registro, para explorar as caracter&iacute;sticas t&eacute;cnicas e funcionalidades. Como taxas s&atilde;o usadas cr&eacute;ditos condicionais. O valor no saldo ser&aacute; suficiente para um longo processo de jogo.<br>\n <\/span><\/p><p> <span style=\"font-weight: 400;\"><br>\n Em<br>\n <\/span><\/p><p> <span style=\"font-weight: 400;\"><br>\n Ca&ccedil;a-n&iacute;queis Igrosoft<br>\n <\/span><\/p><p> <span style=\"font-weight: 400;\"><br>\n , jogue de gra&ccedil;a sem registro pode jogadores sem experi&ecirc;ncia. Os slots t&ecirc;m regras simples. Para ajustar as configura&ccedil;&otilde;es e executar as opera&ccedil;&otilde;es b&aacute;sicas, use um conjunto de bot&otilde;es, cada um indicando a finalidade da inscri&ccedil;&atilde;o. As vers&otilde;es de demonstra&ccedil;&atilde;o permitem avaliar o potencial dos slots e ganhar experi&ecirc;ncia pr&aacute;tica, para desenvolver uma estrat&eacute;gia de sucesso. Al&eacute;m disso, agora dispon&iacute;vel<br>\n <\/span><\/p><p> <span style=\"font-weight: 400;\"><br>\n Ca&ccedil;a-n&iacute;queis Igrosoft com bitcoin<br>\n <\/span><\/p><p> <span style=\"font-weight: 400;\"><br>\n .<br>\n <\/span><\/p><h2>\n<\/h2><p> <b><br>\n Slots de preenchimento intrigantes<br>\n <\/b><\/p><p> <span style=\"font-weight: 400;\"><br>\n Igrosoft &eacute; um jogador muito famoso que oferece rodadas de b&ocirc;nus e combina&ccedil;&otilde;es vencedoras. Para ser mais preciso &ndash; thslots, umber. Seja qual for o aplicativo de jogo que o jogador escolher, uma viagem fascinante ao mundo da emo&ccedil;&atilde;o e adrenalina o espera. Cada jogo de b&ocirc;nus &ndash; um verdadeiro teste de intui&ccedil;&atilde;o.<br>\n <\/span><\/p><p> <span style=\"font-weight: 400;\"><br>\n Tamb&eacute;m &eacute; importante notar a presen&ccedil;a de m&aacute;quinas ca&ccedil;a-n&iacute;queis de jogos de risco interessantes da Igrosoft. A ess&ecirc;ncia deles &eacute; muito simples: adivinhe a cor do naipe de cartas oculto ou escolha o maior em import&acirc;ncia. O principal &eacute; o resultado, que vai dobrar o valor ganho na balan&ccedil;a.<br>\n <\/span><\/p><h2>\n<\/h2><p> <b><br>\n Conclus&atilde;o<br>\n <\/b><\/p><p> <span style=\"font-weight: 400;\"><br>\n Na esfera do entretenimento de jogos de azar, um lugar importante &eacute; ocupado pelo desenvolvedor de software &ndash; Igrosoft. Esta empresa ganhou popularidade e conquistou o mercado gra&ccedil;as ao seu desenvolvimento exclusivo de aplicativos de jogos. A Igrosoft alcan&ccedil;ou grande sucesso na ind&uacute;stria de jogos de azar em n&iacute;vel global.<br>\n <\/span><\/p><p> <b><\/b><\/p><p> <img loading=\"lazy\" decoding=\"async\" class=\"aligncenter size-full wp-image-5023\" src=\"https:\/\/australia-casino-review.com\/wp-content\/uploads\/2022\/08\/igrosoft-1.webp\" alt=\"Igrosoft software review\" width=\"750\" height=\"375\" srcset=\"https:\/\/australia-casino-review.com\/wp-content\/uploads\/2022\/08\/igrosoft-1.webp 750w, https:\/\/australia-casino-review.com\/wp-content\/uploads\/2022\/08\/igrosoft-1-300x150.webp 300w\" sizes=\"auto, (max-width: 750px) 100vw, 750px\"><\/p><p> <\/p><h2>\n<\/h2><p> <b><br>\n Perguntas frequentes<br>\n <\/b><\/p><h3>\n<\/h3><p> <span style=\"font-weight: 400;\"><br>\n Que gama de jogos &eacute; representada?<br>\n <\/span><\/p><ul>\n<li style=\"font-weight: 400;\" aria-level=\"1\">\n<p> <span style=\"font-weight: 400;\"><br>\n A empresa Igrosoft criou mais de 20 m&aacute;quinas ca&ccedil;a-n&iacute;queis de alta qualidade durante sua atividade. Emo&ccedil;&otilde;es positivas e grandes ganhos fornecer&atilde;o m&aacute;quinas ca&ccedil;a-n&iacute;queis conhecidas &ndash; Fruit Cocktail, Crazy Monkey, Keks, Sweet Life e outros. Desenvolvimentos caracter&iacute;sticos &ndash; design de estilo cartoon, 5 bobinas e 9 linhas na estrutura, a forma&ccedil;&atilde;o de combina&ccedil;&otilde;es de pr&ecirc;mios em ambas as dire&ccedil;&otilde;es.<br>\n <\/span><\/p>\n<\/li>\n<\/ul><p style=\"text-align: center;\">\n<\/p><p> <a class=\"button button-primary\" href=\"https:\/\/australia-casino-review.com\/go-casino\/\"><br>\n GANHE B&Ocirc;NUS<br>\n <\/a><\/p><h3>\n<\/h3><p> <span style=\"font-weight: 400;\"><br>\n Posso confiar nas m&aacute;quinas ca&ccedil;a-n&iacute;queis da Igrosoft?<br>\n <\/span><\/p><ul>\n<li style=\"font-weight: 400;\" aria-level=\"1\">\n<p> <span style=\"font-weight: 400;\"><br>\n A Igrosoft est&aacute; no mercado h&aacute; mais de duas d&eacute;cadas. Durante sua exist&ecirc;ncia, conquistou a confian&ccedil;a de um vasto p&uacute;blico de usu&aacute;rios e &eacute; um provedor respeitado no mercado de jogos de azar. Software usado por muitos cassinos online, porque eles confiam em sua seguran&ccedil;a e resultados justos. A qualidade das m&aacute;quinas ca&ccedil;a-n&iacute;queis atende aos padr&otilde;es do jogo. Os participantes escolhem seus pr&oacute;prios par&acirc;metros de jogo e modo de jogo. Eles podem jogar por uma taxa, baixar ou usar vers&otilde;es demo para se familiarizar com os benef&iacute;cios do conte&uacute;do.<br>\n <\/span><\/p>\n<\/li>\n<\/ul><h3>\n<\/h3><p> <span style=\"font-weight: 400;\"><br>\n Quais s&atilde;o os slots mais populares?<br>\n <\/span><\/p><ul>\n<li style=\"font-weight: 400;\" aria-level=\"1\">\n<p> <span style=\"font-weight: 400;\"><br>\n At&eacute; o momento, existem mais de 20 slots na cole&ccedil;&atilde;o Igrosoft. O maior sucesso entre os apostadores usa as m&aacute;quinas ca&ccedil;a-n&iacute;queis Crazy Monkey em uma aventura na selva tropical, Gnome sobre a minera&ccedil;&atilde;o de pedras preciosas em uma mina subterr&acirc;nea, Rock Climber &ndash; dedicado a bravos turistas que decidiram escalar at&eacute; o topo do penhasco. O motivo da popularidade do design colorido e da alta taxa de pagamento. As combina&ccedil;&otilde;es de pr&ecirc;mios se alinham em ambas as dire&ccedil;&otilde;es, existem s&iacute;mbolos com recursos avan&ccedil;ados, o jogo de b&ocirc;nus tem duas etapas. Aumentar o valor ganho &eacute; oferecido em uma rodada de duplica&ccedil;&atilde;o. A op&ccedil;&atilde;o &eacute; ativada ap&oacute;s cada rodada bem-sucedida.<br>\n <\/span><\/p>\n<\/li>\n<\/ul><p>   Leia tamb&eacute;m sobre:<br>\n <a href=\"https:\/\/australia-casino-review.com\/igt\/\"><br>\n Tecnologia Internacional de Jogos<br>\n <\/a> <\/p>\n","protected":false},"excerpt":{"rendered":"<p>B&Oacute;NUS DE PRIMEIRA DEP&Oacute;SITOB&oacute;nus de 100% no primeiro dep&oacute;sito + 100 giros gr&aacute;tis RECLAME O B&Oacute;NUS B&Oacute;NUS DE PRIMEIRA DEP&Oacute;SITOReceba 100% de b&oacute;nus at&eacute; 1 000 AUD + 100 giros gr&aacute;tis RECLAME O B&Oacute;NUS Na mente dos jogadores, o jogo jogos igrosoft s&atilde;o considerados cl&aacute;ssicos atemporais. As primeiras m&aacute;quinas ca&ccedil;a-n&iacute;queis Igrosoft ganharam o reconhecimento dos&hellip;&nbsp;<a href=\"https:\/\/australia-casino-review.com\/pt-pt\/igrosoft-2\/\" class=\"\" rel=\"bookmark\">Ler mais &raquo;<span class=\"screen-reader-text\">O desenvolvedor de m\u00e1quinas ca\u00e7a-n\u00edqueis Igrosoft<\/span><\/a><\/p>\n","protected":false},"author":1,"featured_media":0,"parent":0,"menu_order":0,"comment_status":"closed","ping_status":"closed","template":"","meta":{"neve_meta_sidebar":"","neve_meta_container":"","neve_meta_enable_content_width":"","neve_meta_content_width":0,"neve_meta_title_alignment":"","neve_meta_author_avatar":"","neve_post_elements_order":"","neve_meta_disable_header":"","neve_meta_disable_footer":"","neve_meta_disable_title":"","footnotes":""},"class_list":["post-7378","page","type-page","status-publish","hentry"],"aioseo_notices":[],"_links":{"self":[{"href":"https:\/\/australia-casino-review.com\/pt-pt\/wp-json\/wp\/v2\/pages\/7378","targetHints":{"allow":["GET"]}}],"collection":[{"href":"https:\/\/australia-casino-review.com\/pt-pt\/wp-json\/wp\/v2\/pages"}],"about":[{"href":"https:\/\/australia-casino-review.com\/pt-pt\/wp-json\/wp\/v2\/types\/page"}],"author":[{"embeddable":true,"href":"https:\/\/australia-casino-review.com\/pt-pt\/wp-json\/wp\/v2\/users\/1"}],"replies":[{"embeddable":true,"href":"https:\/\/australia-casino-review.com\/pt-pt\/wp-json\/wp\/v2\/comments?post=7378"}],"version-history":[{"count":0,"href":"https:\/\/australia-casino-review.com\/pt-pt\/wp-json\/wp\/v2\/pages\/7378\/revisions"}],"wp:attachment":[{"href":"https:\/\/australia-casino-review.com\/pt-pt\/wp-json\/wp\/v2\/media?parent=7378"}],"curies":[{"name":"wp","href":"https:\/\/api.w.org\/{rel}","templated":true}]}}