{"id":7388,"date":"2023-07-17T23:28:05","date_gmt":"2023-07-17T20:28:05","guid":{"rendered":"https:\/\/australia-casino-review.com\/aristocrat-2\/"},"modified":"2023-07-17T23:28:05","modified_gmt":"2023-07-17T20:28:05","slug":"aristocrat-2","status":"publish","type":"page","link":"https:\/\/australia-casino-review.com\/pt-pt\/aristocrat-2\/","title":{"rendered":"m\u00e1quinas ca\u00e7a-n\u00edqueis aristocratas"},"content":{"rendered":"<?xml encoding=\"utf-8\" ?><p> <span style=\"font-weight: 400;\"><\/span><\/p><link rel=\"stylesheet\" href=\"\/wp-content\/themes\/neve-child\/swiper-bundle.min.css\"><script src=\"\/wp-content\/themes\/neve-child\/swiper-bundle.min.js\"><\/script><div class=\"swiper casino-slider\">\r\n    <div class=\"swiper-wrapper\">\r\n\r\n        <!-- Winspirit -->\r\n        <div class=\"swiper-slide casino-slide\" style=\"background-image: url('https:\/\/australia-casino-review.com\/wp-content\/uploads\/2025\/05\/yosok3bayqsoxelcjxux.webp')\">\r\n            <a href=\"https:\/\/australia-casino-review.com\/go-casino?sub_id_1=winspirit\" class=\"swiper-slide-link\" style=\"position: relative;z-index: 10000;\">\r\n                <div class=\"casino-content\">\r\n                    <img decoding=\"async\" class=\"casino-logo\" src=\"https:\/\/australia-casino-review.com\/wp-content\/uploads\/2025\/05\/spuz0y9gqwphpkzry0dv.webp\" alt=\"Winspirit Logo\">\r\n                    <div class=\"casino-bonus\">B&Oacute;NUS DE PRIMEIRA DEP&Oacute;SITO<br>B&oacute;nus de 100% no primeiro dep&oacute;sito + 100 giros gr&aacute;tis<\/div>\r\n                    <span class=\"yellow-btn\">RECLAME O B&Oacute;NUS<\/span>\r\n                <\/div>\r\n            <\/a>\r\n        <\/div>\r\n\r\n        <!-- Rocket Play -->\r\n        <div class=\"swiper-slide casino-slide\" style=\"background-image: url('https:\/\/australia-casino-review.com\/wp-content\/uploads\/2025\/05\/netfidkjat6wovozc5pv.webp')\">\r\n            <a href=\"https:\/\/australia-casino-review.com\/go-casino?sub_id_1=rocketplay\" class=\"swiper-slide-link\" style=\"position: relative;z-index: 10000;\">\r\n                <div class=\"casino-content\">\r\n                    <img decoding=\"async\" class=\"casino-logo\" src=\"https:\/\/australia-casino-review.com\/wp-content\/uploads\/2025\/05\/dl8rtimw8nea9ju9bvor.webp\" alt=\"RocketPlay Logo\">\r\n                    <div class=\"casino-bonus\">B&Oacute;NUS DE PRIMEIRA DEP&Oacute;SITO<br>Receba 100% de b&oacute;nus at&eacute; 1 000 AUD + 100 giros gr&aacute;tis<\/div>\r\n                    <span class=\"yellow-btn\">RECLAME O B&Oacute;NUS<\/span>\r\n                <\/div>\r\n            <\/a>\r\n        <\/div>\r\n        \r\n    <\/div>\r\n<\/div><script>\r\n    document.addEventListener(\"DOMContentLoaded\", function() {\r\n        new Swiper(\".casino-slider\", {\r\n            slidesPerView: 1,\r\n            navigation: {\r\n                nextEl: \".swiper-button-next\",\r\n                prevEl: \".swiper-button-prev\",\r\n            },\r\n        });\r\n    });\r\n<\/script><p> <img loading=\"lazy\" decoding=\"async\" class=\"aligncenter size-full wp-image-4956\" src=\"https:\/\/australia-casino-review.com\/wp-content\/uploads\/2022\/08\/aristocrat-gaming-mission.jpg\" alt=\"Aristocrat slots\" width=\"600\" height=\"350\" srcset=\"https:\/\/australia-casino-review.com\/wp-content\/uploads\/2022\/08\/aristocrat-gaming-mission.jpg 600w, https:\/\/australia-casino-review.com\/wp-content\/uploads\/2022\/08\/aristocrat-gaming-mission-300x175.jpg 300w\" sizes=\"auto, (max-width: 600px) 100vw, 600px\"><br>\n A empresa australiana Aristocrat &eacute; uma das maiores desenvolvedoras de m&aacute;quinas ca&ccedil;a-n&iacute;queis para cassinos f&iacute;sicos. Gra&ccedil;as a mais de 60 anos de experi&ecirc;ncia e profissionalismo de seus funcion&aacute;rios, ela alcan&ccedil;ou esse sucesso.<br>\n <\/p><p> <span style=\"font-weight: 400;\"><br>\n Com os produtos da Aristocrat Technologies, milhares de jogadores de mais de 90 pa&iacute;ses do mundo giram as bobinas dos jogos da empresa todos os dias. Vale a pena notar que a Aristocrat Technologies emprega mais de 3.000 pessoas que ajudam a criar novos jogos que combinam n&atilde;o apenas &oacute;timos gr&aacute;ficos, b&ocirc;nus elegantes e solu&ccedil;&otilde;es inovadoras. A Aristocrat Leisure Limited &eacute; licenciada em 240 jurisdi&ccedil;&otilde;es.<br>\n <\/span><\/p><p> <span style=\"font-weight: 400;\"><br>\n H&aacute; relativamente pouco tempo, a empresa entrou no mercado de jogos de azar online e come&ccedil;ou a &ldquo;transferir&rdquo; suas m&aacute;quinas ca&ccedil;a-n&iacute;queis de maior sucesso para a Internet. Embora seu portf&oacute;lio tenha mais de 20 slots de v&iacute;deo, no futuro o Aristocrat pode acelerar e alcan&ccedil;ar os desenvolvedores de cassino online mais bem-sucedidos.<br>\n <\/span><\/p><p style=\"text-align: center;\">\n<\/p><p> <a class=\"button button-primary\" href=\"https:\/\/australia-casino-review.com\/go-casino\/\"><br>\n GANHE B&Ocirc;NUS<br>\n <\/a><\/p><h2>\n<\/h2><p> <b><br>\n m&aacute;quinas ca&ccedil;a-n&iacute;queis aristocratas<br>\n <\/b><\/p><p> <span style=\"font-weight: 400;\"><br>\n A empresa australiana Aristocrat produz conte&uacute;do de jogos desde 1953. Os produtos da empresa s&atilde;o distribu&iacute;dos em mais de 200 pa&iacute;ses em seis continentes. As marcas s&atilde;o os participantes constantes das maiores exposi&ccedil;&otilde;es internacionais:<br>\n <\/span><\/p><ul>\n<li style=\"font-weight: 400;\" aria-level=\"1\">\n<p> <span style=\"font-weight: 400;\"><br>\n Global Gaming Expo Asia (G2E Asia);<br>\n <\/span><\/p>\n<\/li>\n<li style=\"font-weight: 400;\" aria-level=\"1\">\n<p> <span style=\"font-weight: 400;\"><br>\n Jogo total de gelo;<br>\n <\/span><\/p>\n<\/li>\n<li style=\"font-weight: 400;\" aria-level=\"1\">\n<p> <span style=\"font-weight: 400;\"><br>\n Hospitalidade Australiana;<br>\n <\/span><\/p>\n<\/li>\n<li style=\"font-weight: 400;\" aria-level=\"1\">\n<p> <span style=\"font-weight: 400;\"><br>\n Mostra de jogos.<br>\n <\/span><\/p>\n<\/li>\n<\/ul><p> <span style=\"font-weight: 400;\"><br>\n Originalmente, a Agistocrites se especializou em m&aacute;quinas de p&ocirc;quer terrestres. Hoje, &eacute; um dos maiores produtores mundiais de<br>\n <\/span><\/p><p> <span style=\"font-weight: 400;\"><br>\n Aristocrat pokies online<br>\n <\/span><\/p><p> <span style=\"font-weight: 400;\"><br>\n  software de p&ocirc;quer, sistemas de jogos e slots de v&iacute;deo.<br>\n <\/span><\/p><p> <span style=\"font-weight: 400;\"><br>\n Todas as m&aacute;quinas ca&ccedil;a-n&iacute;queis Aristocrat s&atilde;o licenciadas internacionalmente e tamb&eacute;m certificadas pelas autoridades relevantes de acordo com os regulamentos atuais. Al&eacute;m dos slots de v&iacute;deo, o provedor tamb&eacute;m oferece uma variedade de jogos de mesa<br>\n <\/span><\/p><p> <span style=\"font-weight: 400;\"><br>\n jogos de casino Aristocrat<br>\n <\/span><\/p><p> <span style=\"font-weight: 400;\"><br>\n  como p&ocirc;quer e vers&otilde;es em v&iacute;deo do blackjack. O mais popular<br>\n <\/span><\/p><p> <span style=\"font-weight: 400;\"><br>\n ca&ccedil;a-n&iacute;queis online austr&aacute;lia Aristocrat:<br>\n <\/span><\/p><ul>\n<li style=\"font-weight: 400;\" aria-level=\"1\">\n<p> <span style=\"font-weight: 400;\"><br>\n slots Rainha do Nilo e Rainha do Nilo II;<br>\n <\/span><\/p>\n<\/li>\n<li style=\"font-weight: 400;\" aria-level=\"1\">\n<p> <span style=\"font-weight: 400;\"><br>\n grande vermelho;<br>\n <\/span><\/p>\n<\/li>\n<li style=\"font-weight: 400;\" aria-level=\"1\">\n<p> <span style=\"font-weight: 400;\"><br>\n b&uacute;falo;<br>\n <\/span><\/p>\n<\/li>\n<li style=\"font-weight: 400;\" aria-level=\"1\">\n<p> <span style=\"font-weight: 400;\"><br>\n Zorro;<br>\n <\/span><\/p>\n<\/li>\n<li style=\"font-weight: 400;\" aria-level=\"1\">\n<p> <span style=\"font-weight: 400;\"><br>\n 50 m&aacute;quinas ca&ccedil;a-n&iacute;queis Dragon;<br>\n <\/span><\/p>\n<\/li>\n<li style=\"font-weight: 400;\" aria-level=\"1\">\n<p> <span style=\"font-weight: 400;\"><br>\n Zhou Sunduo;<br>\n <\/span><\/p>\n<\/li>\n<li style=\"font-weight: 400;\" aria-level=\"1\">\n<p> <span style=\"font-weight: 400;\"><br>\n gueixa.<br>\n <\/span><\/p>\n<\/li>\n<\/ul><h2>\n<\/h2><p> <b><br>\n Caracter&iacute;sticas da m&aacute;quina ca&ccedil;a-n&iacute;queis<br>\n <\/b><\/p><p> <span style=\"font-weight: 400;\"><br>\n No total, existem cerca de 20 m&aacute;quinas ca&ccedil;a-n&iacute;queis online Aristocrat nesta s&eacute;rie de jogos. Al&eacute;m das m&aacute;quinas ca&ccedil;a-n&iacute;queis, o Aristocrat Online Slots oferece jogos de mesa virtuais e v&aacute;rias variantes de cartas online<br>\n <\/span><\/p><p> <span style=\"font-weight: 400;\"><br>\n Aristocrat pokies online com dinheiro real<br>\n <\/span><\/p><p> <span style=\"font-weight: 400;\"><br>\n . Os especialistas da empresa analisam regularmente o mercado de entretenimento virtual, desenvolvendo novos e aprimorando os existentes para atender &agrave;s necessidades modernas dos usu&aacute;rios.<br>\n <\/span><\/p><p> <span style=\"font-weight: 400;\"><br>\n O jogo online Aristocrat tem uma apar&ecirc;ncia bastante normal. A parte principal da tela &eacute; o campo de jogo, que consiste em 5 cilindros e linhas ativas, eles podem vencer at&eacute; 20 unidades. Abaixo est&aacute; um painel de controle com um punhado de bot&otilde;es que controlam as op&ccedil;&otilde;es principais.<br>\n <\/span><\/p><p> <span style=\"font-weight: 400;\"><br>\n Cada jogador tem a possibilidade de escolher o lan&ccedil;amento autom&aacute;tico ap&oacute;s cada rodada vencedora, bem como o jogo de aventura. O algoritmo do jogo &eacute; simples e direto, adequado tanto para iniciantes quanto para jogadores experientes. A programa&ccedil;&atilde;o &eacute; baseada na an&aacute;lise do mercado.<br>\n <\/span><\/p><p> <span style=\"font-weight: 400;\"><br>\n Existem m&aacute;quinas ca&ccedil;a-n&iacute;queis baseadas em filmes populares, programas de TV e programas de TV, para que seus personagens sejam familiares aos usu&aacute;rios (The Walking Dead, Game of Thrones, Batman). Cada enredo &eacute; bem pensado e os personagens do jogo mant&ecirc;m sua personalidade e se assemelham a arqu&eacute;tipos reais. Voc&ecirc; tamb&eacute;m pode escolher outros temas &ndash; natureza, doces, temas orientais, etc. <\/span><\/p><p> <span style=\"font-weight: 400;\"><br>\n Aristocrata<br>\n <a href=\"https:\/\/australia-casino-review.com\/\"><br>\n casino online<br>\n <\/a><\/span><\/p><p> <\/p><p> <span style=\"font-weight: 400;\"><br>\n  oferece vers&otilde;es originais de m&aacute;quinas ca&ccedil;a-n&iacute;queis com os mesmos par&acirc;metros t&eacute;cnicos, mas s&iacute;mbolos completamente invertidos, como:<br>\n <\/span><\/p><ul>\n<li style=\"font-weight: 400;\" aria-level=\"1\">\n<p> <span style=\"font-weight: 400;\"><br>\n Rainha da Chama &ndash; Rainha do Gelo;<br>\n <\/span><\/p>\n<\/li>\n<li style=\"font-weight: 400;\" aria-level=\"1\">\n<p> <span style=\"font-weight: 400;\"><br>\n Tesouro de Prata &ndash; Amuleto de Ouro;<br>\n <\/span><\/p>\n<\/li>\n<li style=\"font-weight: 400;\" aria-level=\"1\">\n<p> <span style=\"font-weight: 400;\"><br>\n Imperador Yao &ndash; Imperador Yu.<br>\n <\/span><\/p>\n<\/li>\n<\/ul><p> <span style=\"font-weight: 400;\"><br>\n O Aristocrat oferece aos seus jogadores um sistema &uacute;nico de jackpots vinculados &ndash; v&aacute;rias m&aacute;quinas ca&ccedil;a-n&iacute;queis, at&eacute; 256 delas combinadas em um mecanismo e controladas por um sistema eletr&ocirc;nico. A cada aposta em v&aacute;rios slots, o pr&ecirc;mio m&aacute;ximo se acumula, tornando-se astron&ocirc;mico em pouqu&iacute;ssimo tempo. Um sistema semelhante de &ldquo;jackpot&rdquo; est&aacute; nas m&aacute;quinas ca&ccedil;a-n&iacute;queis da empresa Alps Games.<br>\n <\/span><\/p><p> <span style=\"font-weight: 400;\"><br>\n A empresa tem alguns desenvolvimentos interessantes. Em particular, Drag and Drop Wild permite que voc&ecirc; arraste o s&iacute;mbolo &ldquo;wild&rdquo; para a posi&ccedil;&atilde;o dominante do jogador na rodada vencedora. A op&ccedil;&atilde;o de poder do carretel permite que voc&ecirc; aposte no carretel inteiro em vez de cr&eacute;ditos. Isso leva a mais de 200 combina&ccedil;&otilde;es vencedoras poss&iacute;veis. <\/span><\/p><h2>\n<\/h2><p> <b><\/b><\/p><p> <img loading=\"lazy\" decoding=\"async\" class=\"aligncenter size-full wp-image-4957\" src=\"https:\/\/australia-casino-review.com\/wp-content\/uploads\/2022\/08\/3076y02586-26y0567_hgyfg09-98.jpg\" alt=\"aristocrat\" width=\"750\" height=\"400\" srcset=\"https:\/\/australia-casino-review.com\/wp-content\/uploads\/2022\/08\/3076y02586-26y0567_hgyfg09-98.jpg 750w, https:\/\/australia-casino-review.com\/wp-content\/uploads\/2022\/08\/3076y02586-26y0567_hgyfg09-98-300x160.jpg 300w\" sizes=\"auto, (max-width: 750px) 100vw, 750px\"><br>\n Vantagens dos slots Aussie Noble<br>\n <\/p><p> <span style=\"font-weight: 400;\"><br>\n Os slots online Aussie Noble t&ecirc;m v&aacute;rias vantagens:<br>\n <\/span><\/p><ul>\n<li style=\"font-weight: 400;\" aria-level=\"1\">\n<p> <span style=\"font-weight: 400;\"><br>\n Voc&ecirc; pode<br>\n <\/span><\/p>\n<p> <span style=\"font-weight: 400;\"><br>\n jogar ca&ccedil;a-n&iacute;queis Aristocrat online<br>\n <\/span><\/p>\n<p> <span style=\"font-weight: 400;\"><br>\n  no modo de demonstra&ccedil;&atilde;o para que voc&ecirc; tenha a oportunidade de conhecer os recursos de uma determinada m&aacute;quina ca&ccedil;a-n&iacute;queis, bem como melhorar suas habilidades de jogo;<br>\n <\/span><\/p>\n<\/li>\n<li style=\"font-weight: 400;\" aria-level=\"1\">\n<p> <span style=\"font-weight: 400;\"><br>\n A presen&ccedil;a de v&iacute;deos interativos;<br>\n <\/span><\/p>\n<\/li>\n<li style=\"font-weight: 400;\" aria-level=\"1\">\n<p> <span style=\"font-weight: 400;\"><br>\n Numerosos jogos de b&ocirc;nus que podem ser ativados v&aacute;rias vezes por jogo;<br>\n <\/span><\/p>\n<\/li>\n<li style=\"font-weight: 400;\" aria-level=\"1\">\n<p> <span style=\"font-weight: 400;\"><br>\n Jackpots de quarto n&iacute;vel frequentemente pagos;<br>\n <\/span><\/p>\n<\/li>\n<li style=\"font-weight: 400;\" aria-level=\"1\">\n<p> <span style=\"font-weight: 400;\"><br>\n O uso da tecnologia HTML5, que permite aos usu&aacute;rios jogar no formato m&oacute;vel IOS;<br>\n <\/span><\/p>\n<\/li>\n<li style=\"font-weight: 400;\" aria-level=\"1\">\n<p> <span style=\"font-weight: 400;\"><br>\n Capacidade de personalizar a interface;<br>\n <\/span><\/p>\n<\/li>\n<li style=\"font-weight: 400;\" aria-level=\"1\">\n<p> <span style=\"font-weight: 400;\"><br>\n Sistema de b&ocirc;nus ben&eacute;fico, rodadas de pr&ecirc;mios, rodadas gr&aacute;tis, presen&ccedil;a de sinais e dispers&otilde;es &ldquo;selvagens&rdquo;;<br>\n <\/span><\/p>\n<\/li>\n<li style=\"font-weight: 400;\" aria-level=\"1\">\n<p> <span style=\"font-weight: 400;\"><br>\n A porcentagem de pagamento &eacute; de 97%;<br>\n <\/span><\/p>\n<\/li>\n<li style=\"font-weight: 400;\" aria-level=\"1\">\n<p> <span style=\"font-weight: 400;\"><br>\n O suporte a Flash permite que voc&ecirc; baixe ou execute o jogo em qualquer navegador;<br>\n <\/span><\/p>\n<\/li>\n<li style=\"font-weight: 400;\" aria-level=\"1\">\n<p> <span style=\"font-weight: 400;\"><br>\n V&aacute;rios temas interessantes;<br>\n <\/span><\/p>\n<\/li>\n<li style=\"font-weight: 400;\" aria-level=\"1\">\n<p> <span style=\"font-weight: 400;\"><br>\n No caso de combina&ccedil;&otilde;es vencedoras, os s&iacute;mbolos &ldquo;ganham vida&rdquo;;<br>\n <\/span><\/p>\n<\/li>\n<li style=\"font-weight: 400;\" aria-level=\"1\">\n<p> <span style=\"font-weight: 400;\"><br>\n A tecnologia de criptografia SSL ser&aacute; capaz de proteger as informa&ccedil;&otilde;es pessoais de interfer&ecirc;ncias externas;<br>\n <\/span><\/p>\n<\/li>\n<li style=\"font-weight: 400;\" aria-level=\"1\">\n<p> <span style=\"font-weight: 400;\"><br>\n Gr&aacute;ficos muito realistas, anima&ccedil;&atilde;o de alta qualidade e efeitos sonoros que complementam a hist&oacute;ria, tudo isso cria uma atmosfera de presen&ccedil;a real.<br>\n <\/span><\/p>\n<\/li>\n<\/ul><p> <span style=\"font-weight: 400;\"><br>\n Neste site, voc&ecirc; tem a oportunidade de jogar a dinheiro real ou escolher<br>\n <\/span><\/p><p> <span style=\"font-weight: 400;\"><br>\n ca&ccedil;a-n&iacute;queis gr&aacute;tis Aristocrat<br>\n <\/span><\/p><p> <span style=\"font-weight: 400;\"><br>\n . Para jogar a vers&atilde;o demo, o registro no site n&atilde;o &eacute; necess&aacute;rio.<br>\n <\/span><\/p><p style=\"text-align: center;\">\n<\/p><p> <a class=\"button button-primary\" href=\"https:\/\/australia-casino-review.com\/go-casino\/\"><br>\n GANHE B&Ocirc;NUS<br>\n <\/a><\/p><h2>\n<\/h2><p> <b><br>\n Concluir<br>\n <\/b><\/p><p> <span style=\"font-weight: 400;\"><br>\n A mundialmente famosa empresa Aristocrat &eacute; l&iacute;der no desenvolvimento da tecnologia mais recente e no fornecimento de v&aacute;rios servi&ccedil;os na ind&uacute;stria de jogos de azar. Seus produtos s&atilde;o licenciados em mais de 200 jurisdi&ccedil;&otilde;es. Originalmente, a Aristocrat era uma produtora offline, mas acabou se adaptando &agrave;s novas demandas do mercado e entrou no nicho online.<br>\n <\/span><br>\n     Leia tamb&eacute;m sobre:<br>\n <a href=\"https:\/\/australia-casino-review.com\/bally\/\"><br>\n tecnologias Bally<br>\n <\/a> <\/p>\n","protected":false},"excerpt":{"rendered":"<p>B&Oacute;NUS DE PRIMEIRA DEP&Oacute;SITOB&oacute;nus de 100% no primeiro dep&oacute;sito + 100 giros gr&aacute;tis RECLAME O B&Oacute;NUS B&Oacute;NUS DE PRIMEIRA DEP&Oacute;SITOReceba 100% de b&oacute;nus at&eacute; 1 000 AUD + 100 giros gr&aacute;tis RECLAME O B&Oacute;NUS A empresa australiana Aristocrat &eacute; uma das maiores desenvolvedoras de m&aacute;quinas ca&ccedil;a-n&iacute;queis para cassinos f&iacute;sicos. Gra&ccedil;as a mais de 60 anos&hellip;&nbsp;<a href=\"https:\/\/australia-casino-review.com\/pt-pt\/aristocrat-2\/\" class=\"\" rel=\"bookmark\">Ler mais &raquo;<span class=\"screen-reader-text\">m\u00e1quinas ca\u00e7a-n\u00edqueis aristocratas<\/span><\/a><\/p>\n","protected":false},"author":1,"featured_media":0,"parent":0,"menu_order":0,"comment_status":"closed","ping_status":"closed","template":"","meta":{"neve_meta_sidebar":"","neve_meta_container":"","neve_meta_enable_content_width":"","neve_meta_content_width":0,"neve_meta_title_alignment":"","neve_meta_author_avatar":"","neve_post_elements_order":"","neve_meta_disable_header":"","neve_meta_disable_footer":"","neve_meta_disable_title":"","footnotes":""},"class_list":["post-7388","page","type-page","status-publish","hentry"],"aioseo_notices":[],"_links":{"self":[{"href":"https:\/\/australia-casino-review.com\/pt-pt\/wp-json\/wp\/v2\/pages\/7388","targetHints":{"allow":["GET"]}}],"collection":[{"href":"https:\/\/australia-casino-review.com\/pt-pt\/wp-json\/wp\/v2\/pages"}],"about":[{"href":"https:\/\/australia-casino-review.com\/pt-pt\/wp-json\/wp\/v2\/types\/page"}],"author":[{"embeddable":true,"href":"https:\/\/australia-casino-review.com\/pt-pt\/wp-json\/wp\/v2\/users\/1"}],"replies":[{"embeddable":true,"href":"https:\/\/australia-casino-review.com\/pt-pt\/wp-json\/wp\/v2\/comments?post=7388"}],"version-history":[{"count":0,"href":"https:\/\/australia-casino-review.com\/pt-pt\/wp-json\/wp\/v2\/pages\/7388\/revisions"}],"wp:attachment":[{"href":"https:\/\/australia-casino-review.com\/pt-pt\/wp-json\/wp\/v2\/media?parent=7388"}],"curies":[{"name":"wp","href":"https:\/\/api.w.org\/{rel}","templated":true}]}}